{"id":67890,"date":"2013-07-21T03:54:54","date_gmt":"2013-07-21T08:54:54","guid":{"rendered":"https:\/\/www.bjultrasonic.com\/shop\/30khz-100w-ultrasonic-transducer-30khz-100w-digital-ultrasonic-pcb-generator\/"},"modified":"2026-03-28T20:34:28","modified_gmt":"2026-03-29T01:34:28","slug":"30khz-100w-ultrasonic-transducer-30khz-100w-digital-ultrasonic-pcb-generator","status":"publish","type":"product","link":"https:\/\/www.bjultrasonic.com\/fr\/shop\/30khz-100w-ultrasonic-transducer-30khz-100w-digital-ultrasonic-pcb-generator\/","title":{"rendered":"Transducteur ultrasonique 30kHz 100W &#038; Pilote num\u00e9rique de transducteur ultrasonique 30kHz 100W"},"content":{"rendered":"<p><strong>Remarque : Lorsque vous passez commande.<\/strong><\/p>\n<ol>\n<li>Veuillez laisser un message concernant la norme de tension exacte.<\/li>\n<li>Veuillez nous fournir l&rsquo;adresse de livraison exacte et un num\u00e9ro de t\u00e9l\u00e9phone de contact.<\/li>\n<li>Veuillez nous indiquer si vous souhaitez que nous d\u00e9clarions une faible valeur en douane.<\/li>\n<li>Veuillez nous laisser une adresse e-mail valide. Nous vous enverrons le num\u00e9ro de suivi par e-mail d\u00e8s l&rsquo;exp\u00e9dition des marchandises.<\/li>\n<\/ol>\n<p><strong>Sp\u00e9cifications :<\/strong><\/p>\n<table class=\"table table-striped table-bordered\">\n<tbody>\n<tr>\n<td colspan=\"2\" width=\"568\">Un g\u00e9n\u00e9rateur PCB ultrasonique num\u00e9rique 30 kHz 100 W pilote un transducteur ultrasonique 30 kHz 100 W.<\/td>\n<\/tr>\n<tr>\n<td colspan=\"2\" width=\"568\">Transducteur ultrasonique :<\/td>\n<\/tr>\n<tr>\n<td width=\"163\">Fr\u00e9quence<\/td>\n<td width=\"405\">30 kHz \u00b1 1 kHz<\/td>\n<\/tr>\n<tr>\n<td width=\"163\">Puissance<\/td>\n<td width=\"405\">100 W<\/td>\n<\/tr>\n<tr>\n<td width=\"163\">Capacit\u00e9<\/td>\n<td width=\"405\">5200 pF (PZT8)<\/td>\n<\/tr>\n<tr>\n<td width=\"163\">Surface de rayonnement<\/td>\n<td width=\"405\">68 mm<\/td>\n<\/tr>\n<tr>\n<td width=\"163\">R\u00e9sistance de r\u00e9sonance<\/td>\n<td width=\"405\">10 &#8211; 20 \u03a9<\/td>\n<\/tr>\n<tr>\n<td width=\"163\">Dimensions des c\u00e9ramiques pi\u00e9zo\u00e9lectriques<\/td>\n<td width=\"405\">45 * 15 * 5 mm<\/td>\n<\/tr>\n<tr>\n<td width=\"163\">Longueur<\/td>\n<td width=\"405\">61 mm<\/td>\n<\/tr>\n<tr>\n<td colspan=\"2\" width=\"568\">G\u00e9n\u00e9rateur PCB ultrasonique<\/td>\n<\/tr>\n<tr>\n<td width=\"163\">Alimentation<\/td>\n<td width=\"405\">Entr\u00e9e : 200 V &#8211; 240 V \/ 100 V &#8211; 120 V<\/td>\n<\/tr>\n<tr>\n<td width=\"163\">Fr\u00e9quence<\/td>\n<td width=\"405\">30 kHz \u00b1 1 kHz<\/td>\n<\/tr>\n<tr>\n<td width=\"163\">Puissance<\/td>\n<td width=\"405\">100 W<\/td>\n<\/tr>\n<tr>\n<td width=\"163\">Capacit\u00e9<\/td>\n<td width=\"405\">5200 pF<\/td>\n<\/tr>\n<tr>\n<td width=\"163\">Dimensions<\/td>\n<td width=\"405\">18 cm * 13 cm * 6 cm (longueur * largeur * hauteur)<\/td>\n<\/tr>\n<tr>\n<td colspan=\"2\" width=\"568\">Poids brut total : 4 kg<\/td>\n<\/tr>\n<tr>\n<td colspan=\"2\" width=\"568\">Remarque : le temps et la puissance du g\u00e9n\u00e9rateur PCB ultrasonique num\u00e9rique peuvent \u00eatre ajust\u00e9s selon vos besoins.<\/td>\n<\/tr>\n<\/tbody>\n<\/table>\n<p>Les images suivantes montrent comment les connecter :<\/p>\n<p><a href=\"https:\/\/www.bjultrasonic.com\/wp-content\/uploads\/2014\/05\/30kHz-100W-Ultrasonic-Transducer-30kHz-100W-Digital-Ultrasonic-PCB-Generator-5.jpg\"><img loading=\"lazy\" decoding=\"async\" class=\"alignnone wp-image-5644\" src=\"\/\/www.bjultrasonic.com\/wp-content\/uploads\/2014\/05\/30kHz-100W-Ultrasonic-Transducer-30kHz-100W-Digital-Ultrasonic-PCB-Generator-5.jpg\" alt=\"Transducteur ultrasonique 30 kHz 100 W &amp; G\u00e9n\u00e9rateur PCB ultrasonique num\u00e9rique 30 kHz 100 W (5)\" width=\"585\" height=\"324\" \/><\/a> <a href=\"https:\/\/www.bjultrasonic.com\/wp-content\/uploads\/2014\/05\/30kHz-100W-Ultrasonic-Transducer-30kHz-100W-Digital-Ultrasonic-PCB-Generator-4.jpg\"><img loading=\"lazy\" decoding=\"async\" class=\"alignnone wp-image-5643\" src=\"\/\/www.bjultrasonic.com\/wp-content\/uploads\/2014\/05\/30kHz-100W-Ultrasonic-Transducer-30kHz-100W-Digital-Ultrasonic-PCB-Generator-4.jpg\" alt=\"Transducteur ultrasonique 30 kHz 100 W &amp; G\u00e9n\u00e9rateur PCB ultrasonique num\u00e9rique 30 kHz 100 W (4)\" width=\"589\" height=\"326\" \/><\/a> <a href=\"https:\/\/www.bjultrasonic.com\/wp-content\/uploads\/2014\/05\/30kHz-100W-Ultrasonic-Transducer-30kHz-100W-Digital-Ultrasonic-PCB-Generator-3.jpg\"><img loading=\"lazy\" decoding=\"async\" class=\"alignnone wp-image-5642\" src=\"\/\/www.bjultrasonic.com\/wp-content\/uploads\/2014\/05\/30kHz-100W-Ultrasonic-Transducer-30kHz-100W-Digital-Ultrasonic-PCB-Generator-3.jpg\" alt=\"Transducteur ultrasonique 30 kHz 100 W &amp; G\u00e9n\u00e9rateur PCB ultrasonique num\u00e9rique 30 kHz 100 W (3)\" width=\"587\" height=\"325\" \/><\/a> <a href=\"https:\/\/www.bjultrasonic.com\/wp-content\/uploads\/2014\/05\/30kHz-100W-Ultrasonic-Transducer-30kHz-100W-Digital-Ultrasonic-PCB-Generator-2.jpg\"><img loading=\"lazy\" decoding=\"async\" class=\"alignnone wp-image-5641\" src=\"\/\/www.bjultrasonic.com\/wp-content\/uploads\/2014\/05\/30kHz-100W-Ultrasonic-Transducer-30kHz-100W-Digital-Ultrasonic-PCB-Generator-2.jpg\" alt=\"Transducteur ultrasonique 30 kHz 100 W &amp; G\u00e9n\u00e9rateur PCB ultrasonique num\u00e9rique 30 kHz 100 W (2)\" width=\"586\" height=\"324\" \/><\/a> <a href=\"https:\/\/www.bjultrasonic.com\/wp-content\/uploads\/2014\/05\/30kHz-100W-Ultrasonic-Transducer-30kHz-100W-Digital-Ultrasonic-PCB-Generator-1.jpg\"><img loading=\"lazy\" decoding=\"async\" class=\"alignnone wp-image-5640\" src=\"\/\/www.bjultrasonic.com\/wp-content\/uploads\/2014\/05\/30kHz-100W-Ultrasonic-Transducer-30kHz-100W-Digital-Ultrasonic-PCB-Generator-1.jpg\" alt=\"Transducteur ultrasonique 30 kHz 100 W &amp; G\u00e9n\u00e9rateur PCB ultrasonique num\u00e9rique 30 kHz 100 W (1)\" width=\"583\" height=\"294\" \/><\/a><\/p>\n","protected":false},"excerpt":{"rendered":"<p>Ensembles de <a href=\"https:\/\/www.bjultrasonic.com\/fr\/category\/ultrasonic-generator-fr\/ultrasonic-generator-circuits-fr\/\">carte pilote de puissance de nettoyage ultrasonique<\/a> avec affichage num\u00e9rique et <a href=\"https:\/\/www.bjultrasonic.com\/fr\/category\/ultrasonic-transducer-fr\/\">transducteurs de nettoyage ultrasonique<\/a>.<\/p>\n","protected":false},"featured_media":24655,"comment_status":"open","ping_status":"closed","template":"","meta":[],"product_brand":[],"product_cat":[6077],"product_tag":[],"class_list":{"0":"post-67890","1":"product","2":"type-product","3":"status-publish","4":"has-post-thumbnail","6":"product_cat-digital-ultrasonic-pcb-generator-transducer-fr","8":"first","9":"instock","10":"shipping-taxable","11":"purchasable","12":"product-type-simple","13":"prodpage-classic"},"aioseo_notices":[],"_links":{"self":[{"href":"https:\/\/www.bjultrasonic.com\/fr\/wp-json\/wp\/v2\/product\/67890","targetHints":{"allow":["GET"]}}],"collection":[{"href":"https:\/\/www.bjultrasonic.com\/fr\/wp-json\/wp\/v2\/product"}],"about":[{"href":"https:\/\/www.bjultrasonic.com\/fr\/wp-json\/wp\/v2\/types\/product"}],"replies":[{"embeddable":true,"href":"https:\/\/www.bjultrasonic.com\/fr\/wp-json\/wp\/v2\/comments?post=67890"}],"wp:featuredmedia":[{"embeddable":true,"href":"https:\/\/www.bjultrasonic.com\/fr\/wp-json\/wp\/v2\/media\/24655"}],"wp:attachment":[{"href":"https:\/\/www.bjultrasonic.com\/fr\/wp-json\/wp\/v2\/media?parent=67890"}],"wp:term":[{"taxonomy":"product_brand","embeddable":true,"href":"https:\/\/www.bjultrasonic.com\/fr\/wp-json\/wp\/v2\/product_brand?post=67890"},{"taxonomy":"product_cat","embeddable":true,"href":"https:\/\/www.bjultrasonic.com\/fr\/wp-json\/wp\/v2\/product_cat?post=67890"},{"taxonomy":"product_tag","embeddable":true,"href":"https:\/\/www.bjultrasonic.com\/fr\/wp-json\/wp\/v2\/product_tag?post=67890"}],"curies":[{"name":"wp","href":"https:\/\/api.w.org\/{rel}","templated":true}]}}