{"id":67930,"date":"2013-06-21T02:03:29","date_gmt":"2013-06-21T07:03:29","guid":{"rendered":"https:\/\/www.bjultrasonic.com\/shop\/130khz-50w-ultrasonic-transducer-135khz-50w-ultrasonic-pcb-generator\/"},"modified":"2026-03-28T20:34:03","modified_gmt":"2026-03-29T01:34:03","slug":"130khz-50w-ultrasonic-transducer-135khz-50w-ultrasonic-pcb-generator","status":"publish","type":"product","link":"https:\/\/www.bjultrasonic.com\/fr\/shop\/130khz-50w-ultrasonic-transducer-135khz-50w-ultrasonic-pcb-generator\/","title":{"rendered":"Transducteur ultrasonore 130kHz 50W &#038; Pilote de transducteur ultrasonore 135kHz 50W"},"content":{"rendered":"<p><strong>Remarque : Lorsque vous passez commande.<\/strong><\/p>\n<ol>\n<li>Veuillez laisser un message concernant la norme de tension exacte.<\/li>\n<li>Veuillez nous fournir l&rsquo;adresse de livraison exacte et votre num\u00e9ro de t\u00e9l\u00e9phone.<\/li>\n<li>Veuillez nous indiquer si vous souhaitez que nous d\u00e9clarions une faible valeur \u00e0 la douane.<\/li>\n<li>Veuillez nous laisser une adresse e-mail valide. Nous vous enverrons le num\u00e9ro de suivi par e-mail d\u00e8s que nous exp\u00e9dierons la marchandise.<\/li>\n<\/ol>\n<p><strong>Sp\u00e9cifications :<\/strong><\/p>\n<table class=\"table table-striped table-bordered\">\n<tbody>\n<tr>\n<td colspan=\"2\" width=\"568\">Un g\u00e9n\u00e9rateur PCB ultrasonique 135kHz 50W alimente un transducteur ultrasonique 135kHz 50W<\/td>\n<\/tr>\n<tr>\n<td colspan=\"2\" width=\"568\"><strong>Transducteur ultrasonique :<\/strong><\/td>\n<\/tr>\n<tr>\n<td width=\"163\">Fr\u00e9quence<\/td>\n<td width=\"405\">135kHz \u00b1 1 kHz<\/td>\n<\/tr>\n<tr>\n<td width=\"163\">Puissance<\/td>\n<td width=\"405\">50W<\/td>\n<\/tr>\n<tr>\n<td width=\"163\">Capacit\u00e9<\/td>\n<td width=\"405\">4200pf (pzt4)<\/td>\n<\/tr>\n<tr>\n<td width=\"163\">Surface de rayonnement<\/td>\n<td width=\"405\">36mm<\/td>\n<\/tr>\n<tr>\n<td width=\"163\">R\u00e9sistance de r\u00e9sonance<\/td>\n<td width=\"405\">10-20 \u03a9<\/td>\n<\/tr>\n<tr>\n<td width=\"163\">Taille des c\u00e9ramiques pi\u00e9zo\u00e9lectriques<\/td>\n<td width=\"405\">35*15*5 mm<\/td>\n<\/tr>\n<tr>\n<td width=\"163\">Longueur<\/td>\n<td width=\"405\">54mm<\/td>\n<\/tr>\n<tr>\n<td colspan=\"2\" width=\"568\"><strong>G\u00e9n\u00e9rateur PCB ultrasonique<\/strong><\/td>\n<\/tr>\n<tr>\n<td width=\"163\">Alimentation<\/td>\n<td width=\"405\">Entr\u00e9e : 200v-240v \/ 100v-120v<\/td>\n<\/tr>\n<tr>\n<td width=\"163\">Fr\u00e9quence<\/td>\n<td width=\"405\">135kHz \u00b1 1 kHz<\/td>\n<\/tr>\n<tr>\n<td width=\"163\">Puissance<\/td>\n<td width=\"405\">50W<\/td>\n<\/tr>\n<tr>\n<td width=\"163\">Capacit\u00e9<\/td>\n<td width=\"405\">4200pf<\/td>\n<\/tr>\n<tr>\n<td width=\"163\">Dimensions<\/td>\n<td width=\"405\">18cm*13cm*6cm (longueur*largeur*hauteur)<\/td>\n<\/tr>\n<tr>\n<td colspan=\"2\" width=\"568\">Poids brut total : 4kg<\/td>\n<\/tr>\n<\/tbody>\n<\/table>\n<p>Les images suivantes montrent comment les connecter :<\/p>\n<p><a href=\"https:\/\/www.bjultrasonic.com\/wp-content\/uploads\/2013\/06\/130kHz-50W-Ultrasonic-Transducer-135kHz-50W-Ultrasonic-PCB-Generator-1.jpg\"><img loading=\"lazy\" decoding=\"async\" class=\"alignnone  wp-image-5623\" src=\"\/\/www.bjultrasonic.com\/wp-content\/uploads\/2013\/06\/130kHz-50W-Ultrasonic-Transducer-135kHz-50W-Ultrasonic-PCB-Generator-1.jpg\" alt=\"Transducteur ultrasonique 130kHz 50W &amp; G\u00e9n\u00e9rateur PCB ultrasonique 135kHz 50W (1)\" width=\"591\" height=\"298\" \/><\/a> <a href=\"https:\/\/www.bjultrasonic.com\/wp-content\/uploads\/2013\/06\/130kHz-50W-Ultrasonic-Transducer-135kHz-50W-Ultrasonic-PCB-Generator-2.jpg\"><img loading=\"lazy\" decoding=\"async\" class=\"alignnone  wp-image-5624\" src=\"\/\/www.bjultrasonic.com\/wp-content\/uploads\/2013\/06\/130kHz-50W-Ultrasonic-Transducer-135kHz-50W-Ultrasonic-PCB-Generator-2.jpg\" alt=\"Transducteur ultrasonique 130kHz 50W &amp; G\u00e9n\u00e9rateur PCB ultrasonique 135kHz 50W (2)\" width=\"593\" height=\"328\" \/><\/a> <a href=\"https:\/\/www.bjultrasonic.com\/wp-content\/uploads\/2013\/06\/130kHz-50W-Ultrasonic-Transducer-135kHz-50W-Ultrasonic-PCB-Generator-3.jpg\"><img loading=\"lazy\" decoding=\"async\" class=\"alignnone  wp-image-5625\" src=\"\/\/www.bjultrasonic.com\/wp-content\/uploads\/2013\/06\/130kHz-50W-Ultrasonic-Transducer-135kHz-50W-Ultrasonic-PCB-Generator-3.jpg\" alt=\"Transducteur ultrasonique 130kHz 50W &amp; G\u00e9n\u00e9rateur PCB ultrasonique 135kHz 50W (3)\" width=\"596\" height=\"330\" \/><\/a> <a href=\"https:\/\/www.bjultrasonic.com\/wp-content\/uploads\/2013\/06\/130kHz-50W-Ultrasonic-Transducer-135kHz-50W-Ultrasonic-PCB-Generator-4.jpg\"><img loading=\"lazy\" decoding=\"async\" class=\"alignnone  wp-image-5626\" src=\"\/\/www.bjultrasonic.com\/wp-content\/uploads\/2013\/06\/130kHz-50W-Ultrasonic-Transducer-135kHz-50W-Ultrasonic-PCB-Generator-4.jpg\" alt=\"Transducteur ultrasonique 130kHz 50W &amp; G\u00e9n\u00e9rateur PCB ultrasonique 135kHz 50W (4)\" width=\"597\" height=\"441\" \/><\/a> <a href=\"https:\/\/www.bjultrasonic.com\/wp-content\/uploads\/2013\/06\/130kHz-50W-Ultrasonic-Transducer-135kHz-50W-Ultrasonic-PCB-Generator-5.jpg\"><img loading=\"lazy\" decoding=\"async\" class=\"alignnone  wp-image-5627\" src=\"\/\/www.bjultrasonic.com\/wp-content\/uploads\/2013\/06\/130kHz-50W-Ultrasonic-Transducer-135kHz-50W-Ultrasonic-PCB-Generator-5.jpg\" alt=\"Transducteur ultrasonique 130kHz 50W &amp; G\u00e9n\u00e9rateur PCB ultrasonique 135kHz 50W (5)\" width=\"596\" height=\"539\" \/><\/a><\/p>\n","protected":false},"excerpt":{"rendered":"<p>Ensembles de <a href=\"https:\/\/www.bjultrasonic.com\/fr\/category\/ultrasonic-generator-fr\/ultrasonic-generator-circuits-fr\/\">cartes d&rsquo;alimentation pour nettoyage ultrasonique<\/a> et de <a href=\"https:\/\/www.bjultrasonic.com\/fr\/category\/ultrasonic-transducer-fr\/\">transducteurs de nettoyage ultrasonique<\/a> de haute qualit\u00e9 [100-120V\/200-240V].<\/p>\n","protected":false},"featured_media":42293,"comment_status":"open","ping_status":"closed","template":"","meta":[],"product_brand":[],"product_cat":[6123],"product_tag":[],"class_list":{"0":"post-67930","1":"product","2":"type-product","3":"status-publish","4":"has-post-thumbnail","6":"product_cat-100-120v-200-240v-ultrasonic-generator-transducer-fr","8":"first","9":"instock","10":"shipping-taxable","11":"purchasable","12":"product-type-simple","13":"prodpage-classic"},"aioseo_notices":[],"_links":{"self":[{"href":"https:\/\/www.bjultrasonic.com\/fr\/wp-json\/wp\/v2\/product\/67930","targetHints":{"allow":["GET"]}}],"collection":[{"href":"https:\/\/www.bjultrasonic.com\/fr\/wp-json\/wp\/v2\/product"}],"about":[{"href":"https:\/\/www.bjultrasonic.com\/fr\/wp-json\/wp\/v2\/types\/product"}],"replies":[{"embeddable":true,"href":"https:\/\/www.bjultrasonic.com\/fr\/wp-json\/wp\/v2\/comments?post=67930"}],"wp:featuredmedia":[{"embeddable":true,"href":"https:\/\/www.bjultrasonic.com\/fr\/wp-json\/wp\/v2\/media\/42293"}],"wp:attachment":[{"href":"https:\/\/www.bjultrasonic.com\/fr\/wp-json\/wp\/v2\/media?parent=67930"}],"wp:term":[{"taxonomy":"product_brand","embeddable":true,"href":"https:\/\/www.bjultrasonic.com\/fr\/wp-json\/wp\/v2\/product_brand?post=67930"},{"taxonomy":"product_cat","embeddable":true,"href":"https:\/\/www.bjultrasonic.com\/fr\/wp-json\/wp\/v2\/product_cat?post=67930"},{"taxonomy":"product_tag","embeddable":true,"href":"https:\/\/www.bjultrasonic.com\/fr\/wp-json\/wp\/v2\/product_tag?post=67930"}],"curies":[{"name":"wp","href":"https:\/\/api.w.org\/{rel}","templated":true}]}}