{"id":67970,"date":"2013-06-21T02:02:41","date_gmt":"2013-06-21T07:02:41","guid":{"rendered":"https:\/\/www.bjultrasonic.com\/shop\/80khz-60w-ultrasonic-transducer-80khz-60w-ultrasonic-pcb-generator\/"},"modified":"2026-03-28T20:33:37","modified_gmt":"2026-03-29T01:33:37","slug":"80khz-60w-ultrasonic-transducer-80khz-60w-ultrasonic-pcb-generator","status":"publish","type":"product","link":"https:\/\/www.bjultrasonic.com\/fr\/shop\/80khz-60w-ultrasonic-transducer-80khz-60w-ultrasonic-pcb-generator\/","title":{"rendered":"Transducteur ultrasonique 80 kHz 60 W et pilote de transducteur ultrasonique 80 kHz 60 W"},"content":{"rendered":"<p><strong>Remarque : Lorsque vous passez commande.<\/strong><\/p>\n<ol>\n<li>Veuillez laisser un message concernant la norme de tension exacte.<\/li>\n<li>Veuillez nous fournir l&rsquo;adresse de livraison exacte et un num\u00e9ro de t\u00e9l\u00e9phone de contact.<\/li>\n<li>Veuillez nous indiquer si vous souhaitez que nous d\u00e9clarions une faible valeur \u00e0 la douane.<\/li>\n<li>Veuillez nous laisser une adresse e-mail valide. Nous vous enverrons le num\u00e9ro de suivi par e-mail d\u00e8s que nous exp\u00e9dierons la marchandise.<\/li>\n<\/ol>\n<p><strong>Sp\u00e9cifications :<\/strong><\/p>\n<table class=\"table table-striped table-bordered\">\n<tbody>\n<tr>\n<td colspan=\"2\" width=\"568\">Un g\u00e9n\u00e9rateur PCB \u00e0 ultrasons 80kHz 60W pilote un transducteur \u00e0 ultrasons 80kHz 60W<\/td>\n<\/tr>\n<tr>\n<td colspan=\"2\" width=\"568\"><strong>Transducteur \u00e0 ultrasons :<\/strong><\/td>\n<\/tr>\n<tr>\n<td width=\"163\">Fr\u00e9quence<\/td>\n<td width=\"405\">80kHz \u00b11 kHz<\/td>\n<\/tr>\n<tr>\n<td width=\"163\">Puissance<\/td>\n<td width=\"405\">60W<\/td>\n<\/tr>\n<tr>\n<td width=\"163\">Capacit\u00e9<\/td>\n<td width=\"405\">5400 pF (PZT4)<\/td>\n<\/tr>\n<tr>\n<td width=\"163\">Surface de rayonnement<\/td>\n<td width=\"405\">40 mm<\/td>\n<\/tr>\n<tr>\n<td width=\"163\">R\u00e9sistance de r\u00e9sonance<\/td>\n<td width=\"405\">10-20 \u03a9<\/td>\n<\/tr>\n<tr>\n<td width=\"163\">Dimensions des c\u00e9ramiques pi\u00e9zo\u00e9lectriques<\/td>\n<td width=\"405\">38*15*5 mm<\/td>\n<\/tr>\n<tr>\n<td width=\"163\">Longueur<\/td>\n<td width=\"405\">60 mm<\/td>\n<\/tr>\n<tr>\n<td colspan=\"2\" width=\"568\"><strong>G\u00e9n\u00e9rateur PCB \u00e0 ultrasons<\/strong><\/td>\n<\/tr>\n<tr>\n<td width=\"163\">Alimentation<\/td>\n<td width=\"405\">Entr\u00e9e : 200V-240V \/ 100V-120V<\/td>\n<\/tr>\n<tr>\n<td width=\"163\">Fr\u00e9quence<\/td>\n<td width=\"405\">80kHz \u00b11 kHz<\/td>\n<\/tr>\n<tr>\n<td width=\"163\">Puissance<\/td>\n<td width=\"405\">60W<\/td>\n<\/tr>\n<tr>\n<td width=\"163\">Capacit\u00e9<\/td>\n<td width=\"405\">5400 pF<\/td>\n<\/tr>\n<tr>\n<td width=\"163\">Dimensions<\/td>\n<td width=\"405\">18 cm * 13 cm * 6 cm (longueur * largeur * hauteur)<\/td>\n<\/tr>\n<tr>\n<td colspan=\"2\" width=\"568\">Poids brut total : 4 kg<\/td>\n<\/tr>\n<\/tbody>\n<\/table>\n<p>Les images suivantes montrent comment les connecter :<\/p>\n<p><a href=\"https:\/\/www.bjultrasonic.com\/wp-content\/uploads\/2013\/06\/80kHz-60W-Ultrasonic-Transducer-80kHz-60W-Ultrasonic-PCB-Generator-1.jpg\"><img loading=\"lazy\" decoding=\"async\" class=\"alignnone wp-image-5613\" src=\"\/\/www.bjultrasonic.com\/wp-content\/uploads\/2013\/06\/80kHz-60W-Ultrasonic-Transducer-80kHz-60W-Ultrasonic-PCB-Generator-1.jpg\" alt=\"Transducteur \u00e0 ultrasons 80kHz 60W &amp; G\u00e9n\u00e9rateur PCB \u00e0 ultrasons 80kHz 60W (1)\" width=\"593\" height=\"299\" \/><\/a> <a href=\"https:\/\/www.bjultrasonic.com\/wp-content\/uploads\/2013\/06\/80kHz-60W-Ultrasonic-Transducer-80kHz-60W-Ultrasonic-PCB-Generator-2.jpg\"><img loading=\"lazy\" decoding=\"async\" class=\"alignnone wp-image-5614\" src=\"\/\/www.bjultrasonic.com\/wp-content\/uploads\/2013\/06\/80kHz-60W-Ultrasonic-Transducer-80kHz-60W-Ultrasonic-PCB-Generator-2.jpg\" alt=\"Transducteur \u00e0 ultrasons 80kHz 60W &amp; G\u00e9n\u00e9rateur PCB \u00e0 ultrasons 80kHz 60W (2)\" width=\"592\" height=\"328\" \/><\/a> <a href=\"https:\/\/www.bjultrasonic.com\/wp-content\/uploads\/2013\/06\/80kHz-60W-Ultrasonic-Transducer-80kHz-60W-Ultrasonic-PCB-Generator-3.jpg\"><img loading=\"lazy\" decoding=\"async\" class=\"alignnone wp-image-5615\" src=\"\/\/www.bjultrasonic.com\/wp-content\/uploads\/2013\/06\/80kHz-60W-Ultrasonic-Transducer-80kHz-60W-Ultrasonic-PCB-Generator-3.jpg\" alt=\"Transducteur \u00e0 ultrasons 80kHz 60W &amp; G\u00e9n\u00e9rateur PCB \u00e0 ultrasons 80kHz 60W (3)\" width=\"587\" height=\"325\" \/><\/a> <a href=\"https:\/\/www.bjultrasonic.com\/wp-content\/uploads\/2013\/06\/80kHz-60W-Ultrasonic-Transducer-80kHz-60W-Ultrasonic-PCB-Generator-4.jpg\"><img loading=\"lazy\" decoding=\"async\" class=\"alignnone wp-image-5616\" src=\"\/\/www.bjultrasonic.com\/wp-content\/uploads\/2013\/06\/80kHz-60W-Ultrasonic-Transducer-80kHz-60W-Ultrasonic-PCB-Generator-4.jpg\" alt=\"Transducteur \u00e0 ultrasons 80kHz 60W &amp; G\u00e9n\u00e9rateur PCB \u00e0 ultrasons 80kHz 60W (4)\" width=\"585\" height=\"433\" \/><\/a> <a href=\"https:\/\/www.bjultrasonic.com\/wp-content\/uploads\/2013\/06\/80kHz-60W-Ultrasonic-Transducer-80kHz-60W-Ultrasonic-PCB-Generator-5.jpg\"><img loading=\"lazy\" decoding=\"async\" class=\"alignnone wp-image-5617\" src=\"\/\/www.bjultrasonic.com\/wp-content\/uploads\/2013\/06\/80kHz-60W-Ultrasonic-Transducer-80kHz-60W-Ultrasonic-PCB-Generator-5.jpg\" alt=\"Transducteur \u00e0 ultrasons 80kHz 60W &amp; G\u00e9n\u00e9rateur PCB \u00e0 ultrasons 80kHz 60W (5)\" width=\"585\" height=\"534\" \/><\/a><\/p>\n","protected":false},"excerpt":{"rendered":"<p>Lots de cartes d&rsquo;alimentation de nettoyage par ultrasons <a href=\"https:\/\/www.bjultrasonic.com\/fr\/category\/ultrasonic-generator-fr\/ultrasonic-generator-circuits-fr\/\">de haute qualit\u00e9 [100-120V\/200-240V]<\/a> &amp; <a href=\"https:\/\/www.bjultrasonic.com\/fr\/category\/ultrasonic-transducer-fr\/\">transducteurs de nettoyage par ultrasons<\/a>.<\/p>\n","protected":false},"featured_media":42287,"comment_status":"open","ping_status":"closed","template":"","meta":[],"product_brand":[],"product_cat":[6123],"product_tag":[],"class_list":{"0":"post-67970","1":"product","2":"type-product","3":"status-publish","4":"has-post-thumbnail","6":"product_cat-100-120v-200-240v-ultrasonic-generator-transducer-fr","8":"first","9":"instock","10":"shipping-taxable","11":"purchasable","12":"product-type-simple","13":"prodpage-classic"},"aioseo_notices":[],"_links":{"self":[{"href":"https:\/\/www.bjultrasonic.com\/fr\/wp-json\/wp\/v2\/product\/67970","targetHints":{"allow":["GET"]}}],"collection":[{"href":"https:\/\/www.bjultrasonic.com\/fr\/wp-json\/wp\/v2\/product"}],"about":[{"href":"https:\/\/www.bjultrasonic.com\/fr\/wp-json\/wp\/v2\/types\/product"}],"replies":[{"embeddable":true,"href":"https:\/\/www.bjultrasonic.com\/fr\/wp-json\/wp\/v2\/comments?post=67970"}],"wp:featuredmedia":[{"embeddable":true,"href":"https:\/\/www.bjultrasonic.com\/fr\/wp-json\/wp\/v2\/media\/42287"}],"wp:attachment":[{"href":"https:\/\/www.bjultrasonic.com\/fr\/wp-json\/wp\/v2\/media?parent=67970"}],"wp:term":[{"taxonomy":"product_brand","embeddable":true,"href":"https:\/\/www.bjultrasonic.com\/fr\/wp-json\/wp\/v2\/product_brand?post=67970"},{"taxonomy":"product_cat","embeddable":true,"href":"https:\/\/www.bjultrasonic.com\/fr\/wp-json\/wp\/v2\/product_cat?post=67970"},{"taxonomy":"product_tag","embeddable":true,"href":"https:\/\/www.bjultrasonic.com\/fr\/wp-json\/wp\/v2\/product_tag?post=67970"}],"curies":[{"name":"wp","href":"https:\/\/api.w.org\/{rel}","templated":true}]}}