{"id":68050,"date":"2013-06-21T02:00:36","date_gmt":"2013-06-21T07:00:36","guid":{"rendered":"https:\/\/www.bjultrasonic.com\/shop\/20khz-100w-ultrasonic-transducer-20khz-100w-ultrasonic-pcb-generator\/"},"modified":"2026-03-28T20:33:09","modified_gmt":"2026-03-29T01:33:09","slug":"20khz-100w-ultrasonic-transducer-20khz-100w-ultrasonic-pcb-generator","status":"publish","type":"product","link":"https:\/\/www.bjultrasonic.com\/fr\/shop\/20khz-100w-ultrasonic-transducer-20khz-100w-ultrasonic-pcb-generator\/","title":{"rendered":"Transducteur ultrasonique 20kHz 100W &#038; Pilote de transducteur ultrasonique 20kHz 100W"},"content":{"rendered":"<p><strong>Remarque : Lorsque vous passez commande.<\/strong><\/p>\n<ol>\n<li>Veuillez laisser un message concernant la norme de tension exacte.<\/li>\n<li>Veuillez nous fournir l&rsquo;adresse de livraison exacte et un num\u00e9ro de t\u00e9l\u00e9phone de contact.<\/li>\n<li>Veuillez nous indiquer si vous souhaitez que nous d\u00e9clarions une faible valeur en douane.<\/li>\n<li>Veuillez nous laisser une adresse email valide. Nous vous enverrons le num\u00e9ro de suivi par email d\u00e8s l&rsquo;exp\u00e9dition des marchandises.<\/li>\n<\/ol>\n<p><strong>Sp\u00e9cifications :<\/strong><\/p>\n<table class=\"table table-striped table-bordered\">\n<tbody>\n<tr>\n<td colspan=\"2\" width=\"568\">Un g\u00e9n\u00e9rateur PCB ultrasonique 20kHz 100W pilote un transducteur ultrasonique 20kHz 100W<\/td>\n<\/tr>\n<tr>\n<td colspan=\"2\" width=\"568\"><strong>Transducteur ultrasonique :<\/strong><\/td>\n<\/tr>\n<tr>\n<td width=\"163\">Fr\u00e9quence<\/td>\n<td width=\"405\">20kHz \u00b1 1 kHz<\/td>\n<\/tr>\n<tr>\n<td width=\"163\">Puissance<\/td>\n<td width=\"405\">100W<\/td>\n<\/tr>\n<tr>\n<td width=\"163\">Capacit\u00e9<\/td>\n<td width=\"405\">5100pf (pzt85)<\/td>\n<\/tr>\n<tr>\n<td width=\"163\">Surface de rayonnement<\/td>\n<td width=\"405\">68mm<\/td>\n<\/tr>\n<tr>\n<td width=\"163\">R\u00e9sistance de r\u00e9sonance<\/td>\n<td width=\"405\">10-20 \u03a9<\/td>\n<\/tr>\n<tr>\n<td width=\"163\">Dimensions des c\u00e9ramiques pi\u00e9zo\u00e9lectriques<\/td>\n<td width=\"405\">45*15*5 mm<\/td>\n<\/tr>\n<tr>\n<td width=\"163\">Longueur<\/td>\n<td width=\"405\">95mm<\/td>\n<\/tr>\n<tr>\n<td colspan=\"2\" width=\"568\"><strong>G\u00e9n\u00e9rateur PCB ultrasonique<\/strong><\/td>\n<\/tr>\n<tr>\n<td width=\"163\">Alimentation<\/td>\n<td width=\"405\">Entr\u00e9e : 200V-240V \/ 100V-120V<\/td>\n<\/tr>\n<tr>\n<td width=\"163\">Fr\u00e9quence<\/td>\n<td width=\"405\">20kHz \u00b1 1 kHz<\/td>\n<\/tr>\n<tr>\n<td width=\"163\">Puissance<\/td>\n<td width=\"405\">100W<\/td>\n<\/tr>\n<tr>\n<td width=\"163\">Capacit\u00e9<\/td>\n<td width=\"405\">5100pf<\/td>\n<\/tr>\n<tr>\n<td width=\"163\">Dimensions<\/td>\n<td width=\"405\">18cm*13cm*6cm (longueur*largeur*hauteur)<\/td>\n<\/tr>\n<tr>\n<td colspan=\"2\" width=\"568\">Poids brut total : 4kg<\/td>\n<\/tr>\n<\/tbody>\n<\/table>\n<p><strong>Les images suivantes montrent comment les connecter :<\/strong><\/p>\n<p><a href=\"https:\/\/www.bjultrasonic.com\/wp-content\/uploads\/2013\/06\/20kHz-100W-Ultrasonic-Transducer-20kHz-100W-Ultrasonic-PCB-Generator-1.jpg\"><img loading=\"lazy\" decoding=\"async\" class=\"alignnone wp-image-5593\" src=\"\/\/www.bjultrasonic.com\/wp-content\/uploads\/2013\/06\/20kHz-100W-Ultrasonic-Transducer-20kHz-100W-Ultrasonic-PCB-Generator-1.jpg\" alt=\"Transducteur ultrasonique 20kHz 100W &amp; G\u00e9n\u00e9rateur PCB ultrasonique 20kHz 100W (1)\" width=\"593\" height=\"328\" \/><\/a> <a href=\"https:\/\/www.bjultrasonic.com\/wp-content\/uploads\/2013\/06\/20kHz-100W-Ultrasonic-Transducer-20kHz-100W-Ultrasonic-PCB-Generator-2.jpg\"><img loading=\"lazy\" decoding=\"async\" class=\"alignnone wp-image-5594\" src=\"\/\/www.bjultrasonic.com\/wp-content\/uploads\/2013\/06\/20kHz-100W-Ultrasonic-Transducer-20kHz-100W-Ultrasonic-PCB-Generator-2.jpg\" alt=\"Transducteur ultrasonique 20kHz 100W &amp; G\u00e9n\u00e9rateur PCB ultrasonique 20kHz 100W (2)\" width=\"594\" height=\"412\" \/><\/a> <a href=\"https:\/\/www.bjultrasonic.com\/wp-content\/uploads\/2013\/06\/20kHz-100W-Ultrasonic-Transducer-20kHz-100W-Ultrasonic-PCB-Generator-3.jpg\"><img loading=\"lazy\" decoding=\"async\" class=\"alignnone wp-image-5595 \" src=\"\/\/www.bjultrasonic.com\/wp-content\/uploads\/2013\/06\/20kHz-100W-Ultrasonic-Transducer-20kHz-100W-Ultrasonic-PCB-Generator-3.jpg\" alt=\"Transducteur ultrasonique 20kHz 100W &amp; G\u00e9n\u00e9rateur PCB ultrasonique 20kHz 100W (3)\" width=\"598\" height=\"335\" \/><\/a> <a href=\"https:\/\/www.bjultrasonic.com\/wp-content\/uploads\/2013\/06\/20kHz-100W-Ultrasonic-Transducer-20kHz-100W-Ultrasonic-PCB-Generator-4.jpg\"><img loading=\"lazy\" decoding=\"async\" class=\"alignnone wp-image-5596\" src=\"\/\/www.bjultrasonic.com\/wp-content\/uploads\/2013\/06\/20kHz-100W-Ultrasonic-Transducer-20kHz-100W-Ultrasonic-PCB-Generator-4.jpg\" alt=\"Transducteur ultrasonique 20kHz 100W &amp; G\u00e9n\u00e9rateur PCB ultrasonique 20kHz 100W (4)\" width=\"598\" height=\"441\" \/><\/a> <a href=\"https:\/\/www.bjultrasonic.com\/wp-content\/uploads\/2013\/06\/20kHz-100W-Ultrasonic-Transducer-20kHz-100W-Ultrasonic-PCB-Generator-5.jpg\"><img loading=\"lazy\" decoding=\"async\" class=\"alignnone wp-image-5597 \" src=\"\/\/www.bjultrasonic.com\/wp-content\/uploads\/2013\/06\/20kHz-100W-Ultrasonic-Transducer-20kHz-100W-Ultrasonic-PCB-Generator-5.jpg\" alt=\"Transducteur ultrasonique 20kHz 100W &amp; G\u00e9n\u00e9rateur PCB ultrasonique 20kHz 100W (5)\" width=\"598\" height=\"331\" \/><\/a><\/p>\n","protected":false},"excerpt":{"rendered":"<p>Ensembles de cartes d&rsquo;alimentation pour nettoyage ultrasonique de haute qualit\u00e9 [100-120V\/200-240V] <a href=\"https:\/\/www.bjultrasonic.com\/fr\/category\/ultrasonic-generator-fr\/ultrasonic-generator-circuits-fr\/\">ultrasonic cleaning power driver board<\/a> &amp; <a href=\"https:\/\/www.bjultrasonic.com\/fr\/category\/ultrasonic-transducer-fr\/\">transducteurs de nettoyage ultrasonique<\/a>.<\/p>\n","protected":false},"featured_media":42288,"comment_status":"open","ping_status":"closed","template":"","meta":[],"product_brand":[],"product_cat":[6123],"product_tag":[],"class_list":{"0":"post-68050","1":"product","2":"type-product","3":"status-publish","4":"has-post-thumbnail","6":"product_cat-100-120v-200-240v-ultrasonic-generator-transducer-fr","8":"first","9":"instock","10":"shipping-taxable","11":"purchasable","12":"product-type-simple","13":"prodpage-classic"},"aioseo_notices":[],"_links":{"self":[{"href":"https:\/\/www.bjultrasonic.com\/fr\/wp-json\/wp\/v2\/product\/68050","targetHints":{"allow":["GET"]}}],"collection":[{"href":"https:\/\/www.bjultrasonic.com\/fr\/wp-json\/wp\/v2\/product"}],"about":[{"href":"https:\/\/www.bjultrasonic.com\/fr\/wp-json\/wp\/v2\/types\/product"}],"replies":[{"embeddable":true,"href":"https:\/\/www.bjultrasonic.com\/fr\/wp-json\/wp\/v2\/comments?post=68050"}],"wp:featuredmedia":[{"embeddable":true,"href":"https:\/\/www.bjultrasonic.com\/fr\/wp-json\/wp\/v2\/media\/42288"}],"wp:attachment":[{"href":"https:\/\/www.bjultrasonic.com\/fr\/wp-json\/wp\/v2\/media?parent=68050"}],"wp:term":[{"taxonomy":"product_brand","embeddable":true,"href":"https:\/\/www.bjultrasonic.com\/fr\/wp-json\/wp\/v2\/product_brand?post=68050"},{"taxonomy":"product_cat","embeddable":true,"href":"https:\/\/www.bjultrasonic.com\/fr\/wp-json\/wp\/v2\/product_cat?post=68050"},{"taxonomy":"product_tag","embeddable":true,"href":"https:\/\/www.bjultrasonic.com\/fr\/wp-json\/wp\/v2\/product_tag?post=68050"}],"curies":[{"name":"wp","href":"https:\/\/api.w.org\/{rel}","templated":true}]}}