{"id":68310,"date":"2013-05-20T09:24:47","date_gmt":"2013-05-20T14:24:47","guid":{"rendered":"https:\/\/www.bjultrasonic.com\/shop\/200-240v-25khz-60w-ultrasonic-transducer-25khz-120w-ultrasonic-generator\/"},"modified":"2026-03-28T20:30:50","modified_gmt":"2026-03-29T01:30:50","slug":"200-240v-25khz-60w-ultrasonic-transducer-25khz-120w-ultrasonic-generator","status":"publish","type":"product","link":"https:\/\/www.bjultrasonic.com\/fr\/shop\/200-240v-25khz-60w-ultrasonic-transducer-25khz-120w-ultrasonic-generator\/","title":{"rendered":"[200-240V] Transducteur ultrasonique 25kHz 60W &#038; Circuit pilote de transducteur pi\u00e9zo\u00e9lectrique 25kHz 120W"},"content":{"rendered":"<p><strong>Remarque : Lorsque vous passez commande.<\/strong><\/p>\n<ol>\n<li>Veuillez laisser un message concernant la norme de tension exacte.<\/li>\n<li>Veuillez nous fournir l&rsquo;adresse de livraison exacte et un num\u00e9ro de t\u00e9l\u00e9phone de contact.<\/li>\n<li>Veuillez nous indiquer si vous souhaitez que nous d\u00e9clarions une valeur faible aux douanes.<\/li>\n<li>Veuillez nous laisser une adresse e-mail valide. Nous vous enverrons le num\u00e9ro de suivi par e-mail d\u00e8s que les marchandises seront exp\u00e9di\u00e9es.<\/li>\n<\/ol>\n<p><strong>Sp\u00e9cifications :<\/strong><\/p>\n<table class=\"table table-striped table-bordered\">\n<tbody>\n<tr>\n<td colspan=\"2\" width=\"568\">Un g\u00e9n\u00e9rateur ultrasonique 25kHz 120W alimente 2 transducteurs ultrasoniques 25kHz 60W<\/td>\n<\/tr>\n<tr>\n<td colspan=\"2\" width=\"568\">Transducteur ultrasonique :<\/td>\n<\/tr>\n<tr>\n<td width=\"163\">Fr\u00e9quence<\/td>\n<td width=\"405\">25kHz \u00b11 kHz<\/td>\n<\/tr>\n<tr>\n<td width=\"163\">Puissance<\/td>\n<td width=\"405\">60W<\/td>\n<\/tr>\n<tr>\n<td width=\"163\">Capacit\u00e9<\/td>\n<td width=\"405\">5400pF (PZT4)<\/td>\n<\/tr>\n<tr>\n<td width=\"163\">Surface de rayonnement<\/td>\n<td width=\"405\">59mm<\/td>\n<\/tr>\n<tr>\n<td width=\"163\">R\u00e9sistance \u00e0 la r\u00e9sonance<\/td>\n<td width=\"405\">10-20 \u03a9<\/td>\n<\/tr>\n<tr>\n<td width=\"163\">Dimensions des c\u00e9ramiques pi\u00e9zo\u00e9lectriques<\/td>\n<td width=\"405\">38*15*5 mm<\/td>\n<\/tr>\n<tr>\n<td width=\"163\">Longueur<\/td>\n<td width=\"405\">77mm<\/td>\n<\/tr>\n<tr>\n<td colspan=\"2\" width=\"568\">G\u00e9n\u00e9rateur ultrasonique \u00e0 circuit imprim\u00e9 :<\/td>\n<\/tr>\n<tr>\n<td width=\"163\">Alimentation<\/td>\n<td width=\"405\">Entr\u00e9e : 200V-240V<\/td>\n<\/tr>\n<tr>\n<td width=\"163\">Fr\u00e9quence<\/td>\n<td width=\"405\">25kHz \u00b11 kHz<\/td>\n<\/tr>\n<tr>\n<td width=\"163\">Puissance<\/td>\n<td width=\"405\">120W<\/td>\n<\/tr>\n<tr>\n<td width=\"163\">Capacit\u00e9<\/td>\n<td width=\"405\">5400pF (PZT4)<\/td>\n<\/tr>\n<tr>\n<td width=\"163\">Dimensions<\/td>\n<td width=\"405\">52cm*34.5cm*17cm (longueur*largeur*hauteur)<\/td>\n<\/tr>\n<tr>\n<td colspan=\"2\" width=\"568\">Poids brut total : 1,5 kg<\/td>\n<\/tr>\n<\/tbody>\n<\/table>\n<p><strong>Les images suivantes montrent comment les connecter.<\/strong><\/p>\n<p><a href=\"https:\/\/www.bjultrasonic.com\/wp-content\/uploads\/2013\/05\/Connection-Method-200V-240V-Ultrasonic-Transducer-Ultrasonic-Generator-1.jpg\"><img loading=\"lazy\" decoding=\"async\" class=\"alignnone wp-image-5581\" src=\"\/\/www.bjultrasonic.com\/wp-content\/uploads\/2013\/05\/Connection-Method-200V-240V-Ultrasonic-Transducer-Ultrasonic-Generator-1.jpg\" alt=\"Transducteur ultrasonique &amp; G\u00e9n\u00e9rateur ultrasonique 200V 240V (1)\" width=\"588\" height=\"373\" \/><\/a><\/p>\n<p><a href=\"https:\/\/www.bjultrasonic.com\/wp-content\/uploads\/2013\/05\/Connection-Method-200V-240V-Ultrasonic-Transducer-Ultrasonic-Generator-2.jpg\"><img loading=\"lazy\" decoding=\"async\" class=\"alignnone wp-image-5582\" src=\"\/\/www.bjultrasonic.com\/wp-content\/uploads\/2013\/05\/Connection-Method-200V-240V-Ultrasonic-Transducer-Ultrasonic-Generator-2.jpg\" alt=\"Transducteur ultrasonique &amp; G\u00e9n\u00e9rateur ultrasonique 200V 240V (2)\" width=\"592\" height=\"344\" \/><\/a><\/p>\n<p><a href=\"https:\/\/www.bjultrasonic.com\/wp-content\/uploads\/2013\/05\/Connection-Method-200V-240V-Ultrasonic-Transducer-Ultrasonic-Generator-3.jpg\"><img loading=\"lazy\" decoding=\"async\" class=\"alignnone wp-image-5583\" src=\"\/\/www.bjultrasonic.com\/wp-content\/uploads\/2013\/05\/Connection-Method-200V-240V-Ultrasonic-Transducer-Ultrasonic-Generator-3.jpg\" alt=\"Transducteur ultrasonique &amp; G\u00e9n\u00e9rateur ultrasonique 200V 240V (3)\" width=\"591\" height=\"388\" \/><\/a><\/p>\n","protected":false},"excerpt":{"rendered":"<p>Ensembles de cartes d&rsquo;alimentation de nettoyeur \u00e0 ultrasons et de transducteurs de nettoyage \u00e0 ultrasons de haute qualit\u00e9 200-240V.<\/p>\n","protected":false},"featured_media":5582,"comment_status":"open","ping_status":"closed","template":"","meta":[],"product_brand":[],"product_cat":[6176],"product_tag":[],"class_list":{"0":"post-68310","1":"product","2":"type-product","3":"status-publish","4":"has-post-thumbnail","6":"product_cat-200-240v-ultrasonic-generator-transducer-fr","8":"first","9":"instock","10":"shipping-taxable","11":"purchasable","12":"product-type-simple","13":"prodpage-classic"},"aioseo_notices":[],"_links":{"self":[{"href":"https:\/\/www.bjultrasonic.com\/fr\/wp-json\/wp\/v2\/product\/68310","targetHints":{"allow":["GET"]}}],"collection":[{"href":"https:\/\/www.bjultrasonic.com\/fr\/wp-json\/wp\/v2\/product"}],"about":[{"href":"https:\/\/www.bjultrasonic.com\/fr\/wp-json\/wp\/v2\/types\/product"}],"replies":[{"embeddable":true,"href":"https:\/\/www.bjultrasonic.com\/fr\/wp-json\/wp\/v2\/comments?post=68310"}],"wp:featuredmedia":[{"embeddable":true,"href":"https:\/\/www.bjultrasonic.com\/fr\/wp-json\/wp\/v2\/media\/5582"}],"wp:attachment":[{"href":"https:\/\/www.bjultrasonic.com\/fr\/wp-json\/wp\/v2\/media?parent=68310"}],"wp:term":[{"taxonomy":"product_brand","embeddable":true,"href":"https:\/\/www.bjultrasonic.com\/fr\/wp-json\/wp\/v2\/product_brand?post=68310"},{"taxonomy":"product_cat","embeddable":true,"href":"https:\/\/www.bjultrasonic.com\/fr\/wp-json\/wp\/v2\/product_cat?post=68310"},{"taxonomy":"product_tag","embeddable":true,"href":"https:\/\/www.bjultrasonic.com\/fr\/wp-json\/wp\/v2\/product_tag?post=68310"}],"curies":[{"name":"wp","href":"https:\/\/api.w.org\/{rel}","templated":true}]}}