{"id":68330,"date":"2013-05-14T17:09:47","date_gmt":"2013-05-14T22:09:47","guid":{"rendered":"https:\/\/www.bjultrasonic.com\/shop\/ultrasonic-horn\/"},"modified":"2026-03-28T20:30:24","modified_gmt":"2026-03-29T01:30:24","slug":"ultrasonic-horn","status":"publish","type":"product","link":"https:\/\/www.bjultrasonic.com\/fr\/shop\/ultrasonic-horn\/","title":{"rendered":"Sonotrode de Soudage Ultrasonore"},"content":{"rendered":"<p>Le porte-outil \u00e0 ultrasons \/ la sonotrode \u00e0 ultrasons \/ le moule de soudage par ultrasons est largement utilis\u00e9 dans les <a href=\"https:\/\/www.bjultrasonic.com\/fr\/shop\/ultrasonic-welding-machine\/\">machines de soudage par ultrasons<\/a>. C&rsquo;est l&rsquo;\u00e9l\u00e9ment cl\u00e9 pour souder divers produits en plastique, en m\u00e9tal ou en tissu. Par ailleurs, la machine de soudage par ultrasons est un soudeur ultrasonique con\u00e7u pour souder divers plastiques (ABS, PVC, PP, PE, PC, PS, HDPE, LDPE, PET, PMMA, ac\u00e9tal, etc.) et tissus (polyester, non-tiss\u00e9, nylon, etc.). Nous pouvons fabriquer des t\u00eates et pointes de soudage en acier et titane \u00e0 n&rsquo;importe quelle fr\u00e9quence, et elles peuvent \u00eatre adapt\u00e9es aux produits d&rsquo;autres entreprises. Nous pouvons fournir des moules personnalis\u00e9s selon vos besoins.<\/p>\n<p><img loading=\"lazy\" decoding=\"async\" class=\"alignnone size-full wp-image-24647\" src=\"https:\/\/www.bjultrasonic.com\/wp-content\/uploads\/2013\/05\/Ultrasonic-Welding-Horn-4.jpg\" alt=\"Ultrasonic Welding Horn (4)\" width=\"559\" height=\"578\" \/><\/p>\n<h3>Nos Avantages<\/h3>\n<ul>\n<li>Une vari\u00e9t\u00e9 de sp\u00e9cifications pour diff\u00e9rents types d&rsquo;\u00e9quipements de soudage par ultrasons.<\/li>\n<li>Une pr\u00e9cision de soudage sup\u00e9rieure<\/li>\n<li>Une meilleure exp\u00e9rience utilisateur<\/li>\n<li>Des performances stables<\/li>\n<li>Une capacit\u00e9 de production plus \u00e9lev\u00e9e<\/li>\n<li>Efficace et stable, garantie longue et livraison rapide<\/li>\n<\/ul>\n<p>&nbsp;<\/p>\n<p><iframe loading=\"lazy\" title=\"Ultrasonic Welding Machine for Face Mask Manufacturing\" width=\"500\" height=\"375\" src=\"https:\/\/www.youtube.com\/embed\/6luA2gpAZdU?feature=oembed\" frameborder=\"0\" allow=\"accelerometer; autoplay; clipboard-write; encrypted-media; gyroscope; picture-in-picture; web-share\" referrerpolicy=\"strict-origin-when-cross-origin\" allowfullscreen><\/iframe><\/p>\n<p><iframe loading=\"lazy\" title=\"Ultrasonic Plastic Welder | Ultrasonic Plastic Welding\" width=\"500\" height=\"281\" src=\"https:\/\/www.youtube.com\/embed\/3H2GRdGeOGM?feature=oembed\" frameborder=\"0\" allow=\"accelerometer; autoplay; clipboard-write; encrypted-media; gyroscope; picture-in-picture; web-share\" referrerpolicy=\"strict-origin-when-cross-origin\" allowfullscreen><\/iframe><\/p>\n<h3>Principes de l&rsquo;Usinage par Ultrasons<\/h3>\n<p>L&rsquo;usinage par ultrasons est une technique d&rsquo;usinage utilisant une suspension abrasive fournie dans l&rsquo;espace entre la pi\u00e8ce \u00e0 usiner et un outil vibrant \u00e0 une fr\u00e9quence ultrasonique. L&rsquo;\u00e9quipement d&rsquo;usinage par ultrasons se compose d&rsquo;un <a href=\"https:\/\/www.bjultrasonic.com\/fr\/shop\/ultrasonic-welding-generator\/\" target=\"_blank\" rel=\"noopener noreferrer\">G\u00e9n\u00e9rateur de Soudage par Ultrasons<\/a>, de <a href=\"https:\/\/www.bjultrasonic.com\/fr\/category\/ultrasonic-transducer-fr\/\" target=\"_blank\" rel=\"noopener noreferrer\">Transducteurs \u00e0 Ultrasons<\/a> et d&rsquo;un <strong>Porte-outil \u00e0 Ultrasons<\/strong>.<\/p>\n<p><img loading=\"lazy\" decoding=\"async\" class=\"size-full wp-image-1577 alignnone\" title=\"Principles of Ultrasonic Machining\" src=\"\/\/www.bjultrasonic.com\/wp-content\/uploads\/2013\/05\/Principles-of-Ultrasonic-Machining.jpg\" alt=\"Principles of Ultrasonic Machining\" width=\"650\" height=\"371\" \/><\/p>\n<h3>Paiement<\/h3>\n<p>Nous acceptons actuellement Paypal, virement bancaire (T\/T) et Western Union.<\/p>\n<h3 class=\"shipping-methods\">Exp\u00e9dition<\/h3>\n<p>Les marchandises seront exp\u00e9di\u00e9es dans les 48 heures suivant la r\u00e9ception du paiement int\u00e9gral.<\/p>\n<ul>\n<li>Nous exp\u00e9dions les marchandises \u00e0 l&rsquo;adresse indiqu\u00e9e dans le paiement PayPal. Veuillez vous assurer que l&rsquo;adresse sur PayPal est correcte.<\/li>\n<li>Nous vous donnerons le num\u00e9ro de suivi apr\u00e8s l&rsquo;envoi des marchandises ; en g\u00e9n\u00e9ral, vous recevrez les marchandises dans les cinq jours.<\/li>\n<li>Si vous avez des questions, veuillez nous contacter par e-mail (notre adresse e-mail est <a href=\"mailto:support@bjultrasonic.com\">support@bjultrasonic.com<\/a>)<\/li>\n<\/ul>\n<h3 align=\"left\">Garantie Produit<\/h3>\n<p>La p\u00e9riode de garantie du produit est d&rsquo;un an. Pendant la p\u00e9riode de garantie, les produits achet\u00e9s b\u00e9n\u00e9ficient d&rsquo;une maintenance gratuite ou d&rsquo;un \u00e9change.<\/p>\n","protected":false},"excerpt":{"rendered":"<p>Une corne de soudage par ultrasons (\u00e9galement connue sous le nom de corne acoustique, sonotrode, guide d&rsquo;onde acoustique, sonde ultrasonique) est une barre de m\u00e9tal qui diminue progressivement et qui est g\u00e9n\u00e9ralement utilis\u00e9e pour <strong>augmenter l&rsquo;amplitude du d\u00e9placement d&rsquo;oscillation<\/strong> dans le <strong>soudage par ultrasons<\/strong> et l&rsquo;<strong>usinage par ultrasons<\/strong>.<\/p>\n<p>Nous pouvons personnaliser des cornes ultrasoniques de diff\u00e9rentes tailles et fr\u00e9quences selon les exigences.<\/p>\n","protected":false},"featured_media":42269,"comment_status":"open","ping_status":"closed","template":"","meta":[],"product_brand":[],"product_cat":[5624],"product_tag":[],"class_list":{"0":"post-68330","1":"product","2":"type-product","3":"status-publish","4":"has-post-thumbnail","6":"product_cat-ultrasonic-welding-equipment-fr","8":"first","9":"instock","10":"shipping-taxable","11":"product-type-external","12":"prodpage-classic"},"aioseo_notices":[],"_links":{"self":[{"href":"https:\/\/www.bjultrasonic.com\/fr\/wp-json\/wp\/v2\/product\/68330","targetHints":{"allow":["GET"]}}],"collection":[{"href":"https:\/\/www.bjultrasonic.com\/fr\/wp-json\/wp\/v2\/product"}],"about":[{"href":"https:\/\/www.bjultrasonic.com\/fr\/wp-json\/wp\/v2\/types\/product"}],"replies":[{"embeddable":true,"href":"https:\/\/www.bjultrasonic.com\/fr\/wp-json\/wp\/v2\/comments?post=68330"}],"wp:featuredmedia":[{"embeddable":true,"href":"https:\/\/www.bjultrasonic.com\/fr\/wp-json\/wp\/v2\/media\/42269"}],"wp:attachment":[{"href":"https:\/\/www.bjultrasonic.com\/fr\/wp-json\/wp\/v2\/media?parent=68330"}],"wp:term":[{"taxonomy":"product_brand","embeddable":true,"href":"https:\/\/www.bjultrasonic.com\/fr\/wp-json\/wp\/v2\/product_brand?post=68330"},{"taxonomy":"product_cat","embeddable":true,"href":"https:\/\/www.bjultrasonic.com\/fr\/wp-json\/wp\/v2\/product_cat?post=68330"},{"taxonomy":"product_tag","embeddable":true,"href":"https:\/\/www.bjultrasonic.com\/fr\/wp-json\/wp\/v2\/product_tag?post=68330"}],"curies":[{"name":"wp","href":"https:\/\/api.w.org\/{rel}","templated":true}]}}