{"id":68830,"date":"2013-02-18T00:25:16","date_gmt":"2013-02-18T05:25:16","guid":{"rendered":"https:\/\/www.bjultrasonic.com\/shop\/ultrasonic-atomizing-transducer-bja-5000\/"},"modified":"2026-03-28T20:25:51","modified_gmt":"2026-03-29T01:25:51","slug":"ultrasonic-atomizing-transducer-bja-5000","status":"publish","type":"product","link":"https:\/\/www.bjultrasonic.com\/fr\/shop\/ultrasonic-atomizing-transducer-bja-5000\/","title":{"rendered":"5000ML Brumisateur d&rsquo;Eau \u00e0 Brume Fontaine Ultrasonique Humidificateur d&rsquo;Air Frais"},"content":{"rendered":"<h3>Vid\u00e9o<\/h3>\n<p><iframe loading=\"lazy\" title=\"Ultrasonic Humidifier Atomizer Mist Maker Fogger - Beijing Ultrasonic\" width=\"500\" height=\"281\" src=\"https:\/\/www.youtube.com\/embed\/TJi9qvlk9cs?start=12&#038;feature=oembed\" frameborder=\"0\" allow=\"accelerometer; autoplay; clipboard-write; encrypted-media; gyroscope; picture-in-picture; web-share\" referrerpolicy=\"strict-origin-when-cross-origin\" allowfullscreen><\/iframe><\/p>\n<p><iframe loading=\"lazy\" title=\"5000ML Fog Water Fountain Ultrasonic Cool Mist Humidifier\" width=\"500\" height=\"281\" src=\"https:\/\/www.youtube.com\/embed\/qY8wP05nnpc?feature=oembed\" frameborder=\"0\" allow=\"accelerometer; autoplay; clipboard-write; encrypted-media; gyroscope; picture-in-picture; web-share\" referrerpolicy=\"strict-origin-when-cross-origin\" allowfullscreen><\/iframe><\/p>\n<table class=\"table table-striped table-bordered\">\n<tbody>\n<tr>\n<td width=\"284\">Type<\/td>\n<td width=\"284\">BJA5000<\/td>\n<\/tr>\n<tr>\n<td width=\"284\">D\u00e9bit de pulv\u00e9risation<\/td>\n<td width=\"284\">&gt;5000ML<\/td>\n<\/tr>\n<tr>\n<td width=\"284\">Dimensions<\/td>\n<td width=\"284\">252*92*67mm (longueur*largeur*hauteur)<\/td>\n<\/tr>\n<tr>\n<td width=\"284\">Fr\u00e9quence de travail<\/td>\n<td width=\"284\">1700\u00b150(KHZ)<\/td>\n<\/tr>\n<tr>\n<td width=\"284\">Diam\u00e8tre de la c\u00e9ramique pi\u00e9zo\u00e9lectrique<\/td>\n<td width=\"284\">20mm<\/td>\n<\/tr>\n<tr>\n<td width=\"284\">Temp\u00e9rature de fonctionnement<\/td>\n<td width=\"284\">5\uff5e45\u2103<\/td>\n<\/tr>\n<tr>\n<td width=\"284\">Protection contre la surchauffe<\/td>\n<td width=\"284\">50\u2103<\/td>\n<\/tr>\n<tr>\n<td width=\"284\">Niveau d&rsquo;eau<\/td>\n<td width=\"284\">40mm-80mm<\/p>\n<p>Niveau optimal : 65mm<\/td>\n<\/tr>\n<tr>\n<td width=\"284\">Tension de service<\/td>\n<td width=\"284\">48V CC<\/td>\n<\/tr>\n<tr>\n<td width=\"284\">Puissance :<\/td>\n<td width=\"284\">350W<\/td>\n<\/tr>\n<tr>\n<td width=\"284\">Courant<\/td>\n<td width=\"284\">4.6-5A<\/td>\n<\/tr>\n<tr>\n<td width=\"284\">Mat\u00e9riau<\/td>\n<td width=\"284\">Acier inoxydable<\/td>\n<\/tr>\n<tr>\n<td width=\"284\">C\u00e2ble<\/td>\n<td width=\"284\">Longueur 1.4m<\/td>\n<\/tr>\n<tr>\n<td width=\"284\">Tension d&rsquo;alimentation<\/td>\n<td width=\"284\">220v\/50hz\u00a0 230v\/50hz<\/p>\n<p>120v\/60hz\u00a0\u00a0 110v\/60hz<\/td>\n<\/tr>\n<\/tbody>\n<\/table>\n<h3>Fonctions principales<\/h3>\n<ul>\n<li>La t\u00eate de pulv\u00e9risation de l&rsquo;atomiseur est \u00e9tanche et poss\u00e8de de bonnes performances de dissipation thermique.<\/li>\n<li>Le circuit pr\u00e9sente un courant et une pression stables, avec protection contre la surchauffe, protection contre le manque d&rsquo;eau et traitement de r\u00e9duction du bruit.<\/li>\n<li>Conception silencieuse du produit, brouillard \u00e0 haute humidit\u00e9, haute performance.<\/li>\n<li>Conception enti\u00e8rement ferm\u00e9e avec une fonction \u00e9lev\u00e9e d&rsquo;\u00e9tanch\u00e9it\u00e9 \u00e0 l&rsquo;eau et \u00e0 la poussi\u00e8re, tr\u00e8s pratique pour les v\u00e9rifications avant la production de l&rsquo;humidificateur.<\/li>\n<li>L&rsquo;interrupteur de protection thermique int\u00e9gr\u00e9 est configur\u00e9 pour un fonctionnement s\u00fbr et fiable. Structure robuste et installation pratique.<\/li>\n<li>Conception anti-calcaire, permettant aux utilisateurs de remplacer facilement la c\u00e9ramique pi\u00e9zo\u00e9lectrique d&rsquo;atomisation.<\/li>\n<li>Bo\u00eetier enti\u00e8rement en acier inoxydable, nickel\u00e9 et cadmium, bonne dissipation thermique.<\/li>\n<li>Fonction de protection int\u00e9gr\u00e9e contre le manque d&rsquo;eau.<\/li>\n<li>Applicable \u00e0 l&rsquo;humidification industrielle, \u00e0 l&rsquo;agriculture, au brouillard paysager, etc.<\/li>\n<\/ul>\n<h3>FAQ<\/h3>\n<p><strong>1. Peut-on r\u00e9gler le d\u00e9bit d&rsquo;atomisation ?<\/strong><\/p>\n<p>Non, il ne peut \u00eatre modifi\u00e9 que par le niveau d&rsquo;eau.<\/p>\n<p><strong>2. Peut-on d\u00e9sactiver la LED (si pr\u00e9sente) ?<\/strong><\/p>\n<p>Non. Il est pr\u00e9f\u00e9rable de choisir un atomiseur \u00e0 ultrasons sans LED pour un usage en int\u00e9rieur.<\/p>\n<p><strong>3. Y a-t-il du bruit ?<\/strong><\/p>\n<p>Non. La plupart des <a href=\"https:\/\/www.bjultrasonic.com\/fr\/category\/ultrasonic-atomizer-fr\/\">humidificateurs \u00e0 ultrasons<\/a> ont tendance \u00e0 fonctionner plus silencieusement que d&rsquo;autres mod\u00e8les. C&rsquo;est parce qu&rsquo;ils n&rsquo;ont pas de ventilateur, contrairement aux humidificateurs \u00e0 \u00e9vaporation. Cela maintient un faible niveau sonore.<\/p>\n<p><strong>4. Y a-t-il un risque de fuite \u00e9lectrique ?<\/strong><\/p>\n<p>Le principe de l&rsquo;atomiseur \u00e0 ultrasons est que les vibrations ultrasonores g\u00e9n\u00e8rent du brouillard. Ne touchez pas l&rsquo;atomiseur avec la main lorsqu&rsquo;il fonctionne, vous pourriez ressentir une sensation de picotement, mais ce n&rsquo;est pas de l&rsquo;\u00e9lectricit\u00e9.<\/p>\n<h3>Consid\u00e9rations g\u00e9n\u00e9rales<\/h3>\n<ol>\n<li>Veuillez ne pas retourner l&rsquo;atomiseur apr\u00e8s avoir mis l&rsquo;appareil sous tension, cela l&rsquo;endommagerait.<\/li>\n<li>Veuillez ne pas l&rsquo;utiliser pendant une longue dur\u00e9e ou plus de 10 heures d&rsquo;affil\u00e9e.<\/li>\n<li>Ne touchez pas la plaque d&rsquo;atomisation lorsque l&rsquo;atomiseur fonctionne.<\/li>\n<li>Assurez la qualit\u00e9 de l&rsquo;eau. Veuillez utiliser de l&rsquo;eau du robinet propre. (Une d\u00e9t\u00e9rioration de la qualit\u00e9 de l&rsquo;eau affectera la dur\u00e9e de vie)<\/li>\n<li>Veuillez couper l&rsquo;alimentation avant de d\u00e9placer ou de r\u00e9parer l&rsquo;appareil.<\/li>\n<li>Les <a href=\"https:\/\/www.bjultrasonic.com\/fr\/category\/piezoelectric-ceramic-fr\/\">c\u00e9ramiques pi\u00e9zo\u00e9lectriques<\/a> atomis\u00e9es sont des consommables dont la dur\u00e9e de vie est sup\u00e9rieure \u00e0 3600 heures. Si la capacit\u00e9 de production de brouillard de l&rsquo;atomiseur diminue significativement, veuillez nettoyer la c\u00e9ramique pi\u00e9zo\u00e9lectrique atomis\u00e9e (sans aucun d\u00e9tergent) avec un coton-tige pour la garder propre. Si le d\u00e9bit d&rsquo;atomisation reste faible apr\u00e8s nettoyage, veuillez remplacer la c\u00e9ramique d&rsquo;atomisation. (il est conseill\u00e9 d&rsquo;en acheter une en m\u00eame temps)<\/li>\n<\/ol>\n<p><img loading=\"lazy\" decoding=\"async\" src=\"https:\/\/www.bjultrasonic.com\/wp-content\/uploads\/2018\/08\/Ultrasonic-Humidifier-with-LED.jpg\" alt=\"Ultrasonic-Humidifier-with-LED\" width=\"670\" height=\"925\" \/><\/p>\n","protected":false},"excerpt":{"rendered":"<p><a href=\"https:\/\/www.bjultrasonic.com\/fr\/category\/ultrasonic-atomizer-fr\/\">Humidificateur \u00e0 ultrasons<\/a> utilise l&rsquo;\u00e9nergie ultrasonique pour transformer les liquides en particules semblables \u00e0 des nuages. Le humidificateur \u00e0 ultrasons est \u00e9galement appel\u00e9 <a href=\"https:\/\/www.bjultrasonic.com\/fr\/shop\/ultrasonic-atomizing-transducer\/\">atomiseur \u00e0 ultrasons<\/a>, g\u00e9n\u00e9rateur de brume \u00e0 ultrasons, brumisateur \u00e0 ultrasons.<\/p>\n","protected":false},"featured_media":19530,"comment_status":"open","ping_status":"closed","template":"","meta":[],"product_brand":[],"product_cat":[6193],"product_tag":[],"class_list":{"0":"post-68830","1":"product","2":"type-product","3":"status-publish","4":"has-post-thumbnail","6":"product_cat-ultrasonic-atomizer-fr","8":"first","9":"instock","10":"shipping-taxable","11":"purchasable","12":"product-type-simple","13":"prodpage-classic"},"aioseo_notices":[],"_links":{"self":[{"href":"https:\/\/www.bjultrasonic.com\/fr\/wp-json\/wp\/v2\/product\/68830","targetHints":{"allow":["GET"]}}],"collection":[{"href":"https:\/\/www.bjultrasonic.com\/fr\/wp-json\/wp\/v2\/product"}],"about":[{"href":"https:\/\/www.bjultrasonic.com\/fr\/wp-json\/wp\/v2\/types\/product"}],"replies":[{"embeddable":true,"href":"https:\/\/www.bjultrasonic.com\/fr\/wp-json\/wp\/v2\/comments?post=68830"}],"wp:featuredmedia":[{"embeddable":true,"href":"https:\/\/www.bjultrasonic.com\/fr\/wp-json\/wp\/v2\/media\/19530"}],"wp:attachment":[{"href":"https:\/\/www.bjultrasonic.com\/fr\/wp-json\/wp\/v2\/media?parent=68830"}],"wp:term":[{"taxonomy":"product_brand","embeddable":true,"href":"https:\/\/www.bjultrasonic.com\/fr\/wp-json\/wp\/v2\/product_brand?post=68830"},{"taxonomy":"product_cat","embeddable":true,"href":"https:\/\/www.bjultrasonic.com\/fr\/wp-json\/wp\/v2\/product_cat?post=68830"},{"taxonomy":"product_tag","embeddable":true,"href":"https:\/\/www.bjultrasonic.com\/fr\/wp-json\/wp\/v2\/product_tag?post=68830"}],"curies":[{"name":"wp","href":"https:\/\/api.w.org\/{rel}","templated":true}]}}