{"id":69010,"date":"2013-02-17T23:02:58","date_gmt":"2013-02-18T04:02:58","guid":{"rendered":"https:\/\/www.bjultrasonic.com\/shop\/biologics-ultrasonic-homogenizer-bjed-20150\/"},"modified":"2026-03-28T20:24:26","modified_gmt":"2026-03-29T01:24:26","slug":"biologics-ultrasonic-homogenizer-bjed-20150","status":"publish","type":"product","link":"https:\/\/www.bjultrasonic.com\/fr\/shop\/biologics-ultrasonic-homogenizer-bjed-20150\/","title":{"rendered":"Homog\u00e9n\u00e9isateur de Cellules \u00e0 Ultrasons BJED-20150"},"content":{"rendered":"<table class=\"table table-striped table-bordered\" border=\"0\" cellspacing=\"0\" cellpadding=\"0\">\n<tbody>\n<tr>\n<td valign=\"top\" width=\"158\">TYPE<\/td>\n<td valign=\"top\" width=\"145\">Fr\u00e9quence (Khz)<\/td>\n<td valign=\"top\" width=\"136\">Puissance (W)<\/td>\n<td valign=\"top\" width=\"130\">Prix de d\u00e9tail (USD)<\/td>\n<\/tr>\n<tr>\n<td valign=\"top\" width=\"158\">BJED-20150<\/td>\n<td valign=\"top\" width=\"145\">20<\/td>\n<td valign=\"top\" width=\"136\">150<\/td>\n<td valign=\"top\" width=\"130\">$1750<\/td>\n<\/tr>\n<\/tbody>\n<\/table>\n<p>Pour la personnalisation et la production OEM de l&rsquo;homog\u00e9n\u00e9isateur ultrasonique Biologics, rendez-vous sur<\/p>\n<blockquote class=\"wp-embedded-content\" data-secret=\"ks5FNCHkjr\"><p><a href=\"https:\/\/www.bjultrasonic.com\/ms\/shop\/ultrasonic-cell-disruptor\/\">Ultrasonic Cell Disruptors &#038; Homogenizers<\/a><\/p><\/blockquote>\n<p><iframe loading=\"lazy\" class=\"wp-embedded-content\" sandbox=\"allow-scripts\" security=\"restricted\" style=\"position: absolute; visibility: hidden;\" title=\"&#8220;Ultrasonic Cell Disruptors &#038; Homogenizers&#8221; &#8212; Beijing Ultrasonic\" src=\"https:\/\/www.bjultrasonic.com\/ms\/shop\/ultrasonic-cell-disruptor\/embed\/#?secret=zePSVUk1lX#?secret=ks5FNCHkjr\" data-secret=\"ks5FNCHkjr\" width=\"500\" height=\"282\" frameborder=\"0\" marginwidth=\"0\" marginheight=\"0\" scrolling=\"no\"><\/iframe><\/p>\n<p><strong>Application typique de l&rsquo;homog\u00e9n\u00e9isateur ultrasonique Biologics<\/strong><\/p>\n<ul>\n<li>Utilis\u00e9 pour la rupture de nombreux types de cellules animales et v\u00e9g\u00e9tales, ainsi que de cellules virales.<\/li>\n<li>\u00c9mulsification, s\u00e9paration, fusion, extraction, mac\u00e9ration, lavage et acc\u00e9l\u00e9ration des r\u00e9actions chimiques, etc.<\/li>\n<li>Largement utilis\u00e9 dans des domaines tels que la biochimie, la microbiologie, la chimie m\u00e9dicale, la chimie de surface, la physique, la zoologie, etc.<\/li>\n<\/ul>\n<p><iframe loading=\"lazy\" title=\"Ultrasonic Liquid Processor Systems Manufacturers &amp; Suppliers\" width=\"500\" height=\"281\" src=\"https:\/\/www.youtube.com\/embed\/D4drd2L5wrk?feature=oembed\" frameborder=\"0\" allow=\"accelerometer; autoplay; clipboard-write; encrypted-media; gyroscope; picture-in-picture; web-share\" referrerpolicy=\"strict-origin-when-cross-origin\" allowfullscreen><\/iframe><\/p>\n<p><iframe loading=\"lazy\" title=\"Ultrasonic Processor | Biologics Ultrasonic Homogenizer\" width=\"500\" height=\"375\" src=\"https:\/\/www.youtube.com\/embed\/T0snVNfFYIs?feature=oembed\" frameborder=\"0\" allow=\"accelerometer; autoplay; clipboard-write; encrypted-media; gyroscope; picture-in-picture; web-share\" referrerpolicy=\"strict-origin-when-cross-origin\" allowfullscreen><\/iframe><\/p>\n<p>&nbsp;<\/p>\n","protected":false},"excerpt":{"rendered":"<p>Les <a href=\"https:\/\/www.bjultrasonic.com\/fr\/category\/ultrasonic-processors-fr\/cell-fr\/\">disrupteurs cellulaires \u00e0 ultrasons<\/a> am\u00e9liorent l&rsquo;uniformit\u00e9 et la stabilit\u00e9 globales des m\u00e9langes en r\u00e9duisant la taille des particules dans les liquides. Les disrupteurs cellulaires \u00e0 ultrasons sont efficaces pour le cisaillement de l&rsquo;ADN\/ARN, l&rsquo;homog\u00e9n\u00e9isation, la lyse cellulaire, la dispersion de nanoparticules, l&rsquo;extraction de prot\u00e9ines et la pr\u00e9paration g\u00e9n\u00e9rale d&rsquo;\u00e9chantillons.<\/p>\n","protected":false},"featured_media":5355,"comment_status":"open","ping_status":"closed","template":"","meta":[],"product_brand":[],"product_cat":[6305,6246],"product_tag":[],"class_list":{"0":"post-69010","1":"product","2":"type-product","3":"status-publish","4":"has-post-thumbnail","6":"product_cat-cell-fr","7":"product_cat-ultrasonic-processors-fr","9":"first","10":"instock","11":"shipping-taxable","12":"purchasable","13":"product-type-simple","14":"prodpage-classic"},"aioseo_notices":[],"_links":{"self":[{"href":"https:\/\/www.bjultrasonic.com\/fr\/wp-json\/wp\/v2\/product\/69010","targetHints":{"allow":["GET"]}}],"collection":[{"href":"https:\/\/www.bjultrasonic.com\/fr\/wp-json\/wp\/v2\/product"}],"about":[{"href":"https:\/\/www.bjultrasonic.com\/fr\/wp-json\/wp\/v2\/types\/product"}],"replies":[{"embeddable":true,"href":"https:\/\/www.bjultrasonic.com\/fr\/wp-json\/wp\/v2\/comments?post=69010"}],"wp:featuredmedia":[{"embeddable":true,"href":"https:\/\/www.bjultrasonic.com\/fr\/wp-json\/wp\/v2\/media\/5355"}],"wp:attachment":[{"href":"https:\/\/www.bjultrasonic.com\/fr\/wp-json\/wp\/v2\/media?parent=69010"}],"wp:term":[{"taxonomy":"product_brand","embeddable":true,"href":"https:\/\/www.bjultrasonic.com\/fr\/wp-json\/wp\/v2\/product_brand?post=69010"},{"taxonomy":"product_cat","embeddable":true,"href":"https:\/\/www.bjultrasonic.com\/fr\/wp-json\/wp\/v2\/product_cat?post=69010"},{"taxonomy":"product_tag","embeddable":true,"href":"https:\/\/www.bjultrasonic.com\/fr\/wp-json\/wp\/v2\/product_tag?post=69010"}],"curies":[{"name":"wp","href":"https:\/\/api.w.org\/{rel}","templated":true}]}}