{"id":69150,"date":"2013-02-16T03:03:46","date_gmt":"2013-02-16T08:03:46","guid":{"rendered":"https:\/\/www.bjultrasonic.com\/shop\/ultrasonic-biodiesel-reactor-bjr-1000\/"},"modified":"2026-03-28T20:23:05","modified_gmt":"2026-03-29T01:23:05","slug":"ultrasonic-biodiesel-reactor-bjr-1000","status":"publish","type":"product","link":"https:\/\/www.bjultrasonic.com\/fr\/shop\/ultrasonic-biodiesel-reactor-bjr-1000\/","title":{"rendered":"R\u00e9acteur \u00e0 biodiesel ultrasonique BJR-1000"},"content":{"rendered":"<p>Pour la personnalisation des r\u00e9acteurs ultrasoniques et la production OEM, visitez<\/p>\n<blockquote class=\"wp-embedded-content\" data-secret=\"5BxDLtqaz4\"><p><a href=\"https:\/\/www.bjultrasonic.com\/shop\/ultrasonic-biodiesel-reactor\/\">Ultrasonic Biodiesel Reactor<\/a><\/p><\/blockquote>\n<p><iframe loading=\"lazy\" class=\"wp-embedded-content\" sandbox=\"allow-scripts\" security=\"restricted\" style=\"position: absolute; visibility: hidden;\" title=\"&#8220;Ultrasonic Biodiesel Reactor&#8221; &#8212; Beijing Ultrasonic\" src=\"https:\/\/www.bjultrasonic.com\/shop\/ultrasonic-biodiesel-reactor\/embed\/#?secret=lirYeEnD3k#?secret=5BxDLtqaz4\" data-secret=\"5BxDLtqaz4\" width=\"500\" height=\"282\" frameborder=\"0\" marginwidth=\"0\" marginheight=\"0\" scrolling=\"no\"><\/iframe><\/p>\n<p>Le prix de d\u00e9tail du <strong>R\u00e9acteur \u00e0 Biodiesel Ultrasonique BJR-1000<\/strong> comprend le <strong>R\u00e9acteur Ultrasonique<\/strong> et le <strong>G\u00e9n\u00e9rateur Ultrasonique Num\u00e9rique.<\/strong><\/p>\n<table class=\"table table-striped table-bordered\" border=\"0\" cellspacing=\"0\" cellpadding=\"0\">\n<tbody>\n<tr>\n<td valign=\"top\" width=\"82\">Type<\/td>\n<td valign=\"top\" width=\"81\">Fr\u00e9quence<br \/>\n(KHz)<\/td>\n<td valign=\"top\" width=\"60\">Puissance<\/td>\n<td valign=\"top\" width=\"60\">Diam\u00e8tre<br \/>\n(mm)<\/td>\n<td valign=\"top\" width=\"63\">Longueur<br \/>\n(mm)<\/td>\n<td valign=\"top\" width=\"90\">Capacit\u00e9 Statique (pF\u00b110%)<\/td>\n<\/tr>\n<tr>\n<td valign=\"top\" width=\"82\">BJR-1000<\/td>\n<td valign=\"top\" width=\"81\">27<\/td>\n<td valign=\"top\" width=\"68\">1000<\/td>\n<td valign=\"top\" width=\"90\">\u03a673<\/td>\n<td valign=\"top\" width=\"63\">458<\/td>\n<td valign=\"top\" width=\"80\">68000<\/td>\n<\/tr>\n<\/tbody>\n<\/table>\n<p><img loading=\"lazy\" decoding=\"async\" class=\"alignnone size-full wp-image-5340\" alt=\"R\u00e9acteur Ultrasonique et G\u00e9n\u00e9rateur Ultrasonique Num\u00e9rique\" src=\"\/\/www.bjultrasonic.com\/wp-content\/uploads\/2013\/02\/Ultrasonic-Reactor-and-Digital-Ultrasonic-Generator.jpg\" width=\"600\" height=\"400\" \/><\/p>\n<p>Le r\u00e9acteur \u00e0 biodiesel ultrasonique produit du biodiesel dans les d\u00e9lais les plus courts et de la mani\u00e8re la plus efficace. Les ondes ultrasoniques agissent sur les ingr\u00e9dients m\u00e9lang\u00e9s, provoquant la production et l&rsquo;implosion de nombreuses bulles minuscules. Ce ph\u00e9nom\u00e8ne est appel\u00e9 cavitation. La cavitation m\u00e9lange et chauffe le m\u00e9lange simultan\u00e9ment. Ces deux processus entra\u00eenent la transest\u00e9rification. Parce qu&rsquo;un r\u00e9acteur \u00e0 biodiesel ultrasonique m\u00e9lange et chauffe le m\u00e9lange en m\u00eame temps, le temps n\u00e9cessaire pour produire du biodiesel est consid\u00e9rablement r\u00e9duit. Ainsi, au lieu de traiter les m\u00e9langes par lots, ce qui prend beaucoup de temps, les m\u00e9langes sont trait\u00e9s par transest\u00e9rification en ligne.<\/p>\n<p><iframe loading=\"lazy\" title=\"Ultrasonic Reactor for Biodiesel Production - Beijing Ultrasonic\" width=\"500\" height=\"281\" src=\"https:\/\/www.youtube.com\/embed\/hE7vesbbphk?feature=oembed\" frameborder=\"0\" allow=\"accelerometer; autoplay; clipboard-write; encrypted-media; gyroscope; picture-in-picture; web-share\" referrerpolicy=\"strict-origin-when-cross-origin\" allowfullscreen><\/iframe><\/p>\n","protected":false},"excerpt":{"rendered":"<p><a href=\"https:\/\/www.bjultrasonic.com\/fr\/category\/ultrasonic-processors-fr\/\">Processeurs ultrasoniques<\/a> pour la production de biodiesel. <a href=\"https:\/\/www.bjultrasonic.com\/fr\/category\/ultrasonic-processors-fr\/biodiesel-fr\/\">R\u00e9acteur \u00e0 biodiesel ultrasonique<\/a> produit du biodiesel dans les d\u00e9lais les plus rapides et de la mani\u00e8re la plus efficace.<\/p>\n","protected":false},"featured_media":5341,"comment_status":"open","ping_status":"closed","template":"","meta":[],"product_brand":[],"product_cat":[6246,6263],"product_tag":[],"class_list":{"0":"post-69150","1":"product","2":"type-product","3":"status-publish","4":"has-post-thumbnail","6":"product_cat-ultrasonic-processors-fr","7":"product_cat-biodiesel-fr","9":"first","10":"instock","11":"shipping-taxable","12":"purchasable","13":"product-type-simple","14":"prodpage-classic"},"aioseo_notices":[],"_links":{"self":[{"href":"https:\/\/www.bjultrasonic.com\/fr\/wp-json\/wp\/v2\/product\/69150","targetHints":{"allow":["GET"]}}],"collection":[{"href":"https:\/\/www.bjultrasonic.com\/fr\/wp-json\/wp\/v2\/product"}],"about":[{"href":"https:\/\/www.bjultrasonic.com\/fr\/wp-json\/wp\/v2\/types\/product"}],"replies":[{"embeddable":true,"href":"https:\/\/www.bjultrasonic.com\/fr\/wp-json\/wp\/v2\/comments?post=69150"}],"wp:featuredmedia":[{"embeddable":true,"href":"https:\/\/www.bjultrasonic.com\/fr\/wp-json\/wp\/v2\/media\/5341"}],"wp:attachment":[{"href":"https:\/\/www.bjultrasonic.com\/fr\/wp-json\/wp\/v2\/media?parent=69150"}],"wp:term":[{"taxonomy":"product_brand","embeddable":true,"href":"https:\/\/www.bjultrasonic.com\/fr\/wp-json\/wp\/v2\/product_brand?post=69150"},{"taxonomy":"product_cat","embeddable":true,"href":"https:\/\/www.bjultrasonic.com\/fr\/wp-json\/wp\/v2\/product_cat?post=69150"},{"taxonomy":"product_tag","embeddable":true,"href":"https:\/\/www.bjultrasonic.com\/fr\/wp-json\/wp\/v2\/product_tag?post=69150"}],"curies":[{"name":"wp","href":"https:\/\/api.w.org\/{rel}","templated":true}]}}