{"id":69310,"date":"2013-01-08T12:48:37","date_gmt":"2013-01-08T17:48:37","guid":{"rendered":"https:\/\/www.bjultrasonic.com\/shop\/power-adjustable-ultrasonic-cleaner-10l\/"},"modified":"2026-03-28T20:21:41","modified_gmt":"2026-03-29T01:21:41","slug":"power-adjustable-ultrasonic-cleaner-10l","status":"publish","type":"product","link":"https:\/\/www.bjultrasonic.com\/fr\/shop\/power-adjustable-ultrasonic-cleaner-10l\/","title":{"rendered":"Nettoyeur \u00e0 ultrasons num\u00e9rique r\u00e9glable en puissance de 10L"},"content":{"rendered":"<table class=\"table table-striped table-bordered\">\n<tbody>\n<tr>\n<td width=\"284\">\n<p>Type<\/p>\n<\/td>\n<td width=\"284\">\n<p>BJUCDPTH10<\/p>\n<\/td>\n<\/tr>\n<tr>\n<td width=\"284\">\n<p>Capacit\u00e9 du r\u00e9servoir<\/p>\n<\/td>\n<td width=\"284\">\n<p>10L<\/p>\n<\/td>\n<\/tr>\n<tr>\n<td width=\"284\">\n<p>Puissance ultrasonique<\/p>\n<\/td>\n<td width=\"284\">\n<p>240W<\/p>\n<\/td>\n<\/tr>\n<tr>\n<td width=\"284\">\n<p>Puissance de chauffage<\/p>\n<\/td>\n<td width=\"284\">\n<p>500W<\/p>\n<\/td>\n<\/tr>\n<tr>\n<td width=\"284\">\n<p>Fr\u00e9quence<\/p>\n<\/td>\n<td width=\"284\">\n<p>40KHZ\/28KHZ<\/p>\n<\/td>\n<\/tr>\n<tr>\n<td width=\"284\">\n<p>Minuterie<\/p>\n<\/td>\n<td width=\"284\">\n<p>0-30 min<\/p>\n<\/td>\n<\/tr>\n<tr>\n<td width=\"284\">\n<p>Temp\u00e9rature<\/p>\n<\/td>\n<td width=\"284\">\n<p>&lt; 80 Degr\u00e9s C<\/p>\n<\/td>\n<\/tr>\n<tr>\n<td width=\"284\">\n<p>Dimensions du r\u00e9servoir<\/p>\n<\/td>\n<td width=\"284\">\n<p>300*240*150 mm L*l*H<\/p>\n<\/td>\n<\/tr>\n<tr>\n<td width=\"284\">\n<p>Dimensions de la machine<\/p>\n<\/td>\n<td width=\"284\">\n<p>400*300*330 mm L*l*H<\/p>\n<\/td>\n<\/tr>\n<tr>\n<td width=\"284\">\n<p>Drainage<\/p>\n<\/td>\n<td width=\"284\">\n<p>Oui<\/p>\n<\/td>\n<\/tr>\n<tr>\n<td width=\"284\">\n<p>Couvercle<\/p>\n<\/td>\n<td width=\"284\">\n<p>Oui<\/p>\n<\/td>\n<\/tr>\n<tr>\n<td width=\"284\">\n<p>Poids unitaire<\/p>\n<\/td>\n<td width=\"284\">\n<p>13kg<\/p>\n<\/td>\n<\/tr>\n<\/tbody>\n<\/table>\n<h3>Fonctions<\/h3>\n<ul>\n<li>Minuterie : r\u00e9glage de 1 \u00e0 30 min.<\/li>\n<li>Temp\u00e9rature : r\u00e9glable de 20 \u00e0 80\u2103 ;<\/li>\n<li>Temps : temp\u00e9rature et puissance r\u00e9glables<\/li>\n<li>Panneau d&rsquo;affichage : affiche le temps de travail et la temp\u00e9rature.<\/li>\n<li>Mat\u00e9riau : le r\u00e9servoir et la machine sont en acier inoxydable.<\/li>\n<li>Avantages du produit : r\u00e9servoir de nettoyage par emboutissage, soudure sans d\u00e9faut.<\/li>\n<li>Qualit\u00e9 des composants : utilisation de <a href=\"https:\/\/www.bjultrasonic.com\/fr\/category\/ultrasonic-transducer-fr\/\">transducteurs ultrasoniques<\/a> de haute qualit\u00e9. Puissance \u00e9lev\u00e9e.<\/li>\n<li>Haute qualit\u00e9 du processus de collage. Le transducteur ultrasonique est coll\u00e9 \u00e0 l&rsquo;aide de colle \u00e9poxy.<\/li>\n<li>Syst\u00e8me de drainage : les mod\u00e8les de 6 litres et plus sont \u00e9quip\u00e9s d&rsquo;un robinet \u00e0 boisseau sph\u00e9rique de drainage.<\/li>\n<li>Syst\u00e8me de refroidissement : les mod\u00e8les de 10L ou plus sont \u00e9quip\u00e9s d&rsquo;un ventilateur de refroidissement haute efficacit\u00e9.<\/li>\n<\/ul>\n<p><img loading=\"lazy\" decoding=\"async\" class=\"alignnone size-full wp-image-19933\" src=\"https:\/\/www.bjultrasonic.com\/wp-content\/uploads\/2013\/01\/Power-Adjustable-Ultrasonic-Cleaner-Package-1.jpg\" alt=\"Power Adjustable Ultrasonic Cleaner Package\" width=\"742\" height=\"318\" \/><\/p>\n","protected":false},"excerpt":{"rendered":"<p><a href=\"https:\/\/www.bjultrasonic.com\/fr\/category\/ultrasonic-cleaning-system-fr\/power-adjustable-ultrasonic-cleaner-fr\/\">Nettoyeur ultrasonique \u00e0 puissance r\u00e9glable<\/a> avec puissance, minuterie et temp\u00e9rature ajustables du fabricant et fournisseur de <a href=\"https:\/\/www.bjultrasonic.com\/fr\/category\/ultrasonic-cleaning-system-fr\/\">machine de nettoyage ultrasonique<\/a> Beijing Ultrasonic.<\/p>\n","protected":false},"featured_media":19880,"comment_status":"open","ping_status":"closed","template":"","meta":[],"product_brand":[],"product_cat":[6017],"product_tag":[],"class_list":{"0":"post-69310","1":"product","2":"type-product","3":"status-publish","4":"has-post-thumbnail","6":"product_cat-power-adjustable-ultrasonic-cleaner-fr","8":"first","9":"instock","10":"shipping-taxable","11":"purchasable","12":"product-type-simple","13":"prodpage-classic"},"aioseo_notices":[],"_links":{"self":[{"href":"https:\/\/www.bjultrasonic.com\/fr\/wp-json\/wp\/v2\/product\/69310","targetHints":{"allow":["GET"]}}],"collection":[{"href":"https:\/\/www.bjultrasonic.com\/fr\/wp-json\/wp\/v2\/product"}],"about":[{"href":"https:\/\/www.bjultrasonic.com\/fr\/wp-json\/wp\/v2\/types\/product"}],"replies":[{"embeddable":true,"href":"https:\/\/www.bjultrasonic.com\/fr\/wp-json\/wp\/v2\/comments?post=69310"}],"wp:featuredmedia":[{"embeddable":true,"href":"https:\/\/www.bjultrasonic.com\/fr\/wp-json\/wp\/v2\/media\/19880"}],"wp:attachment":[{"href":"https:\/\/www.bjultrasonic.com\/fr\/wp-json\/wp\/v2\/media?parent=69310"}],"wp:term":[{"taxonomy":"product_brand","embeddable":true,"href":"https:\/\/www.bjultrasonic.com\/fr\/wp-json\/wp\/v2\/product_brand?post=69310"},{"taxonomy":"product_cat","embeddable":true,"href":"https:\/\/www.bjultrasonic.com\/fr\/wp-json\/wp\/v2\/product_cat?post=69310"},{"taxonomy":"product_tag","embeddable":true,"href":"https:\/\/www.bjultrasonic.com\/fr\/wp-json\/wp\/v2\/product_tag?post=69310"}],"curies":[{"name":"wp","href":"https:\/\/api.w.org\/{rel}","templated":true}]}}