{"id":69770,"date":"2012-08-06T10:13:16","date_gmt":"2012-08-06T15:13:16","guid":{"rendered":"https:\/\/www.bjultrasonic.com\/shop\/ultrasonic-biodiesel-reactor\/"},"modified":"2026-03-28T20:17:05","modified_gmt":"2026-03-29T01:17:05","slug":"ultrasonic-biodiesel-reactor","status":"publish","type":"product","link":"https:\/\/www.bjultrasonic.com\/fr\/shop\/ultrasonic-biodiesel-reactor\/","title":{"rendered":"R\u00e9acteur \u00e0 Biodiesel Ultrasonique"},"content":{"rendered":"<table class=\"table table-striped table-bordered\" border=\"0\" cellspacing=\"0\" cellpadding=\"0\">\n<tbody>\n<tr>\n<td valign=\"top\" width=\"82\">Type<\/td>\n<td valign=\"top\" width=\"81\">Fr\u00e9quence<br \/>\n(KHz)<\/td>\n<td valign=\"top\" width=\"60\">Puissance<\/td>\n<td valign=\"top\" width=\"60\">Diam\u00e8tre<br \/>\n(mm)<\/td>\n<td valign=\"top\" width=\"63\">Longueur<br \/>\n(mm)<\/td>\n<td valign=\"top\" width=\"90\">Capacit\u00e9 Statique (pF\u00b110%)<\/td>\n<\/tr>\n<tr>\n<td valign=\"top\" width=\"82\"><a href=\"https:\/\/www.bjultrasonic.com\/fr\/shop\/ultrasonic-biodiesel-reactor-bjr-500\/\">BJR-500<\/a><\/td>\n<td valign=\"top\" width=\"81\">27<\/td>\n<td valign=\"top\" width=\"68\">500<\/td>\n<td valign=\"top\" width=\"90\">\u03a673<\/td>\n<td valign=\"top\" width=\"63\">323<\/td>\n<td valign=\"top\" width=\"80\">68000<\/td>\n<\/tr>\n<tr>\n<td valign=\"top\" width=\"82\"><a href=\"https:\/\/www.bjultrasonic.com\/fr\/shop\/ultrasonic-biodiesel-reactor-bjr-1000\/\">BJR-1000<\/a><\/td>\n<td valign=\"top\" width=\"81\">27<\/td>\n<td valign=\"top\" width=\"68\">1000<\/td>\n<td valign=\"top\" width=\"90\">\u03a673<\/td>\n<td valign=\"top\" width=\"63\">458<\/td>\n<td valign=\"top\" width=\"80\">68000<\/td>\n<\/tr>\n<tr>\n<td valign=\"top\" width=\"82\"><a href=\"https:\/\/www.bjultrasonic.com\/fr\/shop\/ultrasonic-biodiesel-reactor-bjr-1100\/\">BJR-1100<\/a><\/td>\n<td valign=\"top\" width=\"81\">27<\/td>\n<td valign=\"top\" width=\"68\">1100<\/td>\n<td valign=\"top\" width=\"90\">\u03a673<\/td>\n<td valign=\"top\" width=\"63\">624<\/td>\n<td valign=\"top\" width=\"80\">68000<\/td>\n<\/tr>\n<tr>\n<td valign=\"top\" width=\"82\"><a href=\"https:\/\/www.bjultrasonic.com\/fr\/shop\/ultrasonic-biodiesel-reactor-bjr-1200\/\">BJR-1200<\/a><\/td>\n<td valign=\"top\" width=\"81\">27<\/td>\n<td valign=\"top\" width=\"68\">1200<\/td>\n<td valign=\"top\" width=\"90\">\u03a673<\/td>\n<td valign=\"top\" width=\"63\">790<\/td>\n<td valign=\"top\" width=\"80\">68000<\/td>\n<\/tr>\n<tr>\n<td valign=\"top\" width=\"82\"><a href=\"https:\/\/www.bjultrasonic.com\/fr\/shop\/ultrasonic-biodiesel-reactor-bjr-1300\/\">BJR-1300<\/a><\/td>\n<td valign=\"top\" width=\"81\">27<\/td>\n<td valign=\"top\" width=\"68\">1300<\/td>\n<td valign=\"top\" width=\"90\">\u03a673<\/td>\n<td valign=\"top\" width=\"63\">957<\/td>\n<td valign=\"top\" width=\"80\">68000<\/td>\n<\/tr>\n<tr>\n<td valign=\"top\" width=\"82\"><a href=\"https:\/\/www.bjultrasonic.com\/fr\/shop\/ultrasonic-biodiesel-reactor-bjr-1500\/\">BJR-1500<\/a><\/td>\n<td valign=\"top\" width=\"81\">27<\/td>\n<td valign=\"top\" width=\"68\">1500<\/td>\n<td valign=\"top\" width=\"90\">\u03a673<\/td>\n<td valign=\"top\" width=\"63\">1123<\/td>\n<td valign=\"top\" width=\"80\">68000<\/td>\n<\/tr>\n<tr>\n<td valign=\"top\" width=\"82\"><a href=\"https:\/\/www.bjultrasonic.com\/fr\/shop\/ultrasonic-biodiesel-reactor-bjr-2000\/\">BJR-2000<\/a><\/td>\n<td valign=\"top\" width=\"81\">27<\/td>\n<td valign=\"top\" width=\"68\">2000<\/td>\n<td valign=\"top\" width=\"90\">\u03a673<\/td>\n<td valign=\"top\" width=\"63\">910<\/td>\n<td valign=\"top\" width=\"80\">132000<\/td>\n<\/tr>\n<\/tbody>\n<\/table>\n<h3>Pourquoi les Meilleurs Kits de Traitement du Biodiesel Utilisent un R\u00e9acteur \u00e0 Biodiesel Ultrasonique<\/h3>\n<p>L&rsquo;int\u00e9r\u00eat pour les kits de processeurs de biodiesel a consid\u00e9rablement augment\u00e9 ces derni\u00e8res ann\u00e9es. Pouvoir produire son propre biodiesel est un grand avantage, surtout de nos jours o\u00f9 les prix du carburant p\u00e9trolier sont tr\u00e8s \u00e9lev\u00e9s. Le biodiesel est consid\u00e9r\u00e9 comme la meilleure alternative au carburant p\u00e9trolier, non seulement pour son prix relativement plus bas. Le biodiesel est respectueux de l&rsquo;environnement. Il est non toxique. Il est \u00e9galement biod\u00e9gradable.<\/p>\n<p>En utilisant des kits de processeurs de biodiesel, il est facile de fabriquer \u00e0 la maison un carburant utilisable dans presque tous les moteurs diesel. Les ingr\u00e9dients pour produire du biodiesel sont faciles \u00e0 obtenir et l&rsquo;ingr\u00e9dient principal est tr\u00e8s probablement d\u00e9j\u00e0 pr\u00e9sent chez vous. L&rsquo;ingr\u00e9dient principal du biodiesel est l&rsquo;huile v\u00e9g\u00e9tale. Que l&rsquo;huile v\u00e9g\u00e9tale de votre cuisine soit neuve ou usag\u00e9e, elle peut \u00eatre transform\u00e9e en biodiesel.<\/p>\n<p>Les ingr\u00e9dients subissent plusieurs processus. Ils sont m\u00e9lang\u00e9s, s\u00e9par\u00e9s, chauff\u00e9s, lav\u00e9s, s\u00e9ch\u00e9s et filtr\u00e9s. Tous ces processus sont effectu\u00e9s par le processeur de biodiesel. Vous avez seulement besoin de verser les ingr\u00e9dients dans le processeur et de d\u00e9marrer la machine. Lorsque le biodiesel est pr\u00eat, vous le retirez si vous en avez d\u00e9j\u00e0 besoin, ou vous le laissez dans le processeur jusqu&rsquo;\u00e0 ce que vous en ayez l&rsquo;utilit\u00e9. Garder le biodiesel dans un processeur de biodiesel est un bon moyen de stocker le carburant. Le processeur est capable de maintenir la qualit\u00e9 du biodiesel produit.<\/p>\n<p><img loading=\"lazy\" decoding=\"async\" title=\"Biodiesel Processor Kits\" src=\"\/\/www.bjultrasonic.com\/wp-content\/uploads\/2012\/08\/Biodiesel-Processor-Kits.jpg\" alt=\"Biodiesel Processor Kits\" width=\"628\" height=\"295\" \/><\/p>\n<p>Produire du biodiesel n&rsquo;a rien d&rsquo;effrayant. C&rsquo;est facile et s\u00fbr. Tous les ingr\u00e9dients sont non toxiques et tous les processus sont ex\u00e9cut\u00e9s par le processeur de biodiesel de mani\u00e8re s\u00fbre et efficace. Tant que vous n&rsquo;enlevez pas le couvercle du processeur pendant la production de biodiesel, aucun incident f\u00e2cheux ne se produira. Pendant le processus de chauffage, la temp\u00e9rature \u00e0 l&rsquo;int\u00e9rieur du processeur est extr\u00eamement \u00e9lev\u00e9e. Si l&rsquo;huile se renverse ou touche votre peau, votre peau sera br\u00fbl\u00e9e.<\/p>\n<p>Les kits de processeurs de biodiesel ne sont pas chers. Ils co\u00fbtent moins de mille dollars. Beaucoup sont m\u00eame propos\u00e9s \u00e0 seulement quelques centaines de dollars. Le prix d&rsquo;un processeur de biodiesel n&rsquo;est rien compar\u00e9 \u00e0 l&rsquo;argent que vous \u00e9conomiserez. Les prix du carburant p\u00e9trolier sont \u00e9lev\u00e9s et ne feront qu&rsquo;augmenter. En revanche, les ingr\u00e9dients pour produire du biodiesel sont bon march\u00e9. Si l&rsquo;huile v\u00e9g\u00e9tale que vous utiliserez n&rsquo;est pas neuve, vos \u00e9conomies seront encore plus importantes. Le prix du biodiesel que vous produirez n&rsquo;est que de quelques centimes par litre. C&rsquo;est beaucoup moins cher que les prix du carburant p\u00e9trolier.<\/p>\n<p>Chaque processeur de biodiesel contient un r\u00e9acteur de biodiesel. C&rsquo;est le r\u00e9acteur de biodiesel qui acc\u00e9l\u00e8re la production de biodiesel. Il provoque l&rsquo;est\u00e9rification et la transest\u00e9rification, les r\u00e9actions chimiques qui transforment les ingr\u00e9dients en biodiesel. Il existe deux types de r\u00e9acteurs de biodiesel. Ce sont le r\u00e9acteur de biodiesel \u00e0 ultrasons et le r\u00e9acteur de biodiesel \u00e0 cisaillement. Entre les deux types de r\u00e9acteurs de biodiesel, le r\u00e9acteur de biodiesel \u00e0 ultrasons est meilleur.<\/p>\n<p>Le r\u00e9acteur de biodiesel \u00e0 ultrasons produit du biodiesel dans le temps le plus court possible et de la mani\u00e8re la plus efficace. Les ondes ultrasonores agissent sur les ingr\u00e9dients m\u00e9lang\u00e9s, provoquant la production et l&rsquo;implosion de nombreuses petites bulles. C&rsquo;est ce qu&rsquo;on appelle la cavitation. La cavitation m\u00e9lange et chauffe le m\u00e9lange en m\u00eame temps. Ces deux processus provoquent la transest\u00e9rification. Parce qu&rsquo;un r\u00e9acteur de biodiesel \u00e0 ultrasons m\u00e9lange et chauffe le m\u00e9lange simultan\u00e9ment, le temps n\u00e9cessaire pour produire du biodiesel est consid\u00e9rablement r\u00e9duit. Ainsi, au lieu de traiter les m\u00e9langes par lots, ce qui prend beaucoup de temps, les m\u00e9langes sont trait\u00e9s par transest\u00e9rification en ligne.<\/p>\n<p>Les ondes ultrasonores jouent un r\u00f4le tr\u00e8s important dans la production de biodiesel. Elles sont tr\u00e8s efficaces pour m\u00e9langer des ingr\u00e9dients difficiles \u00e0 combiner. Pour produire du biodiesel, les ingr\u00e9dients doivent \u00eatre parfaitement m\u00e9lang\u00e9s. Si les ingr\u00e9dients ne sont pas correctement m\u00e9lang\u00e9s, soit le biodiesel ne sera pas produit, soit le biodiesel produit sera de mauvaise qualit\u00e9.<\/p>\n<p>Les ondes ultrasonores m\u00e9langent et chauffent les ingr\u00e9dients. Lorsque les ondes entrent en contact avec les ingr\u00e9dients, elles les font vibrer violemment. Ces vibrations provoquent la formation de bulles de cavitation. Lorsque les bulles implosent, les ingr\u00e9dients se contractent et se m\u00e9langent. Cette activit\u00e9 augmente la temp\u00e9rature du m\u00e9lange. Bien que l&rsquo;augmentation de temp\u00e9rature ne soit pas importante, elle est suffisante pour faire r\u00e9agir le m\u00e9lange et pour rendre le temps de r\u00e9action plus court que d&rsquo;habitude. Avec l&rsquo;aide des ondes ultrasonores, l&rsquo;\u00e9nergie est \u00e9conomis\u00e9e car il n&rsquo;est pas n\u00e9cessaire d&rsquo;augmenter la temp\u00e9rature.<\/p>\n<p>Un processeur de biodiesel avec r\u00e9acteur \u00e0 ultrasons est parfait pour toute personne qui n&rsquo;a pas besoin de fabriquer des millions de gallons de biodiesel. C&rsquo;est le processeur id\u00e9al pour vous si vous n&rsquo;avez besoin de fabriquer que quelques gallons de biodiesel \u00e0 la fois.<\/p>\n<h3>Avantages<\/h3>\n<p><b>1. Temps de R\u00e9action R\u00e9duit<\/b><\/p>\n<p>Un r\u00e9acteur biodiesel \u00e0 ultrasons r\u00e9duit consid\u00e9rablement le temps de r\u00e9action des ingr\u00e9dients. Il y parvient en agitant les ingr\u00e9dients. Lorsque les ingr\u00e9dients sont agit\u00e9s, le m\u00e9thanol est diminu\u00e9. Cela am\u00e8ne les ingr\u00e9dients \u00e0 adh\u00e9rer les uns aux autres et \u00e0 se m\u00e9langer correctement. Habituellement, une heure est n\u00e9cessaire pour m\u00e9langer les ingr\u00e9dients \u00e0 fond. Avec l&rsquo;aide des ondes ultrasonores, le temps n\u00e9cessaire est r\u00e9duit \u00e0 moins d&rsquo;une minute. Une fois le m\u00e9lange appropri\u00e9 effectu\u00e9, la r\u00e9action se produit. L&rsquo;agitation due aux ondes ultrasonores augmente \u00e9galement la qualit\u00e9 et la quantit\u00e9 de biodiesel produit.<\/p>\n<p>Chaque r\u00e9acteur biodiesel \u00e0 ultrasons que nous proposons chez Beijing Ultrasonic est capable d&rsquo;effectuer l&rsquo;est\u00e9rification et la transest\u00e9rification. Nos r\u00e9acteurs \u00e0 ultrasons provoquent une cavitation mol\u00e9culaire. Cela m\u00e9lange les ingr\u00e9dients \u00e0 fond et conduit \u00e0 une r\u00e9action compl\u00e8te. Un m\u00e9lange et une r\u00e9action appropri\u00e9s se traduisent par une plus grande quantit\u00e9 de biodiesel produit.<\/p>\n<p><b>2. Les R\u00e9acteurs en Ligne sont Ajustables<\/b><\/p>\n<p>Un r\u00e9acteur biodiesel \u00e0 ultrasons en ligne augmente la quantit\u00e9 de biodiesel produit en utilisant un traitement en flux continu au lieu du traitement par lots long. Le traitement en flux continu est plus efficace. Il n\u00e9cessite des co\u00fbts op\u00e9rationnels plus bas.<\/p>\n<p>Pour r\u00e9pondre \u00e0 vos besoins, la taille et la capacit\u00e9 de nos r\u00e9acteurs biodiesel \u00e0 ultrasons en ligne peuvent \u00eatre ajust\u00e9es. Le nombre de r\u00e9acteurs \u00e0 connecter d\u00e9pendra de la quantit\u00e9 de biodiesel \u00e0 produire. Si plus d&rsquo;un r\u00e9acteur \u00e0 ultrasons est n\u00e9cessaire, les r\u00e9acteurs sont connect\u00e9s en s\u00e9rie.<\/p>\n<h3>Applications<\/h3>\n<p>Un r\u00e9acteur biodiesel \u00e0 ultrasons a plusieurs utilisations. Trois de ses principales utilisations sont les suivantes :<\/p>\n<ul>\n<li>Traiter des v\u00e9g\u00e9taux, de l&rsquo;alcool et un catalyseur pour produire du biodiesel<\/li>\n<li>Nettoyer des r\u00e9servoirs et des pipelines<\/li>\n<li>Produire des r\u00e9actions chimiques comme la synth\u00e8se et la s\u00e9paration<\/li>\n<\/ul>\n<h3>Vid\u00e9o<\/h3>\n<p><iframe loading=\"lazy\" title=\"Ultrasonic Reactors for Biodiesel Production\" width=\"500\" height=\"281\" src=\"https:\/\/www.youtube.com\/embed\/oe1tAvpuUjw?feature=oembed\" frameborder=\"0\" allow=\"accelerometer; autoplay; clipboard-write; encrypted-media; gyroscope; picture-in-picture; web-share\" referrerpolicy=\"strict-origin-when-cross-origin\" allowfullscreen><\/iframe><\/p>\n<p><iframe loading=\"lazy\" title=\"Biodiesel Processor Kits - Beijing Ultrasonic\" width=\"500\" height=\"281\" src=\"https:\/\/www.youtube.com\/embed\/OpgcM3CcI90?feature=oembed\" frameborder=\"0\" allow=\"accelerometer; autoplay; clipboard-write; encrypted-media; gyroscope; picture-in-picture; web-share\" referrerpolicy=\"strict-origin-when-cross-origin\" allowfullscreen><\/iframe><\/p>\n<h3>Articles Connexes<\/h3>\n<ul>\n<li><a href=\"https:\/\/www.bjultrasonic.com\/fr\/learn-to-design-a-packed-bed-tubular-reactor\/\" target=\"_blank\" rel=\"noopener\">Apprenez \u00e0 Concevoir un R\u00e9acteur Tubulaire \u00e0 Lit Fixe<\/a><\/li>\n<li><a href=\"https:\/\/www.bjultrasonic.com\/fr\/how-to-grow-algae-cheap-biodiesel-fuel\/\" target=\"_blank\" rel=\"noopener\">Comment Cultiver des Algues \u2013 Carburant Biodiesel \u00c9conomique<\/a><\/li>\n<li><a href=\"https:\/\/www.bjultrasonic.com\/fr\/what-is-the-difference-between-diesel-and-biodiesel\/\" target=\"_blank\" rel=\"noopener\">Diff\u00e9rence Entre le Diesel et le Biodiesel<\/a><\/li>\n<li><a href=\"https:\/\/www.bjultrasonic.com\/fr\/what-is-a-biodiesel-reactor\/\" target=\"_blank\" rel=\"noopener\">Qu&rsquo;est-ce qu&rsquo;un R\u00e9acteur Biodiesel<\/a><\/li>\n<li><a href=\"https:\/\/www.bjultrasonic.com\/fr\/15-easy-steps-to-make-your-own-biodiesel-processor\/\" target=\"_blank\" rel=\"noopener\">15 \u00c9tapes Faciles pour Fabriquer Votre Propre Processeur de Biodiesel<\/a><\/li>\n<\/ul>\n<h3>Paiement<\/h3>\n<p>Nous acceptons paypal, virement bancaire (T\/T) &amp; Western Union maintenant.<\/p>\n<h3 class=\"shipping-methods\">Livraison<\/h3>\n<p>Les marchandises seront exp\u00e9di\u00e9es dans les 48 heures suivant la r\u00e9ception du paiement int\u00e9gral.<\/p>\n<ul>\n<li>Nous exp\u00e9dions les marchandises \u00e0 l&rsquo;adresse indiqu\u00e9e dans le paiement PayPal. Veuillez vous assurer que l&rsquo;adresse dans PayPal est correcte.<\/li>\n<li>Nous vous donnerons le num\u00e9ro de suivi apr\u00e8s avoir exp\u00e9di\u00e9 les marchandises ; en g\u00e9n\u00e9ral, vous recevrez les marchandises dans les cinq jours.<\/li>\n<li>Si vous avez des questions, veuillez nous contacter par e-mail (notre adresse e-mail est <a href=\"mailto:support@bjultrasonic.com\">support@bjultrasonic.com<\/a>)<\/li>\n<\/ul>\n<h3>Garantie Produit<\/h3>\n<p>La p\u00e9riode de garantie du produit est d&rsquo;un an. Pendant la p\u00e9riode de garantie, les produits achet\u00e9s peuvent b\u00e9n\u00e9ficier d&rsquo;une maintenance ou d&rsquo;un \u00e9change gratuit.<\/p>\n","protected":false},"excerpt":{"rendered":"<p>Processeurs ultrasoniques pour la production de biodiesel. Le r\u00e9acteur \u00e0 biodiesel ultrasonique produit du biodiesel dans les d\u00e9lais les plus rapides et de la mani\u00e8re la plus efficace.<\/p>\n","protected":false},"featured_media":42435,"comment_status":"open","ping_status":"closed","template":"","meta":[],"product_brand":[],"product_cat":[6246,6263],"product_tag":[],"class_list":{"0":"post-69770","1":"product","2":"type-product","3":"status-publish","4":"has-post-thumbnail","6":"product_cat-ultrasonic-processors-fr","7":"product_cat-biodiesel-fr","9":"first","10":"instock","11":"shipping-taxable","12":"product-type-external","13":"prodpage-classic"},"aioseo_notices":[],"_links":{"self":[{"href":"https:\/\/www.bjultrasonic.com\/fr\/wp-json\/wp\/v2\/product\/69770","targetHints":{"allow":["GET"]}}],"collection":[{"href":"https:\/\/www.bjultrasonic.com\/fr\/wp-json\/wp\/v2\/product"}],"about":[{"href":"https:\/\/www.bjultrasonic.com\/fr\/wp-json\/wp\/v2\/types\/product"}],"replies":[{"embeddable":true,"href":"https:\/\/www.bjultrasonic.com\/fr\/wp-json\/wp\/v2\/comments?post=69770"}],"wp:featuredmedia":[{"embeddable":true,"href":"https:\/\/www.bjultrasonic.com\/fr\/wp-json\/wp\/v2\/media\/42435"}],"wp:attachment":[{"href":"https:\/\/www.bjultrasonic.com\/fr\/wp-json\/wp\/v2\/media?parent=69770"}],"wp:term":[{"taxonomy":"product_brand","embeddable":true,"href":"https:\/\/www.bjultrasonic.com\/fr\/wp-json\/wp\/v2\/product_brand?post=69770"},{"taxonomy":"product_cat","embeddable":true,"href":"https:\/\/www.bjultrasonic.com\/fr\/wp-json\/wp\/v2\/product_cat?post=69770"},{"taxonomy":"product_tag","embeddable":true,"href":"https:\/\/www.bjultrasonic.com\/fr\/wp-json\/wp\/v2\/product_tag?post=69770"}],"curies":[{"name":"wp","href":"https:\/\/api.w.org\/{rel}","templated":true}]}}