{"id":69790,"date":"2012-07-13T00:13:13","date_gmt":"2012-07-13T05:13:13","guid":{"rendered":"https:\/\/www.bjultrasonic.com\/shop\/ball-hemisphere-piezoelectric-ceramics\/"},"modified":"2026-03-28T20:17:04","modified_gmt":"2026-03-29T01:17:04","slug":"ball-hemisphere-piezoelectric-ceramics","status":"publish","type":"product","link":"https:\/\/www.bjultrasonic.com\/fr\/shop\/ball-hemisphere-piezoelectric-ceramics\/","title":{"rendered":"Boule\/H\u00e9misph\u00e8re en Pi\u00e9zoc\u00e9ramique"},"content":{"rendered":"<p><iframe loading=\"lazy\" title=\"Piezoelectric Ceramics | Piezoceramics\" width=\"500\" height=\"281\" src=\"https:\/\/www.youtube.com\/embed\/1Z8-9WdJKhQ?feature=oembed\" frameborder=\"0\" allow=\"accelerometer; autoplay; clipboard-write; encrypted-media; gyroscope; picture-in-picture; web-share\" referrerpolicy=\"strict-origin-when-cross-origin\" allowfullscreen><\/iframe><\/p>\n<h3>Nous pouvons personnaliser diverses c\u00e9ramiques pi\u00e9zo\u00e9lectriques selon les besoins.<\/h3>\n<p>Mat\u00e9riau de la bille\/h\u00e9misph\u00e8re en c\u00e9ramique pi\u00e9zo\u00e9lectrique : PZT4, PZT5, PZT8 ou tout autre mat\u00e9riau pi\u00e9zo\u00e9lectrique requis.<\/p>\n<p><img loading=\"lazy\" decoding=\"async\" class=\"alignnone wp-image-5012\" title=\"Bille\/H\u00e9misph\u00e8re en C\u00e9ramique Pi\u00e9zo\u00e9lectrique\" src=\"\/\/www.bjultrasonic.com\/wp-content\/uploads\/2012\/07\/Piezoelectric-Ceramic-Ball-Hemisphere-2.jpg\" alt=\"Bille\/H\u00e9misph\u00e8re en C\u00e9ramique Pi\u00e9zo\u00e9lectrique\" width=\"600\" height=\"359\" \/><\/p>\n<h2>Applications de la bille\/h\u00e9misph\u00e8re en c\u00e9ramique pi\u00e9zo\u00e9lectrique<\/h2>\n<table id=\"wp-table-reloaded-id-120-no-1\" class=\"table table-striped table-bordered\">\n<tbody>\n<tr>\n<td>D\u00e9tection ultrasonique<\/td>\n<td>Traitement kunb<\/td>\n<td>Capteur de compression<\/td>\n<\/tr>\n<tr>\n<td>Sonar biom\u00e9dical,<\/td>\n<td>Capteur de vibration<\/td>\n<td>Actionneurs<\/td>\n<\/tr>\n<tr>\n<td>Dispersion de mati\u00e8re<\/td>\n<td>Capteur de pression<\/td>\n<td>\u00c9limination de thrombus<\/td>\n<\/tr>\n<tr>\n<td>Capteur de pression ultrasonique<\/td>\n<td>Actionneurs haute puissance<\/td>\n<td>Autres applications<\/td>\n<\/tr>\n<\/tbody>\n<\/table>\n<h2>Sp\u00e9cifications standard de la bille\/h\u00e9misph\u00e8re en c\u00e9ramique pi\u00e9zo\u00e9lectrique<\/h2>\n<table id=\"wp-table-reloaded-id-121-no-1\" class=\"table table-striped table-bordered\">\n<tbody>\n<tr>\n<td>Diam\u00e8tre de la sph\u00e8re (mm)<\/td>\n<td>Diam\u00e8tre d&rsquo;\u00e9closion (mm)<\/td>\n<td>\u00c9paisseur<\/td>\n<td>fr (MHz)<\/td>\n<td>Kr<\/td>\n<td>C (nf)<\/td>\n<td><\/td>\n<td><\/td>\n<\/tr>\n<tr>\n<td>P-33<\/td>\n<td>P-52<\/td>\n<td>P-81<\/td>\n<td><\/td>\n<td><\/td>\n<td><\/td>\n<td><\/td>\n<td><\/td>\n<\/tr>\n<tr>\n<td>5<\/td>\n<td>1.5<\/td>\n<td>0.5<\/td>\n<td>320<\/td>\n<td>0.4<\/td>\n<td>1.8<\/td>\n<td>3.5<\/td>\n<td><\/td>\n<\/tr>\n<tr>\n<td>10<\/td>\n<td>3<\/td>\n<td>0.8<\/td>\n<td>160<\/td>\n<td>0.4<\/td>\n<td>4.7<\/td>\n<td>8.8<\/td>\n<td><\/td>\n<\/tr>\n<tr>\n<td>15<\/td>\n<td>4<\/td>\n<td>1<\/td>\n<td>113<\/td>\n<td>0.4<\/td>\n<td>9.2<\/td>\n<td>17.3<\/td>\n<td><\/td>\n<\/tr>\n<tr>\n<td>20<\/td>\n<td>5<\/td>\n<td>1\uff5e1.5<\/td>\n<td>77<\/td>\n<td>0.4<\/td>\n<td>17.0<\/td>\n<td>32.0<\/td>\n<td><\/td>\n<\/tr>\n<tr>\n<td>25<\/td>\n<td>5<\/td>\n<td>1\uff5e1.5<\/td>\n<td>61<\/td>\n<td>0.4<\/td>\n<td>17.4<\/td>\n<td>32.8<\/td>\n<td><\/td>\n<\/tr>\n<tr>\n<td>30<\/td>\n<td>6<\/td>\n<td>1.5\uff5e3<\/td>\n<td>50<\/td>\n<td>0.4<\/td>\n<td>23.5<\/td>\n<td>44.3<\/td>\n<td><\/td>\n<\/tr>\n<tr>\n<td>40<\/td>\n<td>7<\/td>\n<td>2\uff5e4<\/td>\n<td>38<\/td>\n<td>0.4<\/td>\n<td>34.3<\/td>\n<td>64.6<\/td>\n<td><\/td>\n<\/tr>\n<tr>\n<td>50<\/td>\n<td>8<\/td>\n<td>2\uff5e4<\/td>\n<td>30<\/td>\n<td>0.4<\/td>\n<td>54.8<\/td>\n<td>103.2<\/td>\n<td><\/td>\n<\/tr>\n<tr>\n<td>12.5<\/td>\n<td>3.5<\/td>\n<td>2\uff5e5<\/td>\n<td>83<\/td>\n<td><\/td>\n<td>6.2<\/td>\n<td><\/td>\n<td>3.7<\/td>\n<\/tr>\n<tr>\n<td>25<\/td>\n<td>8<\/td>\n<td>2\uff5e5<\/td>\n<td><\/td>\n<td><\/td>\n<td>26.2<\/td>\n<td><\/td>\n<td>15.6<\/td>\n<\/tr>\n<tr>\n<td>37.5<\/td>\n<td>10<\/td>\n<td>2\uff5e5<\/td>\n<td><\/td>\n<td><\/td>\n<td><\/td>\n<td><\/td>\n<td>17.7<\/td>\n<\/tr>\n<tr>\n<td>50<\/td>\n<td>12<\/td>\n<td>3\uff5e6<\/td>\n<td><\/td>\n<td><\/td>\n<td><\/td>\n<td><\/td>\n<td>25.5<\/td>\n<\/tr>\n<tr>\n<td>C\u00e9ramique pi\u00e9zo\u00e9lectrique sph\u00e9rique :<br \/>\nDiam\u00e8tre ext\u00e9rieur : 12mm \u2014 100mm<br \/>\nPlage d&rsquo;\u00e9paisseur : 0.3mm \u2014 6mm<br \/>\nC\u00e9ramique pi\u00e9zo\u00e9lectrique h\u00e9misph\u00e9rique :<br \/>\nDiam\u00e8tre ext\u00e9rieur : 10mm \u2014 160mm<br \/>\nPlage d&rsquo;\u00e9paisseur : 0.6mm \u2014 6mm<br \/>\nRemarque : Nous pouvons concevoir et personnaliser diverses tailles de billes\/h\u00e9misph\u00e8res en c\u00e9ramique pi\u00e9zo\u00e9lectrique selon les besoins.<\/td>\n<td><\/td>\n<td><\/td>\n<td><\/td>\n<td><\/td>\n<td><\/td>\n<td><\/td>\n<td><\/td>\n<\/tr>\n<\/tbody>\n<\/table>\n<p><iframe loading=\"lazy\" title=\"Piezoceramic Ball\/ Hemisphere - Beijing Ultrasonic\" width=\"500\" height=\"281\" src=\"https:\/\/www.youtube.com\/embed\/cplC1OHVqNA?feature=oembed\" frameborder=\"0\" allow=\"accelerometer; autoplay; clipboard-write; encrypted-media; gyroscope; picture-in-picture; web-share\" referrerpolicy=\"strict-origin-when-cross-origin\" allowfullscreen><\/iframe><\/p>\n<h3>Paiement<\/h3>\n<p>Nous acceptons actuellement PayPal, virement bancaire (T\/T) et Western Union.<\/p>\n<h3 class=\"shipping-methods\">Exp\u00e9dition<\/h3>\n<p>Les marchandises seront exp\u00e9di\u00e9es dans les 48 heures suivant la r\u00e9ception du paiement int\u00e9gral.<\/p>\n<ul>\n<li>Nous exp\u00e9dions les marchandises \u00e0 l&rsquo;adresse indiqu\u00e9e dans le paiement PayPal. Veuillez vous assurer que l&rsquo;adresse dans PayPal est correcte.<\/li>\n<li>Nous vous donnerons le num\u00e9ro de suivi apr\u00e8s l&rsquo;envoi des marchandises. En g\u00e9n\u00e9ral, vous recevrez les marchandises dans les cinq jours.<\/li>\n<li>Si vous avez des questions, veuillez nous contacter par e-mail (notre adresse e-mail est <a href=\"mailto:support@bjultrasonic.com\">support@bjultrasonic.com<\/a>)<\/li>\n<\/ul>\n<h3>Garantie Produit<\/h3>\n<p>La p\u00e9riode de garantie du produit est d&rsquo;un an. Pendant la p\u00e9riode de garantie, les produits achet\u00e9s b\u00e9n\u00e9ficient d&rsquo;une maintenance ou d&rsquo;un \u00e9change gratuit.<\/p>\n","protected":false},"excerpt":{"rendered":"<p>Nous pouvons personnaliser diverses c\u00e9ramiques pi\u00e9zo\u00e9lectriques selon les besoins. Mat\u00e9riau de la bille\/h\u00e9misph\u00e8re en c\u00e9ramique pi\u00e9zo\u00e9lectrique : PZT4, PZT5, PZT8 ou tout autre mat\u00e9riau pi\u00e9zo\u00e9lectrique requis. Applications de la bille\/h\u00e9misph\u00e8re en c\u00e9ramique pi\u00e9zo\u00e9lectrique D\u00e9tection ultrasonique Traitement kunb Capteur de compression Sonar biom\u00e9dical, Capteur de vibration Actionneurs Dispersion de mati\u00e8re Capteur de pression \u00c9limination de thrombus<\/p>\n","protected":false},"featured_media":23761,"comment_status":"open","ping_status":"closed","template":"","meta":[],"product_brand":[],"product_cat":[5670,5642],"product_tag":[],"class_list":{"0":"post-69790","1":"product","2":"type-product","3":"status-publish","4":"has-post-thumbnail","6":"product_cat-ball-hemisphere-piezoelectric-ceramics-fr","7":"product_cat-piezoelectric-ceramic-fr","9":"first","10":"instock","11":"shipping-taxable","12":"product-type-external","13":"prodpage-classic"},"aioseo_notices":[],"_links":{"self":[{"href":"https:\/\/www.bjultrasonic.com\/fr\/wp-json\/wp\/v2\/product\/69790","targetHints":{"allow":["GET"]}}],"collection":[{"href":"https:\/\/www.bjultrasonic.com\/fr\/wp-json\/wp\/v2\/product"}],"about":[{"href":"https:\/\/www.bjultrasonic.com\/fr\/wp-json\/wp\/v2\/types\/product"}],"replies":[{"embeddable":true,"href":"https:\/\/www.bjultrasonic.com\/fr\/wp-json\/wp\/v2\/comments?post=69790"}],"wp:featuredmedia":[{"embeddable":true,"href":"https:\/\/www.bjultrasonic.com\/fr\/wp-json\/wp\/v2\/media\/23761"}],"wp:attachment":[{"href":"https:\/\/www.bjultrasonic.com\/fr\/wp-json\/wp\/v2\/media?parent=69790"}],"wp:term":[{"taxonomy":"product_brand","embeddable":true,"href":"https:\/\/www.bjultrasonic.com\/fr\/wp-json\/wp\/v2\/product_brand?post=69790"},{"taxonomy":"product_cat","embeddable":true,"href":"https:\/\/www.bjultrasonic.com\/fr\/wp-json\/wp\/v2\/product_cat?post=69790"},{"taxonomy":"product_tag","embeddable":true,"href":"https:\/\/www.bjultrasonic.com\/fr\/wp-json\/wp\/v2\/product_tag?post=69790"}],"curies":[{"name":"wp","href":"https:\/\/api.w.org\/{rel}","templated":true}]}}