{"id":69850,"date":"2012-07-12T22:36:05","date_gmt":"2012-07-13T03:36:05","guid":{"rendered":"https:\/\/www.bjultrasonic.com\/shop\/square-rectangular-piezoelectric-ceramics\/"},"modified":"2026-03-28T20:16:37","modified_gmt":"2026-03-29T01:16:37","slug":"square-rectangular-piezoelectric-ceramics","status":"publish","type":"product","link":"https:\/\/www.bjultrasonic.com\/fr\/shop\/square-rectangular-piezoelectric-ceramics\/","title":{"rendered":"Piezoc\u00e9ramique carr\u00e9e\/rectangulaire"},"content":{"rendered":"<p><iframe loading=\"lazy\" title=\"Piezoelectric Ceramics | Piezoceramics\" width=\"500\" height=\"281\" src=\"https:\/\/www.youtube.com\/embed\/1Z8-9WdJKhQ?feature=oembed\" frameborder=\"0\" allow=\"accelerometer; autoplay; clipboard-write; encrypted-media; gyroscope; picture-in-picture; web-share\" referrerpolicy=\"strict-origin-when-cross-origin\" allowfullscreen><\/iframe><\/p>\n<h3>Nous pouvons personnaliser diverses c\u00e9ramiques pi\u00e9zo\u00e9lectriques selon les besoins.<\/h3>\n<p>Mat\u00e9riau des c\u00e9ramiques pi\u00e9zo\u00e9lectriques carr\u00e9es\/rectangulaires : PZT4, PZT5, PZT8 ou autre mat\u00e9riau pi\u00e9zo\u00e9lectrique requis.<\/p>\n<div id=\"attachment_5014\" style=\"width: 610px\" class=\"wp-caption alignnone\"><img loading=\"lazy\" decoding=\"async\" aria-describedby=\"caption-attachment-5014\" class=\" wp-image-5014 \" title=\"Piezoelectric Ceramic Rectangular\" src=\"\/\/www.bjultrasonic.com\/wp-content\/uploads\/2012\/07\/Piezoelectric-Ceramic-Square-Rectangular-1.jpg\" alt=\"Piezoelectric Ceramic Rectangular\" width=\"600\" height=\"359\" \/><p id=\"caption-attachment-5014\" class=\"wp-caption-text\">C\u00e9ramique pi\u00e9zo\u00e9lectrique rectangulaire<\/p><\/div>\n<h2>Applications des c\u00e9ramiques pi\u00e9zo\u00e9lectriques carr\u00e9es\/rectangulaires<\/h2>\n<table id=\"wp-table-reloaded-id-113-no-1\" class=\"table table-striped table-bordered\">\n<tbody>\n<tr>\n<td>\u00c9quipement m\u00e9dical d&rsquo;\u00e9chographie B<\/td>\n<td>Capteur ultrasonique<\/td>\n<td>Capteur de compression<\/td>\n<\/tr>\n<tr>\n<td>Capteur de contrainte des mat\u00e9riaux<\/td>\n<td>Capteur de vibration<\/td>\n<td>R\u00e9cup\u00e9ration d&rsquo;\u00e9nergie\/\u00e9lectricit\u00e9<\/td>\n<\/tr>\n<tr>\n<td>Transducteur ultrasonique \u00e0 serrage par boulon<\/td>\n<td>Capteur de pression<\/td>\n<td>M\u00e9lange ultrasonique<\/td>\n<\/tr>\n<tr>\n<td>Capteur de presse ultrasonique<\/td>\n<td>Actionneurs haute puissance<\/td>\n<td>Plus d&rsquo;autres applications<\/td>\n<\/tr>\n<\/tbody>\n<\/table>\n<h2>Sp\u00e9cifications standard des c\u00e9ramiques pi\u00e9zo\u00e9lectriques carr\u00e9es\/rectangulaires<\/h2>\n<table id=\"wp-table-reloaded-id-114-no-1\" class=\"table table-striped table-bordered\">\n<tbody>\n<tr>\n<td>Dimensions Longueur*largeur*hauteur(mm)<\/td>\n<td>Fr(MHZ)<\/td>\n<td>K31<\/td>\n<td>E T 3(r)<\/td>\n<\/tr>\n<tr>\n<td>(80&#8211;130)\u00d7(13&#8211;16)\u00d70.4<\/td>\n<td>3.5<\/td>\n<td>\u22650.37<\/td>\n<td>2200-3000<\/td>\n<\/tr>\n<tr>\n<td>(60-110)\u00d7(12-15)\u00d70.3<\/td>\n<td>5.0<\/td>\n<td>\u22650.36<\/td>\n<td>2200-3000<\/td>\n<\/tr>\n<tr>\n<td>(50-100)\u00d7(10-14)\u00d70.2<\/td>\n<td>7.5<\/td>\n<td>\u22650.35<\/td>\n<td>2200-3000<\/td>\n<\/tr>\n<tr>\n<td>Plage de longueur : 5mm&#8212;140mm<br \/>\nPlage de largeur : 1.5mm&#8212;80mm<br \/>\nPlage de hauteur : 0.2mm&#8212;20mm<br \/>\nRemarque :<br \/>\nNous pouvons concevoir et personnaliser diverses dimensions de c\u00e9ramiques pi\u00e9zo\u00e9lectriques carr\u00e9es\/rectangulaires selon les besoins.<\/td>\n<td><\/td>\n<td><\/td>\n<td><\/td>\n<\/tr>\n<\/tbody>\n<\/table>\n<p><iframe loading=\"lazy\" title=\"Piezoceramic Square\/ Rectangular  - Beijing Ultrasonic\" width=\"500\" height=\"281\" src=\"https:\/\/www.youtube.com\/embed\/mZQfCd5CFV8?feature=oembed\" frameborder=\"0\" allow=\"accelerometer; autoplay; clipboard-write; encrypted-media; gyroscope; picture-in-picture; web-share\" referrerpolicy=\"strict-origin-when-cross-origin\" allowfullscreen><\/iframe><\/p>\n<h3>Paiement<\/h3>\n<p>Nous acceptons actuellement PayPal, virement bancaire (T\/T) et Western Union.<\/p>\n<h3 class=\"shipping-methods\">Exp\u00e9dition<\/h3>\n<p>Les marchandises seront exp\u00e9di\u00e9es dans les 48 heures suivant la r\u00e9ception du paiement complet.<\/p>\n<ul>\n<li>Nous exp\u00e9dions les marchandises \u00e0 l&rsquo;adresse indiqu\u00e9e dans le paiement PayPal. Veuillez vous assurer que l&rsquo;adresse dans PayPal est correcte.<\/li>\n<li>Nous vous donnerons le num\u00e9ro de suivi apr\u00e8s avoir envoy\u00e9 les marchandises. En g\u00e9n\u00e9ral, vous recevrez les marchandises dans les cinq jours.<\/li>\n<li>Si vous avez des questions, veuillez nous contacter par email (notre adresse email est <a href=\"mailto:support@bjultrasonic.com\">support@bjultrasonic.com<\/a>)<\/li>\n<\/ul>\n<h3>Garantie produit<\/h3>\n<p>La p\u00e9riode de garantie du produit est d&rsquo;un an. Pendant la p\u00e9riode de garantie, les produits achet\u00e9s peuvent b\u00e9n\u00e9ficier d&rsquo;une maintenance ou d&rsquo;un \u00e9change gratuits.<\/p>\n","protected":false},"excerpt":{"rendered":"<p>Nous pouvons personnaliser diverses c\u00e9ramiques pi\u00e9zo\u00e9lectriques selon les besoins. Mat\u00e9riau des c\u00e9ramiques pi\u00e9zo\u00e9lectriques carr\u00e9es\/rectangulaires : PZT4, PZT5, PZT8 ou autre mat\u00e9riau pi\u00e9zo\u00e9lectrique requis. Applications des c\u00e9ramiques pi\u00e9zo\u00e9lectriques carr\u00e9es\/rectangulaires \u00c9quipement m\u00e9dical d&rsquo;\u00e9chographie B Capteur ultrasonique Capteur de compression Capteur de contrainte des mat\u00e9riaux Capteur de vibration R\u00e9cup\u00e9ration d&rsquo;\u00e9nergie\/\u00e9lectricit\u00e9 Transducteur ultrasonique \u00e0 serrage par boulon Capteur de<\/p>\n","protected":false},"featured_media":23762,"comment_status":"open","ping_status":"closed","template":"","meta":[],"product_brand":[],"product_cat":[5765,5642],"product_tag":[],"class_list":{"0":"post-69850","1":"product","2":"type-product","3":"status-publish","4":"has-post-thumbnail","6":"product_cat-square-rectangular-piezoelectric-ceramics-fr","7":"product_cat-piezoelectric-ceramic-fr","9":"first","10":"instock","11":"shipping-taxable","12":"product-type-external","13":"prodpage-classic"},"aioseo_notices":[],"_links":{"self":[{"href":"https:\/\/www.bjultrasonic.com\/fr\/wp-json\/wp\/v2\/product\/69850","targetHints":{"allow":["GET"]}}],"collection":[{"href":"https:\/\/www.bjultrasonic.com\/fr\/wp-json\/wp\/v2\/product"}],"about":[{"href":"https:\/\/www.bjultrasonic.com\/fr\/wp-json\/wp\/v2\/types\/product"}],"replies":[{"embeddable":true,"href":"https:\/\/www.bjultrasonic.com\/fr\/wp-json\/wp\/v2\/comments?post=69850"}],"wp:featuredmedia":[{"embeddable":true,"href":"https:\/\/www.bjultrasonic.com\/fr\/wp-json\/wp\/v2\/media\/23762"}],"wp:attachment":[{"href":"https:\/\/www.bjultrasonic.com\/fr\/wp-json\/wp\/v2\/media?parent=69850"}],"wp:term":[{"taxonomy":"product_brand","embeddable":true,"href":"https:\/\/www.bjultrasonic.com\/fr\/wp-json\/wp\/v2\/product_brand?post=69850"},{"taxonomy":"product_cat","embeddable":true,"href":"https:\/\/www.bjultrasonic.com\/fr\/wp-json\/wp\/v2\/product_cat?post=69850"},{"taxonomy":"product_tag","embeddable":true,"href":"https:\/\/www.bjultrasonic.com\/fr\/wp-json\/wp\/v2\/product_tag?post=69850"}],"curies":[{"name":"wp","href":"https:\/\/api.w.org\/{rel}","templated":true}]}}