{"id":69870,"date":"2012-07-12T22:20:52","date_gmt":"2012-07-13T03:20:52","guid":{"rendered":"https:\/\/www.bjultrasonic.com\/shop\/tube-piezoelectric-ceramics\/"},"modified":"2026-03-28T20:16:11","modified_gmt":"2026-03-29T01:16:11","slug":"tube-piezoelectric-ceramics","status":"publish","type":"product","link":"https:\/\/www.bjultrasonic.com\/fr\/shop\/tube-piezoelectric-ceramics\/","title":{"rendered":"Tube pi\u00e9zo\u00e9lectrique"},"content":{"rendered":"<p><iframe loading=\"lazy\" title=\"Piezoceramic Tube\" width=\"500\" height=\"281\" src=\"https:\/\/www.youtube.com\/embed\/m1kSZ7ICcOQ?feature=oembed\" frameborder=\"0\" allow=\"accelerometer; autoplay; clipboard-write; encrypted-media; gyroscope; picture-in-picture; web-share\" referrerpolicy=\"strict-origin-when-cross-origin\" allowfullscreen><\/iframe><\/p>\n<h3>Nous pouvons personnaliser diverses c\u00e9ramiques pi\u00e9zo\u00e9lectriques selon les besoins.<\/h3>\n<p>Mat\u00e9riau du tube en c\u00e9ramique pi\u00e9zo\u00e9lectrique (Tube en c\u00e9ramique pi\u00e9zo) : PZT4, PZT5, PZT8 ou autre mat\u00e9riau pi\u00e9zo\u00e9lectrique requis.<\/p>\n<p><img loading=\"lazy\" decoding=\"async\" class=\" wp-image-1238 alignnone\" title=\"Tube Piezoelectric Ceramics\" src=\"\/\/www.bjultrasonic.com\/wp-content\/uploads\/2012\/07\/tube-piezoelectric-ceramics.jpg\" alt=\"Tube Piezoelectric Ceramics\" width=\"601\" height=\"459\" \/><\/p>\n<h2>Applications du tube en c\u00e9ramique pi\u00e9zo\u00e9lectrique<\/h2>\n<table id=\"wp-table-reloaded-id-111-no-1\" class=\"table table-striped table-bordered\">\n<tbody>\n<tr>\n<td>Vibration de transducteur pi\u00e9zo<\/td>\n<td>Acoustique<\/td>\n<td>Dispersion de mati\u00e8re<\/td>\n<\/tr>\n<tr>\n<td>Milieu de transmission liquide<\/td>\n<td>Milieu de transmission gazeux<\/td>\n<td>Capteur d&rsquo;\u00e9paisseur de paroi<\/td>\n<\/tr>\n<tr>\n<td>Capteur de contrainte des mat\u00e9riaux<\/td>\n<td>Dragage de puits de p\u00e9trole<\/td>\n<td>Sonde biom\u00e9dicale<\/td>\n<\/tr>\n<tr>\n<td>R\u00e9cup\u00e9ration d&rsquo;\u00e9nergie pi\u00e9zo\u00e9lectrique<\/td>\n<td>Transducteur de sondeur de poissons<\/td>\n<td>Capteur de compression<\/td>\n<\/tr>\n<tr>\n<td>Haut-parleur sous-marin<\/td>\n<td>Sonobuoy<\/td>\n<td>R\u00e9seau sonar passif<\/td>\n<\/tr>\n<tr>\n<td>Torpille<\/td>\n<td>D\u00e9tecteur de puits de p\u00e9trole<\/td>\n<td>Autres applications<\/td>\n<\/tr>\n<\/tbody>\n<\/table>\n<h3>Vid\u00e9o sur les tubes en c\u00e9ramique pi\u00e9zo\u00e9lectrique<\/h3>\n<p><iframe loading=\"lazy\" title=\"Piezoelectric Ceramic Tube | Piezoceramic Tube\" width=\"500\" height=\"281\" src=\"https:\/\/www.youtube.com\/embed\/ETIEN0YGcL8?feature=oembed\" frameborder=\"0\" allow=\"accelerometer; autoplay; clipboard-write; encrypted-media; gyroscope; picture-in-picture; web-share\" referrerpolicy=\"strict-origin-when-cross-origin\" allowfullscreen><\/iframe><\/p>\n<h2>Sp\u00e9cifications standard du tube en c\u00e9ramique pi\u00e9zo\u00e9lectrique<\/h2>\n<table id=\"wp-table-reloaded-id-112-no-1\" class=\"table table-striped table-bordered\">\n<tbody>\n<tr>\n<td>Dimensions (mm) OD x ID x H<\/td>\n<td>fm (KHz)<\/td>\n<td>fn (KHz)<\/td>\n<td>Capacit\u00e9 (pf)<\/td>\n<td>tg\u03b4 (%)<\/td>\n<\/tr>\n<tr>\n<td>12*9*6<\/td>\n<td>70<\/td>\n<td>72<\/td>\n<td>5860<\/td>\n<td>0.3<\/td>\n<\/tr>\n<tr>\n<td>15*13*3.2<\/td>\n<td>64<\/td>\n<td>68<\/td>\n<td>3700<\/td>\n<td>1.7<\/td>\n<\/tr>\n<tr>\n<td>18*15*15<\/td>\n<td>63<\/td>\n<td>64<\/td>\n<td>5940<\/td>\n<td>0.2<\/td>\n<\/tr>\n<tr>\n<td>18*15*20<\/td>\n<td>63<\/td>\n<td>64<\/td>\n<td>5836<\/td>\n<td>0.2<\/td>\n<\/tr>\n<tr>\n<td>20*17*15<\/td>\n<td>46.9<\/td>\n<td>50<\/td>\n<td>14109<\/td>\n<td>1.5<\/td>\n<\/tr>\n<tr>\n<td>24*20*20<\/td>\n<td>47<\/td>\n<td>49<\/td>\n<td>12830<\/td>\n<td>2.0<\/td>\n<\/tr>\n<tr>\n<td>34*30*20<\/td>\n<td>30<\/td>\n<td>32<\/td>\n<td>1510<\/td>\n<td>0.2<\/td>\n<\/tr>\n<tr>\n<td>40*32*37<\/td>\n<td>25<\/td>\n<td>25.3<\/td>\n<td>21200<\/td>\n<td>1.5<\/td>\n<\/tr>\n<tr>\n<td>44*38*29<\/td>\n<td>22.1<\/td>\n<td>24<\/td>\n<td>23120<\/td>\n<td>1.5<\/td>\n<\/tr>\n<tr>\n<td>51*45*36<\/td>\n<td>20<\/td>\n<td>20.5<\/td>\n<td>18010<\/td>\n<td>1.5<\/td>\n<\/tr>\n<tr>\n<td>53*45*41<\/td>\n<td>18<\/td>\n<td>22<\/td>\n<td>3060<\/td>\n<td>0.2<\/td>\n<\/tr>\n<tr>\n<td>69*63*25<\/td>\n<td>16<\/td>\n<td>18<\/td>\n<td>16040<\/td>\n<td>0.5<\/td>\n<\/tr>\n<tr>\n<td>76*68*40<\/td>\n<td>15<\/td>\n<td>15<\/td>\n<td>19730<\/td>\n<td>0.5<\/td>\n<\/tr>\n<tr>\n<td>80*60*150<\/td>\n<td>17<\/td>\n<td>18.5<\/td>\n<td>34420<\/td>\n<td>0.25<\/td>\n<\/tr>\n<tr>\n<td>142*132*80<\/td>\n<td>8<\/td>\n<td>8<\/td>\n<td>8636<\/td>\n<td>0.35<\/td>\n<\/tr>\n<tr>\n<td>Plage de diam\u00e8tre ext\u00e9rieur : 6mm \u2014 150mm<br \/>\nPlage de diam\u00e8tre int\u00e9rieur : 5mm \u2014 130mm<br \/>\nPlage de longueur : 5mm \u2014 100mm<br \/>\nRemarque :<br \/>\nNous pouvons concevoir et personnaliser des tubes en c\u00e9ramique pi\u00e9zo\u00e9lectrique de diverses dimensions selon les besoins.<\/td>\n<td><\/td>\n<td><\/td>\n<td><\/td>\n<td><\/td>\n<\/tr>\n<\/tbody>\n<\/table>\n<h3>Paiement<\/h3>\n<p>Nous acceptons d\u00e9sormais PayPal, virement bancaire (T\/T) et Western Union.<\/p>\n<h3 class=\"shipping-methods\">Exp\u00e9dition<\/h3>\n<p>Les marchandises seront exp\u00e9di\u00e9es dans les 48 heures suivant la r\u00e9ception du paiement int\u00e9gral.<\/p>\n<ul>\n<li>Nous exp\u00e9dions les marchandises \u00e0 l&rsquo;adresse fournie lors du paiement PayPal. Veuillez vous assurer que l&rsquo;adresse dans PayPal est correcte.<\/li>\n<li>Nous vous donnerons le num\u00e9ro de suivi apr\u00e8s l&rsquo;envoi des marchandises ; en g\u00e9n\u00e9ral, vous les recevrez dans les cinq jours.<\/li>\n<li>Si vous avez des questions, veuillez nous contacter par e-mail (notre adresse e-mail est <a href=\"mailto:support@bjultrasonic.com\">support@bjultrasonic.com<\/a>).<\/li>\n<\/ul>\n<h3>Garantie du produit<\/h3>\n<p>La p\u00e9riode de garantie du produit est d&rsquo;un an. Pendant la p\u00e9riode de garantie, les produits achet\u00e9s peuvent b\u00e9n\u00e9ficier d&rsquo;une maintenance ou d&rsquo;un \u00e9change gratuit.<\/p>\n","protected":false},"excerpt":{"rendered":"<p>Nous pouvons personnaliser diverses c\u00e9ramiques pi\u00e9zo\u00e9lectriques selon les besoins. Mat\u00e9riau du tube en c\u00e9ramique pi\u00e9zo\u00e9lectrique (Tube en c\u00e9ramique pi\u00e9zo) : PZT4, PZT5, PZT8 ou autre mat\u00e9riau pi\u00e9zo\u00e9lectrique requis. Applications du tube en c\u00e9ramique pi\u00e9zo\u00e9lectrique Vibration de transducteur pi\u00e9zo Acoustique Dispersion de mati\u00e8re Milieu de transmission liquide Milieu de transmission gazeux Capteur d&rsquo;\u00e9paisseur de paroi Capteur<\/p>\n","protected":false},"featured_media":23756,"comment_status":"open","ping_status":"closed","template":"","meta":[],"product_brand":[],"product_cat":[5642,5800],"product_tag":[],"class_list":{"0":"post-69870","1":"product","2":"type-product","3":"status-publish","4":"has-post-thumbnail","6":"product_cat-piezoelectric-ceramic-fr","7":"product_cat-tube-piezoelectric-ceramics-fr","9":"first","10":"instock","11":"shipping-taxable","12":"product-type-external","13":"prodpage-classic"},"aioseo_notices":[],"_links":{"self":[{"href":"https:\/\/www.bjultrasonic.com\/fr\/wp-json\/wp\/v2\/product\/69870","targetHints":{"allow":["GET"]}}],"collection":[{"href":"https:\/\/www.bjultrasonic.com\/fr\/wp-json\/wp\/v2\/product"}],"about":[{"href":"https:\/\/www.bjultrasonic.com\/fr\/wp-json\/wp\/v2\/types\/product"}],"replies":[{"embeddable":true,"href":"https:\/\/www.bjultrasonic.com\/fr\/wp-json\/wp\/v2\/comments?post=69870"}],"wp:featuredmedia":[{"embeddable":true,"href":"https:\/\/www.bjultrasonic.com\/fr\/wp-json\/wp\/v2\/media\/23756"}],"wp:attachment":[{"href":"https:\/\/www.bjultrasonic.com\/fr\/wp-json\/wp\/v2\/media?parent=69870"}],"wp:term":[{"taxonomy":"product_brand","embeddable":true,"href":"https:\/\/www.bjultrasonic.com\/fr\/wp-json\/wp\/v2\/product_brand?post=69870"},{"taxonomy":"product_cat","embeddable":true,"href":"https:\/\/www.bjultrasonic.com\/fr\/wp-json\/wp\/v2\/product_cat?post=69870"},{"taxonomy":"product_tag","embeddable":true,"href":"https:\/\/www.bjultrasonic.com\/fr\/wp-json\/wp\/v2\/product_tag?post=69870"}],"curies":[{"name":"wp","href":"https:\/\/api.w.org\/{rel}","templated":true}]}}