{"id":69910,"date":"2012-07-12T03:24:31","date_gmt":"2012-07-12T08:24:31","guid":{"rendered":"https:\/\/www.bjultrasonic.com\/shop\/ultrasonic-atomizing-transducer\/"},"modified":"2026-03-28T20:16:08","modified_gmt":"2026-03-29T01:16:08","slug":"ultrasonic-atomizing-transducer","status":"publish","type":"product","link":"https:\/\/www.bjultrasonic.com\/fr\/shop\/ultrasonic-atomizing-transducer\/","title":{"rendered":"Transducteur Pi\u00e9zo\u00e9lectrique Personnalis\u00e9 d&rsquo;Atomisation Ultrasonique"},"content":{"rendered":"<h3>Nous pouvons personnaliser l&rsquo;humidificateur \u00e0 brume par atomisation ultrasonique<\/h3>\n<table class=\"table table-striped table-bordered\">\n<tbody>\n<tr>\n<td>Type<\/td>\n<td>D\u00e9bit d&rsquo;atomisation<\/td>\n<td>Tension de fonctionnement<\/td>\n<td>Puissance<\/td>\n<td>Dimensions<\/td>\n<\/tr>\n<tr>\n<td>BJA-350<\/td>\n<td>\u2265350ML\/H<\/td>\n<td>24V<\/td>\n<td>18W<\/td>\n<td>Diam\u00e8tre 45mm ; Hauteur 27mm.<\/td>\n<\/tr>\n<tr>\n<td>BJA-900<\/td>\n<td>\u2265900ML\/H<\/td>\n<td>36V<\/td>\n<td>1.5A<\/td>\n<td>Diam\u00e8tre 68mm ; Hauteur 27mm.<\/td>\n<\/tr>\n<tr>\n<td>BJA-1500<\/td>\n<td>\u22651500ML\/H<\/td>\n<td>36V<\/td>\n<td>140w,4A<\/td>\n<td>Diam\u00e8tre 100mm ; Hauteur 27mm<\/td>\n<\/tr>\n<tr>\n<td>BJA-2000<\/td>\n<td>\u22652000ML\/H<\/td>\n<td>36V<\/td>\n<td>150W<\/td>\n<td>Longueur 154mm ; Largeur 88mm ; Hauteur 30mm.<\/td>\n<\/tr>\n<tr>\n<td>BJA-3000<\/td>\n<td>\u22653000ML\/H<\/td>\n<td>36V<\/td>\n<td>300W<\/td>\n<td>Longueur 254mm ; Largeur 88mm ; Hauteur 28mm.<\/td>\n<\/tr>\n<tr>\n<td>BJA-5000<\/td>\n<td>\u22655000ML\/H<\/td>\n<td>48V<\/td>\n<td>250W<\/td>\n<td>Longueur 254mm ; Largeur 88mm ; Hauteur 56mm<\/td>\n<\/tr>\n<\/tbody>\n<\/table>\n<p>Circuit d&rsquo;humidificateur ultrasonique pour n\u00e9buliseur ultrasonique, atomiseur ultrasonique et brumisateur ultrasonique. Le circuit d&rsquo;humidificateur ultrasonique transforme les liquides en particules semblables \u00e0 des nuages. Une membrane m\u00e9tallique vibrant \u00e0 une fr\u00e9quence ultrasonique cr\u00e9e des gouttelettes d&rsquo;eau qui sortent silencieusement du transducteur d&rsquo;atomisation ultrasonique sous forme d&rsquo;un brouillard frais.<\/p>\n<p><img loading=\"lazy\" decoding=\"async\" class=\"alignnone size-full wp-image-5003\" src=\"\/\/www.bjultrasonic.com\/wp-content\/uploads\/2012\/07\/Ultrasonic-Humidifier-Transducer.jpg\" alt=\"Transducteur d'humidificateur ultrasonique\" width=\"600\" height=\"359\" \/><\/p>\n<h3>Principales caract\u00e9ristiques du transducteur d&rsquo;atomisation ultrasonique<\/h3>\n<ul>\n<li>Faible imp\u00e9dance.<\/li>\n<li>Caract\u00e9ristiques de faible perte.<\/li>\n<li>Couvercle en cuivre avec peinture nickel.<\/li>\n<li>Fiable et durable.<\/li>\n<li>Facteur de qualit\u00e9 m\u00e9canique \u00e9lev\u00e9.<\/li>\n<li>Conception sp\u00e9ciale, facilitant le remplacement de la c\u00e9ramique pi\u00e9zo\u00e9lectrique.<\/li>\n<\/ul>\n<h3>Vid\u00e9os d&rsquo;atomiseur ultrasonique<\/h3>\n<p><iframe loading=\"lazy\" title=\"Ultrasonic Humidifier\" width=\"500\" height=\"281\" src=\"https:\/\/www.youtube.com\/embed\/videoseries?list=PLLrjMYkO0_NEpofnqW3MnsGQ-KMwpBJul\" frameborder=\"0\" allow=\"accelerometer; autoplay; clipboard-write; encrypted-media; gyroscope; picture-in-picture; web-share\" referrerpolicy=\"strict-origin-when-cross-origin\" allowfullscreen><\/iframe><\/p>\n<h3>Paiement<\/h3>\n<p>Nous acceptons actuellement Paypal, virement bancaire (T\/T) et Western Union.<\/p>\n<h3 class=\"shipping-methods\">Exp\u00e9dition<\/h3>\n<p>Les marchandises seront exp\u00e9di\u00e9es dans les 48 heures suivant la r\u00e9ception du paiement int\u00e9gral.<\/p>\n<ul>\n<li>Nous exp\u00e9dions les marchandises \u00e0 l&rsquo;adresse indiqu\u00e9e dans le paiement PayPal. Veuillez vous assurer que l&rsquo;adresse dans PayPal est correcte.<\/li>\n<li>Nous vous donnerons le num\u00e9ro de suivi apr\u00e8s l&rsquo;envoi des marchandises ; en g\u00e9n\u00e9ral, vous recevrez les marchandises dans les cinq jours.<\/li>\n<li>Si vous avez des questions, veuillez nous contacter par e-mail (notre adresse e-mail est <a href=\"mailto:support@bjultrasonic.com\">support@bjultrasonic.com<\/a>)<\/li>\n<\/ul>\n<h3>Garantie produit<\/h3>\n<p>La p\u00e9riode de garantie du produit est d&rsquo;un an. Pendant la p\u00e9riode de garantie, les produits achet\u00e9s peuvent b\u00e9n\u00e9ficier d&rsquo;une maintenance ou d&rsquo;un \u00e9change gratuit.<\/p>\n","protected":false},"excerpt":{"rendered":"<p><a href=\"https:\/\/www.bjultrasonic.com\/fr\/category\/ultrasonic-atomizer-fr\/\">Humidificateur \u00e0 ultrasons<\/a> utilise l&rsquo;\u00e9nergie ultrasonique pour transformer les liquides en particules semblables \u00e0 des nuages. Le humidificateur \u00e0 ultrasons est \u00e9galement appel\u00e9 <a href=\"https:\/\/www.bjultrasonic.com\/fr\/shop\/ultrasonic-atomizing-transducer\/\">atomiseur \u00e0 ultrasons<\/a>, g\u00e9n\u00e9rateur de brume \u00e0 ultrasons, brumisateur \u00e0 ultrasons.<\/p>\n","protected":false},"featured_media":19517,"comment_status":"open","ping_status":"closed","template":"","meta":[],"product_brand":[],"product_cat":[6193],"product_tag":[],"class_list":{"0":"post-69910","1":"product","2":"type-product","3":"status-publish","4":"has-post-thumbnail","6":"product_cat-ultrasonic-atomizer-fr","8":"first","9":"instock","10":"featured","11":"shipping-taxable","12":"product-type-external","13":"prodpage-classic"},"aioseo_notices":[],"_links":{"self":[{"href":"https:\/\/www.bjultrasonic.com\/fr\/wp-json\/wp\/v2\/product\/69910","targetHints":{"allow":["GET"]}}],"collection":[{"href":"https:\/\/www.bjultrasonic.com\/fr\/wp-json\/wp\/v2\/product"}],"about":[{"href":"https:\/\/www.bjultrasonic.com\/fr\/wp-json\/wp\/v2\/types\/product"}],"replies":[{"embeddable":true,"href":"https:\/\/www.bjultrasonic.com\/fr\/wp-json\/wp\/v2\/comments?post=69910"}],"wp:featuredmedia":[{"embeddable":true,"href":"https:\/\/www.bjultrasonic.com\/fr\/wp-json\/wp\/v2\/media\/19517"}],"wp:attachment":[{"href":"https:\/\/www.bjultrasonic.com\/fr\/wp-json\/wp\/v2\/media?parent=69910"}],"wp:term":[{"taxonomy":"product_brand","embeddable":true,"href":"https:\/\/www.bjultrasonic.com\/fr\/wp-json\/wp\/v2\/product_brand?post=69910"},{"taxonomy":"product_cat","embeddable":true,"href":"https:\/\/www.bjultrasonic.com\/fr\/wp-json\/wp\/v2\/product_cat?post=69910"},{"taxonomy":"product_tag","embeddable":true,"href":"https:\/\/www.bjultrasonic.com\/fr\/wp-json\/wp\/v2\/product_tag?post=69910"}],"curies":[{"name":"wp","href":"https:\/\/api.w.org\/{rel}","templated":true}]}}