{"id":69930,"date":"2012-07-12T02:28:05","date_gmt":"2012-07-12T07:28:05","guid":{"rendered":"https:\/\/www.bjultrasonic.com\/shop\/ultrasonic-cell-disruptor\/"},"modified":"2026-03-28T20:15:36","modified_gmt":"2026-03-29T01:15:36","slug":"ultrasonic-cell-disruptor","status":"publish","type":"product","link":"https:\/\/www.bjultrasonic.com\/fr\/shop\/ultrasonic-cell-disruptor\/","title":{"rendered":"Homog\u00e9n\u00e9isateurs \u00e0 Ultrasons"},"content":{"rendered":"<p>Le destructeur de cellules \u00e0 ultrasons (processeur de liquide \u00e0 ultrasons, homog\u00e9n\u00e9isateur biologique \u00e0 ultrasons) peut d\u00e9sint\u00e9grer la plupart des cellules, bact\u00e9ries, spores ou tissus.<\/p>\n<h2>Sp\u00e9cifications du Destructeur de Cellules \u00e0 Ultrasons<\/h2>\n<table class=\"table table-striped table-bordered\">\n<tbody>\n<tr>\n<td valign=\"top\" width=\"158\">TYPE<\/td>\n<td valign=\"top\" width=\"145\">Fr\u00e9quence (Khz)<\/td>\n<td valign=\"top\" width=\"136\">Puissance (W)<\/td>\n<\/tr>\n<tr>\n<td valign=\"top\" width=\"158\"><a href=\"https:\/\/www.bjultrasonic.com\/fr\/shop\/biologics-ultrasonic-homogenizer-bjed-20100\/\">BJED-20100<\/a><\/td>\n<td valign=\"top\" width=\"145\">20<\/td>\n<td valign=\"top\" width=\"136\">100<\/td>\n<\/tr>\n<tr>\n<td valign=\"top\" width=\"158\"><a href=\"https:\/\/www.bjultrasonic.com\/fr\/shop\/biologics-ultrasonic-homogenizer-bjed-20150\/\">BJED-20150<\/a><\/td>\n<td valign=\"top\" width=\"145\">20<\/td>\n<td valign=\"top\" width=\"136\">150<\/td>\n<\/tr>\n<tr>\n<td valign=\"top\" width=\"158\"><a href=\"https:\/\/www.bjultrasonic.com\/fr\/shop\/biologics-ultrasonic-homogenizer-bjed-20250\/\">BJED-20250<\/a><\/td>\n<td valign=\"top\" width=\"145\">20<\/td>\n<td valign=\"top\" width=\"136\">250<\/td>\n<\/tr>\n<tr>\n<td valign=\"top\" width=\"158\"><a href=\"https:\/\/www.bjultrasonic.com\/fr\/shop\/biologics-ultrasonic-homogenizer-bjed-20500\/\">BJED-20500<\/a><\/td>\n<td valign=\"top\" width=\"145\">20<\/td>\n<td valign=\"top\" width=\"136\">500<\/td>\n<\/tr>\n<tr>\n<td valign=\"top\" width=\"158\"><a href=\"https:\/\/www.bjultrasonic.com\/fr\/shop\/biologics-ultrasonic-homogenizer-bjed-20800\/\">BJED-20800<\/a><\/td>\n<td valign=\"top\" width=\"145\">20<\/td>\n<td valign=\"top\" width=\"136\">800<\/td>\n<\/tr>\n<tr>\n<td valign=\"top\" width=\"158\"><a href=\"https:\/\/www.bjultrasonic.com\/fr\/shop\/biologics-ultrasonic-homogenizer-bjed-20950\/\">BJED-20950<\/a><\/td>\n<td valign=\"top\" width=\"145\">20<\/td>\n<td valign=\"top\" width=\"136\">950<\/td>\n<\/tr>\n<tr>\n<td valign=\"top\" width=\"158\"><a href=\"https:\/\/www.bjultrasonic.com\/fr\/shop\/biologics-ultrasonic-homogenizer-bjed-201200\/\">BJED-201200<\/a><\/td>\n<td valign=\"top\" width=\"145\">20<\/td>\n<td valign=\"top\" width=\"136\">1200<\/td>\n<\/tr>\n<\/tbody>\n<\/table>\n<h3>Application typique du Destructeur de Cellules \u00e0 Ultrasons<\/h3>\n<ul>\n<li>Utilis\u00e9 pour la rupture de nombreux types de cellules animales et v\u00e9g\u00e9tales, de cellules virales.<\/li>\n<li>\u00c9mulsification, s\u00e9paration, fusion, extraction, mac\u00e9ration, lavage et acc\u00e9l\u00e9ration des r\u00e9actions chimiques, etc.<\/li>\n<li>Largement utilis\u00e9 dans des domaines tels que la biochimie, la microbiologie, la chimie m\u00e9dicale, la chimie de surface, la physique, la zoologie, etc.<\/li>\n<\/ul>\n<h3>Vid\u00e9o du Destructeur de Cellules \u00e0 Ultrasons<\/h3>\n<p><iframe loading=\"lazy\" title=\"Ultrasonic Processor | Biologics Ultrasonic Homogenizer\" width=\"500\" height=\"375\" src=\"https:\/\/www.youtube.com\/embed\/T0snVNfFYIs?feature=oembed\" frameborder=\"0\" allow=\"accelerometer; autoplay; clipboard-write; encrypted-media; gyroscope; picture-in-picture; web-share\" referrerpolicy=\"strict-origin-when-cross-origin\" allowfullscreen><\/iframe><\/p>\n<h3>Fonctions principales du Destructeur de Cellules \u00e0 Ultrasons<\/h3>\n<ul>\n<li>Suivi automatique de la fr\u00e9quence.<\/li>\n<li>Compensation automatique de l&rsquo;amplitude de sortie.<\/li>\n<li>Poss\u00e8de un r\u00e9glage de s\u00e9curit\u00e9 de la puissance de sortie, afin d&rsquo;\u00e9viter les dommages aux transformateurs ultrasoniques.<\/li>\n<li>Amplitude de sortie r\u00e9glable de 0 \u00e0 100, fonctionnement facile, intuitif et efficace.<\/li>\n<li>Deux modes de travail : impulsion intermittente et sortie continue.<\/li>\n<li>Interface de contr\u00f4le externe, pour une utilisation avanc\u00e9e pratique.<\/li>\n<li>Commutateur \u00e0 p\u00e9dale externe ind\u00e9pendant, pour une op\u00e9ration directe.<\/li>\n<\/ul>\n<h3>Paiement<\/h3>\n<p>Nous acceptons actuellement PayPal, virement bancaire (T\/T) et Western Union.<\/p>\n<h3 class=\"shipping-methods\">Exp\u00e9dition<\/h3>\n<p>Les marchandises seront exp\u00e9di\u00e9es dans les 48 heures suivant la r\u00e9ception du paiement complet.<\/p>\n<ul>\n<li>Nous exp\u00e9dions les marchandises \u00e0 l&rsquo;adresse indiqu\u00e9e dans le paiement PayPal. Veuillez vous assurer que l&rsquo;adresse dans PayPal est correcte.<\/li>\n<li>Nous vous donnerons le num\u00e9ro de suivi apr\u00e8s l&rsquo;exp\u00e9dition des marchandises ; en g\u00e9n\u00e9ral, vous recevrez les marchandises dans les cinq jours.<\/li>\n<li>Si vous avez des questions, veuillez nous contacter par email (notre adresse email est <a href=\"mailto:support@bjultrasonic.com\">support@bjultrasonic.com<\/a>).<\/li>\n<\/ul>\n<h3>Garantie du Produit<\/h3>\n<p>La p\u00e9riode de garantie du produit est d&rsquo;un an. Pendant la p\u00e9riode de garantie, les produits achet\u00e9s peuvent b\u00e9n\u00e9ficier d&rsquo;une maintenance gratuite ou d&rsquo;un \u00e9change.<\/p>\n","protected":false},"excerpt":{"rendered":"<p>Les homog\u00e9n\u00e9isateurs ultrasoniques, les disrupteurs cellulaires ultrasoniques ou les sonicateurs am\u00e9liorent l&rsquo;uniformit\u00e9 et la stabilit\u00e9 globales des m\u00e9langes en r\u00e9duisant la taille des particules dans les liquides. Ils sont efficaces pour le cisaillement de l&rsquo;ADN\/ARN, l&rsquo;homog\u00e9n\u00e9isation, la lyse cellulaire, la dispersion de nanoparticules, l&rsquo;extraction de prot\u00e9ines et la pr\u00e9paration g\u00e9n\u00e9rale d&rsquo;\u00e9chantillons.<\/p>\n","protected":false},"featured_media":5355,"comment_status":"open","ping_status":"closed","template":"","meta":[],"product_brand":[],"product_cat":[6305,6246],"product_tag":[],"class_list":{"0":"post-69930","1":"product","2":"type-product","3":"status-publish","4":"has-post-thumbnail","6":"product_cat-cell-fr","7":"product_cat-ultrasonic-processors-fr","9":"first","10":"instock","11":"featured","12":"shipping-taxable","13":"product-type-external","14":"prodpage-classic"},"aioseo_notices":[],"_links":{"self":[{"href":"https:\/\/www.bjultrasonic.com\/fr\/wp-json\/wp\/v2\/product\/69930","targetHints":{"allow":["GET"]}}],"collection":[{"href":"https:\/\/www.bjultrasonic.com\/fr\/wp-json\/wp\/v2\/product"}],"about":[{"href":"https:\/\/www.bjultrasonic.com\/fr\/wp-json\/wp\/v2\/types\/product"}],"replies":[{"embeddable":true,"href":"https:\/\/www.bjultrasonic.com\/fr\/wp-json\/wp\/v2\/comments?post=69930"}],"wp:featuredmedia":[{"embeddable":true,"href":"https:\/\/www.bjultrasonic.com\/fr\/wp-json\/wp\/v2\/media\/5355"}],"wp:attachment":[{"href":"https:\/\/www.bjultrasonic.com\/fr\/wp-json\/wp\/v2\/media?parent=69930"}],"wp:term":[{"taxonomy":"product_brand","embeddable":true,"href":"https:\/\/www.bjultrasonic.com\/fr\/wp-json\/wp\/v2\/product_brand?post=69930"},{"taxonomy":"product_cat","embeddable":true,"href":"https:\/\/www.bjultrasonic.com\/fr\/wp-json\/wp\/v2\/product_cat?post=69930"},{"taxonomy":"product_tag","embeddable":true,"href":"https:\/\/www.bjultrasonic.com\/fr\/wp-json\/wp\/v2\/product_tag?post=69930"}],"curies":[{"name":"wp","href":"https:\/\/api.w.org\/{rel}","templated":true}]}}