{"id":69990,"date":"2012-05-28T22:35:02","date_gmt":"2012-05-29T03:35:02","guid":{"rendered":"https:\/\/www.bjultrasonic.com\/shop\/80khz-ultrasonic-generator\/"},"modified":"2026-03-28T20:15:05","modified_gmt":"2026-03-29T01:15:05","slug":"80khz-ultrasonic-generator","status":"publish","type":"product","link":"https:\/\/www.bjultrasonic.com\/fr\/shop\/80khz-ultrasonic-generator\/","title":{"rendered":"Au-dessus de 50 kHz 600W G\u00e9n\u00e9rateur Ultrasonique Num\u00e9rique"},"content":{"rendered":"<h3>Pour livrer les marchandises \u00e0 temps :<\/h3>\n<ul>\n<li>Lors de la commande, veuillez nous indiquer la tension (220v ou 120v) et la fr\u00e9quence dont vous avez besoin.<\/li>\n<li>Veuillez nous fournir l&rsquo;adresse de livraison en d\u00e9tail, incluant l&rsquo;adresse, le code postal et le num\u00e9ro de t\u00e9l\u00e9phone.<\/li>\n<li>Si le poids de votre commande d\u00e9passe 21 kg, veuillez nous contacter pour obtenir le tarif de fret \u00e9conomique.<\/li>\n<\/ul>\n<h3>Remarques<\/h3>\n<ul>\n<li>Les <a href=\"https:\/\/www.bjultrasonic.com\/fr\/category\/ultrasonic-generator-fr\/\">G\u00e9n\u00e9rateurs Ultrasoniques<\/a> sont des produits sur mesure. Pour le prix, veuillez <a href=\"https:\/\/www.bjultrasonic.com\/contact\/\">contacter notre repr\u00e9sentant commercial<\/a>. Nous vous r\u00e9pondrons rapidement.<\/li>\n<li>Nous pouvons concevoir et personnaliser divers g\u00e9n\u00e9rateurs ultrasoniques en fonction de la <strong>fr\u00e9quence<\/strong> et de la <strong>tension<\/strong>.<\/li>\n<\/ul>\n<p><img loading=\"lazy\" decoding=\"async\" class=\"alignnone wp-image-5021\" title=\"G\u00e9n\u00e9rateur de Signaux Ultrasoniques\" src=\"https:\/\/www.bjultrasonic.com\/wp-content\/uploads\/2012\/05\/Ultrasonic-Signal-Generator.jpg\" alt=\"G\u00e9n\u00e9rateur de Signaux Ultrasoniques\" width=\"600\" height=\"450\" \/><\/p>\n<h3>Structure Interne du G\u00e9n\u00e9rateur Ultrasonique Num\u00e9rique<\/h3>\n<p><img loading=\"lazy\" decoding=\"async\" src=\"https:\/\/www.bjultrasonic.com\/wp-content\/uploads\/2018\/07\/Internal-Structure-Of-Digital-Ultrasonic-Generator.png\" alt=\"Structure Interne du G\u00e9n\u00e9rateur Ultrasonique Num\u00e9rique\" width=\"650\" height=\"578\" \/><\/p>\n<h3>Pour livrer les marchandises \u00e0 temps :<\/h3>\n<ul>\n<li>Lors de la commande, veuillez nous indiquer la tension (220v ou 120v) et la fr\u00e9quence dont vous avez besoin.<\/li>\n<li>Veuillez nous fournir l&rsquo;adresse de livraison en d\u00e9tail, incluant l&rsquo;adresse, le code postal et le num\u00e9ro de t\u00e9l\u00e9phone.<\/li>\n<li>Si le poids de votre commande d\u00e9passe 21 kg, veuillez nous contacter pour obtenir le tarif de fret \u00e9conomique.<\/li>\n<\/ul>\n<p>Le g\u00e9n\u00e9rateur ultrasonique est une partie indispensable de la <a href=\"https:\/\/www.bjultrasonic.com\/fr\/category\/ultrasonic-cleaning-system-fr\/\">machine de nettoyage ultrasonique<\/a>. La qualit\u00e9 du g\u00e9n\u00e9rateur ultrasonique d\u00e9termine directement l&rsquo;effet de nettoyage du syst\u00e8me. Les g\u00e9n\u00e9rateurs ultrasoniques num\u00e9riques sont d\u00e9velopp\u00e9s ind\u00e9pendamment par Beijing Ultrasonic.<\/p>\n<h3>Caract\u00e9ristiques typiques du G\u00e9n\u00e9rateur Ultrasonique<\/h3>\n<ul>\n<li>Contr\u00f4le de programmation par bouton-poussoir avec affichage num\u00e9rique des param\u00e8tres, nous pouvons voir l&rsquo;\u00e9tat de fonctionnement sur le panneau d&rsquo;affichage (tels que la fr\u00e9quence de travail, le courant de travail).<\/li>\n<li>Adoption de la technologie de contr\u00f4le num\u00e9rique, conception de circuit parfaite, stabilit\u00e9 de la sortie de puissance.<\/li>\n<li>Protection contre les surintensit\u00e9s, la surchauffe et les surtensions.<\/li>\n<li>Circuits haute et basse tension compl\u00e8tement s\u00e9par\u00e9s, s\u00e9curit\u00e9 op\u00e9rationnelle.<\/li>\n<li>La puissance ultrasonique, le minuteur et la fr\u00e9quence peuvent \u00eatre ajust\u00e9s selon les besoins pour r\u00e9pondre au nettoyage de diff\u00e9rents produits.<br \/>\n(Contr\u00f4le du temps : 0-59&rsquo;59\u00a0\u00bb)<br \/>\n(Gamme de contr\u00f4le de puissance : 0-100%)<\/li>\n<li>Syst\u00e8me de refroidissement efficace.<\/li>\n<li>Fonction de balayage de fr\u00e9quence.<\/li>\n<\/ul>\n<h3>Vid\u00e9o du G\u00e9n\u00e9rateur de Fr\u00e9quence Ultrasonique | G\u00e9n\u00e9rateur de Signaux Ultrasoniques | G\u00e9n\u00e9rateur d&rsquo;Ondes Ultrasoniques<\/h3>\n<p><iframe loading=\"lazy\" title=\"Ultrasonic Signal Generator Circuit - Beijing Ultrasonic\" width=\"500\" height=\"281\" src=\"https:\/\/www.youtube.com\/embed\/A9JdQN5e5G8?feature=oembed\" frameborder=\"0\" allow=\"accelerometer; autoplay; clipboard-write; encrypted-media; gyroscope; picture-in-picture; web-share\" referrerpolicy=\"strict-origin-when-cross-origin\" allowfullscreen><\/iframe><\/p>\n<h3>Sch\u00e9ma du G\u00e9n\u00e9rateur Ultrasonique<\/h3>\n<div id=\"attachment_1253\" style=\"width: 640px\" class=\"wp-caption alignnone\"><a href=\"https:\/\/www.bjultrasonic.com\/wp-content\/uploads\/2012\/07\/Ultrasonic-Generator-Schematic.jpg\" data-lightbox=\"image\"><img loading=\"lazy\" decoding=\"async\" aria-describedby=\"caption-attachment-1253\" title=\"Sch\u00e9ma du G\u00e9n\u00e9rateur Ultrasonique\" src=\"\/\/www.bjultrasonic.com\/wp-content\/uploads\/2012\/07\/Ultrasonic-Generator-Schematic.jpg\" alt=\"Sch\u00e9ma du G\u00e9n\u00e9rateur Ultrasonique\" width=\"630\" height=\"266\" \/><\/a><p id=\"caption-attachment-1253\" class=\"wp-caption-text\">Sch\u00e9ma du G\u00e9n\u00e9rateur Ultrasonique<\/p><\/div>\n","protected":false},"excerpt":{"rendered":"<p>G\u00e9n\u00e9rateur ultrasonique num\u00e9rique <a href=\"https:\/\/www.bjultrasonic.com\/fr\/category\/ultrasonic-generator-fr\/\">g\u00e9n\u00e9rateur ultrasonique<\/a>, \u00e9galement appel\u00e9 kit de g\u00e9n\u00e9rateur ultrasonique, adopte la technologie avanc\u00e9e de contr\u00f4le par micro-ordinateur et une nouvelle g\u00e9om\u00e9trie de circuit, vous permettant de r\u00e9gler la fr\u00e9quence ultrasonique, la minuterie et la puissance selon vos besoins.<\/p>\n","protected":false},"featured_media":19242,"comment_status":"open","ping_status":"closed","template":"","meta":[],"product_brand":[],"product_cat":[6051],"product_tag":[],"class_list":{"0":"post-69990","1":"product","2":"type-product","3":"status-publish","4":"has-post-thumbnail","6":"product_cat-ultrasonic-digital-generator-fr","8":"first","9":"instock","10":"shipping-taxable","11":"purchasable","12":"product-type-simple","13":"prodpage-classic"},"aioseo_notices":[],"_links":{"self":[{"href":"https:\/\/www.bjultrasonic.com\/fr\/wp-json\/wp\/v2\/product\/69990","targetHints":{"allow":["GET"]}}],"collection":[{"href":"https:\/\/www.bjultrasonic.com\/fr\/wp-json\/wp\/v2\/product"}],"about":[{"href":"https:\/\/www.bjultrasonic.com\/fr\/wp-json\/wp\/v2\/types\/product"}],"replies":[{"embeddable":true,"href":"https:\/\/www.bjultrasonic.com\/fr\/wp-json\/wp\/v2\/comments?post=69990"}],"wp:featuredmedia":[{"embeddable":true,"href":"https:\/\/www.bjultrasonic.com\/fr\/wp-json\/wp\/v2\/media\/19242"}],"wp:attachment":[{"href":"https:\/\/www.bjultrasonic.com\/fr\/wp-json\/wp\/v2\/media?parent=69990"}],"wp:term":[{"taxonomy":"product_brand","embeddable":true,"href":"https:\/\/www.bjultrasonic.com\/fr\/wp-json\/wp\/v2\/product_brand?post=69990"},{"taxonomy":"product_cat","embeddable":true,"href":"https:\/\/www.bjultrasonic.com\/fr\/wp-json\/wp\/v2\/product_cat?post=69990"},{"taxonomy":"product_tag","embeddable":true,"href":"https:\/\/www.bjultrasonic.com\/fr\/wp-json\/wp\/v2\/product_tag?post=69990"}],"curies":[{"name":"wp","href":"https:\/\/api.w.org\/{rel}","templated":true}]}}