{"id":70050,"date":"2012-05-28T22:23:33","date_gmt":"2012-05-29T03:23:33","guid":{"rendered":"https:\/\/www.bjultrasonic.com\/shop\/2000w-ultrasonic-generator\/"},"modified":"2026-03-28T20:14:36","modified_gmt":"2026-03-29T01:14:36","slug":"2000w-ultrasonic-generator","status":"publish","type":"product","link":"https:\/\/www.bjultrasonic.com\/fr\/shop\/2000w-ultrasonic-generator\/","title":{"rendered":"G\u00e9n\u00e9rateur ultrasonique num\u00e9rique 2000W sous 45 kHz"},"content":{"rendered":"<h3>Pour une livraison dans les d\u00e9lais :<\/h3>\n<ul>\n<li>Lors de la commande, veuillez nous indiquer la tension (220v ou 120v) et la fr\u00e9quence n\u00e9cessaires.<\/li>\n<li>Veuillez nous fournir une adresse de livraison d\u00e9taill\u00e9e, incluant l&rsquo;adresse, le code postal et le num\u00e9ro de t\u00e9l\u00e9phone.<\/li>\n<li>Si le poids de votre commande d\u00e9passe 21 kg, veuillez nous contacter pour obtenir un tarif de fret \u00e9conomique.<\/li>\n<\/ul>\n<h3>Remarques<\/h3>\n<ul>\n<li>Les <a href=\"https:\/\/www.bjultrasonic.com\/fr\/category\/ultrasonic-generator-fr\/\">g\u00e9n\u00e9rateurs ultrasoniques<\/a> sont des produits sur mesure. Pour le prix, veuillez <a href=\"https:\/\/www.bjultrasonic.com\/contact\/\">contacter notre repr\u00e9sentant commercial<\/a>. Nous vous r\u00e9pondrons rapidement.<\/li>\n<li>Nous pouvons concevoir et personnaliser divers g\u00e9n\u00e9rateurs ultrasoniques en fonction de la <strong>fr\u00e9quence<\/strong> et de la <strong>tension<\/strong>.<\/li>\n<\/ul>\n<p><img loading=\"lazy\" decoding=\"async\" class=\"alignnone wp-image-5021\" title=\"G\u00e9n\u00e9rateur de signaux ultrasoniques\" src=\"https:\/\/www.bjultrasonic.com\/wp-content\/uploads\/2012\/05\/Ultrasonic-Signal-Generator.jpg\" alt=\"G\u00e9n\u00e9rateur de signaux ultrasoniques\" width=\"600\" height=\"450\" \/><\/p>\n<h3>Structure interne du g\u00e9n\u00e9rateur ultrasonique num\u00e9rique<\/h3>\n<p><img loading=\"lazy\" decoding=\"async\" src=\"https:\/\/www.bjultrasonic.com\/wp-content\/uploads\/2018\/07\/Internal-Structure-Of-Digital-Ultrasonic-Generator.png\" alt=\"Structure interne du g\u00e9n\u00e9rateur ultrasonique num\u00e9rique\" width=\"650\" height=\"578\" \/><\/p>\n<h3>Principaux param\u00e8tres techniques du g\u00e9n\u00e9rateur ultrasonique 2000W<\/h3>\n<ul>\n<li><strong>Dimensions<\/strong> : 300mm * 360mm * 160mm (L*l*H)<\/li>\n<li><strong>Courant de travail<\/strong> : 7A<\/li>\n<li><strong>Tension de travail<\/strong> : 200V-240V\/50HZ, 100V-120V\/60HZ<\/li>\n<li><strong>Fr\u00e9quence<\/strong> : de 20 kHz \u00e0 40 kHz (par exemple, 20 kHz, 25 kHz, 28 kHz, 30 kHz, 33 kHz, 40 kHz)<\/li>\n<\/ul>\n<p>Le g\u00e9n\u00e9rateur ultrasonique est un \u00e9l\u00e9ment indispensable de la <a href=\"https:\/\/www.bjultrasonic.com\/fr\/category\/ultrasonic-cleaning-system-fr\/\">machine de nettoyage ultrasonique<\/a>. La qualit\u00e9 du g\u00e9n\u00e9rateur ultrasonique d\u00e9termine directement l&rsquo;efficacit\u00e9 du nettoyage du syst\u00e8me ultrasonique. Les g\u00e9n\u00e9rateurs ultrasoniques num\u00e9riques sont d\u00e9velopp\u00e9s ind\u00e9pendamment par Beijing Ultrasonic.<\/p>\n<h3>Caract\u00e9ristiques typiques du g\u00e9n\u00e9rateur ultrasonique<\/h3>\n<ul>\n<li>Programmation par boutons avec affichage num\u00e9rique des param\u00e8tres, permettant de visualiser les conditions de travail sur le panneau (telles que la fr\u00e9quence de travail, le courant de travail).<\/li>\n<li>Adoption de la technologie de contr\u00f4le num\u00e9rique, conception de circuit optimale, stabilit\u00e9 de la puissance de sortie.<\/li>\n<li>Protection contre les surintensit\u00e9s, la surchauffe et les surtensions.<\/li>\n<li>S\u00e9paration compl\u00e8te des circuits haute et basse tension, s\u00e9curit\u00e9 op\u00e9rationnelle.<\/li>\n<li>La puissance ultrasonique, la minuterie et la fr\u00e9quence peuvent \u00eatre ajust\u00e9es selon les besoins pour s&rsquo;adapter au nettoyage de diff\u00e9rents produits.<br \/>\n(Contr\u00f4le du temps : 0-59&rsquo;59\u00a0\u00bb)<br \/>\n(Plage de contr\u00f4le de la puissance : 0-100%)<\/li>\n<li>Syst\u00e8me de refroidissement efficace.<\/li>\n<li>Fonction de balayage de fr\u00e9quence.<\/li>\n<\/ul>\n<h3>Vid\u00e9o : G\u00e9n\u00e9rateur de fr\u00e9quence ultrasonique | G\u00e9n\u00e9rateur de signaux ultrasoniques | G\u00e9n\u00e9rateur d&rsquo;ondes ultrasoniques<\/h3>\n<p><iframe loading=\"lazy\" title=\"Ultrasonic Signal Generator Circuit - Beijing Ultrasonic\" width=\"500\" height=\"281\" src=\"https:\/\/www.youtube.com\/embed\/A9JdQN5e5G8?feature=oembed\" frameborder=\"0\" allow=\"accelerometer; autoplay; clipboard-write; encrypted-media; gyroscope; picture-in-picture; web-share\" referrerpolicy=\"strict-origin-when-cross-origin\" allowfullscreen><\/iframe><\/p>\n<h3>Sch\u00e9ma du g\u00e9n\u00e9rateur ultrasonique<\/h3>\n<div id=\"attachment_1253\" style=\"width: 640px\" class=\"wp-caption alignnone\"><a href=\"https:\/\/www.bjultrasonic.com\/wp-content\/uploads\/2012\/07\/Ultrasonic-Generator-Schematic.jpg\" data-lightbox=\"image\"><img loading=\"lazy\" decoding=\"async\" aria-describedby=\"caption-attachment-1253\" title=\"Sch\u00e9ma du g\u00e9n\u00e9rateur ultrasonique\" src=\"\/\/www.bjultrasonic.com\/wp-content\/uploads\/2012\/07\/Ultrasonic-Generator-Schematic.jpg\" alt=\"Sch\u00e9ma du g\u00e9n\u00e9rateur ultrasonique\" width=\"630\" height=\"266\" \/><\/a><p id=\"caption-attachment-1253\" class=\"wp-caption-text\">Sch\u00e9ma du g\u00e9n\u00e9rateur ultrasonique<\/p><\/div>\n","protected":false},"excerpt":{"rendered":"<p>G\u00e9n\u00e9rateur <a href=\"https:\/\/www.bjultrasonic.com\/fr\/category\/ultrasonic-generator-fr\/\">ultrasonique<\/a> num\u00e9rique, \u00e9galement appel\u00e9 kit g\u00e9n\u00e9rateur ultrasonique, adopte la technologie de contr\u00f4le par micro-ordinateur avanc\u00e9e et une nouvelle g\u00e9om\u00e9trie de circuit, vous permettant d&rsquo;ajuster la fr\u00e9quence ultrasonique, la minuterie et la puissance selon vos besoins.<\/p>\n","protected":false},"featured_media":19245,"comment_status":"open","ping_status":"closed","template":"","meta":[],"product_brand":[],"product_cat":[6051],"product_tag":[],"class_list":{"0":"post-70050","1":"product","2":"type-product","3":"status-publish","4":"has-post-thumbnail","6":"product_cat-ultrasonic-digital-generator-fr","8":"first","9":"instock","10":"shipping-taxable","11":"purchasable","12":"product-type-simple","13":"prodpage-classic"},"aioseo_notices":[],"_links":{"self":[{"href":"https:\/\/www.bjultrasonic.com\/fr\/wp-json\/wp\/v2\/product\/70050","targetHints":{"allow":["GET"]}}],"collection":[{"href":"https:\/\/www.bjultrasonic.com\/fr\/wp-json\/wp\/v2\/product"}],"about":[{"href":"https:\/\/www.bjultrasonic.com\/fr\/wp-json\/wp\/v2\/types\/product"}],"replies":[{"embeddable":true,"href":"https:\/\/www.bjultrasonic.com\/fr\/wp-json\/wp\/v2\/comments?post=70050"}],"wp:featuredmedia":[{"embeddable":true,"href":"https:\/\/www.bjultrasonic.com\/fr\/wp-json\/wp\/v2\/media\/19245"}],"wp:attachment":[{"href":"https:\/\/www.bjultrasonic.com\/fr\/wp-json\/wp\/v2\/media?parent=70050"}],"wp:term":[{"taxonomy":"product_brand","embeddable":true,"href":"https:\/\/www.bjultrasonic.com\/fr\/wp-json\/wp\/v2\/product_brand?post=70050"},{"taxonomy":"product_cat","embeddable":true,"href":"https:\/\/www.bjultrasonic.com\/fr\/wp-json\/wp\/v2\/product_cat?post=70050"},{"taxonomy":"product_tag","embeddable":true,"href":"https:\/\/www.bjultrasonic.com\/fr\/wp-json\/wp\/v2\/product_tag?post=70050"}],"curies":[{"name":"wp","href":"https:\/\/api.w.org\/{rel}","templated":true}]}}