{"id":70210,"date":"2012-04-30T02:56:43","date_gmt":"2012-04-30T07:56:43","guid":{"rendered":"https:\/\/www.bjultrasonic.com\/shop\/13l-digital-ultrasonic-cleaner-with-timer\/"},"modified":"2026-03-28T20:13:13","modified_gmt":"2026-03-29T01:13:13","slug":"13l-digital-ultrasonic-cleaner-with-timer","status":"publish","type":"product","link":"https:\/\/www.bjultrasonic.com\/fr\/shop\/13l-digital-ultrasonic-cleaner-with-timer\/","title":{"rendered":"Nettoyeur Ultrasonique Num\u00e9rique 13L avec Minuterie"},"content":{"rendered":"<h2>Sp\u00e9cifications du Nettoyeur Ultrasonique Num\u00e9rique 13L avec Minuterie<\/h2>\n<table class=\"table table-striped table-bordered\"   id=\"wp-table-reloaded-id-94-no-1\">\n<tbody>\n<tr>\n<td>Type<\/td>\n<td>BJUCDT13<\/td>\n<\/tr>\n<tr>\n<td>Capacit\u00e9 du r\u00e9servoir<\/td>\n<td>13L<\/td>\n<\/tr>\n<tr>\n<td>Puissance<\/td>\n<td>360W<\/td>\n<\/tr>\n<tr>\n<td>Fr\u00e9quence<\/td>\n<td>40khz<\/td>\n<\/tr>\n<tr>\n<td>Dimensions du r\u00e9servoir (mm)<\/td>\n<td>355*325*150(L*l*H)<\/td>\n<\/tr>\n<tr>\n<td>Dimensions de la machine (mm)<\/td>\n<td>360*330*310(L*l*H)<\/td>\n<\/tr>\n<tr>\n<td>Tension<\/td>\n<td>110VAC\u2014240VAC<\/td>\n<\/tr>\n<tr>\n<td>Fonctions<\/td>\n<td>Minuterie (1-99 min),<\/td>\n<\/tr>\n<tr>\n<td>Panier<\/td>\n<td>Panier en acier inoxydable<\/td>\n<\/tr>\n<tr>\n<td>Poids unitaire<\/td>\n<td>11.2kg<\/td>\n<\/tr>\n<\/tbody>\n<\/table>\n<h3>Description du Nettoyeur Ultrasonique Num\u00e9rique<\/h3>\n<ul>\n<li>La machine de nettoyage ultrasonique enti\u00e8re est en structure tout acier inoxydable, esth\u00e9tique et pratique.<\/li>\n<li>Utilisation de transducteurs ultrasoniques \u00e0 Haute Q. Puissance \u00e9lev\u00e9e.<\/li>\n<li>Qualit\u00e9 \u00e9lev\u00e9e du processus de collage. Le transducteur ultrasonique est coll\u00e9 \u00e0 l&rsquo;aide de colle \u00e9poxy.<\/li>\n<li>Le temps peut \u00eatre ajust\u00e9 selon les besoins.<\/li>\n<\/ul>\n<h3>Vid\u00e9o du Nettoyeur Ultrasonique Num\u00e9rique avec Minuterie et Chauffage<\/h3>\n<p><iframe loading=\"lazy\" title=\"Digital Ultrasonic Cleaner with Timer and Heater\" width=\"500\" height=\"281\" src=\"https:\/\/www.youtube.com\/embed\/SdW_EZ2X140?feature=oembed\" frameborder=\"0\" allow=\"accelerometer; autoplay; clipboard-write; encrypted-media; gyroscope; picture-in-picture; web-share\" referrerpolicy=\"strict-origin-when-cross-origin\" allowfullscreen><\/iframe><\/p>\n<h3>\u00a0Application du Nettoyeur Ultrasonique<\/h3>\n<ul>\n<li><strong>Industrie m\u00e9canique<\/strong> : \u00e9limination de l&rsquo;huile anticorrosion ; Nettoyage des outils de mesure ; Nettoyage des pi\u00e8ces m\u00e9caniques, du moteur, du carburateur et des pi\u00e8ces automobiles ;<\/li>\n<li><strong>Industrie du traitement de surface<\/strong> : \u00e9limination de l&rsquo;huile et de la rouille avant placage ; Nettoyage avant placage ionique ; Traitement au phosphore ; D\u00e9crassage ; \u00c9limination de la calamine ; \u00c9limination des compos\u00e9s de polissage ; Traitement d&rsquo;activation de la surface m\u00e9tallique des pi\u00e8ces, etc.<\/li>\n<li><strong>Industrie des instruments<\/strong> : nettoyage de haute puret\u00e9 des pi\u00e8ces de pr\u00e9cision avant assemblage.<\/li>\n<li><strong>Industrie \u00e9lectronique<\/strong> : \u00e9limination de la colophonie sur les circuits imprim\u00e9s, des points de soudure ; Nettoyage des contacts haute tension et d&rsquo;autres composants m\u00e9caniques et \u00e9lectroniques, etc.<\/li>\n<li><strong>Industrie m\u00e9dicale<\/strong> : nettoyage et d\u00e9sinfection du mat\u00e9riel m\u00e9dical, st\u00e9rilisation, nettoyage des r\u00e9cipients d&rsquo;exp\u00e9rimentation, etc.<\/li>\n<li><strong>Industrie des semi-conducteurs<\/strong> : nettoyage de haute puret\u00e9 des plaquettes de semi-conducteurs.<\/li>\n<li><strong>Industrie horlog\u00e8re et joailli\u00e8re<\/strong> : \u00e9limination de l&rsquo;huile, de la salet\u00e9, de la couche d&rsquo;oxydation, des compos\u00e9s de polissage, etc.<\/li>\n<li><strong>Industrie chimique et biologique<\/strong> : Nettoyage des r\u00e9cipients d&rsquo;exp\u00e9rimentation.<\/li>\n<li>\u00a0<strong>Industrie optique<\/strong> : \u00e9limination de l&rsquo;huile sur les dispositifs optiques, de la sueur, des poussi\u00e8res, etc.<\/li>\n<li>\u00a0<strong>Industrie textile et de l&rsquo;impression<\/strong> : nettoyage des broches textiles, des fili\u00e8res, etc.<\/li>\n<li>\u00a0<strong>Industrie p\u00e9trochimique<\/strong> : nettoyage et d\u00e9sobstruction des tamis m\u00e9talliques, nettoyage des conteneurs chimiques, des vannes, etc.<\/li>\n<\/ul>\n<h3>Paiement<\/h3>\n<p>Nous acceptons actuellement Paypal, Virement Bancaire (T\/T) et Western Union.<\/p>\n<h3 class=\"shipping-methods\">Exp\u00e9dition<\/h3>\n<p>Les marchandises seront exp\u00e9di\u00e9es dans les 48 heures suivant la r\u00e9ception du paiement int\u00e9gral.<\/p>\n<ul>\n<li>Nous exp\u00e9dions les marchandises \u00e0 l&rsquo;adresse indiqu\u00e9e dans le paiement PayPal. Veuillez vous assurer que l&rsquo;adresse dans PayPal est correcte.<\/li>\n<li>Nous vous donnerons le num\u00e9ro de suivi apr\u00e8s l&rsquo;exp\u00e9dition des marchandises ; en g\u00e9n\u00e9ral, vous recevrez les marchandises dans les cinq jours.<\/li>\n<li>Si vous avez des questions, veuillez nous contacter par e-mail (notre adresse e-mail est <a href=\"mailto:support@bjultrasonic.com\">support@bjultrasonic.com<\/a>)<\/li>\n<\/ul>\n<h3>Garantie Produit<\/h3>\n<p>La p\u00e9riode de garantie du produit est d&rsquo;un an. Durant la p\u00e9riode de garantie, les produits achet\u00e9s peuvent b\u00e9n\u00e9ficier d&rsquo;une maintenance ou d&rsquo;un \u00e9change gratuit.<\/p>\n","protected":false},"excerpt":{"rendered":"<p><a href=\"https:\/\/www.bjultrasonic.com\/fr\/category\/ultrasonic-cleaning-system-fr\/digital-ultrasonic-cleaner-fr\/\">Les nettoyeurs ultrasoniques num\u00e9riques<\/a> sont largement utilis\u00e9s pour nettoyer les bijoux, montres, colliers, boucles d&rsquo;oreilles, bagues, bracelets, pi\u00e8ces de monnaie, bracelets de montre, lunettes, lunettes de soleil, accessoires pour lentilles de contact, dentiers, peignes, brosses \u00e0 dents, couverts et ainsi de suite.<\/p>\n","protected":false},"featured_media":1129,"comment_status":"open","ping_status":"closed","template":"","meta":[],"product_brand":[],"product_cat":[5839],"product_tag":[],"class_list":{"0":"post-70210","1":"product","2":"type-product","3":"status-publish","4":"has-post-thumbnail","6":"product_cat-digital-ultrasonic-cleaner-fr","8":"first","9":"outofstock","10":"shipping-taxable","11":"purchasable","12":"product-type-simple","13":"prodpage-classic"},"aioseo_notices":[],"_links":{"self":[{"href":"https:\/\/www.bjultrasonic.com\/fr\/wp-json\/wp\/v2\/product\/70210","targetHints":{"allow":["GET"]}}],"collection":[{"href":"https:\/\/www.bjultrasonic.com\/fr\/wp-json\/wp\/v2\/product"}],"about":[{"href":"https:\/\/www.bjultrasonic.com\/fr\/wp-json\/wp\/v2\/types\/product"}],"replies":[{"embeddable":true,"href":"https:\/\/www.bjultrasonic.com\/fr\/wp-json\/wp\/v2\/comments?post=70210"}],"wp:featuredmedia":[{"embeddable":true,"href":"https:\/\/www.bjultrasonic.com\/fr\/wp-json\/wp\/v2\/media\/1129"}],"wp:attachment":[{"href":"https:\/\/www.bjultrasonic.com\/fr\/wp-json\/wp\/v2\/media?parent=70210"}],"wp:term":[{"taxonomy":"product_brand","embeddable":true,"href":"https:\/\/www.bjultrasonic.com\/fr\/wp-json\/wp\/v2\/product_brand?post=70210"},{"taxonomy":"product_cat","embeddable":true,"href":"https:\/\/www.bjultrasonic.com\/fr\/wp-json\/wp\/v2\/product_cat?post=70210"},{"taxonomy":"product_tag","embeddable":true,"href":"https:\/\/www.bjultrasonic.com\/fr\/wp-json\/wp\/v2\/product_tag?post=70210"}],"curies":[{"name":"wp","href":"https:\/\/api.w.org\/{rel}","templated":true}]}}