{"id":70430,"date":"2012-04-30T02:15:44","date_gmt":"2012-04-30T07:15:44","guid":{"rendered":"https:\/\/www.bjultrasonic.com\/shop\/2l-digital-ultrasonic-cleaner-with-timer-and-heating\/"},"modified":"2026-03-28T20:10:56","modified_gmt":"2026-03-29T01:10:56","slug":"2l-digital-ultrasonic-cleaner-with-timer-and-heating","status":"publish","type":"product","link":"https:\/\/www.bjultrasonic.com\/fr\/shop\/2l-digital-ultrasonic-cleaner-with-timer-and-heating\/","title":{"rendered":"Nettoyeur Ultrasonique Num\u00e9rique 2L avec Minuterie et Chauffage"},"content":{"rendered":"<h2>Sp\u00e9cifications du Nettoyeur Ultrasonique Num\u00e9rique 2L avec Minuterie et Chauffage<\/h2>\n<table class=\"table table-striped table-bordered\"   id=\"wp-table-reloaded-id-83-no-1\">\n<tbody>\n<tr>\n<td>Type<\/td>\n<td>BJUCDTH2<\/td>\n<\/tr>\n<tr>\n<td>Capacit\u00e9 du r\u00e9servoir<\/td>\n<td>2L<\/td>\n<\/tr>\n<tr>\n<td>Puissance<\/td>\n<td>60W<\/td>\n<\/tr>\n<tr>\n<td>Fr\u00e9quence<\/td>\n<td>40khz<\/td>\n<\/tr>\n<tr>\n<td>Dimensions du r\u00e9servoir (mm)<\/td>\n<td>150*140*100(L*l*H)<\/td>\n<\/tr>\n<tr>\n<td>Dimensions de la machine (mm)<\/td>\n<td>190*170*220(L*l*H)<\/td>\n<\/tr>\n<tr>\n<td>Tension<\/td>\n<td>110VAC\u2014240VAC<\/td>\n<\/tr>\n<tr>\n<td>Fonctions<\/td>\n<td>Minuterie (1-99 min), Chauffage (0-80\u2103)<\/td>\n<\/tr>\n<tr>\n<td>Panier<\/td>\n<td>Panier en acier inoxydable<\/td>\n<\/tr>\n<tr>\n<td>Poids unitaire<\/td>\n<td>3.2kg<\/td>\n<\/tr>\n<\/tbody>\n<\/table>\n<h3>Description du Nettoyeur Ultrasonique Num\u00e9rique<\/h3>\n<ul>\n<li>La machine de nettoyage ultrasonique compl\u00e8te est enti\u00e8rement en structure en acier inoxydable, esth\u00e9tique et pratique.<\/li>\n<li>Utilisation d&rsquo;un transducteur ultrasonique \u00e0 haut facteur de qualit\u00e9 (High Q). Puissance \u00e9lev\u00e9e.<\/li>\n<li>Haute qualit\u00e9 du processus de collage. Le transducteur ultrasonique est coll\u00e9 \u00e0 l&rsquo;aide de colle \u00e9poxy.<\/li>\n<li>Chauffage efficace. Syst\u00e8me de contr\u00f4le num\u00e9rique et de temp\u00e9rature ind\u00e9pendant pour chaque cuve et dispositif de chauffage \u00e0 r\u00e9gulation automatique de la temp\u00e9rature.<\/li>\n<li>Le temps et le chauffage peuvent \u00eatre ajust\u00e9s selon les besoins.<\/li>\n<\/ul>\n<h3>Applications du Nettoyeur Ultrasonique<\/h3>\n<ul>\n<li><strong>Industrie M\u00e9canique<\/strong> : \u00e9limination de l&rsquo;huile de protection contre la rouille ; nettoyage d&rsquo;instruments de mesure ; nettoyage de pi\u00e8ces m\u00e9caniques, moteurs, carburateurs et pi\u00e8ces automobiles.<\/li>\n<li><strong>Industrie du Traitement de Surface<\/strong> : d\u00e9graissage avant placage, d\u00e9rouillage ; nettoyage avant d\u00e9p\u00f4t par pulv\u00e9risation cathodique (ion plating) ; traitement au phosphate ; d\u00e9calaminage ; \u00e9limination de la couche d&rsquo;oxyde ; \u00e9limination des compos\u00e9s de polissage ; traitement d&rsquo;activation de la surface m\u00e9tallique des pi\u00e8ces, etc.<\/li>\n<li><strong>Industrie de l&rsquo;Instrumentation<\/strong> : nettoyage \u00e0 haute propret\u00e9 de pi\u00e8ces de pr\u00e9cision avant assemblage.<\/li>\n<li><strong>Industrie \u00c9lectronique<\/strong> : \u00e9limination de la colophane sur les circuits imprim\u00e9s, des points de soudure ; nettoyage des contacts haute tension et autres composants m\u00e9caniques et \u00e9lectroniques, etc.<\/li>\n<li><strong>Industrie M\u00e9dicale<\/strong> : nettoyage et d\u00e9sinfection, st\u00e9rilisation du mat\u00e9riel m\u00e9dical, nettoyage de la verrerie de laboratoire, etc.<\/li>\n<li><strong>Industrie des Semi-conducteurs<\/strong> : nettoyage \u00e0 haute propret\u00e9 des plaquettes de semi-conducteurs.<\/li>\n<li><strong>Industrie Horlog\u00e8re et de la Joaillerie<\/strong> : \u00e9limination de l&rsquo;huile, de la salet\u00e9, des couches d&rsquo;oxydation, des compos\u00e9s de polissage, etc.<\/li>\n<li><strong>Industrie Chimique et Biologique<\/strong> : Nettoyage de la verrerie de laboratoire.<\/li>\n<li> <strong>Industrie Optique<\/strong> : d\u00e9graissage des dispositifs optiques, \u00e9limination de la sueur, de la poussi\u00e8re, etc.<\/li>\n<li> <strong>Industrie du Textile et de l&rsquo;Impression<\/strong> : nettoyage des broches textiles, des fili\u00e8res, etc.<\/li>\n<li> <strong>Industrie P\u00e9trochimique<\/strong> : nettoyage et d\u00e9sobstruction des tamis m\u00e9talliques, nettoyage des r\u00e9cipients chimiques, des vannes, etc.<\/li>\n<\/ul>\n<h3>Vid\u00e9o du Nettoyeur Ultrasonique Num\u00e9rique avec Minuterie et Chauffage<\/h3>\n<p><iframe loading=\"lazy\" title=\"Digital Ultrasonic Cleaner with Timer and Heater\" width=\"500\" height=\"281\" src=\"https:\/\/www.youtube.com\/embed\/SdW_EZ2X140?feature=oembed\" frameborder=\"0\" allow=\"accelerometer; autoplay; clipboard-write; encrypted-media; gyroscope; picture-in-picture; web-share\" referrerpolicy=\"strict-origin-when-cross-origin\" allowfullscreen><\/iframe><\/p>\n<h3>Paiement<\/h3>\n<p>Nous acceptons actuellement PayPal, Virement Bancaire (T\/T) et Western Union.<\/p>\n<h3 class=\"shipping-methods\">Livraison<\/h3>\n<p>Les marchandises seront exp\u00e9di\u00e9es dans les 48 heures suivant la r\u00e9ception du paiement int\u00e9gral.<img loading=\"lazy\" decoding=\"async\" class=\"alignright\" title=\"shipping-methods\" alt=\"shipping-methods\" src=\"\/\/www.bjultrasonic.com\/wp-content\/uploads\/2012\/10\/shipping-methods.jpg\" width=\"175\" height=\"100\" \/><\/p>\n<ul>\n<li>Nous exp\u00e9dions les marchandises \u00e0 l&rsquo;adresse indiqu\u00e9e dans le paiement PayPal. Veuillez vous assurer que l&rsquo;adresse dans PayPal est correcte.<\/li>\n<li>Nous vous donnerons le num\u00e9ro de suivi apr\u00e8s l&rsquo;exp\u00e9dition des marchandises. En g\u00e9n\u00e9ral, vous recevrez les marchandises dans les cinq jours.<\/li>\n<li>Si vous avez des questions, veuillez nous contacter par e-mail (notre adresse e-mail est <a href=\"mailto:support@bjultrasonic.com\">support@bjultrasonic.com<\/a>)<\/li>\n<\/ul>\n<h3>Garantie du Produit<\/h3>\n<p>La p\u00e9riode de garantie du produit est d&rsquo;un an. Durant la p\u00e9riode de garantie, les produits achet\u00e9s peuvent b\u00e9n\u00e9ficier d&rsquo;une maintenance gratuite ou d&rsquo;un \u00e9change.<\/p>\n","protected":false},"excerpt":{"rendered":"<p><a href=\"https:\/\/www.bjultrasonic.com\/fr\/category\/ultrasonic-cleaning-system-fr\/digital-ultrasonic-cleaner-fr\/\">Les nettoyeurs ultrasoniques num\u00e9riques<\/a> sont largement utilis\u00e9s pour nettoyer les bijoux, montres, colliers, boucles d&rsquo;oreilles, bagues, bracelets, pi\u00e8ces de monnaie, bracelets de montre, lunettes, lunettes de soleil, accessoires pour lentilles de contact, proth\u00e8ses dentaires, peignes, brosses \u00e0 dents, couverts et ainsi de suite.<\/p>\n","protected":false},"featured_media":1070,"comment_status":"open","ping_status":"closed","template":"","meta":[],"product_brand":[],"product_cat":[5839],"product_tag":[],"class_list":{"0":"post-70430","1":"product","2":"type-product","3":"status-publish","4":"has-post-thumbnail","6":"product_cat-digital-ultrasonic-cleaner-fr","8":"first","9":"outofstock","10":"shipping-taxable","11":"purchasable","12":"product-type-simple","13":"prodpage-classic"},"aioseo_notices":[],"_links":{"self":[{"href":"https:\/\/www.bjultrasonic.com\/fr\/wp-json\/wp\/v2\/product\/70430","targetHints":{"allow":["GET"]}}],"collection":[{"href":"https:\/\/www.bjultrasonic.com\/fr\/wp-json\/wp\/v2\/product"}],"about":[{"href":"https:\/\/www.bjultrasonic.com\/fr\/wp-json\/wp\/v2\/types\/product"}],"replies":[{"embeddable":true,"href":"https:\/\/www.bjultrasonic.com\/fr\/wp-json\/wp\/v2\/comments?post=70430"}],"wp:featuredmedia":[{"embeddable":true,"href":"https:\/\/www.bjultrasonic.com\/fr\/wp-json\/wp\/v2\/media\/1070"}],"wp:attachment":[{"href":"https:\/\/www.bjultrasonic.com\/fr\/wp-json\/wp\/v2\/media?parent=70430"}],"wp:term":[{"taxonomy":"product_brand","embeddable":true,"href":"https:\/\/www.bjultrasonic.com\/fr\/wp-json\/wp\/v2\/product_brand?post=70430"},{"taxonomy":"product_cat","embeddable":true,"href":"https:\/\/www.bjultrasonic.com\/fr\/wp-json\/wp\/v2\/product_cat?post=70430"},{"taxonomy":"product_tag","embeddable":true,"href":"https:\/\/www.bjultrasonic.com\/fr\/wp-json\/wp\/v2\/product_tag?post=70430"}],"curies":[{"name":"wp","href":"https:\/\/api.w.org\/{rel}","templated":true}]}}