{"id":70550,"date":"2012-04-29T07:22:45","date_gmt":"2012-04-29T12:22:45","guid":{"rendered":"https:\/\/www.bjultrasonic.com\/shop\/0-4l-digital-ultrasonic-cleaner-with-timer\/"},"modified":"2026-03-28T20:09:58","modified_gmt":"2026-03-29T01:09:58","slug":"0-4l-digital-ultrasonic-cleaner-with-timer","status":"publish","type":"product","link":"https:\/\/www.bjultrasonic.com\/fr\/shop\/0-4l-digital-ultrasonic-cleaner-with-timer\/","title":{"rendered":"Nettoyeur Ultrasonique Num\u00e9rique de 0,4L avec Minuterie"},"content":{"rendered":"<h2>Sp\u00e9cifications du Nettoyeur Ultrasonique Num\u00e9rique 0,4L avec Minuterie<\/h2>\n<table class=\"table table-striped table-bordered\"   id=\"wp-table-reloaded-id-77-no-1\">\n<tbody>\n<tr>\n<td>Type<\/td>\n<td>BJUCDT0.4<\/td>\n<\/tr>\n<tr>\n<td>Capacit\u00e9 du r\u00e9servoir<\/td>\n<td>0,4L<\/td>\n<\/tr>\n<tr>\n<td>Puissance<\/td>\n<td>35W<\/td>\n<\/tr>\n<tr>\n<td>Fr\u00e9quence<\/td>\n<td>40khz<\/td>\n<\/tr>\n<tr>\n<td>Dimensions du r\u00e9servoir (mm)<\/td>\n<td>155 x 80x 40mm(L*l*H)<\/td>\n<\/tr>\n<tr>\n<td>Dimensions de l&rsquo;appareil (mm)<\/td>\n<td>205*115*90mm<\/td>\n<\/tr>\n<tr>\n<td>Tension<\/td>\n<td>220V\/110v<\/td>\n<\/tr>\n<tr>\n<td>Fonctions<\/td>\n<td>Minuterie (0-3 min)<\/td>\n<\/tr>\n<tr>\n<td>Poids unitaire<\/td>\n<td>0,8kg<\/td>\n<\/tr>\n<\/tbody>\n<\/table>\n<h3>Remarques<\/h3>\n<p>Veuillez nous indiquer la tension dont vous avez besoin lors de votre commande.<\/p>\n<h3>Description du Nettoyeur Ultrasonique Num\u00e9rique<\/h3>\n<ul>\n<li>Utilisation d&rsquo;un transducteur ultrasonique \u00e0 haut facteur de qualit\u00e9 (High Q). Puissance \u00e9lev\u00e9e.<\/li>\n<li>Qualit\u00e9 sup\u00e9rieure du processus de collage. Le transducteur ultrasonique est coll\u00e9 \u00e0 l&rsquo;aide de colle \u00e9poxy.<\/li>\n<li>Le temps peut \u00eatre r\u00e9gl\u00e9 entre 0 et 3 minutes selon les besoins.<\/li>\n<\/ul>\n<p><iframe loading=\"lazy\" title=\"How to Use an Ultrasonic Cleaner - Beijing Ultrasonic\" width=\"500\" height=\"281\" src=\"https:\/\/www.youtube.com\/embed\/YTCghUcjfyU?feature=oembed\" frameborder=\"0\" allow=\"accelerometer; autoplay; clipboard-write; encrypted-media; gyroscope; picture-in-picture; web-share\" referrerpolicy=\"strict-origin-when-cross-origin\" allowfullscreen><\/iframe><\/p>\n<h3>Applications du Nettoyeur Ultrasonique<\/h3>\n<ul>\n<li>Nettoyage de bijoux et montres, colliers, boucles d&rsquo;oreilles, bagues, bracelets, pi\u00e8ces de monnaie, bracelets de montre, etc.<\/li>\n<li>Nettoyage des articles pour les yeux : lunettes, lunettes de soleil, accessoires pour lentilles de contact.<\/li>\n<li>Nettoyage des articles de soins personnels quotidiens : dentiers, peignes, brosses \u00e0 dents, couverts.<\/li>\n<\/ul>\n<h3>Paiement<\/h3>\n<p>Nous acceptons actuellement Paypal, virement bancaire (T\/T) et Western Union.<\/p>\n<h3 class=\"shipping-methods\">Exp\u00e9dition<\/h3>\n<p>Les marchandises seront exp\u00e9di\u00e9es dans les 48 heures suivant la r\u00e9ception du paiement int\u00e9gral.<\/p>\n<ul>\n<li>Nous exp\u00e9dions les marchandises \u00e0 l&rsquo;adresse indiqu\u00e9e dans le paiement PayPal. Veuillez vous assurer que l&rsquo;adresse dans PayPal est correcte.<\/li>\n<li>Nous vous donnerons le num\u00e9ro de suivi apr\u00e8s l&rsquo;envoi des marchandises. En g\u00e9n\u00e9ral, vous recevrez les marchandises dans les cinq jours.<\/li>\n<li>Si vous avez des questions, veuillez nous contacter par e-mail (notre adresse e-mail est <a href=\"mailto:support@bjultrasonic.com\">support@bjultrasonic.com<\/a>).<\/li>\n<\/ul>\n<h3>Garantie Produit<\/h3>\n<p>La p\u00e9riode de garantie du produit est d&rsquo;un an. Pendant la p\u00e9riode de garantie, les produits achet\u00e9s b\u00e9n\u00e9ficient d&rsquo;une r\u00e9paration ou d&rsquo;un \u00e9change gratuit.<\/p>\n","protected":false},"excerpt":{"rendered":"<p><a href=\"https:\/\/www.bjultrasonic.com\/fr\/category\/ultrasonic-cleaning-system-fr\/digital-ultrasonic-cleaner-fr\/\">Les nettoyeurs ultrasoniques num\u00e9riques<\/a> sont largement utilis\u00e9s pour nettoyer les bijoux, montres, colliers, boucles d&rsquo;oreilles, bagues, bracelets, pi\u00e8ces de monnaie, bracelets de montre, lunettes, lunettes de soleil, accessoires pour lentilles de contact, dentiers, peignes, brosses \u00e0 dents, couverts et ainsi de suite.<\/p>\n","protected":false},"featured_media":1036,"comment_status":"open","ping_status":"closed","template":"","meta":[],"product_brand":[],"product_cat":[5839],"product_tag":[],"class_list":{"0":"post-70550","1":"product","2":"type-product","3":"status-publish","4":"has-post-thumbnail","6":"product_cat-digital-ultrasonic-cleaner-fr","8":"first","9":"outofstock","10":"shipping-taxable","11":"purchasable","12":"product-type-simple","13":"prodpage-classic"},"aioseo_notices":[],"_links":{"self":[{"href":"https:\/\/www.bjultrasonic.com\/fr\/wp-json\/wp\/v2\/product\/70550","targetHints":{"allow":["GET"]}}],"collection":[{"href":"https:\/\/www.bjultrasonic.com\/fr\/wp-json\/wp\/v2\/product"}],"about":[{"href":"https:\/\/www.bjultrasonic.com\/fr\/wp-json\/wp\/v2\/types\/product"}],"replies":[{"embeddable":true,"href":"https:\/\/www.bjultrasonic.com\/fr\/wp-json\/wp\/v2\/comments?post=70550"}],"wp:featuredmedia":[{"embeddable":true,"href":"https:\/\/www.bjultrasonic.com\/fr\/wp-json\/wp\/v2\/media\/1036"}],"wp:attachment":[{"href":"https:\/\/www.bjultrasonic.com\/fr\/wp-json\/wp\/v2\/media?parent=70550"}],"wp:term":[{"taxonomy":"product_brand","embeddable":true,"href":"https:\/\/www.bjultrasonic.com\/fr\/wp-json\/wp\/v2\/product_brand?post=70550"},{"taxonomy":"product_cat","embeddable":true,"href":"https:\/\/www.bjultrasonic.com\/fr\/wp-json\/wp\/v2\/product_cat?post=70550"},{"taxonomy":"product_tag","embeddable":true,"href":"https:\/\/www.bjultrasonic.com\/fr\/wp-json\/wp\/v2\/product_tag?post=70550"}],"curies":[{"name":"wp","href":"https:\/\/api.w.org\/{rel}","templated":true}]}}