{"id":70610,"date":"2012-04-29T00:28:04","date_gmt":"2012-04-29T05:28:04","guid":{"rendered":"https:\/\/www.bjultrasonic.com\/shop\/1200w-ultrasonic-cleaner\/"},"modified":"2026-03-28T20:09:31","modified_gmt":"2026-03-29T01:09:31","slug":"1200w-ultrasonic-cleaner","status":"publish","type":"product","link":"https:\/\/www.bjultrasonic.com\/fr\/shop\/1200w-ultrasonic-cleaner\/","title":{"rendered":"Nettoyeur \u00e0 Ultrasons Industriel 1200W"},"content":{"rendered":"<h2>Sp\u00e9cifications du Nettoyeur Ultrasonique 1200W<\/h2>\n<table class=\"table table-striped table-bordered\"   id=\"wp-table-reloaded-id-74-no-1\">\n<tbody>\n<tr>\n<td>Type<\/td>\n<td>BJUC1200<\/td>\n<\/tr>\n<tr>\n<td>Puissance Ultrasonique<\/td>\n<td>1200W<\/td>\n<\/tr>\n<tr>\n<td>Puissance de Chauffage<\/td>\n<td>4000W<\/td>\n<\/tr>\n<tr>\n<td>Fr\u00e9quence<\/td>\n<td>40kHz\/28kHz<\/td>\n<\/tr>\n<tr>\n<td>Dimensions du bac (mm)<\/td>\n<td>580 \u00d7 380 \u00d7 350 (L*l*H)<\/td>\n<\/tr>\n<tr>\n<td>Dimensions de la machine<\/td>\n<td>740 \u00d7 550 \u00d7 675 (L*l*H)<\/td>\n<\/tr>\n<tr>\n<td>Tension<\/td>\n<td>220V\/380V<\/td>\n<\/tr>\n<tr>\n<td>Fonctions<\/td>\n<td>Minuteur, Chauffage<\/td>\n<\/tr>\n<tr>\n<td>Panier<\/td>\n<td>Panier en acier inoxydable<\/td>\n<\/tr>\n<\/tbody>\n<\/table>\n<h3>Remarques<\/h3>\n<ul>\n<li>Les Nettoyeurs Ultrasoniques 1200W sont des produits sur mesure. Pour le prix, veuillez contacter notre Repr\u00e9sentant Commercial (<a href=\"https:\/\/www.bjultrasonic.com\/contact\/\" target=\"_blank\" rel=\"noopener\">Formulaire de Contact<\/a>). Nous vous r\u00e9pondrons rapidement.<\/li>\n<li>Nous pouvons concevoir et personnaliser divers Nettoyeurs Ultrasoniques selon les besoins.<\/li>\n<\/ul>\n<h3>Caract\u00e9ristiques typiques de ce type de Nettoyeur Ultrasonique<\/h3>\n<ul>\n<li>Utilisation de t\u00f4les et composants en acier inoxydable de haute qualit\u00e9 : tout en acier inoxydable, aspect esth\u00e9tique et durable.<\/li>\n<li>Dispositif de chauffage et de contr\u00f4le de la temp\u00e9rature, plage de temp\u00e9rature 10 ~ 100 \u00b0C.<\/li>\n<li>Adopte des transducteurs de haute qualit\u00e9, puissance ultrasonique de sortie \u00e9lev\u00e9e.<\/li>\n<li>Le bac de nettoyage et le g\u00e9n\u00e9rateur adoptent une conception s\u00e9par\u00e9e, facile \u00e0 utiliser.<\/li>\n<li>Utilisation d&rsquo;un nouveau circuit, la puissance et le minuteur du g\u00e9n\u00e9rateur sont r\u00e9glables.<\/li>\n<li>Les modes de vibration ultrasonique comprennent la vibration par le fond et les c\u00f4t\u00e9s, adapt\u00e9s \u00e0 divers besoins.<\/li>\n<\/ul>\n<h3>Bac de Nettoyage Ultrasonique &#038; G\u00e9n\u00e9rateur Ultrasonique pour Bac de Nettoyage<\/h3>\n<p><iframe loading=\"lazy\" title=\"Ultrasonic Cleaning Tank for Sale\" width=\"500\" height=\"281\" src=\"https:\/\/www.youtube.com\/embed\/tMUV4LCcNvA?feature=oembed\" frameborder=\"0\" allow=\"accelerometer; autoplay; clipboard-write; encrypted-media; gyroscope; picture-in-picture; web-share\" referrerpolicy=\"strict-origin-when-cross-origin\" allowfullscreen><\/iframe><\/p>\n<h3>Applications du Nettoyeur Ultrasonique<\/h3>\n<ul>\n<li><strong>Industrie M\u00e9canique<\/strong> : \u00e9limination de l&rsquo;huile antirouille ; nettoyage des instruments de mesure ; nettoyage des pi\u00e8ces m\u00e9caniques, du moteur, du carburateur et des pi\u00e8ces automobiles.<\/li>\n<li><strong>Industrie du Traitement de Surface<\/strong> : avant galvanisation, \u00e9limination de l&rsquo;huile ou de la rouille ; nettoyage avant placage ionique ; traitement au phosphore ; d\u00e9calaminage ; \u00e9limination des oxydes ; \u00e9limination des compos\u00e9s de polissage ; traitement d&rsquo;activation de la surface m\u00e9tallique des pi\u00e8ces, etc.<\/li>\n<li><strong>Industrie des Instruments<\/strong> : nettoyage de haute propret\u00e9 des pi\u00e8ces de pr\u00e9cision avant assemblage.<\/li>\n<li><strong>Industrie \u00c9lectronique<\/strong> : \u00e9limination de la colophonie sur les circuits imprim\u00e9s, des soudures ; nettoyage des contacts haute tension et d&rsquo;autres composants m\u00e9caniques et \u00e9lectroniques, etc.<\/li>\n<li><strong>Industrie M\u00e9dicale<\/strong> : nettoyage et d\u00e9sinfection, st\u00e9rilisation du mat\u00e9riel m\u00e9dical, nettoyage des r\u00e9cipients de laboratoire, etc.<\/li>\n<li><strong>Industrie des Semi-conducteurs<\/strong> : nettoyage de haute propret\u00e9 des plaquettes de semi-conducteurs.<\/li>\n<li><strong>Industrie Horlog\u00e8re et de la Bijouterie<\/strong> : \u00e9limination de l&rsquo;huile, de la salet\u00e9, de la couche d&rsquo;oxydation, des compos\u00e9s de polissage, etc.<\/li>\n<li><strong>Industrie Chimique et Biologique<\/strong> : nettoyage des r\u00e9cipients de laboratoire.<\/li>\n<li><strong>Industrie Optique<\/strong> : \u00e9limination de l&rsquo;huile, de la sueur, des poussi\u00e8res sur les dispositifs optiques, etc.<\/li>\n<li><strong>Industrie du Textile et de l&rsquo;Impression<\/strong> : nettoyage des broches textiles, des fili\u00e8res, etc.<\/li>\n<li><strong>Industrie P\u00e9trochimique<\/strong> : nettoyage et d\u00e9sobstruction des tamis m\u00e9talliques, nettoyage des r\u00e9cipients chimiques, des vannes, etc.<\/li>\n<\/ul>\n<p><img loading=\"lazy\" decoding=\"async\" class=\"alignnone size-full wp-image-1011\" title=\"300W Ultrasonic Cleaner\" alt=\"300W Ultrasonic Cleaner\" src=\"\/\/www.bjultrasonic.com\/wp-content\/uploads\/2012\/04\/201242911111.jpg\" width=\"456\" height=\"269\" \/><\/p>\n<h3>Paiement<\/h3>\n<p>Nous n&rsquo;acceptons actuellement que les paiements par <strong>Paypal<\/strong>, <strong>T\/T<\/strong> et <strong>Western Union<\/strong>.<\/p>\n<h3 class=\"shipping-methods\">Livraison<\/h3>\n<p>Les marchandises seront exp\u00e9di\u00e9es dans les 48 heures suivant la r\u00e9ception du paiement int\u00e9gral.<\/p>\n<ul>\n<li>Nous exp\u00e9dions les marchandises \u00e0 l&rsquo;adresse indiqu\u00e9e lors du paiement PayPal. Veuillez vous assurer que l&rsquo;adresse dans PayPal est correcte.<\/li>\n<li>Nous vous donnerons le num\u00e9ro de suivi apr\u00e8s l&rsquo;exp\u00e9dition des marchandises ; en g\u00e9n\u00e9ral, vous recevrez les marchandises dans les cinq jours.<\/li>\n<li>Si vous avez des questions, veuillez nous contacter par email (notre adresse email est <a href=\"mailto:support@bjultrasonic.com\">support@bjultrasonic.com<\/a>).<\/li>\n<\/ul>\n<h3 align=\"left\">Garantie Produit<\/h3>\n<p>La p\u00e9riode de garantie du produit est d&rsquo;un an. Durant la p\u00e9riode de garantie, les produits achet\u00e9s b\u00e9n\u00e9ficient d&rsquo;une r\u00e9paration ou d&rsquo;un \u00e9change gratuit.<\/p>\n","protected":false},"excerpt":{"rendered":"<p><a href=\"https:\/\/www.bjultrasonic.com\/fr\/category\/ultrasonic-cleaning-system-fr\/big-ultrasonic-cleaning-machine-fr\/\">Nettoyeur ultrasonique industriel<\/a> fabriqu\u00e9 par Beijing Ultrasonic. Nous pouvons concevoir et personnaliser diverses <a href=\"https:\/\/www.bjultrasonic.com\/fr\/category\/ultrasonic-cleaning-system-fr\/big-ultrasonic-cleaning-machine-fr\/\">machines de nettoyage ultrasoniques industrielles<\/a> selon les besoins.<\/p>\n","protected":false},"featured_media":23721,"comment_status":"open","ping_status":"closed","template":"","meta":[],"product_brand":[],"product_cat":[5954],"product_tag":[],"class_list":{"0":"post-70610","1":"product","2":"type-product","3":"status-publish","4":"has-post-thumbnail","6":"product_cat-big-ultrasonic-cleaning-machine-fr","8":"first","9":"instock","10":"shipping-taxable","11":"product-type-external","12":"prodpage-classic"},"aioseo_notices":[],"_links":{"self":[{"href":"https:\/\/www.bjultrasonic.com\/fr\/wp-json\/wp\/v2\/product\/70610","targetHints":{"allow":["GET"]}}],"collection":[{"href":"https:\/\/www.bjultrasonic.com\/fr\/wp-json\/wp\/v2\/product"}],"about":[{"href":"https:\/\/www.bjultrasonic.com\/fr\/wp-json\/wp\/v2\/types\/product"}],"replies":[{"embeddable":true,"href":"https:\/\/www.bjultrasonic.com\/fr\/wp-json\/wp\/v2\/comments?post=70610"}],"wp:featuredmedia":[{"embeddable":true,"href":"https:\/\/www.bjultrasonic.com\/fr\/wp-json\/wp\/v2\/media\/23721"}],"wp:attachment":[{"href":"https:\/\/www.bjultrasonic.com\/fr\/wp-json\/wp\/v2\/media?parent=70610"}],"wp:term":[{"taxonomy":"product_brand","embeddable":true,"href":"https:\/\/www.bjultrasonic.com\/fr\/wp-json\/wp\/v2\/product_brand?post=70610"},{"taxonomy":"product_cat","embeddable":true,"href":"https:\/\/www.bjultrasonic.com\/fr\/wp-json\/wp\/v2\/product_cat?post=70610"},{"taxonomy":"product_tag","embeddable":true,"href":"https:\/\/www.bjultrasonic.com\/fr\/wp-json\/wp\/v2\/product_tag?post=70610"}],"curies":[{"name":"wp","href":"https:\/\/api.w.org\/{rel}","templated":true}]}}