{"id":70730,"date":"2012-04-28T10:54:20","date_gmt":"2012-04-28T15:54:20","guid":{"rendered":"https:\/\/www.bjultrasonic.com\/shop\/20l-480w-mechanical-ultrasonic-cleaner-with-timer-and-heating\/"},"modified":"2026-03-28T20:08:13","modified_gmt":"2026-03-29T01:08:13","slug":"20l-480w-mechanical-ultrasonic-cleaner-with-timer-and-heating","status":"publish","type":"product","link":"https:\/\/www.bjultrasonic.com\/fr\/shop\/20l-480w-mechanical-ultrasonic-cleaner-with-timer-and-heating\/","title":{"rendered":"Nettoyeur Ultrasonique 20L 480W avec Minuterie M\u00e9canique et Chauffage"},"content":{"rendered":"<h2>Sp\u00e9cifications du nettoyeur ultrasonique 20L 480W avec minuterie m\u00e9canique et chauffage<\/h2>\n<table class=\"table table-striped table-bordered\"   id=\"wp-table-reloaded-id-68-no-1\">\n<tbody>\n<tr>\n<td>Type<\/td>\n<td>BJUCMTH20<\/td>\n<\/tr>\n<tr>\n<td>Capacit\u00e9 du bac<\/td>\n<td>20L<\/td>\n<\/tr>\n<tr>\n<td>Puissance<\/td>\n<td>480W<\/td>\n<\/tr>\n<tr>\n<td>Fr\u00e9quence<\/td>\n<td>40KHz<\/td>\n<\/tr>\n<tr>\n<td>Dimensions du bac (mm)<\/td>\n<td>530*325*150 (L*l*H)<\/td>\n<\/tr>\n<tr>\n<td>Dimensions de la machine (mm)<\/td>\n<td>550*330*310 (L*l*H)<\/td>\n<\/tr>\n<tr>\n<td>Tension<\/td>\n<td>110VAC\u2014240VAC<\/td>\n<\/tr>\n<tr>\n<td>Fonctions<\/td>\n<td>Minuterie, Chauffage<\/td>\n<\/tr>\n<tr>\n<td>Panier<\/td>\n<td>Panier en acier inoxydable<\/td>\n<\/tr>\n<tr>\n<td>Poids unitaire<\/td>\n<td>14kg<\/td>\n<\/tr>\n<\/tbody>\n<\/table>\n<h3>Remarques<\/h3>\n<p>Veuillez nous indiquer la tension dont vous avez besoin lors de votre commande.<\/p>\n<h3>Vid\u00e9o du nettoyeur ultrasonique avec minuterie m\u00e9canique<\/h3>\n<p><iframe loading=\"lazy\" title=\"Ultrasonic Cleaner with Mechanical Timer - Beijing Ultrasonic\" width=\"500\" height=\"281\" src=\"https:\/\/www.youtube.com\/embed\/UJRL1Qg9sgo?feature=oembed\" frameborder=\"0\" allow=\"accelerometer; autoplay; clipboard-write; encrypted-media; gyroscope; picture-in-picture; web-share\" referrerpolicy=\"strict-origin-when-cross-origin\" allowfullscreen><\/iframe><\/p>\n<h3>Description du nettoyeur ultrasonique m\u00e9canique<\/h3>\n<ul>\n<li>La machine de nettoyage ultrasonique enti\u00e8re est en structure tout acier inoxydable, esth\u00e9tique et pratique.<\/li>\n<li>Utilise un <a href=\"https:\/\/www.bjultrasonic.com\/fr\/category\/ultrasonic-transducer-fr\/\">transducteur ultrasonique<\/a> de haute qualit\u00e9. Puissance \u00e9lev\u00e9e.<\/li>\n<li>Processus de collage de haute qualit\u00e9. Le transducteur ultrasonique est coll\u00e9 \u00e0 l&rsquo;aide de colle \u00e9poxy.<\/li>\n<li>Le temps et le chauffage peuvent \u00eatre ajust\u00e9s selon les besoins.<\/li>\n<\/ul>\n<h3>Applications du nettoyeur ultrasonique<\/h3>\n<ul>\n<li><strong>Industrie m\u00e9canique<\/strong> : d\u00e9graissage anti-rouille ; Nettoyage des instruments de mesure ; Nettoyage des pi\u00e8ces m\u00e9caniques, du moteur, du carburateur et des pi\u00e8ces automobiles ;<\/li>\n<li><strong>Industrie du traitement de surface<\/strong> : d\u00e9graissage avant placage, d\u00e9rouillage ; Nettoyage avant placage ionique ; Traitement au phosphore ; D\u00e9carbonisation ; Enl\u00e8vement de la calamine ; Enl\u00e8vement des compos\u00e9s de polissage ; Traitement d&rsquo;activation de la surface m\u00e9tallique des pi\u00e8ces, etc.<\/li>\n<li><strong>Industrie des instruments<\/strong> : nettoyage \u00e0 haut degr\u00e9 de propret\u00e9 des pi\u00e8ces de pr\u00e9cision avant assemblage.<\/li>\n<li><strong>Industrie \u00e9lectronique<\/strong> : circuit imprim\u00e9 sans colophane, point de soudure ; Contacts haute tension et nettoyage d&rsquo;autres composants m\u00e9caniques et \u00e9lectroniques, etc.<\/li>\n<li><strong>Industrie m\u00e9dicale<\/strong> : nettoyage et d\u00e9sinfection, st\u00e9rilisation des \u00e9quipements m\u00e9dicaux, nettoyage des r\u00e9cipients d&rsquo;exp\u00e9rimentation, etc.<\/li>\n<li><strong>Industrie des semi-conducteurs<\/strong> : nettoyage \u00e0 haut degr\u00e9 de propret\u00e9 des plaquettes de semi-conducteurs.<\/li>\n<li><strong>Industrie de l&rsquo;horlogerie et de la bijouterie<\/strong> : \u00e9limination de l&rsquo;huile, de la salet\u00e9, de la couche d&rsquo;oxydation, des compos\u00e9s de polissage, etc.<\/li>\n<li><strong>Industrie chimique et biologique<\/strong> : Nettoyage des r\u00e9cipients d&rsquo;exp\u00e9rimentation.<\/li>\n<li> <strong>Industrie optique<\/strong> : d\u00e9graissage des dispositifs optiques, \u00e9limination de la transpiration, de la poussi\u00e8re, etc.<\/li>\n<li> <strong>Industrie du textile et de l&rsquo;impression<\/strong> : nettoyage des broches textiles, des fili\u00e8res, etc.<\/li>\n<li> <strong>Industrie p\u00e9trochimique<\/strong> : nettoyage et d\u00e9gorgement des tamis m\u00e9talliques, nettoyage des conteneurs chimiques, des commutateurs, etc.<\/li>\n<\/ul>\n<h3>Paiement<\/h3>\n<p>Nous acceptons actuellement PayPal, virement bancaire (T\/T) et Western Union.<\/p>\n<h3 class=\"shipping-methods\">Exp\u00e9dition<\/h3>\n<p>Les marchandises seront exp\u00e9di\u00e9es dans les 48 heures suivant la r\u00e9ception du paiement int\u00e9gral.<\/p>\n<ul>\n<li>Nous exp\u00e9dions les marchandises \u00e0 l&rsquo;adresse indiqu\u00e9e dans le paiement PayPal. Veuillez vous assurer que l&rsquo;adresse dans PayPal est correcte.<\/li>\n<li>Nous vous donnerons le num\u00e9ro de suivi apr\u00e8s l&rsquo;exp\u00e9dition des marchandises. En g\u00e9n\u00e9ral, vous recevrez les marchandises dans les cinq jours.<\/li>\n<li>Si vous avez des questions, veuillez nous contacter par email (notre adresse email est <a href=\"mailto:support@bjultrasonic.com\">support@bjultrasonic.com<\/a>).<\/li>\n<\/ul>\n<h3 align=\"left\">Garantie du produit<\/h3>\n<p>La p\u00e9riode de garantie du produit est d&rsquo;un an. Pendant la p\u00e9riode de garantie, les produits achet\u00e9s peuvent b\u00e9n\u00e9ficier d&rsquo;une r\u00e9paration ou d&rsquo;un \u00e9change gratuit.<\/p>\n","protected":false},"excerpt":{"rendered":"<p><a href=\"https:\/\/www.bjultrasonic.com\/fr\/category\/ultrasonic-cleaning-system-fr\/mechanical-ultrasonic-cleaner-fr\/\">Nettoyeur ultrasonique avec minuterie m\u00e9canique<\/a> fabriqu\u00e9 par Beijing Ultrasonic. Bo\u00eetier en acier inoxydable de haute qualit\u00e9, minuterie et chauffage r\u00e9glables.<\/p>\n","protected":false},"featured_media":5002,"comment_status":"open","ping_status":"closed","template":"","meta":[],"product_brand":[],"product_cat":[5976],"product_tag":[],"class_list":{"0":"post-70730","1":"product","2":"type-product","3":"status-publish","4":"has-post-thumbnail","6":"product_cat-mechanical-ultrasonic-cleaner-fr","8":"first","9":"outofstock","10":"shipping-taxable","11":"purchasable","12":"product-type-simple","13":"prodpage-classic"},"aioseo_notices":[],"_links":{"self":[{"href":"https:\/\/www.bjultrasonic.com\/fr\/wp-json\/wp\/v2\/product\/70730","targetHints":{"allow":["GET"]}}],"collection":[{"href":"https:\/\/www.bjultrasonic.com\/fr\/wp-json\/wp\/v2\/product"}],"about":[{"href":"https:\/\/www.bjultrasonic.com\/fr\/wp-json\/wp\/v2\/types\/product"}],"replies":[{"embeddable":true,"href":"https:\/\/www.bjultrasonic.com\/fr\/wp-json\/wp\/v2\/comments?post=70730"}],"wp:featuredmedia":[{"embeddable":true,"href":"https:\/\/www.bjultrasonic.com\/fr\/wp-json\/wp\/v2\/media\/5002"}],"wp:attachment":[{"href":"https:\/\/www.bjultrasonic.com\/fr\/wp-json\/wp\/v2\/media?parent=70730"}],"wp:term":[{"taxonomy":"product_brand","embeddable":true,"href":"https:\/\/www.bjultrasonic.com\/fr\/wp-json\/wp\/v2\/product_brand?post=70730"},{"taxonomy":"product_cat","embeddable":true,"href":"https:\/\/www.bjultrasonic.com\/fr\/wp-json\/wp\/v2\/product_cat?post=70730"},{"taxonomy":"product_tag","embeddable":true,"href":"https:\/\/www.bjultrasonic.com\/fr\/wp-json\/wp\/v2\/product_tag?post=70730"}],"curies":[{"name":"wp","href":"https:\/\/api.w.org\/{rel}","templated":true}]}}