{"id":71130,"date":"2012-04-27T05:20:45","date_gmt":"2012-04-27T10:20:45","guid":{"rendered":"https:\/\/www.bjultrasonic.com\/shop\/600w-ultrasonic-generator\/"},"modified":"2026-03-28T20:04:31","modified_gmt":"2026-03-29T01:04:31","slug":"600w-ultrasonic-generator","status":"publish","type":"product","link":"https:\/\/www.bjultrasonic.com\/fr\/shop\/600w-ultrasonic-generator\/","title":{"rendered":"G\u00e9n\u00e9rateur Ultrasonique Num\u00e9rique 600W en dessous de 45 kHz"},"content":{"rendered":"<h3>Pour une livraison dans les d\u00e9lais :<\/h3>\n<ul>\n<li>Lors de la commande, veuillez nous indiquer la tension (220V ou 120V) et la fr\u00e9quence dont vous avez besoin.<\/li>\n<li>Veuillez nous fournir l&rsquo;adresse de livraison d\u00e9taill\u00e9e, incluant l&rsquo;adresse, le code postal et le num\u00e9ro de t\u00e9l\u00e9phone.<\/li>\n<li>Si le poids de votre commande d\u00e9passe 21 kg, veuillez nous contacter pour obtenir un tarif de fret \u00e9conomique.<\/li>\n<\/ul>\n<h3>Remarques<\/h3>\n<ul>\n<li>Les <a href=\"https:\/\/www.bjultrasonic.com\/fr\/category\/ultrasonic-generator-fr\/\">G\u00e9n\u00e9rateurs Ultrasonores<\/a> sont des produits sur mesure. Pour le prix, veuillez <a href=\"https:\/\/www.bjultrasonic.com\/contact\/\">contacter notre repr\u00e9sentant commercial<\/a>. Nous vous r\u00e9pondrons rapidement.<\/li>\n<li>Nous pouvons concevoir et personnaliser divers G\u00e9n\u00e9rateurs Ultrasonores en fonction de la <strong>fr\u00e9quence<\/strong> et de la <strong>tension<\/strong>.<\/li>\n<\/ul>\n<p><img loading=\"lazy\" decoding=\"async\" class=\"alignnone wp-image-5021\" title=\"G\u00e9n\u00e9rateur de Signaux Ultrasonores\" src=\"https:\/\/www.bjultrasonic.com\/wp-content\/uploads\/2012\/05\/Ultrasonic-Signal-Generator.jpg\" alt=\"G\u00e9n\u00e9rateur de Signaux Ultrasonores\" width=\"600\" height=\"450\" \/><\/p>\n<h3>Structure Interne d&rsquo;un G\u00e9n\u00e9rateur Ultrasonore Num\u00e9rique<\/h3>\n<p><img loading=\"lazy\" decoding=\"async\" src=\"https:\/\/www.bjultrasonic.com\/wp-content\/uploads\/2018\/07\/Internal-Structure-Of-Digital-Ultrasonic-Generator.png\" alt=\"Structure Interne d'un G\u00e9n\u00e9rateur Ultrasonore Num\u00e9rique\" width=\"650\" height=\"578\" \/><\/p>\n<h3>Principaux param\u00e8tres techniques du G\u00e9n\u00e9rateur Ultrasonore 600W<\/h3>\n<ul>\n<li><strong>Dimensions<\/strong> : 300mm*360mm*160mm (L*l*H)<\/li>\n<li><strong>Courant de travail<\/strong> : 2,5 A<\/li>\n<li><strong>Tension de travail<\/strong> : 200V-240V\/50HZ, 100V-120V\/60HZ<\/li>\n<li><strong>Fr\u00e9quence<\/strong> : de 20 kHz \u00e0 40 kHz (par exemple 20 kHz, 25 kHz, 28 kHz, 30 kHz, 33 kHz, 40 kHz)<\/li>\n<\/ul>\n<p>Le G\u00e9n\u00e9rateur Ultrasonore est une partie indispensable de la <a href=\"https:\/\/www.bjultrasonic.com\/fr\/category\/ultrasonic-cleaning-system-fr\/\">machine de nettoyage ultrasonore<\/a>. La qualit\u00e9 du G\u00e9n\u00e9rateur Ultrasonore d\u00e9termine directement l&rsquo;efficacit\u00e9 de nettoyage du syst\u00e8me. Les G\u00e9n\u00e9rateurs Ultrasonores Num\u00e9riques sont d\u00e9velopp\u00e9s ind\u00e9pendamment par Beijing Ultrasonic.<\/p>\n<h3>Caract\u00e9ristiques typiques du G\u00e9n\u00e9rateur Ultrasonore<\/h3>\n<ul>\n<li>Contr\u00f4le par programmation \u00e0 boutons avec affichage num\u00e9rique des param\u00e8tres ; on peut voir l&rsquo;\u00e9tat de fonctionnement sur le panneau d&rsquo;affichage (comme la fr\u00e9quence de travail, le courant de travail).<\/li>\n<li>Adopte une technologie de contr\u00f4le num\u00e9rique, une conception de circuit parfaite et une stabilit\u00e9 de la sortie de puissance.<\/li>\n<li>Protection contre les surintensit\u00e9s, la surchauffe et les surtensions.<\/li>\n<li>Les circuits haute et basse tension sont compl\u00e8tement s\u00e9par\u00e9s, assurant une s\u00e9curit\u00e9 op\u00e9rationnelle.<\/li>\n<li>La puissance ultrasonore, la minuterie et la fr\u00e9quence peuvent \u00eatre ajust\u00e9es selon les besoins pour r\u00e9pondre au nettoyage de diff\u00e9rents produits.<br \/>\n(Contr\u00f4le du temps : 0-59&rsquo;59\u00a0\u00bb)<br \/>\n(Plage de contr\u00f4le de la puissance : 0-100%)<\/li>\n<li>Syst\u00e8me de refroidissement efficace.<\/li>\n<li>Fonction de balayage de fr\u00e9quence.<\/li>\n<\/ul>\n<h3>Vid\u00e9o : G\u00e9n\u00e9rateur de Fr\u00e9quence Ultrasonore | G\u00e9n\u00e9rateur de Signaux Ultrasonores | G\u00e9n\u00e9rateur d&rsquo;Ondes Ultrasonores<\/h3>\n<p><iframe loading=\"lazy\" title=\"Ultrasonic Signal Generator Circuit - Beijing Ultrasonic\" width=\"500\" height=\"281\" src=\"https:\/\/www.youtube.com\/embed\/A9JdQN5e5G8?feature=oembed\" frameborder=\"0\" allow=\"accelerometer; autoplay; clipboard-write; encrypted-media; gyroscope; picture-in-picture; web-share\" referrerpolicy=\"strict-origin-when-cross-origin\" allowfullscreen><\/iframe><\/p>\n<h3>Sch\u00e9ma du G\u00e9n\u00e9rateur Ultrasonore<\/h3>\n<div id=\"attachment_1253\" style=\"width: 640px\" class=\"wp-caption alignnone\"><a href=\"https:\/\/www.bjultrasonic.com\/wp-content\/uploads\/2012\/07\/Ultrasonic-Generator-Schematic.jpg\" data-lightbox=\"image\"><img loading=\"lazy\" decoding=\"async\" aria-describedby=\"caption-attachment-1253\" title=\"Sch\u00e9ma du G\u00e9n\u00e9rateur Ultrasonore\" src=\"\/\/www.bjultrasonic.com\/wp-content\/uploads\/2012\/07\/Ultrasonic-Generator-Schematic.jpg\" alt=\"Sch\u00e9ma du G\u00e9n\u00e9rateur Ultrasonore\" width=\"630\" height=\"266\" \/><\/a><p id=\"caption-attachment-1253\" class=\"wp-caption-text\">Sch\u00e9ma du G\u00e9n\u00e9rateur Ultrasonore<\/p><\/div>\n","protected":false},"excerpt":{"rendered":"<p>G\u00e9n\u00e9rateur <a href=\"https:\/\/www.bjultrasonic.com\/fr\/category\/ultrasonic-generator-fr\/\">ultrasonique<\/a> num\u00e9rique, \u00e9galement appel\u00e9 kit g\u00e9n\u00e9rateur ultrasonique, adopte la technologie de contr\u00f4le micro-informatique avanc\u00e9e et une nouvelle g\u00e9om\u00e9trie de circuit, vous permettant d&rsquo;ajuster la fr\u00e9quence ultrasonique, le minuteur et la puissance selon vos besoins.<\/p>\n","protected":false},"featured_media":19250,"comment_status":"open","ping_status":"closed","template":"","meta":[],"product_brand":[],"product_cat":[6051],"product_tag":[],"class_list":{"0":"post-71130","1":"product","2":"type-product","3":"status-publish","4":"has-post-thumbnail","6":"product_cat-ultrasonic-digital-generator-fr","8":"first","9":"instock","10":"shipping-taxable","11":"purchasable","12":"product-type-simple","13":"prodpage-classic"},"aioseo_notices":[],"_links":{"self":[{"href":"https:\/\/www.bjultrasonic.com\/fr\/wp-json\/wp\/v2\/product\/71130","targetHints":{"allow":["GET"]}}],"collection":[{"href":"https:\/\/www.bjultrasonic.com\/fr\/wp-json\/wp\/v2\/product"}],"about":[{"href":"https:\/\/www.bjultrasonic.com\/fr\/wp-json\/wp\/v2\/types\/product"}],"replies":[{"embeddable":true,"href":"https:\/\/www.bjultrasonic.com\/fr\/wp-json\/wp\/v2\/comments?post=71130"}],"wp:featuredmedia":[{"embeddable":true,"href":"https:\/\/www.bjultrasonic.com\/fr\/wp-json\/wp\/v2\/media\/19250"}],"wp:attachment":[{"href":"https:\/\/www.bjultrasonic.com\/fr\/wp-json\/wp\/v2\/media?parent=71130"}],"wp:term":[{"taxonomy":"product_brand","embeddable":true,"href":"https:\/\/www.bjultrasonic.com\/fr\/wp-json\/wp\/v2\/product_brand?post=71130"},{"taxonomy":"product_cat","embeddable":true,"href":"https:\/\/www.bjultrasonic.com\/fr\/wp-json\/wp\/v2\/product_cat?post=71130"},{"taxonomy":"product_tag","embeddable":true,"href":"https:\/\/www.bjultrasonic.com\/fr\/wp-json\/wp\/v2\/product_tag?post=71130"}],"curies":[{"name":"wp","href":"https:\/\/api.w.org\/{rel}","templated":true}]}}