{"id":71350,"date":"2012-04-06T23:04:58","date_gmt":"2012-04-07T04:04:58","guid":{"rendered":"https:\/\/www.bjultrasonic.com\/shop\/5pcs-50176-5-ring-piezoelectric-ceramic\/"},"modified":"2026-03-28T20:02:43","modified_gmt":"2026-03-29T01:02:43","slug":"5pcs-50176-5-ring-piezoelectric-ceramic","status":"publish","type":"product","link":"https:\/\/www.bjultrasonic.com\/fr\/shop\/5pcs-50176-5-ring-piezoelectric-ceramic\/","title":{"rendered":"10PCS 50*17*6,5 Anneau en c\u00e9ramique pi\u00e9zo\u00e9lectrique"},"content":{"rendered":"<p><iframe loading=\"lazy\" title=\"Piezoelectric Ceramics | Piezoceramics\" width=\"500\" height=\"281\" src=\"https:\/\/www.youtube.com\/embed\/1Z8-9WdJKhQ?feature=oembed\" frameborder=\"0\" allow=\"accelerometer; autoplay; clipboard-write; encrypted-media; gyroscope; picture-in-picture; web-share\" referrerpolicy=\"strict-origin-when-cross-origin\" allowfullscreen><\/iframe><\/p>\n<h3>Nous pouvons personnaliser diverses c\u00e9ramiques pi\u00e9zo\u00e9lectriques selon les besoins.<\/h3>\n<p>Mat\u00e9riau des c\u00e9ramiques pi\u00e9zo\u00e9lectriques : PZT4, PZT5, PZT8 ou autre mat\u00e9riau pi\u00e9zo\u00e9lectrique requis.<\/p>\n<h2>Sp\u00e9cifications de 5 pi\u00e8ces d&rsquo;anneaux en c\u00e9ramique pi\u00e9zo\u00e9lectrique 50*17*6.5<\/h2>\n<table class=\"table table-striped table-bordered\"   id=\"wp-table-reloaded-id-48-no-1\">\n<tbody>\n<tr>\n<td>Dimensions (DE*DI*Ep)<\/td>\n<td>50*17*6.5<\/td>\n<\/tr>\n<tr>\n<td>Capacit\u00e9 (pF)<\/td>\n<td>2430\u00b110%<\/td>\n<\/tr>\n<tr>\n<td>Fr\u00e9quence radiale fr (kHz)<\/td>\n<td>35\u00b15%<\/td>\n<\/tr>\n<tr>\n<td>Imp\u00e9dance de r\u00e9sonance zm<\/td>\n<td>\u226415<\/td>\n<\/tr>\n<tr>\n<td>Fonction d&rsquo;\u00e9paisseur Ft (kHz)<\/td>\n<td>320<\/td>\n<\/tr>\n<tr>\n<td>Module de couplage Kr (%)<\/td>\n<td>\u226545<\/td>\n<\/tr>\n<tr>\n<td>Facteur de qualit\u00e9 (Qm)<\/td>\n<td>\u2265800<\/td>\n<\/tr>\n<tr>\n<td>Poids de 5 pi\u00e8ces<\/td>\n<td>1,5 kg<\/td>\n<\/tr>\n<\/tbody>\n<\/table>\n<h3>Applications de la c\u00e9ramique pi\u00e9zo\u00e9lectrique :<\/h3>\n<ul>\n<li>Capteur ultrasonique<\/li>\n<li>Transducteur ultrasonique<\/li>\n<li>Capteur m\u00e9dical<\/li>\n<li>Capteur de vibration<\/li>\n<li>Capteur de pression<\/li>\n<li>Capteur de compression et autres<\/li>\n<\/ul>\n<p><strong>Remarque : Envoyez-nous un e-mail pour obtenir des conseils si vous ne trouvez pas la taille adapt\u00e9e \u00e0 votre demande.<\/strong><\/p>\n<h3>Paiement<\/h3>\n<p>Nous acceptons PayPal, virement bancaire (T\/T) et Western Union.<\/p>\n<h3 class=\"shipping-methods\">Livraison<\/h3>\n<p>Les marchandises seront exp\u00e9di\u00e9es dans les 48 heures suivant la r\u00e9ception du paiement int\u00e9gral.<\/p>\n<ul>\n<li>Nous exp\u00e9dions les marchandises \u00e0 l&rsquo;adresse indiqu\u00e9e dans le paiement PayPal. Veuillez vous assurer que l&rsquo;adresse dans PayPal est correcte.<\/li>\n<li>Nous vous donnerons le num\u00e9ro de suivi apr\u00e8s l&rsquo;exp\u00e9dition des marchandises ; en g\u00e9n\u00e9ral, vous les recevrez dans les cinq jours.<\/li>\n<li>Si vous avez des questions, veuillez nous contacter par e-mail (notre adresse e-mail est <a href=\"mailto:support@bjultrasonic.com\">support@bjultrasonic.com<\/a>).<\/li>\n<\/ul>\n<h3 align=\"left\">Garantie produit<\/h3>\n<p>La p\u00e9riode de garantie du produit est d&rsquo;un an. Pendant la p\u00e9riode de garantie, les produits achet\u00e9s b\u00e9n\u00e9ficient d&rsquo;une maintenance gratuite ou d&rsquo;un \u00e9change.<\/p>\n","protected":false},"excerpt":{"rendered":"<p><a href=\"https:\/\/www.bjultrasonic.com\/fr\/category\/piezoelectric-ceramic-fr\/ring-piezoelectric-ceramics-fr\/\">Anneau en c\u00e9ramique pi\u00e9zo\u00e9lectrique<\/a> (anneau pi\u00e9zoc\u00e9ramique) fabriqu\u00e9 par Beijing Ultrasonic \u2013 fournisseur et fabricant professionnel de <a href=\"https:\/\/www.bjultrasonic.com\/fr\/category\/piezoelectric-ceramic-fr\/\">c\u00e9ramiques pi\u00e9zo\u00e9lectriques<\/a>.<\/p>\n","protected":false},"featured_media":23770,"comment_status":"open","ping_status":"closed","template":"","meta":[],"product_brand":[],"product_cat":[5734,5642],"product_tag":[],"class_list":{"0":"post-71350","1":"product","2":"type-product","3":"status-publish","4":"has-post-thumbnail","6":"product_cat-ring-piezoelectric-ceramics-fr","7":"product_cat-piezoelectric-ceramic-fr","9":"first","10":"instock","11":"shipping-taxable","12":"purchasable","13":"product-type-simple","14":"prodpage-classic"},"aioseo_notices":[],"_links":{"self":[{"href":"https:\/\/www.bjultrasonic.com\/fr\/wp-json\/wp\/v2\/product\/71350","targetHints":{"allow":["GET"]}}],"collection":[{"href":"https:\/\/www.bjultrasonic.com\/fr\/wp-json\/wp\/v2\/product"}],"about":[{"href":"https:\/\/www.bjultrasonic.com\/fr\/wp-json\/wp\/v2\/types\/product"}],"replies":[{"embeddable":true,"href":"https:\/\/www.bjultrasonic.com\/fr\/wp-json\/wp\/v2\/comments?post=71350"}],"wp:featuredmedia":[{"embeddable":true,"href":"https:\/\/www.bjultrasonic.com\/fr\/wp-json\/wp\/v2\/media\/23770"}],"wp:attachment":[{"href":"https:\/\/www.bjultrasonic.com\/fr\/wp-json\/wp\/v2\/media?parent=71350"}],"wp:term":[{"taxonomy":"product_brand","embeddable":true,"href":"https:\/\/www.bjultrasonic.com\/fr\/wp-json\/wp\/v2\/product_brand?post=71350"},{"taxonomy":"product_cat","embeddable":true,"href":"https:\/\/www.bjultrasonic.com\/fr\/wp-json\/wp\/v2\/product_cat?post=71350"},{"taxonomy":"product_tag","embeddable":true,"href":"https:\/\/www.bjultrasonic.com\/fr\/wp-json\/wp\/v2\/product_tag?post=71350"}],"curies":[{"name":"wp","href":"https:\/\/api.w.org\/{rel}","templated":true}]}}