{"id":72010,"date":"2012-03-27T04:48:20","date_gmt":"2012-03-27T09:48:20","guid":{"rendered":"https:\/\/www.bjultrasonic.com\/shop\/60w-220v-ultrasonic-pcb-generator\/"},"modified":"2026-03-28T19:56:39","modified_gmt":"2026-03-29T00:56:39","slug":"60w-220v-ultrasonic-pcb-generator","status":"publish","type":"product","link":"https:\/\/www.bjultrasonic.com\/fr\/shop\/60w-220v-ultrasonic-pcb-generator\/","title":{"rendered":"Circuit de commande de transducteur pi\u00e9zo\u00e9lectrique ultrasonique 220V 60W"},"content":{"rendered":"<h2>Sp\u00e9cifications de la carte PCB du g\u00e9n\u00e9rateur ultrasonique 60W\/220V<\/h2>\n<table id=\"wp-table-reloaded-id-25-no-1\" class=\"table table-striped table-bordered\">\n<tbody>\n<tr>\n<td>Fr\u00e9quence<\/td>\n<td>40 KHz, 28 kHz, 25 kHz<\/td>\n<\/tr>\n<tr>\n<td>Puissance<\/td>\n<td>60 W<\/td>\n<\/tr>\n<tr>\n<td>Entra\u00eene le transducteur<\/td>\n<td>Un transducteur de 50 W ou un transducteur de 60 W<\/td>\n<\/tr>\n<tr>\n<td>Alimentation<\/td>\n<td>Entr\u00e9e : 200V ~ 230V AC<\/td>\n<\/tr>\n<tr>\n<td>Poids<\/td>\n<td>300 g\/pi\u00e8ce<\/td>\n<\/tr>\n<\/tbody>\n<\/table>\n<p><strong>Carte de circuit ultrasonique pour transducteur ultrasonique<\/strong><\/p>\n<p><strong>Remarque : veuillez indiquer la fr\u00e9quence dont vous avez besoin.<\/strong><\/p>\n<ul>\n<li>Le <a href=\"https:\/\/www.bjultrasonic.com\/fr\/category\/ultrasonic-generator-fr\/\">g\u00e9n\u00e9rateur ultrasonique<\/a> ne peut pas \u00eatre mis sous tension \u00e0 vide<\/li>\n<li>Apr\u00e8s installation, ne pas mettre sous tension avant d&rsquo;avoir vers\u00e9 le liquide de nettoyage<\/li>\n<li>Le <a href=\"https:\/\/www.bjultrasonic.com\/fr\/category\/ultrasonic-transducer-fr\/\">transducteur ultrasonique<\/a> poss\u00e8de deux pattes. La borne positive se trouve au centre des deux pi\u00e8ces en c\u00e9ramique. La borne n\u00e9gative est pr\u00e8s de la colonne m\u00e9tallique inf\u00e9rieure. Veuillez ne pas inverser le c\u00e2blage.<\/li>\n<li>Le c\u00f4t\u00e9 le plus large avec le trou de vis dans le transducteur c\u00e9ramique, qui a une fonction de vibration, peut \u00eatre fix\u00e9 au fond de la machine de nettoyage. Veuillez vous assurer que la machine de nettoyage est correctement mise \u00e0 la terre.<\/li>\n<li>Le transducteur c\u00e9ramique doit \u00eatre coll\u00e9 au fond de la machine de nettoyage en utilisant de la colle sp\u00e9cialis\u00e9e pour transducteur ou de la colle AB en b\u00e2ton, mais l&rsquo;effet est un peu moins bon, ou utiliser de la r\u00e9sine \u00e9poxy dans une proportion de 10:4.<\/li>\n<li>La tension de la carte de circuit en fonctionnement est de 600 V. La tension de sortie vers le transducteur est de 1100 V. Veuillez vous assurer que la machine de nettoyage est correctement mise \u00e0 la terre. Veuillez vous assurer qu&rsquo;un interrupteur de protection diff\u00e9rentielle est install\u00e9 sur l&rsquo;alimentation pour garantir la s\u00e9curit\u00e9.<\/li>\n<\/ul>\n<h3>Paiement<\/h3>\n<p>Nous acceptons PayPal, T\/T &#038; Western Union.<\/p>\n<h3 class=\"shipping-methods\">Livraison<\/h3>\n<p>Les marchandises seront exp\u00e9di\u00e9es dans les 48 heures suivant la r\u00e9ception du paiement int\u00e9gral.<\/p>\n<ul>\n<li>Nous exp\u00e9dions les marchandises \u00e0 l&rsquo;adresse indiqu\u00e9e lors du paiement PayPal. Veuillez vous assurer que l&rsquo;adresse dans PayPal est correcte.<\/li>\n<li>Nous vous donnerons le num\u00e9ro de suivi apr\u00e8s l&rsquo;exp\u00e9dition des marchandises. En g\u00e9n\u00e9ral, vous recevrez les marchandises dans les cinq jours.<\/li>\n<li>Si vous avez des questions, veuillez nous contacter par e-mail (notre adresse e-mail est <a href=\"mailto:support@bjultrasonic.com\">support@bjultrasonic.com<\/a>)<\/li>\n<\/ul>\n<h3 align=\"left\">Garantie du produit<\/h3>\n<p>La p\u00e9riode de garantie du produit est d&rsquo;un an. Pendant la p\u00e9riode de garantie, les produits achet\u00e9s peuvent b\u00e9n\u00e9ficier d&rsquo;une r\u00e9paration ou d&rsquo;un \u00e9change gratuit.<\/p>\n<h3>Liste de lecture vid\u00e9o : Pilote de transducteur ultrasonique<\/h3>\n<p><iframe loading=\"lazy\" width=\"560\" height=\"315\" src=\"https:\/\/www.youtube.com\/embed\/videoseries?list=PLLrjMYkO0_NG56zqmQN9W9F1Xf9eev6dc\" frameborder=\"0\" allow=\"autoplay; encrypted-media\" allowfullscreen><\/iframe><\/p>\n","protected":false},"excerpt":{"rendered":"<p>Circuit de g\u00e9n\u00e9rateur ultrasonique, \u00e9galement appel\u00e9 circuit de commande de <a href=\"https:\/\/www.bjultrasonic.com\/fr\/category\/ultrasonic-transducer-fr\/\">transducteur ultrasonique<\/a> ou <a href=\"https:\/\/www.bjultrasonic.com\/fr\/category\/ultrasonic-generator-fr\/ultrasonic-generator-circuits-fr\/\">carte de commande d&rsquo;alimentation pour nettoyeur ultrasonique<\/a>. Il fournit une <a href=\"https:\/\/www.bjultrasonic.com\/fr\/category\/ultrasonic-generator-fr\/\">fr\u00e9quence ultrasonique<\/a> pour entra\u00eener les transducteurs ultrasoniques \u00e0 l&rsquo;int\u00e9rieur des <a href=\"https:\/\/www.bjultrasonic.com\/fr\/category\/ultrasonic-cleaning-system-fr\/\">nettoyeurs ultrasoniques<\/a>.<\/p>\n","protected":false},"featured_media":19274,"comment_status":"open","ping_status":"closed","template":"","meta":[],"product_brand":[],"product_cat":[6093],"product_tag":[],"class_list":{"0":"post-72010","1":"product","2":"type-product","3":"status-publish","4":"has-post-thumbnail","6":"product_cat-ultrasonic-generator-circuits-fr","8":"first","9":"instock","10":"shipping-taxable","11":"purchasable","12":"product-type-simple","13":"prodpage-classic"},"aioseo_notices":[],"_links":{"self":[{"href":"https:\/\/www.bjultrasonic.com\/fr\/wp-json\/wp\/v2\/product\/72010","targetHints":{"allow":["GET"]}}],"collection":[{"href":"https:\/\/www.bjultrasonic.com\/fr\/wp-json\/wp\/v2\/product"}],"about":[{"href":"https:\/\/www.bjultrasonic.com\/fr\/wp-json\/wp\/v2\/types\/product"}],"replies":[{"embeddable":true,"href":"https:\/\/www.bjultrasonic.com\/fr\/wp-json\/wp\/v2\/comments?post=72010"}],"wp:featuredmedia":[{"embeddable":true,"href":"https:\/\/www.bjultrasonic.com\/fr\/wp-json\/wp\/v2\/media\/19274"}],"wp:attachment":[{"href":"https:\/\/www.bjultrasonic.com\/fr\/wp-json\/wp\/v2\/media?parent=72010"}],"wp:term":[{"taxonomy":"product_brand","embeddable":true,"href":"https:\/\/www.bjultrasonic.com\/fr\/wp-json\/wp\/v2\/product_brand?post=72010"},{"taxonomy":"product_cat","embeddable":true,"href":"https:\/\/www.bjultrasonic.com\/fr\/wp-json\/wp\/v2\/product_cat?post=72010"},{"taxonomy":"product_tag","embeddable":true,"href":"https:\/\/www.bjultrasonic.com\/fr\/wp-json\/wp\/v2\/product_tag?post=72010"}],"curies":[{"name":"wp","href":"https:\/\/api.w.org\/{rel}","templated":true}]}}