{"id":72370,"date":"2012-03-19T02:36:28","date_gmt":"2012-03-19T07:36:28","guid":{"rendered":"https:\/\/www.bjultrasonic.com\/shop\/40khz-50w-ultrasonic-cleaning-transducer-pzt4\/"},"modified":"2026-03-28T19:53:06","modified_gmt":"2026-03-29T00:53:06","slug":"40khz-50w-ultrasonic-cleaning-transducer-pzt4","status":"publish","type":"product","link":"https:\/\/www.bjultrasonic.com\/fr\/shop\/40khz-50w-ultrasonic-cleaning-transducer-pzt4\/","title":{"rendered":"Transducteur de nettoyage ultrasonique pi\u00e9zo\u00e9lectrique 40KHz 50W (PZT-4)"},"content":{"rendered":"<h2>Sp\u00e9cifications du transducteur de nettoyage ultrasonique 40KHz 50W (pzt4)<\/h2>\n<table id=\"wp-table-reloaded-id-11-no-1\" class=\"table table-striped table-bordered\">\n<tbody>\n<tr>\n<td>Type<\/td>\n<td>BJC-4050T- 45HS PZT-4<\/td>\n<\/tr>\n<tr>\n<td>Fr\u00e9quence<\/td>\n<td>40KHz\u00b11 KHz<\/td>\n<\/tr>\n<tr>\n<td>Puissance<\/td>\n<td>50w<\/td>\n<\/tr>\n<tr>\n<td>Capacit\u00e9<\/td>\n<td>4100pf (pzt4)<\/td>\n<\/tr>\n<tr>\n<td>Surface de rayonnement<\/td>\n<td>45mm<\/td>\n<\/tr>\n<tr>\n<td>R\u00e9sistance de r\u00e9sonance<\/td>\n<td>10-20\u03a9<\/td>\n<\/tr>\n<tr>\n<td>Longueur<\/td>\n<td>54mm<\/td>\n<\/tr>\n<tr>\n<td>Alimentation \u00e9lectrique<\/td>\n<td>Entr\u00e9e : 100V~130V ou 220V~240V AC<\/td>\n<\/tr>\n<tr>\n<td>Poids<\/td>\n<td>300g\/pi\u00e8ce<\/td>\n<\/tr>\n<\/tbody>\n<\/table>\n<p><strong><a href=\"https:\/\/drive.google.com\/file\/d\/1pXEpP5HbetTukpQtZKV4hyTdlMm0aYkt\/view\" target=\"_blank\" rel=\"noopener\">T\u00e9l\u00e9charger<\/a> les sp\u00e9cifications et devis de tous les transducteurs de nettoyage ultrasonique.<\/strong><\/p>\n<h3>M\u00e9thodes de d\u00e9nomination des transducteurs de nettoyage ultrasonique<\/h3>\n<p><a href=\"https:\/\/www.bjultrasonic.com\/wp-content\/uploads\/2012\/10\/Naming-Methods-of-Ultrasonic-Cleaning-Transducer.jpg\" data-lightbox=\"image\"><img loading=\"lazy\" decoding=\"async\" title=\"M\u00e9thodes de d\u00e9nomination des transducteurs de nettoyage ultrasonique\" src=\"\/\/www.bjultrasonic.com\/wp-content\/uploads\/2012\/10\/Naming-Methods-of-Ultrasonic-Cleaning-Transducer.jpg\" alt=\"M\u00e9thodes de d\u00e9nomination des transducteurs de nettoyage ultrasonique\" width=\"442\" height=\"399\" \/><\/a><\/p>\n<h3>Structure du transducteur de nettoyage ultrasonique<\/h3>\n<p><a href=\"https:\/\/www.bjultrasonic.com\/wp-content\/uploads\/2012\/03\/2012319111.jpg\" data-lightbox=\"image\"><img loading=\"lazy\" decoding=\"async\" class=\"alignnone\" title=\"Structure du transducteur de nettoyage ultrasonique\" src=\"\/\/www.bjultrasonic.com\/wp-content\/uploads\/2012\/10\/Ultrasonic-Cleaning-Transducer-Structure.jpg\" alt=\"Structure du transducteur de nettoyage ultrasonique\" width=\"546\" height=\"203\" \/><\/a><\/p>\n<h3>Caract\u00e9ristiques principales<\/h3>\n<ul>\n<li>Haute efficacit\u00e9 : param\u00e8tre m\u00e9canique Q \u00e9lev\u00e9, efficacit\u00e9 de transduction entre l&rsquo;\u00e9lectricit\u00e9 et le son sup\u00e9rieure \u00e0 95 %.<\/li>\n<li>Amplitude \u00e9lev\u00e9e : la r\u00e9sistance du transducteur est am\u00e9lior\u00e9e en fixant directement le vibrateur haute vitesse sur la base du bac de lavage avec des boulons. Compar\u00e9 \u00e0 un vibrateur \u00e0 expansion magn\u00e9tique, son amplitude peut \u00eatre am\u00e9lior\u00e9e de plus de 50 %.<\/li>\n<li>Bonne r\u00e9sistance \u00e0 la chaleur : large plage de temp\u00e9rature de fonctionnement, faible imp\u00e9dance de r\u00e9sonance et faible production de chaleur.<\/li>\n<li>Bonne construction : fix\u00e9 par boulons, facile \u00e0 assembler, haute fiabilit\u00e9.<\/li>\n<\/ul>\n<h3>Liste de lecture vid\u00e9o : Transducteurs ultrasoniques<\/h3>\n<p><iframe loading=\"lazy\" title=\"Dual-frequency Piezoelectric Ultrasonic Transducer for Ultrasonic Cleaner\" width=\"500\" height=\"281\" src=\"https:\/\/www.youtube.com\/embed\/3zVdE1GihAE?list=PL2F5F3AB3579FB4A9\" frameborder=\"0\" allow=\"accelerometer; autoplay; clipboard-write; encrypted-media; gyroscope; picture-in-picture; web-share\" referrerpolicy=\"strict-origin-when-cross-origin\" allowfullscreen><\/iframe><\/p>\n<h3>Transducteur ultrasonique haute puissance<\/h3>\n<p><iframe loading=\"lazy\" title=\"High Power Piezoelectric Ultrasonic Transducer - Beijing Ultrasonic\" width=\"500\" height=\"281\" src=\"https:\/\/www.youtube.com\/embed\/TBLGTvZgOw4?feature=oembed\" frameborder=\"0\" allow=\"accelerometer; autoplay; clipboard-write; encrypted-media; gyroscope; picture-in-picture; web-share\" referrerpolicy=\"strict-origin-when-cross-origin\" allowfullscreen><\/iframe><\/p>\n<h3>Paiement<\/h3>\n<p>Nous acceptons d\u00e9sormais PayPal, virement bancaire (T\/T) et Western Union.<\/p>\n<h3 class=\"shipping-methods\">Livraison<\/h3>\n<p>Les marchandises seront exp\u00e9di\u00e9es dans les 48 heures suivant la r\u00e9ception du paiement int\u00e9gral.<\/p>\n<ul>\n<li>Nous exp\u00e9dions les marchandises \u00e0 l&rsquo;adresse indiqu\u00e9e dans le paiement PayPal. Veuillez vous assurer que l&rsquo;adresse dans PayPal est correcte.<\/li>\n<li>Nous vous donnerons le num\u00e9ro de suivi apr\u00e8s l&rsquo;exp\u00e9dition des marchandises. En g\u00e9n\u00e9ral, vous recevrez les marchandises dans les cinq jours.<\/li>\n<li>Si vous avez des questions, veuillez nous contacter par e-mail (notre adresse e-mail est <a href=\"mailto:support@bjultrasonic.com\">support@bjultrasonic.com<\/a>)<\/li>\n<\/ul>\n<h3 align=\"left\">Garantie produit<\/h3>\n<p>La p\u00e9riode de garantie du produit est d&rsquo;un an. Durant la p\u00e9riode de garantie, les produits achet\u00e9s peuvent b\u00e9n\u00e9ficier d&rsquo;une maintenance ou d&rsquo;un \u00e9change gratuit.<\/p>\n","protected":false},"excerpt":{"rendered":"<p><a href=\"https:\/\/www.bjultrasonic.com\/fr\/category\/ultrasonic-transducer-fr\/\">Le transducteur pi\u00e9zo\u00e9lectrique<\/a> pour le nettoyage ultrasonique est une partie importante d&rsquo;un <a href=\"https:\/\/www.bjultrasonic.com\/fr\/category\/ultrasonic-cleaning-system-fr\/\">nettoyeur ultrasonique<\/a>, le transducteur ultrasonique convertit l&rsquo;\u00e9nergie \u00e9lectrique provenant d&rsquo;un <a href=\"https:\/\/www.bjultrasonic.com\/fr\/category\/ultrasonic-generator-fr\/\">g\u00e9n\u00e9rateur ultrasonique<\/a> en <a href=\"https:\/\/www.bjultrasonic.com\/fr\/uses-of-ultrasonic-waves\/\">ondes ultrasonores<\/a>.<\/p>\n","protected":false},"featured_media":19400,"comment_status":"open","ping_status":"closed","template":"","meta":[],"product_brand":[],"product_cat":[6310],"product_tag":[],"class_list":{"0":"post-72370","1":"product","2":"type-product","3":"status-publish","4":"has-post-thumbnail","6":"product_cat-ultrasonic-transducer-fr","8":"first","9":"instock","10":"shipping-taxable","11":"purchasable","12":"product-type-simple","13":"prodpage-classic"},"aioseo_notices":[],"_links":{"self":[{"href":"https:\/\/www.bjultrasonic.com\/fr\/wp-json\/wp\/v2\/product\/72370","targetHints":{"allow":["GET"]}}],"collection":[{"href":"https:\/\/www.bjultrasonic.com\/fr\/wp-json\/wp\/v2\/product"}],"about":[{"href":"https:\/\/www.bjultrasonic.com\/fr\/wp-json\/wp\/v2\/types\/product"}],"replies":[{"embeddable":true,"href":"https:\/\/www.bjultrasonic.com\/fr\/wp-json\/wp\/v2\/comments?post=72370"}],"wp:featuredmedia":[{"embeddable":true,"href":"https:\/\/www.bjultrasonic.com\/fr\/wp-json\/wp\/v2\/media\/19400"}],"wp:attachment":[{"href":"https:\/\/www.bjultrasonic.com\/fr\/wp-json\/wp\/v2\/media?parent=72370"}],"wp:term":[{"taxonomy":"product_brand","embeddable":true,"href":"https:\/\/www.bjultrasonic.com\/fr\/wp-json\/wp\/v2\/product_brand?post=72370"},{"taxonomy":"product_cat","embeddable":true,"href":"https:\/\/www.bjultrasonic.com\/fr\/wp-json\/wp\/v2\/product_cat?post=72370"},{"taxonomy":"product_tag","embeddable":true,"href":"https:\/\/www.bjultrasonic.com\/fr\/wp-json\/wp\/v2\/product_tag?post=72370"}],"curies":[{"name":"wp","href":"https:\/\/api.w.org\/{rel}","templated":true}]}}