{"id":72701,"date":"2022-04-27T20:46:08","date_gmt":"2022-04-28T01:46:08","guid":{"rendered":"https:\/\/www.bjultrasonic.com\/ultrasonic-transducer-technical\/"},"modified":"2026-03-12T09:31:50","modified_gmt":"2026-03-12T14:31:50","slug":"ultrasonic-transducer-technical","status":"publish","type":"page","link":"https:\/\/www.bjultrasonic.com\/it\/ultrasonic-transducer-technical\/","title":{"rendered":"Panoramica Tecnica del Trasduttore a Ultrasuoni"},"content":{"rendered":"<p>Un trasduttore ultrasonico \u00e8 un dispositivo che converte l&#8217;energia da una forma all&#8217;altra, specificamente tra energia elettrica ed energia acustica (sonora) a frequenze ultrasoniche \u2014 frequenze al di sopra della gamma dell&#8217;udito umano (tipicamente sopra i 20 kHz). In termini pi\u00f9 semplici, \u00e8 un dispositivo che pu\u00f2 generare e ricevere onde sonore a frequenze che gli esseri umani non possono sentire.<\/p>\n<h3>1. Classificazione<\/h3>\n<p>I trasduttori ultrasonici sono classificati in base alle loro applicazioni specifiche, materiali, frequenza, potenza e forma. Una classificazione ampia basata sull&#8217;applicazione include:<\/p>\n<ul>\n<li><a href=\"https:\/\/www.bjultrasonic.com\/it\/category\/ultrasonic-transducer-it\/\">Trasduttori per Pulizia Ultrasonica<\/a>: Sono progettati per rimuovere contaminanti dalle superfici utilizzando la cavitazione ultrasonica.<\/li>\n<li><a href=\"https:\/\/www.bjultrasonic.com\/it\/shop\/ultrasonic-welding-transducer\/\">Trasduttori per Saldatura Ultrasonica<\/a>: Utilizzati per unire materiali applicando vibrazioni ad alta frequenza, generando calore e causando fusione.<\/li>\n<li><a href=\"https:\/\/www.bjultrasonic.com\/it\/shop\/ultrasonic-beauty-transducer\/\">Trasduttori per Estetica Ultrasonica<\/a>: Impiegati in procedure cosmetiche, come la pulizia della pelle e il miglioramento della penetrazione dei prodotti.<\/li>\n<li><a href=\"https:\/\/www.bjultrasonic.com\/it\/shop\/ultrasonic-atomizing-transducer\/\">Trasduttori per Atomizzazione Ultrasonica<\/a>: Creano nebbie o foschie fini per dispositivi di umidificazione o inalazione.<\/li>\n<li><a href=\"https:\/\/www.bjultrasonic.com\/it\/shop\/ultrasonic-vibrating-screen-transducer\/\">Trasduttori per Vibrazione Ultrasonica<\/a>: Utilizzano vibrazioni ultrasoniche per varie applicazioni, inclusa la lavorazione dei materiali e la setacciatura.<\/li>\n<li><a href=\"https:\/\/www.bjultrasonic.com\/it\/shop\/ultrasonic-cell-disruptor-transducer\/\">Trasduttori per Disgregazione Cellulare Ultrasonica<\/a>: Utilizzati per la lisi cellulare nella ricerca biologica e chimica, consentendo il rilascio del contenuto intracellulare.<\/li>\n<\/ul>\n<style type=\"text\/css\">\r\n\t\t\t\t#gallery-1 {\r\n\t\t\t\t\tmargin: auto;\r\n\t\t\t\t}\r\n\t\t\t\t#gallery-1 .gallery-item {\r\n\t\t\t\t\tfloat: left;\r\n\t\t\t\t\tmargin-top: 10px;\r\n\t\t\t\t\ttext-align: center;\r\n\t\t\t\t\twidth: 16%;\r\n\t\t\t\t}\r\n\t\t\t\t#gallery-1 .gallery-caption {\r\n\t\t\t\t\tmargin-left: 0;\r\n\t\t\t\t}\r\n\t\t\t<\/style><!-- see gallery_shortcode() in wp-includes\/media.php -->\r\n\t\t\t\n\t\t<div id=\"gallery-1\" class=\"gallery galleryid-72701 mfp-gallery mfp-gallery--images gallery-columns-6 gallery-size-full\"><div class=\"row zn_image_gallery \"><div class=\"col-sm-6 col-md-4 col-lg-2\"><a href=\"https:\/\/www.bjultrasonic.com\/wp-content\/uploads\/2021\/03\/100KHz-40W-Ultrasonic-Transducer-PZT-4-2.jpg\" title=\"Ultrasonic Cleaning Transducer\" class=\"hoverBorder\"><img loading=\"lazy\" decoding=\"async\" width=\"750\" height=\"750\" src=\"https:\/\/www.bjultrasonic.com\/wp-content\/uploads\/2021\/03\/100KHz-40W-Ultrasonic-Transducer-PZT-4-2.jpg\" class=\"attachment-full size-full\" alt=\"100KHz 40W Ultrasonic Transducer (PZT-4)\" link=\"file\" size=\"full\" columns=\"6\" ids=\"23744,19551,42268,42279,4845,42294\" orderby=\"post__in\" include=\"23744,19551,42268,42279,4845,42294\" srcset=\"https:\/\/www.bjultrasonic.com\/wp-content\/uploads\/2021\/03\/100KHz-40W-Ultrasonic-Transducer-PZT-4-2.jpg 750w, https:\/\/www.bjultrasonic.com\/wp-content\/uploads\/2021\/03\/100KHz-40W-Ultrasonic-Transducer-PZT-4-2-600x600.jpg 600w, https:\/\/www.bjultrasonic.com\/wp-content\/uploads\/2021\/03\/100KHz-40W-Ultrasonic-Transducer-PZT-4-2-100x100.jpg 100w\" sizes=\"auto, (max-width: 750px) 100vw, 750px\" \/><span class=\"gallery_caption\">Ultrasonic Cleaning Transducer<\/span><\/a><\/div><div class=\"col-sm-6 col-md-4 col-lg-2\"><a href=\"https:\/\/www.bjultrasonic.com\/wp-content\/uploads\/2018\/08\/5500ML-Ultrasonic-Fogger-Ultrasonic-Cool-Mist-Humidifier-1.jpg\" title=\"Ultrasonic Humidifier Transducer\" class=\"hoverBorder\"><img loading=\"lazy\" decoding=\"async\" width=\"650\" height=\"667\" src=\"https:\/\/www.bjultrasonic.com\/wp-content\/uploads\/2018\/08\/5500ML-Ultrasonic-Fogger-Ultrasonic-Cool-Mist-Humidifier-1.jpg\" class=\"attachment-full size-full\" alt=\"5500ML Ultrasonic Fogger Ultrasonic Cool Mist Humidifier (1)\" link=\"file\" size=\"full\" columns=\"6\" ids=\"23744,19551,42268,42279,4845,42294\" orderby=\"post__in\" include=\"23744,19551,42268,42279,4845,42294\" \/><span class=\"gallery_caption\">Ultrasonic Humidifier Transducer<\/span><\/a><\/div><div class=\"col-sm-6 col-md-4 col-lg-2\"><a href=\"https:\/\/www.bjultrasonic.com\/wp-content\/uploads\/2012\/08\/Ultrasonic-Welding-Transducer-4.jpg\" title=\"Ultrasonic Welding Transducer\" class=\"hoverBorder\"><img loading=\"lazy\" decoding=\"async\" width=\"800\" height=\"800\" src=\"https:\/\/www.bjultrasonic.com\/wp-content\/uploads\/2012\/08\/Ultrasonic-Welding-Transducer-4.jpg\" class=\"attachment-full size-full\" alt=\"Ultrasonic Welding Transducer (4)\" link=\"file\" size=\"full\" columns=\"6\" ids=\"23744,19551,42268,42279,4845,42294\" orderby=\"post__in\" include=\"23744,19551,42268,42279,4845,42294\" srcset=\"https:\/\/www.bjultrasonic.com\/wp-content\/uploads\/2012\/08\/Ultrasonic-Welding-Transducer-4.jpg 800w, https:\/\/www.bjultrasonic.com\/wp-content\/uploads\/2012\/08\/Ultrasonic-Welding-Transducer-4-600x600.jpg 600w, https:\/\/www.bjultrasonic.com\/wp-content\/uploads\/2012\/08\/Ultrasonic-Welding-Transducer-4-100x100.jpg 100w\" sizes=\"auto, (max-width: 800px) 100vw, 800px\" \/><span class=\"gallery_caption\">Ultrasonic Welding Transducer<\/span><\/a><\/div><div class=\"col-sm-6 col-md-4 col-lg-2\"><a href=\"https:\/\/www.bjultrasonic.com\/wp-content\/uploads\/2012\/08\/Ultrasonic-Cell-Disruptor-Homogenizer-Transducer-4.jpg\" title=\"Ultrasonic Cell Disruptor Transducer\" class=\"hoverBorder\"><img loading=\"lazy\" decoding=\"async\" width=\"800\" height=\"800\" src=\"https:\/\/www.bjultrasonic.com\/wp-content\/uploads\/2012\/08\/Ultrasonic-Cell-Disruptor-Homogenizer-Transducer-4.jpg\" class=\"attachment-full size-full\" alt=\"Ultrasonic Cell Disruptor Homogenizer Transducer (4)\" link=\"file\" size=\"full\" columns=\"6\" ids=\"23744,19551,42268,42279,4845,42294\" orderby=\"post__in\" include=\"23744,19551,42268,42279,4845,42294\" srcset=\"https:\/\/www.bjultrasonic.com\/wp-content\/uploads\/2012\/08\/Ultrasonic-Cell-Disruptor-Homogenizer-Transducer-4.jpg 800w, https:\/\/www.bjultrasonic.com\/wp-content\/uploads\/2012\/08\/Ultrasonic-Cell-Disruptor-Homogenizer-Transducer-4-600x600.jpg 600w, https:\/\/www.bjultrasonic.com\/wp-content\/uploads\/2012\/08\/Ultrasonic-Cell-Disruptor-Homogenizer-Transducer-4-100x100.jpg 100w\" sizes=\"auto, (max-width: 800px) 100vw, 800px\" \/><span class=\"gallery_caption\">Ultrasonic Cell Disruptor Transducer<\/span><\/a><\/div><div class=\"col-sm-6 col-md-4 col-lg-2\"><a href=\"https:\/\/www.bjultrasonic.com\/wp-content\/uploads\/2012\/07\/Ultrasonic-Vibration-Transducer.jpg\" title=\"Ultrasonic Vibration Transducer\" class=\"hoverBorder\"><img loading=\"lazy\" decoding=\"async\" width=\"700\" height=\"700\" src=\"https:\/\/www.bjultrasonic.com\/wp-content\/uploads\/2012\/07\/Ultrasonic-Vibration-Transducer.jpg\" class=\"attachment-full size-full\" alt=\"Ultrasonic Vibration Transducer\" link=\"file\" size=\"full\" columns=\"6\" ids=\"23744,19551,42268,42279,4845,42294\" orderby=\"post__in\" include=\"23744,19551,42268,42279,4845,42294\" srcset=\"https:\/\/www.bjultrasonic.com\/wp-content\/uploads\/2012\/07\/Ultrasonic-Vibration-Transducer.jpg 700w, https:\/\/www.bjultrasonic.com\/wp-content\/uploads\/2012\/07\/Ultrasonic-Vibration-Transducer-600x600.jpg 600w, https:\/\/www.bjultrasonic.com\/wp-content\/uploads\/2012\/07\/Ultrasonic-Vibration-Transducer-100x100.jpg 100w\" sizes=\"auto, (max-width: 700px) 100vw, 700px\" \/><span class=\"gallery_caption\">Ultrasonic Vibration Transducer<\/span><\/a><\/div><div class=\"col-sm-6 col-md-4 col-lg-2\"><a href=\"https:\/\/www.bjultrasonic.com\/wp-content\/uploads\/2012\/08\/PZT-Piezo-Ceramics-Disk-for-Beauty-Application.avif\" title=\"Ultrasonic Beauty Transducer\" class=\"hoverBorder\"><img loading=\"lazy\" decoding=\"async\" width=\"800\" height=\"800\" src=\"https:\/\/www.bjultrasonic.com\/wp-content\/uploads\/2012\/08\/PZT-Piezo-Ceramics-Disk-for-Beauty-Application.avif\" class=\"attachment-full size-full\" alt=\"PZT Piezo Ceramics Disk for Beauty Application\" link=\"file\" size=\"full\" columns=\"6\" ids=\"23744,19551,42268,42279,4845,42294\" orderby=\"post__in\" include=\"23744,19551,42268,42279,4845,42294\" srcset=\"https:\/\/www.bjultrasonic.com\/wp-content\/uploads\/2012\/08\/PZT-Piezo-Ceramics-Disk-for-Beauty-Application.avif 800w, https:\/\/www.bjultrasonic.com\/wp-content\/uploads\/2012\/08\/PZT-Piezo-Ceramics-Disk-for-Beauty-Application-600x600.avif 600w, https:\/\/www.bjultrasonic.com\/wp-content\/uploads\/2012\/08\/PZT-Piezo-Ceramics-Disk-for-Beauty-Application-100x100.avif 100w\" sizes=\"auto, (max-width: 800px) 100vw, 800px\" \/><span class=\"gallery_caption\">Ultrasonic Beauty Transducer<\/span><\/a><\/div><\/div><\/div>\n<p>Un altro approccio di classificazione si basa sul materiale ceramico piezoelettrico utilizzato:<\/p>\n<ul>\n<li><strong>Serie PZT4:<\/strong> Tipicamente caratterizzata da chip neri.<\/li>\n<li><strong>Serie PZT8:<\/strong> Solitamente identificata da chip gialli.<\/li>\n<\/ul>\n<p>Le classificazioni basate sulla frequenza sono anche comuni:<\/p>\n<ul>\n<li><strong>Serie a Bassa Frequenza:<\/strong> Da 17 a 23 kHz.<\/li>\n<li><strong>Serie a Media Frequenza:<\/strong> Da 25 a 28 kHz.<\/li>\n<li><strong>Serie ad Alta Frequenza:<\/strong> Da 33 a 60 kHz.<\/li>\n<li><strong>Serie ad Altissima Frequenza:<\/strong> Da 68 a 200 kHz.<\/li>\n<\/ul>\n<p>Le categorie basate sulla potenza includono:<\/p>\n<ul>\n<li><strong>Serie 50W:<\/strong> Che pu\u00f2 includere trasduttori da 60W.<\/li>\n<li><strong>Serie 100W:<\/strong> Che comprende 80W e altre potenze simili.<\/li>\n<li><strong>Altre Potenze Non Convenzionali:<\/strong> Trasduttori con uscite di potenza non standard.<\/li>\n<\/ul>\n<p>Infine, i trasduttori possono essere classificati per la loro forma fisica:<\/p>\n<ul>\n<li><strong>Diritti:<\/strong> Trasduttori con forma cilindrica o rettangolare.<\/li>\n<li><strong>A Forma di Corno:<\/strong> Trasduttori con forma conica per amplificare le vibrazioni ultrasoniche.<\/li>\n<\/ul>\n<h3>2. Metodi di Denominazione<\/h3>\n<p>I trasduttori ultrasonici sono spesso designati utilizzando una combinazione di lettere e numeri che specificano caratteristiche chiave. Una convenzione di denominazione comune \u00e8 la seguente, utilizzando un esempio ipotetico da Beijing Ultrasonic:<\/p>\n<p><img loading=\"lazy\" decoding=\"async\" class=\"alignnone wp-image-815 size-full\" title=\"Metodo di Denominazione del Trasduttore Ultrasonico\" src=\"https:\/\/www.bjultrasonic.com\/wp-content\/uploads\/2012\/04\/Ultrasonic-Transducer-Naming-Method.png\" alt=\"Metodo di Denominazione del Trasduttore Ultrasonico\" width=\"512\" height=\"285\" \/><\/p>\n<p><strong>Esempio: BJ-18 50D-35HN PZT8<\/strong><\/p>\n<table class=\"table table-striped table-bordered\">\n<thead>\n<tr>\n<th align=\"left\">Componente<\/th>\n<th align=\"left\">Descrizione<\/th>\n<th align=\"left\">Esempio<\/th>\n<\/tr>\n<\/thead>\n<tbody>\n<tr>\n<td align=\"left\">BJ<\/td>\n<td align=\"left\">Codice Aziendale<\/td>\n<td align=\"left\">BJ<\/td>\n<\/tr>\n<tr>\n<td align=\"left\">C<\/td>\n<td align=\"left\">Applicazione, &#8220;Pulizia&#8221; (Cleaning)<\/td>\n<td align=\"left\">C<\/td>\n<\/tr>\n<tr>\n<td align=\"left\">18<\/td>\n<td align=\"left\">Frequenza in KHz<\/td>\n<td align=\"left\">18<\/td>\n<\/tr>\n<tr>\n<td align=\"left\">50<\/td>\n<td align=\"left\">Potenza in Watt<\/td>\n<td align=\"left\">50<\/td>\n<\/tr>\n<tr>\n<td align=\"left\">D<\/td>\n<td align=\"left\">Numero di Ceramiche Piezoelettriche<\/td>\n<td align=\"left\">D<\/td>\n<\/tr>\n<tr>\n<td align=\"left\">35<\/td>\n<td align=\"left\">Diametro della Ceramica Piezoelettrica<\/td>\n<td align=\"left\">35<\/td>\n<\/tr>\n<tr>\n<td align=\"left\">H<\/td>\n<td align=\"left\">Forma del Trasduttore<\/td>\n<td align=\"left\">H<\/td>\n<\/tr>\n<tr>\n<td align=\"left\">N<\/td>\n<td align=\"left\">Caratteristica Speciale, &#8220;Senza Foro&#8221; (No Hole)<\/td>\n<td align=\"left\">N<\/td>\n<\/tr>\n<tr>\n<td align=\"left\">PZT8<\/td>\n<td align=\"left\">Tipo di Ceramica Piezoelettrica<\/td>\n<td align=\"left\">PZT8<\/td>\n<\/tr>\n<\/tbody>\n<\/table>\n<p>Questo codice dettagliato consente un&#8217;identificazione precisa delle caratteristiche del trasduttore. Si noti che le convenzioni di denominazione specifiche possono variare da produttore a produttore.<\/p>\n<p><iframe loading=\"lazy\" title=\"20KHz 25KHz 28KHz 60KHz Piezo Ultrasonic Transducer for Cleaning\" width=\"500\" height=\"281\" src=\"https:\/\/www.youtube.com\/embed\/JdWn_Q0bJgc?feature=oembed\" frameborder=\"0\" allow=\"accelerometer; autoplay; clipboard-write; encrypted-media; gyroscope; picture-in-picture; web-share\" referrerpolicy=\"strict-origin-when-cross-origin\" allowfullscreen><\/iframe><\/p>\n<h3>3. Come Funziona?<\/h3>\n<p>La funzione principale di un trasduttore ultrasonico \u00e8 convertire l&#8217;energia tra forme elettriche e acustiche. Questo processo di conversione si basa sull&#8217;effetto piezoelettrico. Ecco una spiegazione:<\/p>\n<p><strong>Elemento Piezoelettrico:<\/strong> Al centro del trasduttore c&#8217;\u00e8 l&#8217;<a href=\"https:\/\/www.bjultrasonic.com\/it\/category\/piezoelectric-ceramic-it\/\">elemento piezoelettrico<\/a>, realizzato con materiali come il PZT (titanato zirconato di piombo). Quando viene applicato un campo elettrico alternato, il materiale piezoelettrico si espande e si contrae.<\/p>\n<p><strong>Generazione dell&#8217;Onda Sonora:<\/strong> L&#8217;espansione e la contrazione dell&#8217;elemento piezoelettrico creano onde di pressione meccanica, che sono le onde sonore.<\/p>\n<p><strong>Controllo Direzionale:<\/strong> Per focalizzare le onde sonore in una direzione specifica, la progettazione del trasduttore \u00e8 cruciale.<\/p>\n<ul>\n<li><strong>Strato di supporto:<\/strong> Questo strato, solitamente realizzato in materiali densi e fonoassorbenti come polimeri caricati con tungsteno, impedisce la propagazione del suono nella direzione opposta. Lo strato di supporto pu\u00f2 essere progettato con forme specifiche per garantire l&#8217;assorbimento completo delle onde.<\/li>\n<li><strong>Strato di adattamento:<\/strong> Questo strato, spesso composto da uno o pi\u00f9 strati con impedenza acustica intermedia, \u00e8 posizionato tra l&#8217;elemento piezoelettrico e il mezzo in cui si propagher\u00e0 il suono. Aiuta a massimizzare il trasferimento di energia acustica riducendo le riflessioni, simile a un rivestimento antiriflesso sul vetro.<\/li>\n<\/ul>\n<p>Controllando questi elementi, un trasduttore converte efficientemente l&#8217;energia elettrica in onde sonore ultrasoniche focalizzate e poi nuovamente in energia elettrica.<\/p>\n<p><iframe loading=\"lazy\" title=\"High Power Piezoelectric Ultrasonic Transducer - Beijing Ultrasonic\" width=\"500\" height=\"281\" src=\"https:\/\/www.youtube.com\/embed\/TBLGTvZgOw4?feature=oembed\" frameborder=\"0\" allow=\"accelerometer; autoplay; clipboard-write; encrypted-media; gyroscope; picture-in-picture; web-share\" referrerpolicy=\"strict-origin-when-cross-origin\" allowfullscreen><\/iframe><\/p>\n<h3>4. Processo di incollaggio del trasduttore ultrasonico piezoelettrico<\/h3>\n<p>Il processo di incollaggio \u00e8 fondamentale per le prestazioni e la durata di un trasduttore ultrasonico piezoelettrico. Di seguito sono riportati i passaggi chiave e le considerazioni:<\/p>\n<table class=\"table table-striped table-bordered\">\n<thead>\n<tr>\n<th align=\"left\"><strong>Passaggio<\/strong><\/th>\n<th align=\"left\"><strong>Descrizione<\/strong><\/th>\n<th align=\"left\"><strong>Importanza<\/strong><\/th>\n<\/tr>\n<\/thead>\n<tbody>\n<tr>\n<td align=\"left\">Selezione della colla<\/td>\n<td align=\"left\">Scegliere una colla con basso ritiro di polimerizzazione e bassa espansione termica per ridurre al minimo lo stress sull&#8217;elemento piezoelettrico. Sono comunemente utilizzati adesivi epossidici (tipi A+B).<\/td>\n<td align=\"left\">Riduce lo stress e migliora l&#8217;affidabilit\u00e0 del trasduttore.<\/td>\n<\/tr>\n<tr>\n<td align=\"left\">Preparazione della superficie<\/td>\n<td align=\"left\">Sabbiatura della superficie di incollaggio per aumentare la resistenza all&#8217;adesione. Quindi, pulire la superficie con acetone o alcol.<\/td>\n<td align=\"left\">Garantisce un&#8217;adesione forte tra l&#8217;elemento piezoelettrico e il corpo del trasduttore.<\/td>\n<\/tr>\n<tr>\n<td align=\"left\">Allineamento<\/td>\n<td align=\"left\">Assicurare la correzione verticale durante l&#8217;incollaggio con un processo a chiodo. Ci\u00f2 previene una distribuzione irregolare della pressione sull&#8217;elemento piezoelettrico durante l&#8217;incollaggio.<\/td>\n<td align=\"left\">Garantisce prestazioni uniformi dell&#8217;elemento piezoelettrico.<\/td>\n<\/tr>\n<tr>\n<td align=\"left\">Applicazione della pre-sollecitazione<\/td>\n<td align=\"left\">Applicare una pre-sollecitazione controllata durante la polimerizzazione con una consistenza precisa. Ci\u00f2 aiuta a mantenere le caratteristiche meccaniche ed elettriche desiderate per le migliori prestazioni acustiche.<\/td>\n<td align=\"left\">Migliora la stabilit\u00e0 a lungo termine e l&#8217;efficienza di conversione.<\/td>\n<\/tr>\n<tr>\n<td align=\"left\">Controllo dell&#8217;impedenza<\/td>\n<td align=\"left\">Implementare il controllo dell&#8217;impedenza durante il processo di incollaggio per minimizzare l&#8217;impedenza del trasduttore e migliorare la conversione elettroacustica.<\/td>\n<td align=\"left\">Ottimizza il trasferimento di energia e l&#8217;efficienza complessiva del trasduttore.<\/td>\n<\/tr>\n<tr>\n<td align=\"left\">Test di impedenza<\/td>\n<td align=\"left\">Dopo la polimerizzazione, eseguire un test di impedenza per verificare la coerenza e l&#8217;integrit\u00e0 dell&#8217;adesione, garantendo un carico energetico uniforme su tutte le parti collegate.<\/td>\n<td align=\"left\">Garantisce prestazioni coerenti tra i trasduttori e minimizza potenziali difetti di prestazione.<\/td>\n<\/tr>\n<tr>\n<td align=\"left\">Cablaggio e isolamento<\/td>\n<td align=\"left\">Utilizzare fili elettrodi flessibili e metodi di saldatura sicuri e affidabili. Rafforzare l&#8217;isolamento per prevenire cortocircuiti elettrici.<\/td>\n<td align=\"left\">Previene guasti meccanici e malfunzionamenti elettrici.<\/td>\n<\/tr>\n<tr>\n<td align=\"left\">Test di isolamento<\/td>\n<td align=\"left\">Eseguire un test di isolamento dopo il cablaggio per prevenire qualsiasi rischio di cortocircuito o danno elettrico.<\/td>\n<td align=\"left\">Garantisce la sicurezza e l&#8217;affidabilit\u00e0 del trasduttore.<\/td>\n<\/tr>\n<tr>\n<td align=\"left\">Messa a punto<\/td>\n<td align=\"left\">Messa a punto della macchina in acqua calda (40-60\u00b0C) e mantenimento della temperatura sotto gli 80\u00b0C durante il funzionamento.<\/td>\n<td align=\"left\">Minimizza i rischi legati alle alte temperature operative.<\/td>\n<\/tr>\n<\/tbody>\n<\/table>\n<h3><img loading=\"lazy\" decoding=\"async\" class=\"alignnone size-full wp-image-5528\" src=\"\/\/www.bjultrasonic.com\/wp-content\/uploads\/2012\/04\/Bonding-Process-of-Piezoelectric-Ultrasonic-Transducer-Glue.jpg\" alt=\"Processo di incollaggio del trasduttore ultrasonico piezoelettrico\" width=\"620\" height=\"465\" \/><\/h3>\n<h3>5. Selezione della frequenza<\/h3>\n<p>La selezione di una frequenza operativa appropriata dipende dall&#8217;applicazione specifica e dalla natura dei materiali o degli oggetti da processare.<\/p>\n<table class=\"table table-striped table-bordered\">\n<thead>\n<tr>\n<th align=\"left\"><strong>Intervallo di frequenza<\/strong><\/th>\n<th align=\"left\"><strong>Caratteristiche<\/strong><\/th>\n<th align=\"left\"><strong>Applicazioni tipiche<\/strong><\/th>\n<\/tr>\n<\/thead>\n<tbody>\n<tr>\n<td align=\"left\"><strong>Bassa (17-23 kHz)<\/strong><\/td>\n<td align=\"left\">Genera bolle di cavitazione pi\u00f9 grandi; pi\u00f9 efficace su sporco pesante e oggetti resistenti.<\/td>\n<td align=\"left\">Settore magnetico, manutenzione veicoli, industrie tessili.<\/td>\n<\/tr>\n<tr>\n<td align=\"left\"><strong>Media (25-28 kHz)<\/strong><\/td>\n<td align=\"left\">Offre un equilibrio tra potenza di pulizia e sensibilit\u00e0 superficiale; efficace su sporco moderato.<\/td>\n<td align=\"left\">La maggior parte delle lavorazioni meccaniche, galvanica, industrie alimentari.<\/td>\n<\/tr>\n<tr>\n<td align=\"left\"><strong>Alta (33-60 kHz)<\/strong><\/td>\n<td align=\"left\">Crea bolle di cavitazione pi\u00f9 piccole; ideale per la pulizia fine di parti e superfici delicate.<\/td>\n<td align=\"left\">Parti di precisione, vetro, lenti, componenti elettronici, circuiti stampati.<\/td>\n<\/tr>\n<tr>\n<td align=\"left\"><strong>Ultra alta (68-200 kHz)<\/strong><\/td>\n<td align=\"left\">Produce le bolle di cavitazione pi\u00f9 piccole con basso impatto fisico e un livello di pulizia estremamente elevato.<\/td>\n<td align=\"left\">Materiali altamente sensibili, microfluidica e applicazioni biomediche.<\/td>\n<\/tr>\n<\/tbody>\n<\/table>\n<p>In sintesi, le basse frequenze sono migliori per rimuovere i contaminanti di grandi dimensioni, mentre le frequenze pi\u00f9 alte sono migliori per la pulizia di precisione.<\/p>\n<p>I trasduttori ultrasonici sono dispositivi versatili con un&#8217;ampia gamma di applicazioni grazie alla loro capacit\u00e0 di convertire l&#8217;energia elettrica in vibrazioni meccaniche e viceversa. Comprendere le diverse classificazioni, le convenzioni di denominazione, i principi di funzionamento, i processi di incollaggio e i criteri di selezione della frequenza \u00e8 fondamentale per selezionare e utilizzare il trasduttore corretto per una determinata applicazione. L&#8217;uso di materiali piezoelettrici, abbinato a tecniche di progettazione e incollaggio precise, consente la generazione e la manipolazione efficiente delle onde ultrasoniche, rendendo questi trasduttori preziosi in numerosi settori industriali.<\/p>\n","protected":false},"excerpt":{"rendered":"<p>Un trasduttore ultrasonico \u00e8 un dispositivo che converte l&#8217;energia da una forma all&#8217;altra, specificamente tra energia elettrica ed energia acustica (sonora) a frequenze ultrasoniche \u2014 frequenze al di sopra della gamma dell&#8217;udito umano (tipicamente sopra i 20 kHz). In termini pi\u00f9 semplici, \u00e8 un dispositivo che pu\u00f2 generare e ricevere onde sonore a frequenze che<\/p>\n","protected":false},"author":1,"featured_media":1326,"parent":0,"menu_order":0,"comment_status":"closed","ping_status":"closed","template":"","meta":{"footnotes":""},"class_list":["post-72701","page","type-page","status-publish","has-post-thumbnail","hentry","prodpage-classic"],"aioseo_notices":[],"_links":{"self":[{"href":"https:\/\/www.bjultrasonic.com\/it\/wp-json\/wp\/v2\/pages\/72701","targetHints":{"allow":["GET"]}}],"collection":[{"href":"https:\/\/www.bjultrasonic.com\/it\/wp-json\/wp\/v2\/pages"}],"about":[{"href":"https:\/\/www.bjultrasonic.com\/it\/wp-json\/wp\/v2\/types\/page"}],"author":[{"embeddable":true,"href":"https:\/\/www.bjultrasonic.com\/it\/wp-json\/wp\/v2\/users\/1"}],"replies":[{"embeddable":true,"href":"https:\/\/www.bjultrasonic.com\/it\/wp-json\/wp\/v2\/comments?post=72701"}],"version-history":[{"count":0,"href":"https:\/\/www.bjultrasonic.com\/it\/wp-json\/wp\/v2\/pages\/72701\/revisions"}],"wp:featuredmedia":[{"embeddable":true,"href":"https:\/\/www.bjultrasonic.com\/it\/wp-json\/wp\/v2\/media\/1326"}],"wp:attachment":[{"href":"https:\/\/www.bjultrasonic.com\/it\/wp-json\/wp\/v2\/media?parent=72701"}],"curies":[{"name":"wp","href":"https:\/\/api.w.org\/{rel}","templated":true}]}}