{"id":65517,"date":"2021-03-17T10:23:32","date_gmt":"2021-03-17T15:23:32","guid":{"rendered":"https:\/\/www.bjultrasonic.com\/shop\/40khz-80khz-40w-dual-frequency-ultrasonic-transducer-pzt-4\/"},"modified":"2026-03-28T20:55:59","modified_gmt":"2026-03-29T01:55:59","slug":"40khz-80khz-40w-dual-frequency-ultrasonic-transducer-pzt-4","status":"publish","type":"product","link":"https:\/\/www.bjultrasonic.com\/it\/shop\/40khz-80khz-40w-dual-frequency-ultrasonic-transducer-pzt-4\/","title":{"rendered":"Trasduttore ultrasonico a doppia frequenza 40KHz\/80KHz 40W (PZT-4)"},"content":{"rendered":"<h2>Specifica del Trasduttore Ultrasonico Bifrequenza 40KHz\/80KHz 40W (PZT-4)<\/h2>\n<table class=\"table table-striped table-bordered\">\n<tbody>\n<tr>\n<td width=\"220\">Tipo<\/td>\n<td width=\"346\">BJC-4080T- 40HN PZT-4<\/td>\n<\/tr>\n<tr>\n<td width=\"220\">Frequenza<\/td>\n<td width=\"346\">40\uff0880\uff09KHz +\/- 1KHz<\/td>\n<\/tr>\n<tr>\n<td width=\"220\">Potenza<\/td>\n<td width=\"346\">40w<\/td>\n<\/tr>\n<tr>\n<td width=\"220\">Capacit\u00e0<\/td>\n<td width=\"346\">4800pf\u00b110%<\/td>\n<\/tr>\n<tr>\n<td width=\"220\">Superficie Radiante<\/td>\n<td width=\"346\">40mm<\/td>\n<\/tr>\n<tr>\n<td width=\"220\">Resistenza di Risonanza<\/td>\n<td width=\"346\">10-20\u03a9  &lt;35<\/td>\n<\/tr>\n<tr>\n<td width=\"220\">Lunghezza<\/td>\n<td width=\"346\">61mm<\/td>\n<\/tr>\n<tr>\n<td width=\"220\">Alimentazione<\/td>\n<td width=\"346\">100V~130V o 220V~240V AC<\/td>\n<\/tr>\n<tr>\n<td width=\"220\">Peso<\/td>\n<td width=\"346\">350g\/pz<\/td>\n<\/tr>\n<tr>\n<td width=\"220\">Tipo<\/td>\n<td width=\"346\">Tipo a Tromba<\/td>\n<\/tr>\n<\/tbody>\n<\/table>\n<h2><a href=\"https:\/\/drive.google.com\/file\/d\/1pXEpP5HbetTukpQtZKV4hyTdlMm0aYkt\/view\" target=\"_blank\" rel=\"noopener\">Scarica<\/a> la specifica e il preventivo di tutti i Trasduttori per Pulizia Ultrasonica.<\/h2>\n<h3>Metodi di Denominazione del Trasduttore per Pulizia Ultrasonica<\/h3>\n<p><a href=\"https:\/\/www.bjultrasonic.com\/wp-content\/uploads\/2012\/10\/Naming-Methods-of-Ultrasonic-Cleaning-Transducer.jpg\" data-lightbox=\"image\"><img loading=\"lazy\" decoding=\"async\" title=\"Metodi di Denominazione del Trasduttore per Pulizia Ultrasonica\" src=\"\/\/www.bjultrasonic.com\/wp-content\/uploads\/2012\/10\/Naming-Methods-of-Ultrasonic-Cleaning-Transducer.jpg\" alt=\"Metodi di Denominazione del Trasduttore per Pulizia Ultrasonica\" width=\"442\" height=\"399\" \/><\/a><\/p>\n<h3>Struttura del Trasduttore per Pulizia Ultrasonica<\/h3>\n<p><a href=\"https:\/\/www.bjultrasonic.com\/wp-content\/uploads\/2012\/03\/2012319111.jpg\" data-lightbox=\"image\"><img loading=\"lazy\" decoding=\"async\" title=\"Struttura del Trasduttore per Pulizia Ultrasonica\" src=\"\/\/www.bjultrasonic.com\/wp-content\/uploads\/2012\/10\/Ultrasonic-Cleaning-Transducer-Structure.jpg\" alt=\"Struttura del Trasduttore per Pulizia Ultrasonica\" width=\"546\" height=\"203\" \/><\/a><\/p>\n<h3>Caratteristiche Principali<\/h3>\n<ul>\n<li>Alta efficienza: alto parametro meccanico Q, efficienza di conversione elettro-acustica superiore al 95%.<\/li>\n<li>Ampiezza elevata: la resistenza del trasduttore \u00e8 migliorata fissando direttamente il vibratore ad alta velocit\u00e0 alla base della vasca di lavaggio con bulloni. Rispetto a un vibratore a espansione magnetica, la sua ampiezza pu\u00f2 essere aumentata di oltre il 50%.<\/li>\n<li>Buona resistenza al calore: ampio intervallo di temperatura di lavoro, bassa impedenza di risonanza e bassa produzione di calore.<\/li>\n<li>Buona costruzione: fissato a bullone, facile da assemblare, alta affidabilit\u00e0.<\/li>\n<\/ul>\n<h3>Playlist Video: Trasduttori Ultrasonici<\/h3>\n<p><iframe loading=\"lazy\" title=\"Dual-frequency Piezoelectric Ultrasonic Transducer for Ultrasonic Cleaner\" width=\"500\" height=\"281\" src=\"https:\/\/www.youtube.com\/embed\/3zVdE1GihAE?list=PL2F5F3AB3579FB4A9\" frameborder=\"0\" allow=\"accelerometer; autoplay; clipboard-write; encrypted-media; gyroscope; picture-in-picture; web-share\" referrerpolicy=\"strict-origin-when-cross-origin\" allowfullscreen><\/iframe><\/p>\n<h3>Trasduttore Ultrasonico ad Alta Potenza<\/h3>\n<p><iframe loading=\"lazy\" title=\"High Power Piezoelectric Ultrasonic Transducer - Beijing Ultrasonic\" width=\"500\" height=\"281\" src=\"https:\/\/www.youtube.com\/embed\/TBLGTvZgOw4?feature=oembed\" frameborder=\"0\" allow=\"accelerometer; autoplay; clipboard-write; encrypted-media; gyroscope; picture-in-picture; web-share\" referrerpolicy=\"strict-origin-when-cross-origin\" allowfullscreen><\/iframe><\/p>\n<h3>Pagamento<\/h3>\n<p>Accettiamo PayPal, Bonifico Bancario (T\/T) e Western Union.<\/p>\n<h3>Spedizione<\/h3>\n<p>La merce verr\u00e0 spedita entro 48 ore dal ricevimento del pagamento completo.<\/p>\n<ul>\n<li>Spediamo la merce all&#8217;indirizzo fornito nel pagamento PayPal. Si prega di assicurarsi che l&#8217;indirizzo in PayPal sia corretto.<\/li>\n<li>Vi forniremo il numero di tracciamento dopo aver spedito la merce; in genere, riceverete la merce entro cinque giorni.<\/li>\n<li>Se avete domande, contattateci via email (il nostro indirizzo email \u00e8 <a href=\"mailto:support@bjultrasonic.com\">support@bjultrasonic.com<\/a>)<\/li>\n<\/ul>\n<h3 align=\"left\">Garanzia del Prodotto<\/h3>\n<p>Il periodo di garanzia del prodotto \u00e8 di un anno. Entro il periodo di garanzia, i prodotti acquistati possono godere di manutenzione gratuita o sostituzione.<\/p>\n","protected":false},"excerpt":{"rendered":"<p><a href=\"https:\/\/www.bjultrasonic.com\/it\/category\/ultrasonic-transducer-it\/\">Il trasduttore piezoelettrico<\/a> per la pulizia ad ultrasuoni \u00e8 una parte importante di un <a href=\"https:\/\/www.bjultrasonic.com\/it\/category\/ultrasonic-cleaning-system-it\/\">pulitore ad ultrasuoni<\/a>, il trasduttore ad ultrasuoni converte l&#8217;energia elettrica dal <a href=\"https:\/\/www.bjultrasonic.com\/it\/category\/ultrasonic-generator-it\/\">generatore ad ultrasuoni<\/a> in <a href=\"https:\/\/www.bjultrasonic.com\/it\/uses-of-ultrasonic-waves\/\">onde ultrasoniche<\/a>.<\/p>\n","protected":false},"featured_media":23748,"comment_status":"open","ping_status":"closed","template":"","meta":[],"product_brand":[],"product_cat":[6312],"product_tag":[],"class_list":{"0":"post-65517","1":"product","2":"type-product","3":"status-publish","4":"has-post-thumbnail","6":"product_cat-ultrasonic-transducer-it","8":"first","9":"instock","10":"shipping-taxable","11":"purchasable","12":"product-type-simple","13":"prodpage-classic"},"aioseo_notices":[],"_links":{"self":[{"href":"https:\/\/www.bjultrasonic.com\/it\/wp-json\/wp\/v2\/product\/65517","targetHints":{"allow":["GET"]}}],"collection":[{"href":"https:\/\/www.bjultrasonic.com\/it\/wp-json\/wp\/v2\/product"}],"about":[{"href":"https:\/\/www.bjultrasonic.com\/it\/wp-json\/wp\/v2\/types\/product"}],"replies":[{"embeddable":true,"href":"https:\/\/www.bjultrasonic.com\/it\/wp-json\/wp\/v2\/comments?post=65517"}],"wp:featuredmedia":[{"embeddable":true,"href":"https:\/\/www.bjultrasonic.com\/it\/wp-json\/wp\/v2\/media\/23748"}],"wp:attachment":[{"href":"https:\/\/www.bjultrasonic.com\/it\/wp-json\/wp\/v2\/media?parent=65517"}],"wp:term":[{"taxonomy":"product_brand","embeddable":true,"href":"https:\/\/www.bjultrasonic.com\/it\/wp-json\/wp\/v2\/product_brand?post=65517"},{"taxonomy":"product_cat","embeddable":true,"href":"https:\/\/www.bjultrasonic.com\/it\/wp-json\/wp\/v2\/product_cat?post=65517"},{"taxonomy":"product_tag","embeddable":true,"href":"https:\/\/www.bjultrasonic.com\/it\/wp-json\/wp\/v2\/product_tag?post=65517"}],"curies":[{"name":"wp","href":"https:\/\/api.w.org\/{rel}","templated":true}]}}