{"id":65577,"date":"2021-03-16T02:47:49","date_gmt":"2021-03-16T07:47:49","guid":{"rendered":"https:\/\/www.bjultrasonic.com\/shop\/three-tanks-industrial-ultrasonic-cleaners\/"},"modified":"2026-03-28T20:55:32","modified_gmt":"2026-03-29T01:55:32","slug":"three-tanks-industrial-ultrasonic-cleaners","status":"publish","type":"product","link":"https:\/\/www.bjultrasonic.com\/it\/shop\/three-tanks-industrial-ultrasonic-cleaners\/","title":{"rendered":"Tre Serbatoi Pulitori Industriali a Ultrasuoni"},"content":{"rendered":"<h3>Specifiche (Possiamo personalizzare qualsiasi dimensione secondo le esigenze)<\/h3>\n<table class=\"table table-striped table-bordered\">\n<tbody>\n<tr>\n<td> Tipo<\/td>\n<td>Frequenza<\/p>\n<p>(KHz)<\/td>\n<td>Trasduttore ultrasonico<\/p>\n<p>(PCS)<\/td>\n<td>Volume<\/p>\n<p>(L)<\/td>\n<td>Potenza ultrasonica<\/p>\n<p>(W)<\/td>\n<td>Dimensioni vasca<\/p>\n<p>(L*P*H MM)<\/td>\n<td>Potenza riscaldamento<\/p>\n<p>(W)<\/td>\n<td>Temporizzatore<\/p>\n<p>(MIN)<\/td>\n<td>Asciugatura<\/td>\n<td>Filtro<\/td>\n<td>Risciacquo<\/td>\n<\/tr>\n<tr>\n<td>BJCTE38<\/td>\n<td>28 o 40k o altro<\/td>\n<td>12<\/td>\n<td>38<\/td>\n<td>600<\/td>\n<td>500*300*250<\/td>\n<td>1500<\/td>\n<td>1~99\uff08h\uff09<\/td>\n<td>SI<\/td>\n<td>SI<\/td>\n<td>SI<\/td>\n<\/tr>\n<tr>\n<td>BJCTE53<\/td>\n<td>28 o 40k o altro<\/td>\n<td>18<\/td>\n<td>53<\/td>\n<td>900<\/td>\n<td>500*350*300<\/td>\n<td>1500<\/td>\n<td>1~99\uff08h\uff09<\/td>\n<td>SI<\/td>\n<td>SI<\/td>\n<td>SI<\/td>\n<\/tr>\n<tr>\n<td>BJCTE78<\/td>\n<td>28 o 40k o altro<\/td>\n<td>24<\/td>\n<td>78<\/td>\n<td>1200<\/td>\n<td>550*400*350<\/td>\n<td>3000<\/td>\n<td>1~99\uff08h\uff09<\/td>\n<td>SI<\/td>\n<td>SI<\/td>\n<td>SI<\/td>\n<\/tr>\n<tr>\n<td>BJCTE88<\/td>\n<td>28 o 40k o altro<\/td>\n<td>24<\/td>\n<td>88<\/td>\n<td>1200<\/td>\n<td>550*400*400<\/td>\n<td>3000<\/td>\n<td>1~99\uff08h\uff09<\/td>\n<td>SI<\/td>\n<td>SI<\/td>\n<td>SI<\/td>\n<\/tr>\n<tr>\n<td>BJCTE99<\/td>\n<td>28 o 40k o altro<\/td>\n<td>30<\/td>\n<td>99<\/td>\n<td>1500<\/td>\n<td>550*450*400<\/td>\n<td>3000<\/td>\n<td>1~99\uff08h\uff09<\/td>\n<td>SI<\/td>\n<td>SI<\/td>\n<td>SI<\/td>\n<\/tr>\n<tr>\n<td>BJCTE135<\/td>\n<td>28 o 40k o altro<\/td>\n<td>36<\/td>\n<td>135<\/td>\n<td>1800<\/td>\n<td>600*500*450<\/td>\n<td>4500<\/td>\n<td>1~99\uff08h\uff09<\/td>\n<td>SI<\/td>\n<td>SI<\/td>\n<td>SI<\/td>\n<\/tr>\n<tr>\n<td>BJCTE175<\/td>\n<td>28 o 40k o altro<\/td>\n<td>48<\/td>\n<td>175<\/td>\n<td>2400<\/td>\n<td>700*500*550<\/td>\n<td>6000<\/td>\n<td>1~99\uff08h\uff09<\/td>\n<td>SI<\/td>\n<td>SI<\/td>\n<td>SI<\/td>\n<\/tr>\n<tr>\n<td>BJCTE264<\/td>\n<td>28 o 40k o altro<\/td>\n<td>60<\/td>\n<td>264<\/td>\n<td>3000<\/td>\n<td>800*600*550<\/td>\n<td>9000<\/td>\n<td>1~99\uff08h\uff09<\/td>\n<td>SI<\/td>\n<td>SI<\/td>\n<td>SI<\/td>\n<\/tr>\n<tr>\n<td>BJCTE360<\/td>\n<td>28 o 40k o altro<\/td>\n<td>72<\/td>\n<td>360<\/td>\n<td>3600<\/td>\n<td>1000*600*600<\/td>\n<td>12000<\/td>\n<td>1~99\uff08h\uff09<\/td>\n<td>SI<\/td>\n<td>SI<\/td>\n<td>SI<\/td>\n<\/tr>\n<tr>\n<td>BJCTE540<\/td>\n<td>28 o 40k o altro<\/td>\n<td>108<\/td>\n<td>540<\/td>\n<td>5400<\/td>\n<td>1000*900*600<\/td>\n<td>18000<\/td>\n<td>1~99\uff08h\uff09<\/td>\n<td>SI<\/td>\n<td>SI<\/td>\n<td>SI<\/td>\n<\/tr>\n<tr>\n<td>BJCTE960<\/td>\n<td>28 o 40k o altro<\/td>\n<td>144<\/td>\n<td>960<\/td>\n<td>7200<\/td>\n<td>1200*1000*800<\/td>\n<td>27000<\/td>\n<td>1~99\uff08h\uff09<\/td>\n<td>SI<\/td>\n<td>SI<\/td>\n<td>SI<\/td>\n<\/tr>\n<\/tbody>\n<\/table>\n<p>Utilizzo di adesivo epossidico di alta qualit\u00e0. Non si stacca facilmente.<br \/>\nBond del trasduttore ultrasonico mediante stampaggio. Sabbiatura. Lavaggio e asciugatura. Processo filettatura<\/p>\n<p><img loading=\"lazy\" decoding=\"async\" class=\"alignnone size-full wp-image-23706\" src=\"https:\/\/www.bjultrasonic.com\/wp-content\/uploads\/2021\/03\/Bond-ultrasonic-transducer-by-using-stamping.jpg\" alt=\"Bond del trasduttore ultrasonico mediante stampaggio\" width=\"700\" height=\"398\" \/><\/p>\n","protected":false},"excerpt":{"rendered":"<h3>Pulizia a Ultrasuoni + Risciacquo + Asciugatura + Filtro<\/h3>\n<ol>\n<li>Materiale Vasca: Vasca in acciaio inox 304. Stampaggio a stampo aperto senza saldature.<\/li>\n<li>Spessore Vasca: 3mm, Lunga Durata<\/li>\n<li>Tempo di Lavoro: Regolazione da 0 a 90 minuti<\/li>\n<li>Controllo Temperatura: Da 0 a 80 Gradi<\/li>\n<li>Potenza: Regolabile<\/li>\n<li>Frequenza: Come richiesto, Cavo<\/li>\n<li>Standard industriale, cavo di alimentazione robusto, resistente al calore e all&#8217;ammorbidimento<\/li>\n<li>Alta precisione: Poich\u00e9 l&#8217;energia ultrasonica pu\u00f2 passare attraverso piccole fessure e fori, pu\u00f2 essere applicata alla pulizia di qualsiasi pezzo o assemblaggio. Per pezzi di precisione o assemblaggi da pulire, la pulizia a ultrasuoni spesso diventa l&#8217;unico metodo di pulizia in grado di soddisfare i requisiti tecnici speciali;<\/li>\n<li>Rapidit\u00e0: La pulizia a ultrasuoni \u00e8 molto pi\u00f9 veloce dei metodi di pulizia regolari in termini di rimozione della polvere e del calcare dai pezzi. Non \u00e8 necessario smontare l&#8217;assemblaggio per la pulizia. Il vantaggio della pulizia a ultrasuoni di risparmiare manodopera tende a renderla il metodo di pulizia pi\u00f9 economico;<\/li>\n<li>Uniformit\u00e0: Indipendentemente dalle dimensioni del pezzo da pulire, semplice o complesso, singolo o in lotti o su linea di assemblaggio automatica, l&#8217;uso della pulizia a ultrasuoni pu\u00f2 ottenere una pulizia uniforme incomparabile rispetto alla pulizia manuale.<\/li>\n<li>Design: Il prodotto \u00e8 progettato in modo bello e semplice, il telaio \u00e8 realizzato in acciaio inox di alta qualit\u00e0 goffrato. Le prestazioni antiruggine sono buone; La vasca di pulizia \u00e8 realizzata in acciaio inox SUS304 di alta qualit\u00e0 stampato, senza saldature, le prestazioni di tenuta all&#8217;acqua sono buone.<\/li>\n<li>Circuito: Il circuito di alimentazione utilizza i nuovi oscillatori OS, controlla con precisione la frequenza di vibrazione e ha una funzione di raccolta del feedback, l&#8217;uscita ultrasonica \u00e8 pi\u00f9 stabile e affidabile.<\/li>\n<li>Trasduttore a Ultrasuoni: Il trasduttore a ultrasuoni adotta una struttura interamente in alluminio pi\u00f9 longeva, riduce il riscaldamento, l&#8217;uscita \u00e8 stabile.<\/li>\n<\/ol>\n","protected":false},"featured_media":23712,"comment_status":"closed","ping_status":"closed","template":"","meta":[],"product_brand":[],"product_cat":[5953],"product_tag":[],"class_list":{"0":"post-65577","1":"product","2":"type-product","3":"status-publish","4":"has-post-thumbnail","6":"product_cat-big-ultrasonic-cleaning-machine-it","8":"first","9":"instock","10":"shipping-taxable","11":"product-type-external","12":"prodpage-classic"},"aioseo_notices":[],"_links":{"self":[{"href":"https:\/\/www.bjultrasonic.com\/it\/wp-json\/wp\/v2\/product\/65577","targetHints":{"allow":["GET"]}}],"collection":[{"href":"https:\/\/www.bjultrasonic.com\/it\/wp-json\/wp\/v2\/product"}],"about":[{"href":"https:\/\/www.bjultrasonic.com\/it\/wp-json\/wp\/v2\/types\/product"}],"replies":[{"embeddable":true,"href":"https:\/\/www.bjultrasonic.com\/it\/wp-json\/wp\/v2\/comments?post=65577"}],"wp:featuredmedia":[{"embeddable":true,"href":"https:\/\/www.bjultrasonic.com\/it\/wp-json\/wp\/v2\/media\/23712"}],"wp:attachment":[{"href":"https:\/\/www.bjultrasonic.com\/it\/wp-json\/wp\/v2\/media?parent=65577"}],"wp:term":[{"taxonomy":"product_brand","embeddable":true,"href":"https:\/\/www.bjultrasonic.com\/it\/wp-json\/wp\/v2\/product_brand?post=65577"},{"taxonomy":"product_cat","embeddable":true,"href":"https:\/\/www.bjultrasonic.com\/it\/wp-json\/wp\/v2\/product_cat?post=65577"},{"taxonomy":"product_tag","embeddable":true,"href":"https:\/\/www.bjultrasonic.com\/it\/wp-json\/wp\/v2\/product_tag?post=65577"}],"curies":[{"name":"wp","href":"https:\/\/api.w.org\/{rel}","templated":true}]}}