{"id":65617,"date":"2021-03-16T02:36:21","date_gmt":"2021-03-16T07:36:21","guid":{"rendered":"https:\/\/www.bjultrasonic.com\/shop\/single-tank-industrial-ultrasonic-cleaners\/"},"modified":"2026-03-28T20:55:29","modified_gmt":"2026-03-29T01:55:29","slug":"single-tank-industrial-ultrasonic-cleaners","status":"publish","type":"product","link":"https:\/\/www.bjultrasonic.com\/it\/shop\/single-tank-industrial-ultrasonic-cleaners\/","title":{"rendered":"Pulitori Industriali a Ultrasuoni a Serbatoio Singolo"},"content":{"rendered":"<h3>Specifiche (Possiamo personalizzare qualsiasi dimensione su richiesta)<\/h3>\n<table class=\"table table-striped table-bordered\">\n<tbody>\n<tr>\n<td> Tipo<\/td>\n<td>Frequenza<\/p>\n<p>(KHz)<\/td>\n<td>Trasduttore ultrasonico<\/p>\n<p>(PCS)<\/td>\n<td>Volume<\/p>\n<p>(L)<\/td>\n<td>Potenza ultrasonica<\/p>\n<p>(W)<\/td>\n<td>Dimensioni vasca<\/p>\n<p>(L*P*H MM)<\/td>\n<td>Dimensioni macchina<\/p>\n<p>(L*P*H MM)<\/td>\n<td>Potenza riscaldamento<\/p>\n<p>(W)<\/td>\n<td>Timer<\/p>\n<p>(MIN)<\/td>\n<td>Temperatura<\/p>\n<p>(\u2103)<\/td>\n<\/tr>\n<tr>\n<td>BJCE2400<\/td>\n<td>28K 40K O altro<\/td>\n<td>48<\/td>\n<td>175<\/td>\n<td>2400<\/td>\n<td>700*500*500<\/td>\n<td>880*680*750<\/td>\n<td>4500<\/td>\n<td>0~99\uff08h\uff09<\/td>\n<td>20~95<\/td>\n<\/tr>\n<tr>\n<td>BJCE3000<\/td>\n<td><\/td>\n<td>60<\/td>\n<td>264<\/td>\n<td>3000<\/td>\n<td>800*600*550<\/td>\n<td>980*780*800<\/td>\n<td>6000<\/td>\n<td>0~99\uff08h\uff09<\/td>\n<td>20~95<\/td>\n<\/tr>\n<tr>\n<td>BJCE3600<\/td>\n<td><\/td>\n<td>72<\/td>\n<td>330<\/td>\n<td>3600<\/td>\n<td>1000*600*550<\/td>\n<td>1180*780*800<\/td>\n<td>6000<\/td>\n<td>0~99\uff08h\uff09<\/td>\n<td>20~95<\/td>\n<\/tr>\n<tr>\n<td>BJCE4200<\/td>\n<td><\/td>\n<td>84<\/td>\n<td>385<\/td>\n<td>0-4200<\/td>\n<td>1000*700*550<\/td>\n<td>1180*880*800<\/td>\n<td>9000<\/td>\n<td>0~99\uff08h\uff09<\/td>\n<td>20~95<\/td>\n<\/tr>\n<tr>\n<td>BJCE4800<\/td>\n<td><\/td>\n<td>96<\/td>\n<td>450<\/td>\n<td>0-4800<\/td>\n<td>1000*750*600<\/td>\n<td>1180*930*850<\/td>\n<td>9000<\/td>\n<td>0~99\uff08h\uff09<\/td>\n<td>20~95<\/td>\n<\/tr>\n<tr>\n<td>BJCE5400<\/td>\n<td><\/td>\n<td>108<\/td>\n<td>540<\/td>\n<td>0-5400<\/td>\n<td>1000*900*600<\/td>\n<td>1180*1080*850<\/td>\n<td>10500<\/td>\n<td>0~99\uff08h\uff09<\/td>\n<td>20~95<\/td>\n<\/tr>\n<tr>\n<td>BJCE6000<\/td>\n<td><\/td>\n<td>120<\/td>\n<td>570<\/td>\n<td>0-6000<\/td>\n<td>1000*950*600<\/td>\n<td>1180*1130*850<\/td>\n<td>10500<\/td>\n<td>0~99\uff08h\uff09<\/td>\n<td>20~95<\/td>\n<\/tr>\n<tr>\n<td>BJCE6600<\/td>\n<td><\/td>\n<td>132<\/td>\n<td>650<\/td>\n<td>0-6600<\/td>\n<td>1000*1000*650<\/td>\n<td>1180*1180*900<\/td>\n<td>12000<\/td>\n<td>0~99\uff08h\uff09<\/td>\n<td>20~95<\/td>\n<\/tr>\n<tr>\n<td>BJCE7200<\/td>\n<td><\/td>\n<td>144<\/td>\n<td>715<\/td>\n<td>0-7200<\/td>\n<td>1100*1000*650<\/td>\n<td>1280*1180*900<\/td>\n<td>12000<\/td>\n<td>0~99\uff08h\uff09<\/td>\n<td>20~95<\/td>\n<\/tr>\n<tr>\n<td colspan=\"2\">BJCE10800<\/td>\n<td>216<\/td>\n<td>975<\/td>\n<td>0-10800<\/td>\n<td>1500*1000*650<\/td>\n<td>1680*1180*900<\/td>\n<td>12000<\/td>\n<td>0~99\uff08h\uff09<\/td>\n<td>20~95<\/td>\n<\/tr>\n<\/tbody>\n<\/table>\n<p>Utilizziamo adesivo epossidico di alta qualit\u00e0. Non si stacca facilmente.<br \/>\nIl trasduttore ultrasonico viene incollato mediante stampaggio. Sabbiatura. Lavaggio e asciugatura. Processo di filettatura<\/p>\n<p><img loading=\"lazy\" decoding=\"async\" class=\"alignnone size-full wp-image-23706\" src=\"https:\/\/www.bjultrasonic.com\/wp-content\/uploads\/2021\/03\/Bond-ultrasonic-transducer-by-using-stamping.jpg\" alt=\"Incollo del trasduttore ultrasonico mediante stampaggio\" width=\"700\" height=\"398\" \/><\/p>\n","protected":false},"excerpt":{"rendered":"<p>Possiamo personalizzare serbatoi di pulizia di diverse dimensioni secondo necessit\u00e0.<\/p>\n<ol>\n<li>Materiale del serbatoio: serbatoio in acciaio inossidabile 304. Stampaggio a stampo aperto senza saldature.<\/li>\n<li>Spessore del serbatoio: 3 mm, lunga durata<\/li>\n<li>Tempo di lavoro: regolazione da 0 a 90 minuti<\/li>\n<li>Controllo della temperatura: da 0 a 80 gradi<\/li>\n<li>Potenza: regolabile<\/li>\n<li>Frequenza: cavo come richiesto<\/li>\n<li>Standard industriale, cavo di alimentazione robusto, resistente al calore, resistente all&#8217;ammorbidimento<\/li>\n<li>Alta precisione: poich\u00e9 l&#8217;energia ultrasonica pu\u00f2 passare attraverso piccole crepe e fori, pu\u00f2 essere applicata alla pulizia di qualsiasi componente o parti assemblate. Per parti di precisione o parti assemblate da pulire, la pulizia a ultrasuoni spesso diventa l&#8217;unico metodo di pulizia in grado di soddisfare i requisiti tecnici speciali;<\/li>\n<li>Rapidit\u00e0: la pulizia a ultrasuoni \u00e8 molto pi\u00f9 veloce rispetto ai metodi di pulizia regolari in termini di rimozione di polvere e incrostazioni dal pezzo. Non \u00e8 necessario smontare l&#8217;assemblaggio per la pulizia. Il vantaggio della pulizia a ultrasuoni pu\u00f2 risparmiare manodopera, rendendola il metodo di pulizia pi\u00f9 economico;<\/li>\n<li>Coerenza: indipendentemente dal fatto che il pezzo da pulire sia grande o piccolo, semplice o complesso, singolo o in lotti, o su una linea di assemblaggio automatica, l&#8217;uso della pulizia a ultrasuoni pu\u00f2 ottenere un&#8217;uniformit\u00e0 di pulizia incomparabile rispetto alla pulizia manuale.<\/li>\n<li>Design: il prodotto \u00e8 progettato in modo bello e semplice, la scocca \u00e8 realizzata in acciaio inossidabile di alta qualit\u00e0 con goffratura. Le prestazioni antiruggine sono buone; il serbatoio di pulizia \u00e8 realizzato in acciaio inossidabile SUS304 di alta qualit\u00e0 stampato, senza saldature, le prestazioni di impermeabilit\u00e0 sono eccellenti.<\/li>\n<li>Circuito: il circuito di alimentazione utilizza i nuovi oscillatori OS, controllo preciso della frequenza di vibrazione e funzione di raccolta feedback, l&#8217;output ultrasonico \u00e8 pi\u00f9 stabile e affidabile.<\/li>\n<li>Trasduttore ultrasonico: il trasduttore ultrasonico adotta una struttura interamente in alluminio con maggiore durata, riduce il riscaldamento, l&#8217;output \u00e8 stabile.<\/li>\n<\/ol>\n","protected":false},"featured_media":23715,"comment_status":"closed","ping_status":"closed","template":"","meta":[],"product_brand":[],"product_cat":[5953],"product_tag":[],"class_list":{"0":"post-65617","1":"product","2":"type-product","3":"status-publish","4":"has-post-thumbnail","6":"product_cat-big-ultrasonic-cleaning-machine-it","8":"first","9":"instock","10":"shipping-taxable","11":"product-type-external","12":"prodpage-classic"},"aioseo_notices":[],"_links":{"self":[{"href":"https:\/\/www.bjultrasonic.com\/it\/wp-json\/wp\/v2\/product\/65617","targetHints":{"allow":["GET"]}}],"collection":[{"href":"https:\/\/www.bjultrasonic.com\/it\/wp-json\/wp\/v2\/product"}],"about":[{"href":"https:\/\/www.bjultrasonic.com\/it\/wp-json\/wp\/v2\/types\/product"}],"replies":[{"embeddable":true,"href":"https:\/\/www.bjultrasonic.com\/it\/wp-json\/wp\/v2\/comments?post=65617"}],"wp:featuredmedia":[{"embeddable":true,"href":"https:\/\/www.bjultrasonic.com\/it\/wp-json\/wp\/v2\/media\/23715"}],"wp:attachment":[{"href":"https:\/\/www.bjultrasonic.com\/it\/wp-json\/wp\/v2\/media?parent=65617"}],"wp:term":[{"taxonomy":"product_brand","embeddable":true,"href":"https:\/\/www.bjultrasonic.com\/it\/wp-json\/wp\/v2\/product_brand?post=65617"},{"taxonomy":"product_cat","embeddable":true,"href":"https:\/\/www.bjultrasonic.com\/it\/wp-json\/wp\/v2\/product_cat?post=65617"},{"taxonomy":"product_tag","embeddable":true,"href":"https:\/\/www.bjultrasonic.com\/it\/wp-json\/wp\/v2\/product_tag?post=65617"}],"curies":[{"name":"wp","href":"https:\/\/api.w.org\/{rel}","templated":true}]}}