{"id":66777,"date":"2018-08-16T06:03:07","date_gmt":"2018-08-16T11:03:07","guid":{"rendered":"https:\/\/www.bjultrasonic.com\/shop\/ultrasonic-atomizing-transducer-bja-6000\/"},"modified":"2026-03-28T20:44:44","modified_gmt":"2026-03-29T01:44:44","slug":"ultrasonic-atomizing-transducer-bja-6000","status":"publish","type":"product","link":"https:\/\/www.bjultrasonic.com\/it\/shop\/ultrasonic-atomizing-transducer-bja-6000\/","title":{"rendered":"6000ML 12 Teste Nebbia Maker Fogger Ultrastico Fresco Nebbia Umidificatore"},"content":{"rendered":"<table class=\"table table-striped table-bordered\">\n<tbody>\n<tr>\n<td width=\"284\">Tipo<\/td>\n<td width=\"284\">BJA6000<\/td>\n<\/tr>\n<tr>\n<td width=\"284\">Quantit\u00e0 di Atomizzazione<\/td>\n<td width=\"284\">&gt;6000ML<\/td>\n<\/tr>\n<tr>\n<td width=\"284\">Dimensioni<\/td>\n<td width=\"284\">150*55mm (diametro*spessore)<\/td>\n<\/tr>\n<tr>\n<td width=\"284\">Frequenza di Lavoro<\/td>\n<td width=\"284\">1700\u00b150(KHZ)<\/td>\n<\/tr>\n<tr>\n<td width=\"284\">Diametro della ceramica piezoelettrica<\/td>\n<td width=\"284\">20mm<\/td>\n<\/tr>\n<tr>\n<td width=\"284\">Temperatura di Lavoro<\/td>\n<td width=\"284\">5\uff5e45\u2103<\/td>\n<\/tr>\n<tr>\n<td width=\"284\">Protezione da Surriscaldamento<\/td>\n<td width=\"284\">50\u2103<\/td>\n<\/tr>\n<tr>\n<td width=\"284\">Livello dell&#8217;Acqua<\/td>\n<td width=\"284\">40mm-80mm<\/td>\n<\/tr>\n<tr>\n<td width=\"284\">Tensione di Lavoro<\/td>\n<td width=\"284\">36V AC<\/td>\n<\/tr>\n<tr>\n<td width=\"284\">Potenza:<\/td>\n<td width=\"284\">300W<\/td>\n<\/tr>\n<tr>\n<td width=\"284\">Corrente<\/td>\n<td width=\"284\">8.2A<\/td>\n<\/tr>\n<tr>\n<td width=\"284\">Materiale<\/td>\n<td width=\"284\">Rame e acciaio inossidabile<\/td>\n<\/tr>\n<tr>\n<td width=\"284\">Cavo<\/td>\n<td width=\"284\">Lunghezza 10m<\/td>\n<\/tr>\n<tr>\n<td width=\"284\">Tensione di Alimentazione<\/td>\n<td width=\"284\">220v\/50hz\u00a0 230v\/50hz<\/p>\n<p>120v\/60hz\u00a0\u00a0 110v\/60hz<\/td>\n<\/tr>\n<\/tbody>\n<\/table>\n<h3>Funzioni Principali<\/h3>\n<ul>\n<li>L&#8217;ugello spray dell&#8217;atomizzatore \u00e8 ermetico e ha buone prestazioni di dissipazione del calore<\/li>\n<li>Il circuito ha corrente e pressione stabili, protezione da sovratemperatura, protezione da mancanza d&#8217;acqua, trattamento di riduzione del rumore,<\/li>\n<li>Design silenzioso del prodotto, nebbia ad alta umidit\u00e0, alte prestazioni.<\/li>\n<li>Design completamente chiuso con alta funzione di impermeabilit\u00e0 e antipolvere, \u00e8 molto comodo da controllare prima della produzione dell&#8217;umidificatore.<\/li>\n<li>L&#8217;interruttore di protezione temperatura integrato \u00e8 impostato per funzionare in modo sicuro e affidabile. Struttura robusta e installazione conveniente.<\/li>\n<li>Design anti-calcare, gli utenti possono facilmente sostituire la ceramica piezoelettrica atomizzante,<\/li>\n<li>Guscio completamente in acciaio inossidabile, placcatura nichel-cadmio, buona dissipazione del calore.<\/li>\n<li>Funzione integrata di protezione da mancanza d&#8217;acqua.<\/li>\n<li>Applicabile per umidificazione industriale, agricoltura, nebbia per paesaggi e cos\u00ec via.<\/li>\n<\/ul>\n<h3>Video<\/h3>\n<p><iframe loading=\"lazy\" title=\"Ultrasonic Humidifier\" width=\"500\" height=\"281\" src=\"https:\/\/www.youtube.com\/embed\/videoseries?list=PLLrjMYkO0_NEpofnqW3MnsGQ-KMwpBJul\" frameborder=\"0\" allow=\"accelerometer; autoplay; clipboard-write; encrypted-media; gyroscope; picture-in-picture; web-share\" referrerpolicy=\"strict-origin-when-cross-origin\" allowfullscreen><\/iframe><\/p>\n<h3>FAQ<\/h3>\n<p><strong>1. Possiamo regolare la quantit\u00e0 di atomizzazione?<\/strong><\/p>\n<p>No, pu\u00f2 essere cambiata solo dal livello dell&#8217;acqua.<\/p>\n<p><strong>2. Possiamo spegnere il LED (se presente)?<\/strong><\/p>\n<p>No. \u00c8 meglio scegliere un atomizzatore ultrasonico senza LED per uso interno.<\/p>\n<p><strong>3. Fa rumore?<\/strong><\/p>\n<p>No. La maggior parte degli <a href=\"https:\/\/www.bjultrasonic.com\/it\/category\/ultrasonic-atomizer-it\/\">umidificatori ultrasonici<\/a> tende a operare pi\u00f9 silenziosamente rispetto ad altri modelli. Questo perch\u00e9 non hanno una ventola, come di solito fanno gli umidificatori evaporativi. Questo mantiene bassi i livelli di rumore.<\/p>\n<p><strong>4. Perde elettricit\u00e0?<\/strong><\/p>\n<p>Il principio dell&#8217;atomizzatore ultrasonico \u00e8 che la vibrazione ultrasonica genera nebbia, non toccare l&#8217;atomizzatore con la mano quando \u00e8 in funzione, si potrebbe sentire una sensazione di pizzicore, ma non \u00e8 elettricit\u00e0.<\/p>\n<h3>Considerazioni Generali<\/h3>\n<ol>\n<li>Si prega di non capovolgere l&#8217;atomizzatore dopo aver acceso l&#8217;alimentazione, ci\u00f2 danneggerebbe l&#8217;atomizzatore.<\/li>\n<li>Si prega di non usarlo per lungo tempo o per pi\u00f9 di 10 ore.<\/li>\n<li>Non toccare la piastra atomizzante quando l&#8217;atomizzatore \u00e8 in funzione.<\/li>\n<li>Assicurare la qualit\u00e0 dell&#8217;acqua. Si prega di usare acqua di rubinetto pulita. (il deterioramento della qualit\u00e0 dell&#8217;acqua influenzer\u00e0 la durata di vita)<\/li>\n<li>Si prega di staccare l&#8217;alimentazione prima di spostare o riparare.<\/li>\n<li>Le <a href=\"https:\/\/www.bjultrasonic.com\/it\/category\/piezoelectric-ceramic-it\/\">ceramiche piezoelettriche<\/a> atomizzate sono materiali di consumo la cui durata di vita \u00e8 superiore a 3600 ore. Se la capacit\u00e0 di nebulizzazione dell&#8217;atomizzatore si riduce significativamente, si prega di pulire la piezoelettrica atomizzata (senza detergenti) con un batuffolo di cotone per mantenerla pulita. Se la quantit\u00e0 di atomizzazione rimane bassa dopo la pulizia, si prega di sostituire la piezoelettrica atomizzata. (si consiglia di acquistare insieme la piezoelettrica atomizzata)<\/li>\n<\/ol>\n<p><img loading=\"lazy\" decoding=\"async\" src=\"https:\/\/www.bjultrasonic.com\/wp-content\/uploads\/2018\/08\/Ultrasonic-Humidifier-with-LED.jpg\" alt=\"Ultrasonic-Humidifier-with-LED\" width=\"670\" height=\"925\" \/><\/p>\n","protected":false},"excerpt":{"rendered":"<p><a href=\"https:\/\/www.bjultrasonic.com\/it\/category\/ultrasonic-atomizer-it\/\">Umidificatore a ultrasuoni<\/a> utilizza energia ultrasonica per trasformare liquidi in particelle simili a nuvole. L&#8217;umidificatore a ultrasuoni \u00e8 anche chiamato <a href=\"https:\/\/www.bjultrasonic.com\/it\/shop\/ultrasonic-atomizing-transducer\/\">atomizzatore a ultrasuoni<\/a>, generatore di nebbia a ultrasuoni, nebulizzatore a ultrasuoni.<\/p>\n","protected":false},"featured_media":19538,"comment_status":"open","ping_status":"closed","template":"","meta":[],"product_brand":[],"product_cat":[6207],"product_tag":[],"class_list":{"0":"post-66777","1":"product","2":"type-product","3":"status-publish","4":"has-post-thumbnail","6":"product_cat-ultrasonic-atomizer-it","8":"first","9":"instock","10":"shipping-taxable","11":"purchasable","12":"product-type-simple","13":"prodpage-classic"},"aioseo_notices":[],"_links":{"self":[{"href":"https:\/\/www.bjultrasonic.com\/it\/wp-json\/wp\/v2\/product\/66777","targetHints":{"allow":["GET"]}}],"collection":[{"href":"https:\/\/www.bjultrasonic.com\/it\/wp-json\/wp\/v2\/product"}],"about":[{"href":"https:\/\/www.bjultrasonic.com\/it\/wp-json\/wp\/v2\/types\/product"}],"replies":[{"embeddable":true,"href":"https:\/\/www.bjultrasonic.com\/it\/wp-json\/wp\/v2\/comments?post=66777"}],"wp:featuredmedia":[{"embeddable":true,"href":"https:\/\/www.bjultrasonic.com\/it\/wp-json\/wp\/v2\/media\/19538"}],"wp:attachment":[{"href":"https:\/\/www.bjultrasonic.com\/it\/wp-json\/wp\/v2\/media?parent=66777"}],"wp:term":[{"taxonomy":"product_brand","embeddable":true,"href":"https:\/\/www.bjultrasonic.com\/it\/wp-json\/wp\/v2\/product_brand?post=66777"},{"taxonomy":"product_cat","embeddable":true,"href":"https:\/\/www.bjultrasonic.com\/it\/wp-json\/wp\/v2\/product_cat?post=66777"},{"taxonomy":"product_tag","embeddable":true,"href":"https:\/\/www.bjultrasonic.com\/it\/wp-json\/wp\/v2\/product_tag?post=66777"}],"curies":[{"name":"wp","href":"https:\/\/api.w.org\/{rel}","templated":true}]}}