{"id":66797,"date":"2018-08-16T05:48:46","date_gmt":"2018-08-16T10:48:46","guid":{"rendered":"https:\/\/www.bjultrasonic.com\/shop\/ultrasonic-atomizing-transducer-bja-1500\/"},"modified":"2026-03-28T20:44:43","modified_gmt":"2026-03-29T01:44:43","slug":"ultrasonic-atomizing-transducer-bja-1500","status":"publish","type":"product","link":"https:\/\/www.bjultrasonic.com\/it\/shop\/ultrasonic-atomizing-transducer-bja-1500\/","title":{"rendered":"1500Ml Fontana da Giardino Stagno Umidificatore a Ultrasuoni Generatore di Nebbia"},"content":{"rendered":"<table class=\"table table-striped table-bordered\">\n<tbody>\n<tr>\n<td width=\"284\">Tipo<\/td>\n<td width=\"284\">BJA1500<\/td>\n<\/tr>\n<tr>\n<td width=\"284\">Quantit\u00e0 di Atomizzazione<\/td>\n<td width=\"284\">&gt;1500ML<\/td>\n<\/tr>\n<tr>\n<td width=\"284\">Dimensioni<\/td>\n<td width=\"284\">Diametro 99mm\u00a0\u00a0 Altezza 27mm<\/td>\n<\/tr>\n<tr>\n<td width=\"284\">Frequenza di Lavoro<\/td>\n<td width=\"284\">1700\u00b150(KHZ)<\/td>\n<\/tr>\n<tr>\n<td width=\"284\">Diametro della ceramica piezoelettrica<\/td>\n<td width=\"284\">20mm<\/td>\n<\/tr>\n<tr>\n<td width=\"284\">Temperatura di Lavoro<\/td>\n<td width=\"284\">5\uff5e45\u2103<\/td>\n<\/tr>\n<tr>\n<td width=\"284\">Protezione da Surriscaldamento<\/td>\n<td width=\"284\">50\u2103<\/td>\n<\/tr>\n<tr>\n<td width=\"284\">Livello dell&#8217;Acqua<\/td>\n<td width=\"284\">40mm-80mm<\/td>\n<\/tr>\n<tr>\n<td width=\"284\">Tensione di Lavoro<\/td>\n<td width=\"284\">36V AC<\/td>\n<\/tr>\n<tr>\n<td width=\"284\">Potenza:<\/td>\n<td width=\"284\">150W<\/td>\n<\/tr>\n<tr>\n<td width=\"284\">Corrente<\/td>\n<td width=\"284\">1.5A<\/td>\n<\/tr>\n<tr>\n<td width=\"284\">Materiale<\/td>\n<td width=\"284\">Rame e acciaio inossidabile<\/td>\n<\/tr>\n<tr>\n<td width=\"284\">LED<\/td>\n<td width=\"284\">Presente<\/td>\n<\/tr>\n<tr>\n<td width=\"284\">Sensore di Livello Acqua<\/td>\n<td width=\"284\">Altezza 12mm<\/td>\n<\/tr>\n<tr>\n<td width=\"284\">Cavo<\/td>\n<td width=\"284\">Lunghezza 5m<\/td>\n<\/tr>\n<tr>\n<td width=\"284\">Area di Utilizzo<\/td>\n<td width=\"284\">41-60M2<\/td>\n<\/tr>\n<tr>\n<td width=\"284\">Capacit\u00e0 serbatoio acqua<\/td>\n<td width=\"284\">6-10L<\/td>\n<\/tr>\n<tr>\n<td width=\"284\">Tensione<\/td>\n<td width=\"284\">220v\/50hz<\/p>\n<p>120v\/60hz<\/p>\n<p>110v\/60hz<\/p>\n<p>230v\/50hz<\/td>\n<\/tr>\n<\/tbody>\n<\/table>\n<h3>Funzioni Principali<\/h3>\n<ul>\n<li>Involucro in rame, placcatura nichel-cadmio, buona dissipazione del calore.<\/li>\n<li>Funzione di protezione da mancanza d&#8217;acqua e galleggiamento sull&#8217;acqua, galleggia automaticamente.<\/li>\n<li>Applicabile per nebbia industriale, agricola, paesaggistica, ecc.<\/li>\n<li>Con luci colorate e luci singole.<\/li>\n<li>Elevata quantit\u00e0 di atomizzazione; Prestazioni stabili; Lunga durata;<\/li>\n<li>Interruttore di protezione termica integrato impostato per un funzionamento sicuro e affidabile.<\/li>\n<li>Struttura robusta e installazione conveniente<\/li>\n<\/ul>\n<h3>Video<\/h3>\n<p><iframe loading=\"lazy\" title=\"1500ml Water Fountain Pond Ultrasonic Humidifier Mist Maker\" width=\"500\" height=\"281\" src=\"https:\/\/www.youtube.com\/embed\/ZPvDbHEIGrU?feature=oembed\" frameborder=\"0\" allow=\"accelerometer; autoplay; clipboard-write; encrypted-media; gyroscope; picture-in-picture; web-share\" referrerpolicy=\"strict-origin-when-cross-origin\" allowfullscreen><\/iframe><\/p>\n<p><iframe loading=\"lazy\" title=\"Ultrasonic Humidifier\" width=\"500\" height=\"281\" src=\"https:\/\/www.youtube.com\/embed\/videoseries?list=PLLrjMYkO0_NEpofnqW3MnsGQ-KMwpBJul\" frameborder=\"0\" allow=\"accelerometer; autoplay; clipboard-write; encrypted-media; gyroscope; picture-in-picture; web-share\" referrerpolicy=\"strict-origin-when-cross-origin\" allowfullscreen><\/iframe><\/p>\n<h3>FAQ<\/h3>\n<p><strong>1. Possiamo regolare la quantit\u00e0 di atomizzazione?<\/strong><\/p>\n<p>No, pu\u00f2 essere cambiata solo tramite il livello dell&#8217;acqua.<\/p>\n<p><strong>2. Possiamo spegnere il LED (se presente)?<\/strong><\/p>\n<p>No. \u00c8 meglio scegliere un atomizzatore ultrasonico senza LED per uso interno.<\/p>\n<p><strong>3. Fa rumore?<\/strong><\/p>\n<p>No. La maggior parte degli <a href=\"https:\/\/www.bjultrasonic.com\/it\/category\/ultrasonic-atomizer-it\/\">umidificatori ultrasonici<\/a> tende a operare in modo pi\u00f9 silenzioso rispetto ad altri modelli. Questo perch\u00e9 non hanno una ventola, come di solito accade per gli umidificatori evaporativi. Ci\u00f2 mantiene bassi i livelli di rumore.<\/p>\n<p><strong>4. Perde elettricit\u00e0?<\/strong><\/p>\n<p>Il principio dell&#8217;atomizzatore ultrasonico \u00e8 che la vibrazione ultrasonica genera nebbia. Non toccare l&#8217;atomizzatore con la mano quando \u00e8 in funzione, si potrebbe avvertire una sensazione di pizzicore, ma non \u00e8 elettricit\u00e0.<\/p>\n<h3>Considerazioni Generali<\/h3>\n<ol>\n<li>Si prega di non capovolgere l&#8217;atomizzatore dopo aver acceso l&#8217;alimentazione, ci\u00f2 danneggerebbe l&#8217;atomizzatore.<\/li>\n<li>Si prega di non utilizzarlo per lunghi periodi o per pi\u00f9 di 10 ore.<\/li>\n<li>Non toccare la piastra di atomizzazione quando l&#8217;atomizzatore \u00e8 in funzione.<\/li>\n<li>Garantire la qualit\u00e0 dell&#8217;acqua. Si prega di utilizzare acqua di rubinetto pulita. (Il deterioramento della qualit\u00e0 dell&#8217;acqua influenzer\u00e0 la durata di servizio)<\/li>\n<li>Si prega di scollegare l&#8217;alimentazione prima di spostare o riparare.<\/li>\n<li>Le <a href=\"https:\/\/www.bjultrasonic.com\/it\/category\/piezoelectric-ceramic-it\/\">ceramiche piezoelettriche<\/a> atomizzate sono materiali di consumo con una durata di oltre 3600 ore. Se la capacit\u00e0 di nebulizzazione dell&#8217;atomizzatore si riduce significativamente, si prega di pulire la ceramica piezoelettrica atomizzata (senza detergenti) con un batuffolo di cotone per mantenerla pulita. Se la quantit\u00e0 di atomizzazione rimane bassa dopo la pulizia, si prega di sostituire la ceramica di atomizzazione. (si consiglia di acquistare anche la ceramica di atomizzazione)<\/li>\n<\/ol>\n<p><img loading=\"lazy\" decoding=\"async\" src=\"https:\/\/www.bjultrasonic.com\/wp-content\/uploads\/2018\/08\/Ultrasonic-Humidifier-with-LED.jpg\" alt=\"Umidificatore-Ultrasonico-con-LED\" width=\"670\" height=\"925\" \/><\/p>\n","protected":false},"excerpt":{"rendered":"<p><a href=\"https:\/\/www.bjultrasonic.com\/it\/category\/ultrasonic-atomizer-it\/\">Umidificatore a ultrasuoni<\/a> utilizza energia ultrasonica per trasformare i liquidi in particelle simili a nuvole. L&#8217;umidificatore a ultrasuoni \u00e8 anche chiamato <a href=\"https:\/\/www.bjultrasonic.com\/it\/shop\/ultrasonic-atomizing-transducer\/\">atomizzatore a ultrasuoni<\/a>, generatore di nebbia a ultrasuoni, nebulizzatore a ultrasuoni.<\/p>\n","protected":false},"featured_media":19519,"comment_status":"open","ping_status":"closed","template":"","meta":[],"product_brand":[],"product_cat":[6207],"product_tag":[],"class_list":{"0":"post-66797","1":"product","2":"type-product","3":"status-publish","4":"has-post-thumbnail","6":"product_cat-ultrasonic-atomizer-it","8":"first","9":"instock","10":"shipping-taxable","11":"purchasable","12":"product-type-simple","13":"prodpage-classic"},"aioseo_notices":[],"_links":{"self":[{"href":"https:\/\/www.bjultrasonic.com\/it\/wp-json\/wp\/v2\/product\/66797","targetHints":{"allow":["GET"]}}],"collection":[{"href":"https:\/\/www.bjultrasonic.com\/it\/wp-json\/wp\/v2\/product"}],"about":[{"href":"https:\/\/www.bjultrasonic.com\/it\/wp-json\/wp\/v2\/types\/product"}],"replies":[{"embeddable":true,"href":"https:\/\/www.bjultrasonic.com\/it\/wp-json\/wp\/v2\/comments?post=66797"}],"wp:featuredmedia":[{"embeddable":true,"href":"https:\/\/www.bjultrasonic.com\/it\/wp-json\/wp\/v2\/media\/19519"}],"wp:attachment":[{"href":"https:\/\/www.bjultrasonic.com\/it\/wp-json\/wp\/v2\/media?parent=66797"}],"wp:term":[{"taxonomy":"product_brand","embeddable":true,"href":"https:\/\/www.bjultrasonic.com\/it\/wp-json\/wp\/v2\/product_brand?post=66797"},{"taxonomy":"product_cat","embeddable":true,"href":"https:\/\/www.bjultrasonic.com\/it\/wp-json\/wp\/v2\/product_cat?post=66797"},{"taxonomy":"product_tag","embeddable":true,"href":"https:\/\/www.bjultrasonic.com\/it\/wp-json\/wp\/v2\/product_tag?post=66797"}],"curies":[{"name":"wp","href":"https:\/\/api.w.org\/{rel}","templated":true}]}}