{"id":66897,"date":"2018-08-16T05:28:58","date_gmt":"2018-08-16T10:28:58","guid":{"rendered":"https:\/\/www.bjultrasonic.com\/shop\/ultrasonic-atomizing-transducer-bja-350-12\/"},"modified":"2026-03-28T20:43:52","modified_gmt":"2026-03-29T01:43:52","slug":"ultrasonic-atomizing-transducer-bja-350-12","status":"publish","type":"product","link":"https:\/\/www.bjultrasonic.com\/it\/shop\/ultrasonic-atomizing-transducer-bja-350-12\/","title":{"rendered":"350ML Cool Mist Umidificatore a Ultrasuoni 12PCs LED"},"content":{"rendered":"<p><iframe loading=\"lazy\" title=\"350ml Cool Mist Ultrasonic Humidifier 12PCs LED\" width=\"500\" height=\"281\" src=\"https:\/\/www.youtube.com\/embed\/vCk8yyu9LM0?feature=oembed\" frameborder=\"0\" allow=\"accelerometer; autoplay; clipboard-write; encrypted-media; gyroscope; picture-in-picture; web-share\" referrerpolicy=\"strict-origin-when-cross-origin\" allowfullscreen><\/iframe><\/p>\n<table class=\"table table-striped table-bordered\">\n<tbody>\n<tr>\n<td width=\"273\">Tipo<\/td>\n<td width=\"273\">BJA350-12<\/td>\n<\/tr>\n<tr>\n<td width=\"273\">Quantit\u00e0 di atomizzazione<\/td>\n<td width=\"273\">&gt;350ML<\/td>\n<\/tr>\n<tr>\n<td width=\"273\">Dimensioni<\/td>\n<td width=\"273\">Diametro 45mm   Altezza 35mm<\/td>\n<\/tr>\n<tr>\n<td width=\"273\">Frequenza di lavoro<\/td>\n<td width=\"273\">1700\u00b150(KHZ)<\/td>\n<\/tr>\n<tr>\n<td width=\"273\">Temperatura di lavoro<\/td>\n<td width=\"273\">5\uff5e45\u2103<\/td>\n<\/tr>\n<tr>\n<td width=\"273\">Livello dell&#8217;acqua<\/td>\n<td width=\"273\">40mm&#8211;90mm<\/td>\n<\/tr>\n<tr>\n<td width=\"273\">Potenza:<\/td>\n<td width=\"273\">20W<\/td>\n<\/tr>\n<tr>\n<td width=\"273\">LED<\/td>\n<td width=\"273\">12 LED<\/p>\n<p>Cambio automatico colore Dream7<\/td>\n<\/tr>\n<tr>\n<td width=\"273\">Sensore di livello acqua<\/td>\n<td width=\"273\">Altezza 12mm<\/td>\n<\/tr>\n<tr>\n<td width=\"273\">Cavo<\/td>\n<td width=\"273\">PVC nero 3.8mm  Lunghezza 1400\u00b120mm<\/td>\n<\/tr>\n<tr>\n<td width=\"273\">Diametro ceramica piezoelettrica<\/td>\n<td width=\"273\">20MM<\/td>\n<\/tr>\n<tr>\n<td width=\"273\">Tensione di lavoro<\/td>\n<td width=\"273\">24V AC\/DC 700MA<\/td>\n<\/tr>\n<tr>\n<td width=\"273\">Spina<\/td>\n<td width=\"273\">Presa 5.5*2.5mm<\/td>\n<\/tr>\n<\/tbody>\n<\/table>\n<h3>Video<\/h3>\n<p><iframe loading=\"lazy\" title=\"350ml Cool Mist Ultrasonic Humidifier 12PCs LED\" width=\"500\" height=\"281\" src=\"https:\/\/www.youtube.com\/embed\/bbsqGHAYlDA?feature=oembed\" frameborder=\"0\" allow=\"accelerometer; autoplay; clipboard-write; encrypted-media; gyroscope; picture-in-picture; web-share\" referrerpolicy=\"strict-origin-when-cross-origin\" allowfullscreen><\/iframe><\/p>\n<p><iframe loading=\"lazy\" title=\"Ultrasonic Humidifier\" width=\"500\" height=\"281\" src=\"https:\/\/www.youtube.com\/embed\/videoseries?list=PLLrjMYkO0_NEpofnqW3MnsGQ-KMwpBJul\" frameborder=\"0\" allow=\"accelerometer; autoplay; clipboard-write; encrypted-media; gyroscope; picture-in-picture; web-share\" referrerpolicy=\"strict-origin-when-cross-origin\" allowfullscreen><\/iframe><\/p>\n<h3>FAQ<\/h3>\n<p><strong>1. Possiamo regolare la quantit\u00e0 di atomizzazione?<\/strong><\/p>\n<p>No, pu\u00f2 essere modificata solo dal livello dell&#8217;acqua.<\/p>\n<p><strong>2. Possiamo spegnere il LED (se presente)?<\/strong><\/p>\n<p>No. \u00c8 meglio scegliere un atomizzatore ultrasonico senza LED per uso interno.<\/p>\n<p><strong>3. Fa rumore?<\/strong><\/p>\n<p>No. La maggior parte degli <a href=\"https:\/\/www.bjultrasonic.com\/it\/category\/ultrasonic-atomizer-it\/\">umidificatori ultrasonici<\/a> tende a operare in modo pi\u00f9 silenzioso rispetto ad altri modelli. Questo perch\u00e9 non hanno una ventola, come di solito accade per gli umidificatori evaporativi. Ci\u00f2 mantiene bassi i livelli di rumore.<\/p>\n<p><strong>4. Pu\u00f2 perdere elettricit\u00e0?<\/strong><\/p>\n<p>Il principio dell&#8217;atomizzatore ultrasonico \u00e8 che la vibrazione ultrasonica genera nebbia. Non toccare l&#8217;atomizzatore con la mano quando \u00e8 in funzione, si potrebbe avvertire una sensazione di pizzicore, ma non \u00e8 elettricit\u00e0.<\/p>\n<h3>Considerazioni Generali<\/h3>\n<ol>\n<li>Non capovolgere l&#8217;atomizzatore dopo aver acceso l&#8217;alimentazione, ci\u00f2 danneggerebbe l&#8217;atomizzatore.<\/li>\n<li>Non utilizzarlo per lunghi periodi o per pi\u00f9 di 10 ore.<\/li>\n<li>Non toccare la piastra di atomizzazione quando l&#8217;atomizzatore \u00e8 in funzione.<\/li>\n<li>Assicurare la qualit\u00e0 dell&#8217;acqua. Utilizzare acqua di rubinetto pulita. (Il deterioramento della qualit\u00e0 dell&#8217;acqua influisce sulla durata di vita)<\/li>\n<li>Staccare l&#8217;alimentazione prima di spostare o riparare l&#8217;apparecchio.<\/li>\n<li>Le <a href=\"https:\/\/www.bjultrasonic.com\/it\/category\/piezoelectric-ceramic-it\/\">ceramiche piezoelettriche<\/a> atomizzate sono materiali di consumo con una durata di vita superiore a 3600 ore. Se la capacit\u00e0 di nebulizzazione dell&#8217;atomizzatore si riduce significativamente, pulire la ceramica piezoelettrica atomizzata (senza detergenti) con un batuffolo di cotone per mantenerla pulita. Se la quantit\u00e0 di atomizzazione rimane bassa dopo la pulizia, sostituire la ceramica di atomizzazione. (Si consiglia di acquistare anche ceramiche piezoelettriche di ricambio)<\/li>\n<\/ol>\n<p><img loading=\"lazy\" decoding=\"async\" src=\"https:\/\/www.bjultrasonic.com\/wp-content\/uploads\/2018\/08\/Ultrasonic-Humidifier-with-LED.jpg\" alt=\"Umidificatore-Ultrasonico-con-LED\" width=\"670\" height=\"925\" \/><\/p>\n","protected":false},"excerpt":{"rendered":"<p><a href=\"https:\/\/www.bjultrasonic.com\/it\/category\/ultrasonic-atomizer-it\/\">Umidificatore a ultrasuoni<\/a> utilizza energia ultrasonica per trasformare i liquidi in particelle simili a nuvole. L&#8217;umidificatore a ultrasuoni \u00e8 anche chiamato <a href=\"https:\/\/www.bjultrasonic.com\/it\/shop\/ultrasonic-atomizing-transducer\/\">atomizzatore a ultrasuoni<\/a>, generatore di nebbia a ultrasuoni, nebulizzatore a ultrasuoni.<\/p>\n","protected":false},"featured_media":19494,"comment_status":"open","ping_status":"closed","template":"","meta":[],"product_brand":[],"product_cat":[6207],"product_tag":[],"class_list":{"0":"post-66897","1":"product","2":"type-product","3":"status-publish","4":"has-post-thumbnail","6":"product_cat-ultrasonic-atomizer-it","8":"first","9":"instock","10":"shipping-taxable","11":"purchasable","12":"product-type-simple","13":"prodpage-classic"},"aioseo_notices":[],"_links":{"self":[{"href":"https:\/\/www.bjultrasonic.com\/it\/wp-json\/wp\/v2\/product\/66897","targetHints":{"allow":["GET"]}}],"collection":[{"href":"https:\/\/www.bjultrasonic.com\/it\/wp-json\/wp\/v2\/product"}],"about":[{"href":"https:\/\/www.bjultrasonic.com\/it\/wp-json\/wp\/v2\/types\/product"}],"replies":[{"embeddable":true,"href":"https:\/\/www.bjultrasonic.com\/it\/wp-json\/wp\/v2\/comments?post=66897"}],"wp:featuredmedia":[{"embeddable":true,"href":"https:\/\/www.bjultrasonic.com\/it\/wp-json\/wp\/v2\/media\/19494"}],"wp:attachment":[{"href":"https:\/\/www.bjultrasonic.com\/it\/wp-json\/wp\/v2\/media?parent=66897"}],"wp:term":[{"taxonomy":"product_brand","embeddable":true,"href":"https:\/\/www.bjultrasonic.com\/it\/wp-json\/wp\/v2\/product_brand?post=66897"},{"taxonomy":"product_cat","embeddable":true,"href":"https:\/\/www.bjultrasonic.com\/it\/wp-json\/wp\/v2\/product_cat?post=66897"},{"taxonomy":"product_tag","embeddable":true,"href":"https:\/\/www.bjultrasonic.com\/it\/wp-json\/wp\/v2\/product_tag?post=66897"}],"curies":[{"name":"wp","href":"https:\/\/api.w.org\/{rel}","templated":true}]}}