{"id":68355,"date":"2013-05-14T02:32:29","date_gmt":"2013-05-14T07:32:29","guid":{"rendered":"https:\/\/www.bjultrasonic.com\/shop\/ultrasonic-welding-generator\/"},"modified":"2026-03-28T20:30:22","modified_gmt":"2026-03-29T01:30:22","slug":"ultrasonic-welding-generator","status":"publish","type":"product","link":"https:\/\/www.bjultrasonic.com\/it\/shop\/ultrasonic-welding-generator\/","title":{"rendered":"Generatore di Saldatura a Ultrasuoni"},"content":{"rendered":"<p><iframe loading=\"lazy\" title=\"Ultrasonic Welding Generator\" width=\"500\" height=\"281\" src=\"https:\/\/www.youtube.com\/embed\/AieAouAI6i4?feature=oembed\" frameborder=\"0\" allow=\"accelerometer; autoplay; clipboard-write; encrypted-media; gyroscope; picture-in-picture; web-share\" referrerpolicy=\"strict-origin-when-cross-origin\" allowfullscreen><\/iframe><\/p>\n<p><iframe loading=\"lazy\" title=\"Ultrasonic Welding Machine for Face Mask Manufacturing\" width=\"500\" height=\"375\" src=\"https:\/\/www.youtube.com\/embed\/6luA2gpAZdU?feature=oembed\" frameborder=\"0\" allow=\"accelerometer; autoplay; clipboard-write; encrypted-media; gyroscope; picture-in-picture; web-share\" referrerpolicy=\"strict-origin-when-cross-origin\" allowfullscreen><\/iframe><\/p>\n<p><strong>Il Generatore per Saldatura ad Ultrasuoni<\/strong> \u00e8 utilizzato da una variet\u00e0 di prodotti di qualit\u00e0, ad esempio, <strong>macchine per saldatura termoplastica, saldatura a punti, macchine per l&#8217;incastonatura di parti in metallo e plastica, macchine ad ultrasuoni, levigatrici ad ultrasuoni e processori di plastica ad ultrasuoni.<\/strong><\/p>\n<h3>Specifiche del Generatore per Saldatura ad Ultrasuoni<\/h3>\n<table class=\"table table-striped table-bordered\">\n<tbody>\n<tr>\n<td valign=\"top\" width=\"194\">Potenza di Uscita Standard<\/td>\n<td valign=\"top\" width=\"420\">500W, 1000W, 1400W, 1800W, 2200W, 2600W<\/td>\n<\/tr>\n<tr>\n<td valign=\"top\" width=\"194\">Tensione di Ingresso<\/td>\n<td valign=\"top\" width=\"420\">220V ~ 230Vac \u00b110%\/ 110V ~ 130Vac \u00b110%<\/td>\n<\/tr>\n<tr>\n<td valign=\"top\" width=\"194\">Frequenza Operativa<\/td>\n<td valign=\"top\" width=\"420\">15KHz, 20KHz, 30KHz, 35KHz, 38KHz<\/td>\n<\/tr>\n<tr>\n<td valign=\"top\" width=\"194\">Indicazioni<\/td>\n<td valign=\"top\" width=\"420\">\n<ul>\n<li>Indicazione perdita ampiezza potenza. Indicazione sovraccarico ampiezza.<\/li>\n<li>Indicazione accensione\/spegnimento.<\/li>\n<\/ul>\n<\/td>\n<\/tr>\n<tr>\n<td valign=\"top\" width=\"194\">Protezione da Sovraccarico<\/td>\n<td valign=\"top\" width=\"420\">\n<ul>\n<li>Sovraccarico termico<\/li>\n<li>Sovraccarico di corrente<\/li>\n<li>Sovratensione<\/li>\n<\/ul>\n<\/td>\n<\/tr>\n<tr>\n<td valign=\"top\" width=\"194\">Impostazioni di Controllo<\/td>\n<td valign=\"top\" width=\"420\">\n<ul>\n<li>Temporizzatore digitale per controllo tempo saldatura. Temporizzatore digitale per controllo tempo di mantenimento.<\/li>\n<li>Temporizzatore digitale per controllo tempo di ritardo. Pulsante controllo frequenza.<\/li>\n<li>Manopola di regolazione sintonizzazione frequenza.<\/li>\n<\/ul>\n<\/td>\n<\/tr>\n<tr>\n<td valign=\"top\" width=\"194\">Temperatura Operativa<\/td>\n<td valign=\"top\" width=\"420\">0 ~ 50\u2103<\/td>\n<\/tr>\n<tr>\n<td valign=\"top\" width=\"194\">Umidit\u00e0 Operativa<\/td>\n<td valign=\"top\" width=\"420\">0 ~ 80%<\/td>\n<\/tr>\n<tr>\n<td valign=\"top\" width=\"194\">Peso<\/td>\n<td valign=\"top\" width=\"420\">32 kg<\/td>\n<\/tr>\n<\/tbody>\n<\/table>\n<p><img loading=\"lazy\" decoding=\"async\" class=\"alignnone size-full wp-image-5271\" src=\"\/\/www.bjultrasonic.com\/wp-content\/uploads\/2013\/05\/Ultrasonic-Welding-Generator1.jpg\" alt=\"Generatore per Saldatura ad Ultrasuoni\" width=\"558\" height=\"334\" \/><\/p>\n<p>Una delle tecniche famose a livello industriale \u00e8 la saldatura ad ultrasuoni, in cui vibrazioni ad alta frequenza vengono applicate, sotto alta pressione, ai pezzi di materiale che necessitano di unirsi o essere intimamente connessi. In questo modo si prepara una nuova saldatura. Questo metodo \u00e8 utilizzato per plastiche e materiali di natura diversa. In questa tecnica moderna, non sono necessari dadi, bulloni o materiali per saldatura per unire i pezzi.<\/p>\n<p><iframe loading=\"lazy\" title=\"Ultrasonic Metal Welding - Beijing Ultrasonic\" width=\"500\" height=\"281\" src=\"https:\/\/www.youtube.com\/embed\/vjeLMI_nqdA?feature=oembed\" frameborder=\"0\" allow=\"accelerometer; autoplay; clipboard-write; encrypted-media; gyroscope; picture-in-picture; web-share\" referrerpolicy=\"strict-origin-when-cross-origin\" allowfullscreen><\/iframe><\/p>\n<p>La tecnica della saldatura ad ultrasuoni \u00e8 ampiamente utilizzata in vari campi. Uno dei principali utilizzi \u00e8 saldare termoplastiche nell&#8217;industria alimentare, tessile, chimica, del petrolio e dell&#8217;acqua. Ha anche un ampio utilizzo nello scarto di materiali e nella saldatura e foratura di metalli. I dispositivi di potenza ad ultrasuoni sono anche in uso negli inverter. Oggigiorno, i design dei circuiti sono stati migliorati; sono state sviluppate nuove topologie e i dispositivi di potenza ad ultrasuoni sono resi pi\u00f9 affidabili. L&#8217;adattabilit\u00e0 al carico \u00e8 stata migliorata e la coerenza del prodotto \u00e8 anche migliore. L&#8217;efficienza energetica \u00e8 anche un traguardo indimenticabile insieme alla riduzione del volume degli apparecchi. \u00c8 anche raggiunta la scansione automatica, il rilevamento e il tracking della frequenza. La protezione e il rilevamento dei guasti \u00e8 anche automatizzato. \u00c8 reso possibile anche l&#8217;aggiustamento della potenza e dell&#8217;impedenza. Sono sviluppati anche il dialogo uomo-macchina, aggiornamenti software e altre funzioni.<\/p>\n<h3>Principi della Saldatura ad Ultrasuoni<\/h3>\n<p><img loading=\"lazy\" decoding=\"async\" class=\"size-full wp-image-1578 alignnone\" title=\"Principi della Saldatura ad Ultrasuoni\" src=\"\/\/www.bjultrasonic.com\/wp-content\/uploads\/2012\/08\/Principles-of-Ultrasonic-Welding.jpg\" alt=\"Principi della Saldatura ad Ultrasuoni\" width=\"573\" height=\"266\" \/><\/p>\n<p><strong>L&#8217;attrezzatura per saldatura ad ultrasuoni<\/strong> consiste in una pressa, un <strong>Generatore per Saldatura ad Ultrasuoni<\/strong>, un <a href=\"https:\/\/www.bjultrasonic.com\/it\/shop\/ultrasonic-welding-transducer\/\" target=\"_blank\" rel=\"noopener\">Trasduttore per Saldatura ad Ultrasuoni<\/a>, un <a href=\"https:\/\/www.bjultrasonic.com\/it\/shop\/ultrasonic-horn\/\" target=\"_blank\" rel=\"noopener\">Corno ad Ultrasuoni<\/a>, e attrezzature di supporto per i componenti e un booster.<\/p>\n<h3>Caratteristiche del Generatore per Saldatura ad Ultrasuoni:<\/h3>\n<ul>\n<li>Tracking automatico della frequenza (\u00e8 disponibile anche la regolazione manuale)<\/li>\n<li>Funzione di doppia protezione per carico eccessivo, con guasto del trasduttore.<\/li>\n<li>La potenza di uscita \u00e8 regolata in base al carico<\/li>\n<li>Sono anche implementati trasduttori con parametri diversi<\/li>\n<li>Doppia lubrificazione e organizzazione verticale<\/li>\n<\/ul>\n<h3>Pagamento<\/h3>\n<p>Accettiamo ora Paypal, Bonifico Bancario (T\/T) e Western Union.<\/p>\n<h3 class=\"shipping-methods\">Spedizione<\/h3>\n<p>La merce sar\u00e0 spedita entro 48 ore dal ricevimento del pagamento completo.<\/p>\n<ul>\n<li>Spediamo la merce all&#8217;indirizzo fornito nel pagamento PayPal. Si prega di assicurarsi che l&#8217;indirizzo in PayPal sia corretto.<\/li>\n<li>Ti forniremo il numero di tracking dopo aver spedito la merce; in genere, riceverai la merce entro cinque giorni.<\/li>\n<li>Se hai domande, ti preghiamo di contattarci via email (il nostro indirizzo email \u00e8 <a href=\"mailto:support@bjultrasonic.com\">support@bjultrasonic.com<\/a>)<\/li>\n<\/ul>\n<h3 align=\"left\">Garanzia del Prodotto<\/h3>\n<p>Il periodo di garanzia del prodotto \u00e8 di un anno. Durante il periodo di garanzia, i prodotti acquistati possono usufruire di manutenzione gratuita o sostituzione.<\/p>\n","protected":false},"excerpt":{"rendered":"<p>Il Generatore per Saldatura ad Ultrasuoni \u00e8 utilizzato da una variet\u00e0 di prodotti di qualit\u00e0, ad esempio, macchine per saldatura termoplastica, saldatura a punti, macchine per l&#8217;incastonatura di parti in metallo e plastica, macchine ad ultrasuoni, levigatrici ad ultrasuoni e processori di plastica ad ultrasuoni. Specifiche del Generatore per Saldatura ad Ultrasuoni Potenza di Uscita<\/p>\n","protected":false},"featured_media":42271,"comment_status":"open","ping_status":"closed","template":"","meta":[],"product_brand":[],"product_cat":[5631],"product_tag":[],"class_list":{"0":"post-68355","1":"product","2":"type-product","3":"status-publish","4":"has-post-thumbnail","6":"product_cat-ultrasonic-welding-equipment-it","8":"first","9":"instock","10":"shipping-taxable","11":"product-type-external","12":"prodpage-classic"},"aioseo_notices":[],"_links":{"self":[{"href":"https:\/\/www.bjultrasonic.com\/it\/wp-json\/wp\/v2\/product\/68355","targetHints":{"allow":["GET"]}}],"collection":[{"href":"https:\/\/www.bjultrasonic.com\/it\/wp-json\/wp\/v2\/product"}],"about":[{"href":"https:\/\/www.bjultrasonic.com\/it\/wp-json\/wp\/v2\/types\/product"}],"replies":[{"embeddable":true,"href":"https:\/\/www.bjultrasonic.com\/it\/wp-json\/wp\/v2\/comments?post=68355"}],"wp:featuredmedia":[{"embeddable":true,"href":"https:\/\/www.bjultrasonic.com\/it\/wp-json\/wp\/v2\/media\/42271"}],"wp:attachment":[{"href":"https:\/\/www.bjultrasonic.com\/it\/wp-json\/wp\/v2\/media?parent=68355"}],"wp:term":[{"taxonomy":"product_brand","embeddable":true,"href":"https:\/\/www.bjultrasonic.com\/it\/wp-json\/wp\/v2\/product_brand?post=68355"},{"taxonomy":"product_cat","embeddable":true,"href":"https:\/\/www.bjultrasonic.com\/it\/wp-json\/wp\/v2\/product_cat?post=68355"},{"taxonomy":"product_tag","embeddable":true,"href":"https:\/\/www.bjultrasonic.com\/it\/wp-json\/wp\/v2\/product_tag?post=68355"}],"curies":[{"name":"wp","href":"https:\/\/api.w.org\/{rel}","templated":true}]}}