{"id":68835,"date":"2013-02-18T00:25:16","date_gmt":"2013-02-18T05:25:16","guid":{"rendered":"https:\/\/www.bjultrasonic.com\/shop\/ultrasonic-atomizing-transducer-bja-5000\/"},"modified":"2026-03-28T20:25:51","modified_gmt":"2026-03-29T01:25:51","slug":"ultrasonic-atomizing-transducer-bja-5000","status":"publish","type":"product","link":"https:\/\/www.bjultrasonic.com\/it\/shop\/ultrasonic-atomizing-transducer-bja-5000\/","title":{"rendered":"5000ML Fontana d&#8217;Acqua Nebbia Ultrasonica Umidificatore a Nebbia Fredda"},"content":{"rendered":"<h3>Video<\/h3>\n<p><iframe loading=\"lazy\" title=\"Ultrasonic Humidifier Atomizer Mist Maker Fogger - Beijing Ultrasonic\" width=\"500\" height=\"281\" src=\"https:\/\/www.youtube.com\/embed\/TJi9qvlk9cs?start=12&#038;feature=oembed\" frameborder=\"0\" allow=\"accelerometer; autoplay; clipboard-write; encrypted-media; gyroscope; picture-in-picture; web-share\" referrerpolicy=\"strict-origin-when-cross-origin\" allowfullscreen><\/iframe><\/p>\n<p><iframe loading=\"lazy\" title=\"5000ML Fog Water Fountain Ultrasonic Cool Mist Humidifier\" width=\"500\" height=\"281\" src=\"https:\/\/www.youtube.com\/embed\/qY8wP05nnpc?feature=oembed\" frameborder=\"0\" allow=\"accelerometer; autoplay; clipboard-write; encrypted-media; gyroscope; picture-in-picture; web-share\" referrerpolicy=\"strict-origin-when-cross-origin\" allowfullscreen><\/iframe><\/p>\n<table class=\"table table-striped table-bordered\">\n<tbody>\n<tr>\n<td width=\"284\">Tipo<\/td>\n<td width=\"284\">BJA5000<\/td>\n<\/tr>\n<tr>\n<td width=\"284\">Quantit\u00e0 di Atomizzazione<\/td>\n<td width=\"284\">&gt;5000ML<\/td>\n<\/tr>\n<tr>\n<td width=\"284\">Dimensioni<\/td>\n<td width=\"284\">252*92*67mm(lunghezza*larghezza*altezza)<\/td>\n<\/tr>\n<tr>\n<td width=\"284\">Frequenza di Lavoro<\/td>\n<td width=\"284\">1700\u00b150(KHZ)<\/td>\n<\/tr>\n<tr>\n<td width=\"284\">Diametro del piezoceramico<\/td>\n<td width=\"284\">20mm<\/td>\n<\/tr>\n<tr>\n<td width=\"284\">Temperatura di Lavoro<\/td>\n<td width=\"284\">5\uff5e45\u2103<\/td>\n<\/tr>\n<tr>\n<td width=\"284\">Protezione da Surriscaldamento<\/td>\n<td width=\"284\">50\u2103<\/td>\n<\/tr>\n<tr>\n<td width=\"284\">Livello dell&#8217;Acqua<\/td>\n<td width=\"284\">40mm-80mm<\/p>\n<p>Livello ottimale: 65mm<\/td>\n<\/tr>\n<tr>\n<td width=\"284\">Tensione di Lavoro<\/td>\n<td width=\"284\">48V DC<\/td>\n<\/tr>\n<tr>\n<td width=\"284\">Potenza:<\/td>\n<td width=\"284\">350W<\/td>\n<\/tr>\n<tr>\n<td width=\"284\">Corrente<\/td>\n<td width=\"284\">4.6-5A<\/td>\n<\/tr>\n<tr>\n<td width=\"284\">Materiale<\/td>\n<td width=\"284\">Acciaio inossidabile<\/td>\n<\/tr>\n<tr>\n<td width=\"284\">Cavo<\/td>\n<td width=\"284\">Lunghezza 1.4m<\/td>\n<\/tr>\n<tr>\n<td width=\"284\">Tensione<\/td>\n<td width=\"284\">220v\/50hz\u00a0 230v\/50hz<\/p>\n<p>120v\/60hz\u00a0\u00a0 110v\/60hz<\/td>\n<\/tr>\n<\/tbody>\n<\/table>\n<h3>Funzioni Principali<\/h3>\n<ul>\n<li>La testa di spruzzo dell&#8217;atomizzatore \u00e8 ermetica e ha buone prestazioni di dissipazione del calore<\/li>\n<li>Il circuito ha corrente e pressione stabili, protezione da sovratemperatura, protezione da mancanza d&#8217;acqua, trattamento di riduzione del rumore,<\/li>\n<li>Design silenzioso del prodotto, alta umidit\u00e0 della nebbia, alte prestazioni.<\/li>\n<li>Design completamente chiuso con alta funzione impermeabile e antipolvere, \u00e8 molto comodo da rilevare prima della produzione dell&#8217;umidificatore.<\/li>\n<li>L&#8217;interruttore di protezione termica integrato \u00e8 impostato per funzionare in modo sicuro e affidabile. Struttura robusta e installazione conveniente.<\/li>\n<li>Design anticalcare, gli utenti possono facilmente sostituire il piezoceramico atomizzante,<\/li>\n<li>Tutti i componenti in acciaio inossidabile, nichelatura al cadmio, buona dissipazione del calore.<\/li>\n<li>Funzione di protezione integrata da mancanza d&#8217;acqua.<\/li>\n<li>Applicabile a umidificazione industriale, agricoltura, nebbia per paesaggi e cos\u00ec via.<\/li>\n<\/ul>\n<h3>Domande Frequenti (FAQ)<\/h3>\n<p><strong>1. Possiamo regolare la quantit\u00e0 di atomizzazione?<\/strong><\/p>\n<p>No, pu\u00f2 essere modificata solo dal livello dell&#8217;acqua.<\/p>\n<p><strong>2. Possiamo spegnere il LED (se presente)?<\/strong><\/p>\n<p>No. \u00c8 meglio scegliere un atomizzatore ultrasonico senza LED per uso interno.<\/p>\n<p><strong>3. Fa rumore?<\/strong><\/p>\n<p>No. La maggior parte degli <a href=\"https:\/\/www.bjultrasonic.com\/it\/category\/ultrasonic-atomizer-it\/\">umidificatori a ultrasuoni<\/a> tende a funzionare in modo pi\u00f9 silenzioso rispetto ad altri modelli. Questo perch\u00e9 non hanno una ventola, come di solito fanno gli umidificatori evaporativi. Questo mantiene bassi i livelli di rumore.<\/p>\n<p><strong>4. Pu\u00f2 perdere elettricit\u00e0?<\/strong><\/p>\n<p>Il principio dell&#8217;atomizzatore a ultrasuoni \u00e8 che la vibrazione ultrasonica genera nebbia, non toccare l&#8217;atomizzatore con la mano quando \u00e8 in funzione, potrebbe dare una sensazione di puntura, ma non \u00e8 elettricit\u00e0.<\/p>\n<h3>Considerazioni Generali<\/h3>\n<ol>\n<li>Si prega di non capovolgere l&#8217;atomizzatore dopo aver acceso l&#8217;alimentazione, ci\u00f2 danneggerebbe l&#8217;atomizzatore.<\/li>\n<li>Si prega di non usarlo per lunghi periodi o per pi\u00f9 di 10 ore.<\/li>\n<li>Non toccare la piastra atomizzante quando l&#8217;atomizzatore \u00e8 in funzione.<\/li>\n<li>Assicurare la qualit\u00e0 dell&#8217;acqua. Si prega di usare acqua di rubinetto pulita. (il deterioramento della qualit\u00e0 dell&#8217;acqua influenzer\u00e0 la durata di vita)<\/li>\n<li>Si prega di staccare l&#8217;alimentazione prima di spostare o riparare.<\/li>\n<li>I <a href=\"https:\/\/www.bjultrasonic.com\/it\/category\/piezoelectric-ceramic-it\/\">piezoceramici<\/a> atomizzati appartengono ai materiali di consumo la cui durata di vita \u00e8 superiore a 3600 ore. Se la capacit\u00e0 di nebulizzazione dell&#8217;atomizzatore si riduce significativamente, si prega di pulire il piezoceramico atomizzato (senza detergenti) con un batuffolo di cotone per mantenerlo pulito. Se la quantit\u00e0 di atomizzazione rimane bassa dopo la pulizia, si prega di sostituire il piezoceramico atomizzato. (si consiglia di acquistare anche il piezoceramico atomizzato di ricambio)<\/li>\n<\/ol>\n<p><img loading=\"lazy\" decoding=\"async\" src=\"https:\/\/www.bjultrasonic.com\/wp-content\/uploads\/2018\/08\/Ultrasonic-Humidifier-with-LED.jpg\" alt=\"Ultrasonic-Humidifier-with-LED\" width=\"670\" height=\"925\" \/><\/p>\n","protected":false},"excerpt":{"rendered":"<p><a href=\"https:\/\/www.bjultrasonic.com\/it\/category\/ultrasonic-atomizer-it\/\">Umidificatore a ultrasuoni<\/a> utilizza energia ultrasonica per trasformare i liquidi in particelle simili a nuvole. L&#8217;umidificatore a ultrasuoni \u00e8 anche chiamato <a href=\"https:\/\/www.bjultrasonic.com\/it\/shop\/ultrasonic-atomizing-transducer\/\">atomizzatore a ultrasuoni<\/a>, generatore di nebbia a ultrasuoni, nebulizzatore a ultrasuoni.<\/p>\n","protected":false},"featured_media":19530,"comment_status":"open","ping_status":"closed","template":"","meta":[],"product_brand":[],"product_cat":[6207],"product_tag":[],"class_list":{"0":"post-68835","1":"product","2":"type-product","3":"status-publish","4":"has-post-thumbnail","6":"product_cat-ultrasonic-atomizer-it","8":"first","9":"instock","10":"shipping-taxable","11":"purchasable","12":"product-type-simple","13":"prodpage-classic"},"aioseo_notices":[],"_links":{"self":[{"href":"https:\/\/www.bjultrasonic.com\/it\/wp-json\/wp\/v2\/product\/68835","targetHints":{"allow":["GET"]}}],"collection":[{"href":"https:\/\/www.bjultrasonic.com\/it\/wp-json\/wp\/v2\/product"}],"about":[{"href":"https:\/\/www.bjultrasonic.com\/it\/wp-json\/wp\/v2\/types\/product"}],"replies":[{"embeddable":true,"href":"https:\/\/www.bjultrasonic.com\/it\/wp-json\/wp\/v2\/comments?post=68835"}],"wp:featuredmedia":[{"embeddable":true,"href":"https:\/\/www.bjultrasonic.com\/it\/wp-json\/wp\/v2\/media\/19530"}],"wp:attachment":[{"href":"https:\/\/www.bjultrasonic.com\/it\/wp-json\/wp\/v2\/media?parent=68835"}],"wp:term":[{"taxonomy":"product_brand","embeddable":true,"href":"https:\/\/www.bjultrasonic.com\/it\/wp-json\/wp\/v2\/product_brand?post=68835"},{"taxonomy":"product_cat","embeddable":true,"href":"https:\/\/www.bjultrasonic.com\/it\/wp-json\/wp\/v2\/product_cat?post=68835"},{"taxonomy":"product_tag","embeddable":true,"href":"https:\/\/www.bjultrasonic.com\/it\/wp-json\/wp\/v2\/product_tag?post=68835"}],"curies":[{"name":"wp","href":"https:\/\/api.w.org\/{rel}","templated":true}]}}