{"id":68875,"date":"2013-02-18T00:25:13","date_gmt":"2013-02-18T05:25:13","guid":{"rendered":"https:\/\/www.bjultrasonic.com\/shop\/ultrasonic-atomizing-transducer-bja-2000\/"},"modified":"2026-03-28T20:25:21","modified_gmt":"2026-03-29T01:25:21","slug":"ultrasonic-atomizing-transducer-bja-2000","status":"publish","type":"product","link":"https:\/\/www.bjultrasonic.com\/it\/shop\/ultrasonic-atomizing-transducer-bja-2000\/","title":{"rendered":"2000ML Nebulizzatore ad Ultrasuoni per Acqua"},"content":{"rendered":"<p><iframe loading=\"lazy\" title=\"2000mL Ultrasonic Atomizer Water Mister\" width=\"500\" height=\"281\" src=\"https:\/\/www.youtube.com\/embed\/NMoJFMlfeA8?feature=oembed\" frameborder=\"0\" allow=\"accelerometer; autoplay; clipboard-write; encrypted-media; gyroscope; picture-in-picture; web-share\" referrerpolicy=\"strict-origin-when-cross-origin\" allowfullscreen><\/iframe><\/p>\n<table class=\"table table-striped table-bordered\">\n<tbody>\n<tr>\n<td width=\"284\">Tipo<\/td>\n<td width=\"284\">BJA2000<\/td>\n<\/tr>\n<tr>\n<td width=\"284\">Quantit\u00e0 di atomizzazione<\/td>\n<td width=\"284\">&gt;2000ML<\/td>\n<\/tr>\n<tr>\n<td width=\"284\">Dimensioni<\/td>\n<td width=\"284\">150*90*30mm (lunghezza*larghezza*altezza)<\/td>\n<\/tr>\n<tr>\n<td width=\"284\">Frequenza di lavoro<\/td>\n<td width=\"284\">1700\u00b150(KHZ)<\/td>\n<\/tr>\n<tr>\n<td width=\"284\">Diametro della ceramica piezoelettrica<\/td>\n<td width=\"284\">20mm<\/td>\n<\/tr>\n<tr>\n<td width=\"284\">Temperatura di lavoro<\/td>\n<td width=\"284\">5\uff5e45\u2103<\/td>\n<\/tr>\n<tr>\n<td width=\"284\">Protezione da surriscaldamento<\/td>\n<td width=\"284\">50\u2103<\/td>\n<\/tr>\n<tr>\n<td width=\"284\">Livello dell&#8217;acqua<\/td>\n<td width=\"284\">40mm-80mm<\/td>\n<\/tr>\n<tr>\n<td width=\"284\">Tensione di lavoro<\/td>\n<td width=\"284\">DC 36v<\/td>\n<\/tr>\n<tr>\n<td width=\"284\">Potenza:<\/td>\n<td width=\"284\">170W<\/td>\n<\/tr>\n<tr>\n<td width=\"284\">Corrente<\/td>\n<td width=\"284\">3-3.5A<\/td>\n<\/tr>\n<tr>\n<td width=\"284\">Materiale<\/td>\n<td width=\"284\">Rame e acciaio inossidabile<\/td>\n<\/tr>\n<tr>\n<td width=\"284\">LED<\/td>\n<td width=\"284\">Presente<\/td>\n<\/tr>\n<tr>\n<td width=\"284\">Sensore di livello acqua<\/td>\n<td width=\"284\">Altezza 40mm<\/td>\n<\/tr>\n<tr>\n<td width=\"284\">Area di utilizzo<\/td>\n<td width=\"284\">41-60M2<\/td>\n<\/tr>\n<tr>\n<td width=\"284\">Capacit\u00e0 serbatoio acqua<\/td>\n<td width=\"284\">6-10L<\/td>\n<\/tr>\n<tr>\n<td width=\"284\">Tensione<\/td>\n<td width=\"284\">220v\/50hz 230v\/50hz<\/p>\n<p>120v\/60hz 110v\/60hz<\/td>\n<\/tr>\n<\/tbody>\n<\/table>\n<h3>Le Principali Funzioni<\/h3>\n<ul>\n<li>La testa di nebulizzazione dell&#8217;atomizzatore \u00e8 ermetica e ha buone prestazioni di dissipazione del calore.<\/li>\n<li>Il circuito ha corrente e pressione stabili, protezione da sovratemperatura, protezione da mancanza d&#8217;acqua, trattamento di riduzione del rumore.<\/li>\n<li>Design silenzioso del prodotto, alta umidit\u00e0 della nebbia, alte prestazioni.<\/li>\n<li>Design completamente chiuso con alta funzione di impermeabilit\u00e0 e antipolvere, \u00e8 molto comodo da ispezionare prima della produzione dell&#8217;umidificatore.<\/li>\n<li>L&#8217;interruttore di protezione termica integrato \u00e8 impostato per operare in modo sicuro e affidabile. Struttura robusta e installazione conveniente.<\/li>\n<li>Design anti-calcare, gli utenti possono facilmente sostituire la ceramica piezoelettrica atomizzante.<\/li>\n<li>Tutto il corpo in acciaio inossidabile, nichel-cromatura, buona dissipazione del calore.<\/li>\n<li>Funzione integrata di protezione da mancanza d&#8217;acqua.<\/li>\n<li>Applicabile a umidificazione industriale, agricoltura, nebbia paesaggistica e cos\u00ec via.<\/li>\n<\/ul>\n<h3>Video<\/h3>\n<p><iframe loading=\"lazy\" title=\"2000mL Ultrasonic Atomizer Water Mister\" width=\"500\" height=\"281\" src=\"https:\/\/www.youtube.com\/embed\/tZdWCKcKb6A?feature=oembed\" frameborder=\"0\" allow=\"accelerometer; autoplay; clipboard-write; encrypted-media; gyroscope; picture-in-picture; web-share\" referrerpolicy=\"strict-origin-when-cross-origin\" allowfullscreen><\/iframe><\/p>\n<p><iframe loading=\"lazy\" title=\"Ultrasonic Humidifier\" width=\"500\" height=\"281\" src=\"https:\/\/www.youtube.com\/embed\/videoseries?list=PLLrjMYkO0_NEpofnqW3MnsGQ-KMwpBJul\" frameborder=\"0\" allow=\"accelerometer; autoplay; clipboard-write; encrypted-media; gyroscope; picture-in-picture; web-share\" referrerpolicy=\"strict-origin-when-cross-origin\" allowfullscreen><\/iframe><\/p>\n<h3>FAQs<\/h3>\n<p><strong>1. Possiamo regolare la quantit\u00e0 di atomizzazione?<\/strong><\/p>\n<p>No, pu\u00f2 essere cambiata solo dal livello dell&#8217;acqua.<\/p>\n<p><strong>2. Possiamo spegnere il LED (se presente)?<\/strong><\/p>\n<p>No. \u00c8 meglio scegliere un atomizzatore ultrasonico senza LED per uso interno.<\/p>\n<p><strong>3. Fa rumore?<\/strong><\/p>\n<p>No. La maggior parte degli <a href=\"https:\/\/www.bjultrasonic.com\/it\/category\/ultrasonic-atomizer-it\/\">umidificatori a ultrasuoni<\/a> tende a operare in modo pi\u00f9 silenzioso rispetto ad altri modelli. Questo perch\u00e9 non hanno una ventola, come di solito hanno gli umidificatori evaporativi. Questo mantiene bassi i livelli di rumore.<\/p>\n<p><strong>4. Pu\u00f2 perdere elettricit\u00e0?<\/strong><\/p>\n<p>Il principio dell&#8217;atomizzatore a ultrasuoni \u00e8 che la vibrazione ultrasonica genera nebbia, non toccare l&#8217;atomizzatore con la mano quando \u00e8 in funzione, potrebbe dare una sensazione di formicolio, ma non \u00e8 elettricit\u00e0.<\/p>\n<h3>Considerazioni Generali<\/h3>\n<ol>\n<li>Si prega di non capovolgere l&#8217;atomizzatore dopo aver acceso l&#8217;alimentazione, ci\u00f2 danneggerebbe l&#8217;atomizzatore.<\/li>\n<li>Si prega di non usarlo per lungo tempo o per pi\u00f9 di 10 ore.<\/li>\n<li>Non toccare la piastra di atomizzazione quando l&#8217;atomizzatore \u00e8 in funzione.<\/li>\n<li>Garantire la qualit\u00e0 dell&#8217;acqua. Si prega di usare acqua di rubinetto pulita. (Il deterioramento della qualit\u00e0 dell&#8217;acqua influenzer\u00e0 la durata di vita)<\/li>\n<li>Si prega di staccare l&#8217;alimentazione prima di spostare o riparare.<\/li>\n<li>Le <a href=\"https:\/\/www.bjultrasonic.com\/it\/category\/piezoelectric-ceramic-it\/\">ceramiche piezoelettriche<\/a> atomizzate appartengono ai consumabili la cui durata di vita \u00e8 superiore a 3600 ore. Se la capacit\u00e0 di nebulizzazione dell&#8217;atomizzatore si riduce significativamente, si prega di pulire la ceramica piezoelettrica atomizzata (senza alcun detergente) con un batuffolo di cotone per mantenerla pulita. Se la quantit\u00e0 di atomizzazione rimane bassa dopo la pulizia, si prega di sostituire una ceramica piezoelettrica atomizzata. (si consiglia di acquistare anche ceramiche piezoelettriche atomizzate di ricambio)<\/li>\n<\/ol>\n<p><img loading=\"lazy\" decoding=\"async\" src=\"https:\/\/www.bjultrasonic.com\/wp-content\/uploads\/2018\/08\/Ultrasonic-Humidifier-with-LED.jpg\" alt=\"Ultrasonic-Humidifier-with-LED\" width=\"670\" height=\"925\" \/><\/p>\n","protected":false},"excerpt":{"rendered":"<p><a href=\"https:\/\/www.bjultrasonic.com\/it\/category\/ultrasonic-atomizer-it\/\">Umidificatore a ultrasuoni<\/a> utilizza energia ultrasonica per trasformare i liquidi in particelle simili a nuvole. L&#8217;umidificatore a ultrasuoni \u00e8 anche chiamato <a href=\"https:\/\/www.bjultrasonic.com\/it\/shop\/ultrasonic-atomizing-transducer\/\">atomizzatore a ultrasuoni<\/a>, generatore di nebbia a ultrasuoni, nebulizzatore a ultrasuoni.<\/p>\n","protected":false},"featured_media":19521,"comment_status":"open","ping_status":"closed","template":"","meta":[],"product_brand":[],"product_cat":[6207],"product_tag":[],"class_list":{"0":"post-68875","1":"product","2":"type-product","3":"status-publish","4":"has-post-thumbnail","6":"product_cat-ultrasonic-atomizer-it","8":"first","9":"instock","10":"shipping-taxable","11":"purchasable","12":"product-type-simple","13":"prodpage-classic"},"aioseo_notices":[],"_links":{"self":[{"href":"https:\/\/www.bjultrasonic.com\/it\/wp-json\/wp\/v2\/product\/68875","targetHints":{"allow":["GET"]}}],"collection":[{"href":"https:\/\/www.bjultrasonic.com\/it\/wp-json\/wp\/v2\/product"}],"about":[{"href":"https:\/\/www.bjultrasonic.com\/it\/wp-json\/wp\/v2\/types\/product"}],"replies":[{"embeddable":true,"href":"https:\/\/www.bjultrasonic.com\/it\/wp-json\/wp\/v2\/comments?post=68875"}],"wp:featuredmedia":[{"embeddable":true,"href":"https:\/\/www.bjultrasonic.com\/it\/wp-json\/wp\/v2\/media\/19521"}],"wp:attachment":[{"href":"https:\/\/www.bjultrasonic.com\/it\/wp-json\/wp\/v2\/media?parent=68875"}],"wp:term":[{"taxonomy":"product_brand","embeddable":true,"href":"https:\/\/www.bjultrasonic.com\/it\/wp-json\/wp\/v2\/product_brand?post=68875"},{"taxonomy":"product_cat","embeddable":true,"href":"https:\/\/www.bjultrasonic.com\/it\/wp-json\/wp\/v2\/product_cat?post=68875"},{"taxonomy":"product_tag","embeddable":true,"href":"https:\/\/www.bjultrasonic.com\/it\/wp-json\/wp\/v2\/product_tag?post=68875"}],"curies":[{"name":"wp","href":"https:\/\/api.w.org\/{rel}","templated":true}]}}