{"id":69755,"date":"2012-08-06T10:57:33","date_gmt":"2012-08-06T15:57:33","guid":{"rendered":"https:\/\/www.bjultrasonic.com\/shop\/ultrasonic-cell-disruptor-transducer\/"},"modified":"2026-03-28T20:17:31","modified_gmt":"2026-03-29T01:17:31","slug":"ultrasonic-cell-disruptor-transducer","status":"publish","type":"product","link":"https:\/\/www.bjultrasonic.com\/it\/shop\/ultrasonic-cell-disruptor-transducer\/","title":{"rendered":"Disgregatore Cellulare a Ultrasuoni Omogeneizzatore Trasduttore"},"content":{"rendered":"<p>Il trasduttore per disgregatore cellulare a ultrasuoni \u00e8 la parte principale del <a href=\"https:\/\/www.bjultrasonic.com\/it\/shop\/ultrasonic-cell-disruptor\/\" target=\"_blank\" rel=\"noopener\">disgregatore cellulare a ultrasuoni<\/a>, pu\u00f2 accelerare le reazioni biochimiche e fisiche e separare il liquido dal gas. \u00c8 ampiamente utilizzato in biochimica, microbiologia, chimica farmaceutica, fisica, chimica e cos\u00ec via.<\/p>\n<p><img loading=\"lazy\" decoding=\"async\" class=\"alignnone size-full wp-image-42278\" src=\"https:\/\/www.bjultrasonic.com\/wp-content\/uploads\/2012\/08\/Ultrasonic-Cell-Disruptor-Homogenizer-Transducer-1.png\" alt=\"\" width=\"750\" height=\"455\" \/><\/p>\n<h3>Video del Disgregatore Cellulare a Ultrasuoni<\/h3>\n<p><iframe loading=\"lazy\" title=\"Lab Ultrasonic Homogenizer Ultrasonic Herbal Extraction\" width=\"500\" height=\"281\" src=\"https:\/\/www.youtube.com\/embed\/dOtgf6eTl9w?feature=oembed\" frameborder=\"0\" allow=\"accelerometer; autoplay; clipboard-write; encrypted-media; gyroscope; picture-in-picture; web-share\" referrerpolicy=\"strict-origin-when-cross-origin\" allowfullscreen><\/iframe><\/p>\n<p><iframe loading=\"lazy\" title=\"Ultrasonic Processor | Biologics Ultrasonic Homogenizer\" width=\"500\" height=\"375\" src=\"https:\/\/www.youtube.com\/embed\/T0snVNfFYIs?feature=oembed\" frameborder=\"0\" allow=\"accelerometer; autoplay; clipboard-write; encrypted-media; gyroscope; picture-in-picture; web-share\" referrerpolicy=\"strict-origin-when-cross-origin\" allowfullscreen><\/iframe><\/p>\n<h2>Specifiche del Trasduttore per Disgregatore Cellulare a Ultrasuoni<\/h2>\n<table id=\"wp-table-reloaded-id-123-no-1\" class=\"table table-striped table-bordered\">\n<tbody>\n<tr>\n<td>TIPO<\/td>\n<td>Lunghezza(mm)<\/td>\n<td>Frequenza<\/td>\n<td>Potenza<\/td>\n<\/tr>\n<tr>\n<td>Modello<\/td>\n<td>Lunghezza(mm)<\/td>\n<td>Frequenza(KHZ)<\/td>\n<td>Potenza(W)<\/td>\n<\/tr>\n<tr>\n<td>BJ-20100<\/td>\n<td>310<\/td>\n<td>20<\/td>\n<td>100<\/td>\n<\/tr>\n<tr>\n<td>BJ-20150<\/td>\n<td>310<\/td>\n<td>20<\/td>\n<td>150<\/td>\n<\/tr>\n<tr>\n<td>BJ-20250<\/td>\n<td>310<\/td>\n<td>20<\/td>\n<td>250<\/td>\n<\/tr>\n<tr>\n<td>BJ-20500<\/td>\n<td>310<\/td>\n<td>20<\/td>\n<td>500<\/td>\n<\/tr>\n<tr>\n<td>BJ-20800<\/td>\n<td>310<\/td>\n<td>20<\/td>\n<td>800<\/td>\n<\/tr>\n<\/tbody>\n<\/table>\n<h3>Pagamento<\/h3>\n<p>Accettiamo PayPal, bonifico bancario (T\/T) e Western Union.<\/p>\n<h3 class=\"shipping-methods\">Spedizione<\/h3>\n<p>Le merci verranno spedite entro 48 ore dal ricevimento del pagamento completo.<\/p>\n<ul>\n<li>Spediamo le merci all&#8217;indirizzo fornito nel pagamento PayPal. Si prega di assicurarsi che l&#8217;indirizzo in PayPal sia corretto.<\/li>\n<li>Ti forniremo il numero di tracciamento dopo aver spedito la merce; in genere, riceverai la merce entro cinque giorni.<\/li>\n<li>Se hai domande, ti preghiamo di contattarci via email (il nostro indirizzo email \u00e8 <a href=\"mailto:support@bjultrasonic.com\">support@bjultrasonic.com<\/a>)<\/li>\n<\/ul>\n<h3>Garanzia del Prodotto<\/h3>\n<p>Il periodo di garanzia del prodotto \u00e8 di un anno. Durante il periodo di garanzia, i prodotti acquistati possono usufruire di manutenzione o sostituzione gratuita.<\/p>\n","protected":false},"excerpt":{"rendered":"<p>I <a href=\"https:\/\/www.bjultrasonic.com\/it\/category\/ultrasonic-processors-it\/cell-it\/\">disgregatori cellulari ad ultrasuoni<\/a> migliorano l&#8217;uniformit\u00e0 e la stabilit\u00e0 complessiva delle miscele riducendo le dimensioni delle particelle nei liquidi. I disgregatori cellulari ad ultrasuoni sono efficaci per il taglio del DNA\/RNA, l&#8217;omogeneizzazione, la lisi cellulare, la dispersione di nanoparticelle, l&#8217;estrazione proteica e la preparazione generale dei campioni.<\/p>\n","protected":false},"featured_media":1224,"comment_status":"open","ping_status":"closed","template":"","meta":[],"product_brand":[],"product_cat":[6298,6256],"product_tag":[],"class_list":{"0":"post-69755","1":"product","2":"type-product","3":"status-publish","4":"has-post-thumbnail","6":"product_cat-cell-it","7":"product_cat-ultrasonic-processors-it","9":"first","10":"instock","11":"shipping-taxable","12":"product-type-external","13":"prodpage-classic"},"aioseo_notices":[],"_links":{"self":[{"href":"https:\/\/www.bjultrasonic.com\/it\/wp-json\/wp\/v2\/product\/69755","targetHints":{"allow":["GET"]}}],"collection":[{"href":"https:\/\/www.bjultrasonic.com\/it\/wp-json\/wp\/v2\/product"}],"about":[{"href":"https:\/\/www.bjultrasonic.com\/it\/wp-json\/wp\/v2\/types\/product"}],"replies":[{"embeddable":true,"href":"https:\/\/www.bjultrasonic.com\/it\/wp-json\/wp\/v2\/comments?post=69755"}],"wp:featuredmedia":[{"embeddable":true,"href":"https:\/\/www.bjultrasonic.com\/it\/wp-json\/wp\/v2\/media\/1224"}],"wp:attachment":[{"href":"https:\/\/www.bjultrasonic.com\/it\/wp-json\/wp\/v2\/media?parent=69755"}],"wp:term":[{"taxonomy":"product_brand","embeddable":true,"href":"https:\/\/www.bjultrasonic.com\/it\/wp-json\/wp\/v2\/product_brand?post=69755"},{"taxonomy":"product_cat","embeddable":true,"href":"https:\/\/www.bjultrasonic.com\/it\/wp-json\/wp\/v2\/product_cat?post=69755"},{"taxonomy":"product_tag","embeddable":true,"href":"https:\/\/www.bjultrasonic.com\/it\/wp-json\/wp\/v2\/product_tag?post=69755"}],"curies":[{"name":"wp","href":"https:\/\/api.w.org\/{rel}","templated":true}]}}