{"id":69775,"date":"2012-08-06T10:13:16","date_gmt":"2012-08-06T15:13:16","guid":{"rendered":"https:\/\/www.bjultrasonic.com\/shop\/ultrasonic-biodiesel-reactor\/"},"modified":"2026-03-28T20:17:05","modified_gmt":"2026-03-29T01:17:05","slug":"ultrasonic-biodiesel-reactor","status":"publish","type":"product","link":"https:\/\/www.bjultrasonic.com\/it\/shop\/ultrasonic-biodiesel-reactor\/","title":{"rendered":"Reattore Biodiesel a Ultrasuoni"},"content":{"rendered":"<table class=\"table table-striped table-bordered\" border=\"0\" cellspacing=\"0\" cellpadding=\"0\">\n<tbody>\n<tr>\n<td valign=\"top\" width=\"82\">Tipo<\/td>\n<td valign=\"top\" width=\"81\">Frequenza<br \/>\n(KHz)<\/td>\n<td valign=\"top\" width=\"60\">Potenza<\/td>\n<td valign=\"top\" width=\"60\">Diametro<br \/>\n(mm)<\/td>\n<td valign=\"top\" width=\"63\">Lunghezza<br \/>\n(mm)<\/td>\n<td valign=\"top\" width=\"90\">Capacit\u00e0 Statiche (pF\u00b110%)<\/td>\n<\/tr>\n<tr>\n<td valign=\"top\" width=\"82\"><a href=\"https:\/\/www.bjultrasonic.com\/it\/shop\/ultrasonic-biodiesel-reactor-bjr-500\/\">BJR-500<\/a><\/td>\n<td valign=\"top\" width=\"81\">27<\/td>\n<td valign=\"top\" width=\"68\">500<\/td>\n<td valign=\"top\" width=\"90\">\u03a673<\/td>\n<td valign=\"top\" width=\"63\">323<\/td>\n<td valign=\"top\" width=\"80\">68000<\/td>\n<\/tr>\n<tr>\n<td valign=\"top\" width=\"82\"><a href=\"https:\/\/www.bjultrasonic.com\/it\/shop\/ultrasonic-biodiesel-reactor-bjr-1000\/\">BJR-1000<\/a><\/td>\n<td valign=\"top\" width=\"81\">27<\/td>\n<td valign=\"top\" width=\"68\">1000<\/td>\n<td valign=\"top\" width=\"90\">\u03a673<\/td>\n<td valign=\"top\" width=\"63\">458<\/td>\n<td valign=\"top\" width=\"80\">68000<\/td>\n<\/tr>\n<tr>\n<td valign=\"top\" width=\"82\"><a href=\"https:\/\/www.bjultrasonic.com\/it\/shop\/ultrasonic-biodiesel-reactor-bjr-1100\/\">BJR-1100<\/a><\/td>\n<td valign=\"top\" width=\"81\">27<\/td>\n<td valign=\"top\" width=\"68\">1100<\/td>\n<td valign=\"top\" width=\"90\">\u03a673<\/td>\n<td valign=\"top\" width=\"63\">624<\/td>\n<td valign=\"top\" width=\"80\">68000<\/td>\n<\/tr>\n<tr>\n<td valign=\"top\" width=\"82\"><a href=\"https:\/\/www.bjultrasonic.com\/it\/shop\/ultrasonic-biodiesel-reactor-bjr-1200\/\">BJR-1200<\/a><\/td>\n<td valign=\"top\" width=\"81\">27<\/td>\n<td valign=\"top\" width=\"68\">1200<\/td>\n<td valign=\"top\" width=\"90\">\u03a673<\/td>\n<td valign=\"top\" width=\"63\">790<\/td>\n<td valign=\"top\" width=\"80\">68000<\/td>\n<\/tr>\n<tr>\n<td valign=\"top\" width=\"82\"><a href=\"https:\/\/www.bjultrasonic.com\/it\/shop\/ultrasonic-biodiesel-reactor-bjr-1300\/\">BJR-1300<\/a><\/td>\n<td valign=\"top\" width=\"81\">27<\/td>\n<td valign=\"top\" width=\"68\">1300<\/td>\n<td valign=\"top\" width=\"90\">\u03a673<\/td>\n<td valign=\"top\" width=\"63\">957<\/td>\n<td valign=\"top\" width=\"80\">68000<\/td>\n<\/tr>\n<tr>\n<td valign=\"top\" width=\"82\"><a href=\"https:\/\/www.bjultrasonic.com\/it\/shop\/ultrasonic-biodiesel-reactor-bjr-1500\/\">BJR-1500<\/a><\/td>\n<td valign=\"top\" width=\"81\">27<\/td>\n<td valign=\"top\" width=\"68\">1500<\/td>\n<td valign=\"top\" width=\"90\">\u03a673<\/td>\n<td valign=\"top\" width=\"63\">1123<\/td>\n<td valign=\"top\" width=\"80\">68000<\/td>\n<\/tr>\n<tr>\n<td valign=\"top\" width=\"82\"><a href=\"https:\/\/www.bjultrasonic.com\/it\/shop\/ultrasonic-biodiesel-reactor-bjr-2000\/\">BJR-2000<\/a><\/td>\n<td valign=\"top\" width=\"81\">27<\/td>\n<td valign=\"top\" width=\"68\">2000<\/td>\n<td valign=\"top\" width=\"90\">\u03a673<\/td>\n<td valign=\"top\" width=\"63\">910<\/td>\n<td valign=\"top\" width=\"80\">132000<\/td>\n<\/tr>\n<\/tbody>\n<\/table>\n<h3>Perch\u00e9 i migliori kit per processori di biodiesel utilizzano un reattore ultrasonico per biodiesel<\/h3>\n<p>L&#8217;interesse per i kit di processori per biodiesel \u00e8 aumentato notevolmente negli ultimi anni. Essere in grado di produrre il proprio biodiesel \u00e8 un grande vantaggio, specialmente in questi giorni in cui i prezzi del carburante petrolifero sono molto alti. Il biodiesel \u00e8 considerato la migliore alternativa al carburante petrolifero non solo per il suo prezzo relativamente inferiore. Il biodiesel \u00e8 ecologico. \u00c8 non tossico. \u00c8 anche biodegradabile.<\/p>\n<p>Utilizzando i kit di processori per biodiesel, il carburante che pu\u00f2 essere utilizzato in quasi tutti i motori diesel pu\u00f2 essere facilmente prodotto a casa. Gli ingredienti per produrre il biodiesel sono facili da reperire e l&#8217;ingrediente principale \u00e8 molto probabilmente gi\u00e0 presente in casa tua. L&#8217;ingrediente principale del biodiesel \u00e8 l&#8217;olio vegetale. Che l&#8217;olio vegetale nella tua cucina sia nuovo o usato, pu\u00f2 essere trasformato in biodiesel.<\/p>\n<p>Gli ingredienti subiscono diversi processi. Vengono mescolati insieme, separati, riscaldati, lavati, essiccati e filtrati. Tutti questi processi sono eseguiti dal processore di biodiesel. Devi solo versare gli ingredienti nel processore e far funzionare la macchina. Quando il biodiesel \u00e8 pronto, puoi prelevarlo se ne hai gi\u00e0 bisogno o lasciarlo nel processore finch\u00e9 non ne avrai uso. Conservare il biodiesel in un processore di biodiesel \u00e8 un buon modo per immagazzinare il carburante. Il processore \u00e8 in grado di mantenere la qualit\u00e0 del biodiesel prodotto.<\/p>\n<p><img loading=\"lazy\" decoding=\"async\" title=\"Biodiesel Processor Kits\" src=\"\/\/www.bjultrasonic.com\/wp-content\/uploads\/2012\/08\/Biodiesel-Processor-Kits.jpg\" alt=\"Biodiesel Processor Kits\" width=\"628\" height=\"295\" \/><\/p>\n<p>Produrre biodiesel non \u00e8 niente di cui aver paura. \u00c8 facile e sicuro. Tutti gli ingredienti sono non tossici e tutti i processi sono eseguiti dal processore di biodiesel in modo sicuro ed efficiente. Finch\u00e9 non rimuovi il coperchio del processore mentre la produzione di biodiesel \u00e8 in corso, non si verificheranno incidenti spiacevoli. Durante il processo di riscaldamento, la temperatura all&#8217;interno del processore \u00e8 estremamente alta. Se l&#8217;olio si rovescia o tocca la tua pelle, la tua pelle verr\u00e0 bruciata.<\/p>\n<p>I kit di processori per biodiesel non sono costosi. Costano meno di mille dollari. Molti sono addirittura prezzati a solo poche centinaia di dollari. Il prezzo di un processore di biodiesel non \u00e8 nulla rispetto ai soldi che risparmierai. I prezzi del carburante petrolifero sono alti e diventeranno solo pi\u00f9 alti. D&#8217;altra parte, gli ingredienti per produrre biodiesel sono economici. Se l&#8217;olio vegetale che utilizzerai non \u00e8 nuovo, i tuoi risparmi saranno ancora maggiori. Il prezzo del biodiesel che produrrai \u00e8 di solo pochi centesimi al litro. Questo \u00e8 molto pi\u00f9 basso dei prezzi del carburante petrolifero.<\/p>\n<p>Ogni processore di biodiesel contiene un reattore per biodiesel. \u00c8 il reattore per biodiesel che accelera la produzione di biodiesel. Provoca esterificazione e transesterificazione, le reazioni chimiche che trasformano gli ingredienti in biodiesel. Ci sono due tipi di reattori per biodiesel. Questi sono il reattore per biodiesel a ultrasuoni e il reattore per biodiesel a taglio. Tra i due tipi di reattori per biodiesel, il reattore per biodiesel a ultrasuoni \u00e8 migliore.<\/p>\n<p>Il reattore per biodiesel a ultrasuoni produce biodiesel nel minor tempo possibile e nel modo pi\u00f9 efficiente. Le onde ultrasoniche agiscono sugli ingredienti mescolati, causando la produzione e l&#8217;implosione di molte piccole bolle. Questo si chiama cavitazione. La cavitazione mescola e riscalda la miscela contemporaneamente. Questi due processi causano la transesterificazione. Poich\u00e9 un reattore per biodiesel a ultrasuoni mescola e riscalda la miscela simultaneamente, il tempo necessario per produrre biodiesel \u00e8 significativamente ridotto. E cos\u00ec, invece di elaborare le miscele in lotti, che richiede molto tempo, le miscele vengono elaborate attraverso la transesterificazione in linea.<\/p>\n<p>Le onde ultrasoniche svolgono un ruolo molto importante nella produzione di biodiesel. Sono molto efficaci nel mescolare ingredienti difficili da combinare. Per produrre biodiesel, gli ingredienti devono essere mescolati accuratamente. Se gli ingredienti non sono adeguatamente mescolati insieme, o il biodiesel non verr\u00e0 prodotto o il biodiesel prodotto sar\u00e0 di bassa qualit\u00e0.<\/p>\n<p>Le onde ultrasoniche mescolano e riscaldano gli ingredienti. Quando le onde entrano in contatto con gli ingredienti, fanno vibrare violentemente gli ingredienti. Queste vibrazioni causano la formazione di bolle di cavitazione. Quando le bolle implodono, gli ingredienti si contraggono e si mescolano insieme. Questa attivit\u00e0 aumenta la temperatura della miscela. Sebbene l&#8217;aumento di temperatura non sia molto, \u00e8 sufficiente per far reagire la miscela e rendere il tempo di reazione pi\u00f9 breve del solito. Con l&#8217;aiuto delle onde ultrasoniche, l&#8217;energia viene risparmiata perch\u00e9 non \u00e8 necessario aumentare la temperatura.<\/p>\n<p>Un processore di biodiesel con reattore a ultrasuoni \u00e8 perfetto per chiunque non abbia bisogno di produrre milioni di galloni di biodiesel. \u00c8 il processore perfetto per te se avrai bisogno di produrre solo pochi galloni di biodiesel alla volta.<\/p>\n<h3>Vantaggi<\/h3>\n<p><b>1. Il Tempo di Reazione Viene Ridotto<\/b><\/p>\n<p>Un reattore ultrasonico per biodiesel riduce notevolmente il tempo di reazione degli ingredienti. Lo fa agitando gli ingredienti. Quando gli ingredienti vengono agitati, il metanolo viene ridotto. Ci\u00f2 fa s\u00ec che gli ingredienti si attacchino l&#8217;uno all&#8217;altro e si mescolino correttamente. Di solito, \u00e8 necessaria un&#8217;ora per mescolare accuratamente gli ingredienti. Con l&#8217;aiuto delle onde ultrasoniche, il tempo necessario si riduce a meno di un minuto. Una volta effettuato il corretto miscelamento, avviene la reazione. L&#8217;agitazione dovuta alle onde ultrasoniche aumenta anche la qualit\u00e0 e la quantit\u00e0 di biodiesel prodotto.<\/p>\n<p>Ogni reattore ultrasonico per biodiesel che abbiamo presso Beijing Ultrasonic \u00e8 in grado di eseguire esterificazione e transesterificazione. I nostri reattori ultrasonici causano cavitazione molecolare. Ci\u00f2 mescola accuratamente gli ingredienti e porta a una reazione completa. Il corretto miscelamento e reazione si traducono in una maggiore quantit\u00e0 di biodiesel prodotto.<\/p>\n<p><b>2. I Reattori In-line Sono Regolabili<\/b><\/p>\n<p>Un reattore ultrasonico per biodiesel in-line aumenta la quantit\u00e0 di biodiesel prodotto utilizzando la lavorazione a flusso continuo invece del lungo processo a lotti. La lavorazione a flusso continuo \u00e8 pi\u00f9 efficiente. Richiede costi operativi inferiori.<\/p>\n<p>Per soddisfare le vostre esigenze, la dimensione e la capacit\u00e0 dei nostri reattori ultrasonici per biodiesel in-line possono essere regolate. Il numero di reattori che verranno collegati dipender\u00e0 dalla quantit\u00e0 di biodiesel che verr\u00e0 prodotta. Se \u00e8 necessario pi\u00f9 di un reattore ultrasonico, i reattori vengono collegati in serie.<\/p>\n<h3>Applicazioni<\/h3>\n<p>Un reattore ultrasonico per biodiesel ha diversi usi. Tre dei suoi principali utilizzi sono i seguenti:<\/p>\n<ul>\n<li>Per lavorare vegetali, alcol e un catalizzatore al fine di produrre biodiesel<\/li>\n<li>Per pulire serbatoi e condutture<\/li>\n<li>Per produrre reazioni chimiche come sintesi e separazione<\/li>\n<\/ul>\n<h3>Video<\/h3>\n<p><iframe loading=\"lazy\" title=\"Ultrasonic Reactors for Biodiesel Production\" width=\"500\" height=\"281\" src=\"https:\/\/www.youtube.com\/embed\/oe1tAvpuUjw?feature=oembed\" frameborder=\"0\" allow=\"accelerometer; autoplay; clipboard-write; encrypted-media; gyroscope; picture-in-picture; web-share\" referrerpolicy=\"strict-origin-when-cross-origin\" allowfullscreen><\/iframe><\/p>\n<p><iframe loading=\"lazy\" title=\"Biodiesel Processor Kits - Beijing Ultrasonic\" width=\"500\" height=\"281\" src=\"https:\/\/www.youtube.com\/embed\/OpgcM3CcI90?feature=oembed\" frameborder=\"0\" allow=\"accelerometer; autoplay; clipboard-write; encrypted-media; gyroscope; picture-in-picture; web-share\" referrerpolicy=\"strict-origin-when-cross-origin\" allowfullscreen><\/iframe><\/p>\n<h3>Articoli Correlati<\/h3>\n<ul>\n<li><a href=\"https:\/\/www.bjultrasonic.com\/it\/learn-to-design-a-packed-bed-tubular-reactor\/\" target=\"_blank\" rel=\"noopener\">Impara a Progettare un Reattore Tubolare a Letto Impaccato<\/a><\/li>\n<li><a href=\"https:\/\/www.bjultrasonic.com\/it\/how-to-grow-algae-cheap-biodiesel-fuel\/\" target=\"_blank\" rel=\"noopener\">Come coltivare le alghe \u2013 Combustibile Biodiesel Economico<\/a><\/li>\n<li><a href=\"https:\/\/www.bjultrasonic.com\/it\/what-is-the-difference-between-diesel-and-biodiesel\/\" target=\"_blank\" rel=\"noopener\">Differenza Tra Diesel e Biodiesel<\/a><\/li>\n<li><a href=\"https:\/\/www.bjultrasonic.com\/it\/what-is-a-biodiesel-reactor\/\" target=\"_blank\" rel=\"noopener\">Cos&#8217;\u00e8 un Reattore per Biodiesel<\/a><\/li>\n<li><a href=\"https:\/\/www.bjultrasonic.com\/it\/15-easy-steps-to-make-your-own-biodiesel-processor\/\" target=\"_blank\" rel=\"noopener\">15 Semplici Passi per Realizzare il Tuo Processore di Biodiesel<\/a><\/li>\n<\/ul>\n<h3>Pagamento<\/h3>\n<p>Accettiamo PayPal, bonifico bancario (T\/T) e Western Union.<\/p>\n<h3 class=\"shipping-methods\">Spedizione<\/h3>\n<p>La merce verr\u00e0 spedita entro 48 ore dal ricevimento del pagamento completo.<\/p>\n<ul>\n<li>Spediamo la merce all&#8217;indirizzo fornito nel pagamento PayPal. Si prega di assicurarsi che l&#8217;indirizzo su PayPal sia corretto.<\/li>\n<li>Vi forniremo il numero di tracciamento dopo aver spedito la merce; in genere, riceverete la merce entro cinque giorni.<\/li>\n<li>Se avete domande, vi preghiamo di contattarci via email (il nostro indirizzo email \u00e8 <a href=\"mailto:support@bjultrasonic.com\">support@bjultrasonic.com<\/a>)<\/li>\n<\/ul>\n<h3>Garanzia del Prodotto<\/h3>\n<p>Il periodo di garanzia del prodotto \u00e8 di un anno. Durante il periodo di garanzia, i prodotti acquistati possono usufruire di manutenzione gratuita o sostituzione.<\/p>\n","protected":false},"excerpt":{"rendered":"<p>Processori ultrasonici per la produzione di biodiesel. Il reattore ultrasonico per biodiesel produce biodiesel nel minor tempo possibile e nel modo pi\u00f9 efficiente.<\/p>\n","protected":false},"featured_media":42435,"comment_status":"open","ping_status":"closed","template":"","meta":[],"product_brand":[],"product_cat":[6256,6271],"product_tag":[],"class_list":{"0":"post-69775","1":"product","2":"type-product","3":"status-publish","4":"has-post-thumbnail","6":"product_cat-ultrasonic-processors-it","7":"product_cat-biodiesel-it","9":"first","10":"instock","11":"shipping-taxable","12":"product-type-external","13":"prodpage-classic"},"aioseo_notices":[],"_links":{"self":[{"href":"https:\/\/www.bjultrasonic.com\/it\/wp-json\/wp\/v2\/product\/69775","targetHints":{"allow":["GET"]}}],"collection":[{"href":"https:\/\/www.bjultrasonic.com\/it\/wp-json\/wp\/v2\/product"}],"about":[{"href":"https:\/\/www.bjultrasonic.com\/it\/wp-json\/wp\/v2\/types\/product"}],"replies":[{"embeddable":true,"href":"https:\/\/www.bjultrasonic.com\/it\/wp-json\/wp\/v2\/comments?post=69775"}],"wp:featuredmedia":[{"embeddable":true,"href":"https:\/\/www.bjultrasonic.com\/it\/wp-json\/wp\/v2\/media\/42435"}],"wp:attachment":[{"href":"https:\/\/www.bjultrasonic.com\/it\/wp-json\/wp\/v2\/media?parent=69775"}],"wp:term":[{"taxonomy":"product_brand","embeddable":true,"href":"https:\/\/www.bjultrasonic.com\/it\/wp-json\/wp\/v2\/product_brand?post=69775"},{"taxonomy":"product_cat","embeddable":true,"href":"https:\/\/www.bjultrasonic.com\/it\/wp-json\/wp\/v2\/product_cat?post=69775"},{"taxonomy":"product_tag","embeddable":true,"href":"https:\/\/www.bjultrasonic.com\/it\/wp-json\/wp\/v2\/product_tag?post=69775"}],"curies":[{"name":"wp","href":"https:\/\/api.w.org\/{rel}","templated":true}]}}