{"id":72155,"date":"2012-03-19T03:52:04","date_gmt":"2012-03-19T08:52:04","guid":{"rendered":"https:\/\/www.bjultrasonic.com\/shop\/25khz-100w-ultrasonic-cleaning-transducer\/"},"modified":"2026-03-28T19:55:18","modified_gmt":"2026-03-29T00:55:18","slug":"25khz-100w-ultrasonic-cleaning-transducer","status":"publish","type":"product","link":"https:\/\/www.bjultrasonic.com\/it\/shop\/25khz-100w-ultrasonic-cleaning-transducer\/","title":{"rendered":"Trasduttore di pulizia ultrasonica piezoelettrico 25KHz 100W (PZT-4)"},"content":{"rendered":"<p><iframe loading=\"lazy\" title=\"25KHz 100W Piezoelectric Ultrasonic Cleaning Transducer (PZT-4)\" width=\"500\" height=\"281\" src=\"https:\/\/www.youtube.com\/embed\/FdQZt5hUFFA?feature=oembed\" frameborder=\"0\" allow=\"accelerometer; autoplay; clipboard-write; encrypted-media; gyroscope; picture-in-picture; web-share\" referrerpolicy=\"strict-origin-when-cross-origin\" allowfullscreen><\/iframe><\/p>\n<h2>Specifiche del trasduttore per pulizia ultrasonica 25KHz 100W<\/h2>\n<table id=\"wp-table-reloaded-id-3-no-1\" class=\"table table-striped table-bordered\">\n<tbody>\n<tr>\n<td>Tipo<\/td>\n<td>BJC-25100T- 68HS PZT-4<\/td>\n<\/tr>\n<tr>\n<td>Frequenza<\/td>\n<td>25KHz \u00b1 1KHz<\/td>\n<\/tr>\n<tr>\n<td>Potenza<\/td>\n<td>100w<\/td>\n<\/tr>\n<tr>\n<td>Capacit\u00e0<\/td>\n<td>6600pf (pzt4)<\/td>\n<\/tr>\n<tr>\n<td>Superficie radiante<\/td>\n<td>68mm<\/td>\n<\/tr>\n<tr>\n<td>Resistenza di risonanza<\/td>\n<td>10-20\u03a9<\/td>\n<\/tr>\n<tr>\n<td>Lunghezza<\/td>\n<td>77mm<\/td>\n<\/tr>\n<tr>\n<td>Alimentazione<\/td>\n<td>Ingresso: 100V~130V o 220V~240V AC<\/td>\n<\/tr>\n<tr>\n<td>Peso<\/td>\n<td>720g\/pz<\/td>\n<\/tr>\n<\/tbody>\n<\/table>\n<p><strong><a href=\"https:\/\/drive.google.com\/file\/d\/1pXEpP5HbetTukpQtZKV4hyTdlMm0aYkt\/view\" target=\"_blank\" rel=\"noopener\">Scarica<\/a> le specifiche e il preventivo di tutti i trasduttori per pulizia ultrasonica.<\/strong><\/p>\n<h3>Metodi di denominazione del trasduttore per pulizia ultrasonica<\/h3>\n<p><a href=\"https:\/\/www.bjultrasonic.com\/wp-content\/uploads\/2012\/10\/Naming-Methods-of-Ultrasonic-Cleaning-Transducer.jpg\" data-lightbox=\"image\"><img loading=\"lazy\" decoding=\"async\" title=\"Metodi di denominazione del trasduttore per pulizia ultrasonica\" src=\"\/\/www.bjultrasonic.com\/wp-content\/uploads\/2012\/10\/Naming-Methods-of-Ultrasonic-Cleaning-Transducer.jpg\" alt=\"Metodi di denominazione del trasduttore per pulizia ultrasonica\" width=\"442\" height=\"399\" \/><\/a><\/p>\n<h3>Struttura del trasduttore per pulizia ultrasonica<\/h3>\n<p><a href=\"https:\/\/www.bjultrasonic.com\/wp-content\/uploads\/2012\/03\/2012319111.jpg\" data-lightbox=\"image\"><img loading=\"lazy\" decoding=\"async\" class=\"alignnone\" title=\"Struttura del trasduttore per pulizia ultrasonica\" src=\"\/\/www.bjultrasonic.com\/wp-content\/uploads\/2012\/10\/Ultrasonic-Cleaning-Transducer-Structure.jpg\" alt=\"Struttura del trasduttore per pulizia ultrasonica\" width=\"546\" height=\"203\" \/><\/a><\/p>\n<h3>Caratteristiche principali<\/h3>\n<ul>\n<li>Alta efficienza: elevato parametro meccanico Q, efficienza di conversione elettrica\/sonora superiore al 95%.<\/li>\n<li>Ampiezza elevata: la resistenza del trasduttore \u00e8 migliorata fissando direttamente il vibratore ad alta velocit\u00e0 alla base della vasca di lavaggio con bulloni. Rispetto a un vibratore a espansione magnetica, la sua ampiezza pu\u00f2 essere migliorata oltre il 50%.<\/li>\n<li>Buona resistenza al calore: ampio intervallo di temperature operative, bassa impedenza di risonanza e bassa produzione di calore.<\/li>\n<li>Buona costruzione: fissato con bulloni, facile da montare, alta affidabilit\u00e0.<\/li>\n<\/ul>\n<h3>Trasduttore ultrasonico ad alta potenza<\/h3>\n<p><iframe loading=\"lazy\" title=\"High Power Piezoelectric Ultrasonic Transducer - Beijing Ultrasonic\" width=\"500\" height=\"281\" src=\"https:\/\/www.youtube.com\/embed\/TBLGTvZgOw4?feature=oembed\" frameborder=\"0\" allow=\"accelerometer; autoplay; clipboard-write; encrypted-media; gyroscope; picture-in-picture; web-share\" referrerpolicy=\"strict-origin-when-cross-origin\" allowfullscreen><\/iframe><\/p>\n<h3>Pagamento<\/h3>\n<p>Accettiamo Paypal, bonifico bancario (T\/T) e Western Union.<\/p>\n<h3 class=\"shipping-methods\">Spedizione<\/h3>\n<p>La merce sar\u00e0 spedita entro 48 ore dal ricevimento del pagamento completo.<\/p>\n<ul>\n<li>Spediamo la merce all&#8217;indirizzo indicato nel pagamento PayPal. Assicurarsi che l&#8217;indirizzo in PayPal sia corretto.<\/li>\n<li>Forniremo il numero di tracciamento dopo la spedizione della merce; in genere, la riceverai entro cinque giorni.<\/li>\n<li>Per qualsiasi domanda, contattaci via email (il nostro indirizzo email \u00e8 <a href=\"mailto:support@bjultrasonic.com\">support@bjultrasonic.com<\/a>)<\/li>\n<\/ul>\n<h3 align=\"left\">Garanzia del prodotto<\/h3>\n<p>Il periodo di garanzia del prodotto \u00e8 di un anno. Durante il periodo di garanzia, i prodotti acquistati possono usufruire di manutenzione o sostituzione gratuita.<\/p>\n","protected":false},"excerpt":{"rendered":"<p><a href=\"https:\/\/www.bjultrasonic.com\/it\/category\/ultrasonic-transducer-it\/\">Il trasduttore piezoelettrico<\/a> per la pulizia ultrasonica \u00e8 una parte importante di una <a href=\"https:\/\/www.bjultrasonic.com\/it\/category\/ultrasonic-cleaning-system-it\/\">pulitrice ultrasonica<\/a>, il trasduttore ultrasonico converte l&#8217;energia elettrica da un <a href=\"https:\/\/www.bjultrasonic.com\/it\/category\/ultrasonic-generator-it\/\">generatore ultrasonico<\/a> in <a href=\"https:\/\/www.bjultrasonic.com\/it\/uses-of-ultrasonic-waves\/\">onde ultrasoniche<\/a>.<\/p>\n","protected":false},"featured_media":19379,"comment_status":"open","ping_status":"closed","template":"","meta":[],"product_brand":[],"product_cat":[6312],"product_tag":[],"class_list":{"0":"post-72155","1":"product","2":"type-product","3":"status-publish","4":"has-post-thumbnail","6":"product_cat-ultrasonic-transducer-it","8":"first","9":"instock","10":"shipping-taxable","11":"purchasable","12":"product-type-simple","13":"prodpage-classic"},"aioseo_notices":[],"_links":{"self":[{"href":"https:\/\/www.bjultrasonic.com\/it\/wp-json\/wp\/v2\/product\/72155","targetHints":{"allow":["GET"]}}],"collection":[{"href":"https:\/\/www.bjultrasonic.com\/it\/wp-json\/wp\/v2\/product"}],"about":[{"href":"https:\/\/www.bjultrasonic.com\/it\/wp-json\/wp\/v2\/types\/product"}],"replies":[{"embeddable":true,"href":"https:\/\/www.bjultrasonic.com\/it\/wp-json\/wp\/v2\/comments?post=72155"}],"wp:featuredmedia":[{"embeddable":true,"href":"https:\/\/www.bjultrasonic.com\/it\/wp-json\/wp\/v2\/media\/19379"}],"wp:attachment":[{"href":"https:\/\/www.bjultrasonic.com\/it\/wp-json\/wp\/v2\/media?parent=72155"}],"wp:term":[{"taxonomy":"product_brand","embeddable":true,"href":"https:\/\/www.bjultrasonic.com\/it\/wp-json\/wp\/v2\/product_brand?post=72155"},{"taxonomy":"product_cat","embeddable":true,"href":"https:\/\/www.bjultrasonic.com\/it\/wp-json\/wp\/v2\/product_cat?post=72155"},{"taxonomy":"product_tag","embeddable":true,"href":"https:\/\/www.bjultrasonic.com\/it\/wp-json\/wp\/v2\/product_tag?post=72155"}],"curies":[{"name":"wp","href":"https:\/\/api.w.org\/{rel}","templated":true}]}}