{"id":67789,"date":"2013-07-21T03:55:05","date_gmt":"2013-07-21T08:55:05","guid":{"rendered":"https:\/\/www.bjultrasonic.com\/shop\/130khz-50w-ultrasonic-transducer-135khz-50w-digital-ultrasonic-pcb-generator\/"},"modified":"2026-03-28T20:35:25","modified_gmt":"2026-03-29T01:35:25","slug":"130khz-50w-ultrasonic-transducer-135khz-50w-digital-ultrasonic-pcb-generator","status":"publish","type":"product","link":"https:\/\/www.bjultrasonic.com\/nl\/shop\/130khz-50w-ultrasonic-transducer-135khz-50w-digital-ultrasonic-pcb-generator\/","title":{"rendered":"135kHz 50W Ultrasone Transducer &#038; 135kHz 50W Digitale Ultrasone Transducer Driver"},"content":{"rendered":"<p><strong>Opmerking: Wanneer u de bestelling plaatst.<\/strong><\/p>\n<ol>\n<li>Laat een bericht achter over de exacte spanningsnorm<\/li>\n<li>Geef ons het exacte afleveradres en het contacttelefoonnummer<\/li>\n<li>Vertel ons of u wilt dat wij een lage waarde aan de douane aangeven<\/li>\n<li>Laat een geldig e-mailadres achter. Wij sturen u het trackingnummer per e-mail zodra we de goederen hebben verzonden<\/li>\n<\/ol>\n<p><strong>Specificatie:<\/strong><\/p>\n<table class=\"table table-striped table-bordered\">\n<tbody>\n<tr>\n<td colspan=\"2\" width=\"568\">E\u00e9n digitale 135kHz 50W ultrasone PCB-generator stuurt \u00e9\u00e9n 135kHz 50W ultrasone transducer aan<\/td>\n<\/tr>\n<tr>\n<td colspan=\"2\" width=\"568\">Ultrasone transducer:<\/td>\n<\/tr>\n<tr>\n<td width=\"163\">Frequentie<\/td>\n<td width=\"405\">135kHz \u00b11 kHz<\/td>\n<\/tr>\n<tr>\n<td width=\"163\">Vermogen<\/td>\n<td width=\"405\">50W<\/td>\n<\/tr>\n<tr>\n<td width=\"163\">Capaciteit<\/td>\n<td width=\"405\">4200pF (PZT4)<\/td>\n<\/tr>\n<tr>\n<td width=\"163\">Stralend oppervlak<\/td>\n<td width=\"405\">36mm<\/td>\n<\/tr>\n<tr>\n<td width=\"163\">Resonantieweerstand<\/td>\n<td width=\"405\">10-20\u03a9<\/td>\n<\/tr>\n<tr>\n<td width=\"163\">Afmetingen pi\u00ebzokeramiek<\/td>\n<td width=\"405\">35*15*5mm<\/td>\n<\/tr>\n<tr>\n<td width=\"163\">Lengte<\/td>\n<td width=\"405\">54mm<\/td>\n<\/tr>\n<tr>\n<td colspan=\"2\" width=\"568\">Ultrasone PCB-generator<\/td>\n<\/tr>\n<tr>\n<td width=\"163\">Voeding<\/td>\n<td width=\"405\">Input: 200V-240V \/ 100V-120V<\/td>\n<\/tr>\n<tr>\n<td width=\"163\">Frequentie<\/td>\n<td width=\"405\">135kHz \u00b11 kHz<\/td>\n<\/tr>\n<tr>\n<td width=\"163\">Vermogen<\/td>\n<td width=\"405\">50W<\/td>\n<\/tr>\n<tr>\n<td width=\"163\">Capaciteit<\/td>\n<td width=\"405\">4200pF<\/td>\n<\/tr>\n<tr>\n<td width=\"163\">Afmetingen<\/td>\n<td width=\"405\">18cm*13cm*6cm (lengte*breedte*hoogte)<\/td>\n<\/tr>\n<tr>\n<td colspan=\"2\" width=\"568\">Totaal brutogewicht: 4kg<\/td>\n<\/tr>\n<tr>\n<td colspan=\"2\" width=\"568\">Opmerking: de tijd en het vermogen van de digitale ultrasone PCB-generator kunnen naar wens worden aangepast.<\/td>\n<\/tr>\n<\/tbody>\n<\/table>\n<p>De volgende afbeeldingen tonen hoe ze te verbinden:<\/p>\n<p><a href=\"https:\/\/www.bjultrasonic.com\/wp-content\/uploads\/2014\/05\/130kHz-50W-Ultrasonic-Transducer-135kHz-50W-Digital-Ultrasonic-PCB-Generator-1.jpg\"><img loading=\"lazy\" decoding=\"async\" class=\"alignnone wp-image-5668\" src=\"\/\/www.bjultrasonic.com\/wp-content\/uploads\/2014\/05\/130kHz-50W-Ultrasonic-Transducer-135kHz-50W-Digital-Ultrasonic-PCB-Generator-1.jpg\" alt=\"130kHz 50W Ultrasone Transducer &amp; 135kHz 50W Digitale Ultrasone PCB Generator (1)\" width=\"589\" height=\"326\" \/><\/a> <a href=\"https:\/\/www.bjultrasonic.com\/wp-content\/uploads\/2014\/05\/130kHz-50W-Ultrasonic-Transducer-135kHz-50W-Digital-Ultrasonic-PCB-Generator-2.jpg\"><img loading=\"lazy\" decoding=\"async\" class=\"alignnone wp-image-5669\" src=\"\/\/www.bjultrasonic.com\/wp-content\/uploads\/2014\/05\/130kHz-50W-Ultrasonic-Transducer-135kHz-50W-Digital-Ultrasonic-PCB-Generator-2.jpg\" alt=\"130kHz 50W Ultrasone Transducer &amp; 135kHz 50W Digitale Ultrasone PCB Generator (2)\" width=\"589\" height=\"533\" \/><\/a> <a href=\"https:\/\/www.bjultrasonic.com\/wp-content\/uploads\/2014\/05\/130kHz-50W-Ultrasonic-Transducer-135kHz-50W-Digital-Ultrasonic-PCB-Generator-3.jpg\"><img loading=\"lazy\" decoding=\"async\" class=\"alignnone wp-image-5670\" src=\"\/\/www.bjultrasonic.com\/wp-content\/uploads\/2014\/05\/130kHz-50W-Ultrasonic-Transducer-135kHz-50W-Digital-Ultrasonic-PCB-Generator-3.jpg\" alt=\"130kHz 50W Ultrasone Transducer &amp; 135kHz 50W Digitale Ultrasone PCB Generator (3)\" width=\"591\" height=\"298\" \/><\/a> <a href=\"https:\/\/www.bjultrasonic.com\/wp-content\/uploads\/2014\/05\/130kHz-50W-Ultrasonic-Transducer-135kHz-50W-Digital-Ultrasonic-PCB-Generator-4.jpg\"><img loading=\"lazy\" decoding=\"async\" class=\"alignnone wp-image-5671\" src=\"\/\/www.bjultrasonic.com\/wp-content\/uploads\/2014\/05\/130kHz-50W-Ultrasonic-Transducer-135kHz-50W-Digital-Ultrasonic-PCB-Generator-4.jpg\" alt=\"130kHz 50W Ultrasone Transducer &amp; 135kHz 50W Digitale Ultrasone PCB Generator (4)\" width=\"594\" height=\"329\" \/><\/a> <a href=\"https:\/\/www.bjultrasonic.com\/wp-content\/uploads\/2014\/05\/130kHz-50W-Ultrasonic-Transducer-135kHz-50W-Digital-Ultrasonic-PCB-Generator-5.jpg\"><img loading=\"lazy\" decoding=\"async\" class=\"alignnone wp-image-5672\" src=\"\/\/www.bjultrasonic.com\/wp-content\/uploads\/2014\/05\/130kHz-50W-Ultrasonic-Transducer-135kHz-50W-Digital-Ultrasonic-PCB-Generator-5.jpg\" alt=\"130kHz 50W Ultrasone Transducer &amp; 135kHz 50W Digitale Ultrasone PCB Generator (5)\" width=\"594\" height=\"329\" \/><\/a> <a href=\"https:\/\/www.bjultrasonic.com\/wp-content\/uploads\/2014\/05\/130kHz-50W-Ultrasonic-Transducer-135kHz-50W-Digital-Ultrasonic-PCB-Generator-6.jpg\"><img loading=\"lazy\" decoding=\"async\" class=\"alignnone wp-image-5673\" src=\"\/\/www.bjultrasonic.com\/wp-content\/uploads\/2014\/05\/130kHz-50W-Ultrasonic-Transducer-135kHz-50W-Digital-Ultrasonic-PCB-Generator-6.jpg\" alt=\"130kHz 50W Ultrasone Transducer &amp; 135kHz 50W Digitale Ultrasone PCB Generator (6)\" width=\"593\" height=\"328\" \/><\/a><\/p>\n","protected":false},"excerpt":{"rendered":"<p>Bundels van <a href=\"https:\/\/www.bjultrasonic.com\/nl\/category\/ultrasonic-generator-nl\/ultrasonic-generator-circuits-nl\/\">ultrasonische reinigingsvermogen stuurkaarten<\/a> met digitaal display &amp; <a href=\"https:\/\/www.bjultrasonic.com\/nl\/category\/ultrasonic-transducer-nl\/\">ultrasonische reinigingstransducers<\/a>.<\/p>\n","protected":false},"featured_media":24654,"comment_status":"open","ping_status":"closed","template":"","meta":[],"product_brand":[],"product_cat":[6076],"product_tag":[],"class_list":{"0":"post-67789","1":"product","2":"type-product","3":"status-publish","4":"has-post-thumbnail","6":"product_cat-digital-ultrasonic-pcb-generator-transducer-nl","8":"first","9":"instock","10":"shipping-taxable","11":"purchasable","12":"product-type-simple","13":"prodpage-classic"},"aioseo_notices":[],"_links":{"self":[{"href":"https:\/\/www.bjultrasonic.com\/nl\/wp-json\/wp\/v2\/product\/67789","targetHints":{"allow":["GET"]}}],"collection":[{"href":"https:\/\/www.bjultrasonic.com\/nl\/wp-json\/wp\/v2\/product"}],"about":[{"href":"https:\/\/www.bjultrasonic.com\/nl\/wp-json\/wp\/v2\/types\/product"}],"replies":[{"embeddable":true,"href":"https:\/\/www.bjultrasonic.com\/nl\/wp-json\/wp\/v2\/comments?post=67789"}],"wp:featuredmedia":[{"embeddable":true,"href":"https:\/\/www.bjultrasonic.com\/nl\/wp-json\/wp\/v2\/media\/24654"}],"wp:attachment":[{"href":"https:\/\/www.bjultrasonic.com\/nl\/wp-json\/wp\/v2\/media?parent=67789"}],"wp:term":[{"taxonomy":"product_brand","embeddable":true,"href":"https:\/\/www.bjultrasonic.com\/nl\/wp-json\/wp\/v2\/product_brand?post=67789"},{"taxonomy":"product_cat","embeddable":true,"href":"https:\/\/www.bjultrasonic.com\/nl\/wp-json\/wp\/v2\/product_cat?post=67789"},{"taxonomy":"product_tag","embeddable":true,"href":"https:\/\/www.bjultrasonic.com\/nl\/wp-json\/wp\/v2\/product_tag?post=67789"}],"curies":[{"name":"wp","href":"https:\/\/api.w.org\/{rel}","templated":true}]}}