{"id":67829,"date":"2013-07-21T03:55:01","date_gmt":"2013-07-21T08:55:01","guid":{"rendered":"https:\/\/www.bjultrasonic.com\/shop\/80khz-60w-ultrasonic-transducer-80khz-60w-digital-ultrasonic-pcb-generator\/"},"modified":"2026-03-28T20:34:55","modified_gmt":"2026-03-29T01:34:55","slug":"80khz-60w-ultrasonic-transducer-80khz-60w-digital-ultrasonic-pcb-generator","status":"publish","type":"product","link":"https:\/\/www.bjultrasonic.com\/nl\/shop\/80khz-60w-ultrasonic-transducer-80khz-60w-digital-ultrasonic-pcb-generator\/","title":{"rendered":"80kHz 60W Ultrasonische Transducer &#038; 80kHz 60W Digitale Ultrasone Transducer Driver"},"content":{"rendered":"<p><strong>Opmerking: Wanneer u de bestelling plaatst.<\/strong><\/p>\n<ol>\n<li>Laat een bericht achter over de exacte voltagespecificatie<\/li>\n<li>Geef ons het exacte afleveradres en het contacttelefoonnummer<\/li>\n<li>Vertel ons of u wilt dat wij een lage waarde bij de douane aangeven<\/li>\n<li>Laat ons een geldig e-mailadres achter. Wij sturen u het trackingnummer per e-mail zodra wij de goederen hebben verzonden<\/li>\n<\/ol>\n<p><strong>Specificatie:<\/strong><\/p>\n<table class=\"table table-striped table-bordered\">\n<tbody>\n<tr>\n<td colspan=\"2\" width=\"568\">E\u00e9n 80kHz 60W Digitale Ultrasone PCB Generator stuurt \u00e9\u00e9n 80kHz 60W Ultrasone Transducer aan<\/td>\n<\/tr>\n<tr>\n<td colspan=\"2\" width=\"568\">Ultrasone Transducer:<\/td>\n<\/tr>\n<tr>\n<td width=\"163\">Frequentie<\/td>\n<td width=\"405\">80kHz \u00b11 kHz<\/td>\n<\/tr>\n<tr>\n<td width=\"163\">Vermogen<\/td>\n<td width=\"405\">60W<\/td>\n<\/tr>\n<tr>\n<td width=\"163\">Capaciteit<\/td>\n<td width=\"405\">5400pF (PZT4)<\/td>\n<\/tr>\n<tr>\n<td width=\"163\">Uitstralend oppervlak<\/td>\n<td width=\"405\">40mm<\/td>\n<\/tr>\n<tr>\n<td width=\"163\">Resonantieweerstand<\/td>\n<td width=\"405\">10-20 \u03a9<\/td>\n<\/tr>\n<tr>\n<td width=\"163\">Afmetingen pi\u00ebzokeramiek<\/td>\n<td width=\"405\">38*15*5 mm<\/td>\n<\/tr>\n<tr>\n<td width=\"163\">Lengte<\/td>\n<td width=\"405\">60mm<\/td>\n<\/tr>\n<tr>\n<td colspan=\"2\" width=\"568\">Ultrasone PCB Generator<\/td>\n<\/tr>\n<tr>\n<td width=\"163\">Voeding<\/td>\n<td width=\"405\">Ingang: 200V-240V \/ 100V-120V<\/td>\n<\/tr>\n<tr>\n<td width=\"163\">Frequentie<\/td>\n<td width=\"405\">80kHz \u00b11 kHz<\/td>\n<\/tr>\n<tr>\n<td width=\"163\">Vermogen<\/td>\n<td width=\"405\">60W<\/td>\n<\/tr>\n<tr>\n<td width=\"163\">Capaciteit<\/td>\n<td width=\"405\">5400pF<\/td>\n<\/tr>\n<tr>\n<td width=\"163\">Afmetingen<\/td>\n<td width=\"405\">18cm*13cm*6cm (lengte*breedte*hoogte)<\/td>\n<\/tr>\n<tr>\n<td colspan=\"2\" width=\"568\">Totaal bruto gewicht: 4kg<\/td>\n<\/tr>\n<tr>\n<td colspan=\"2\" width=\"568\">Opmerking: de tijd en het vermogen van de digitale ultrasone PCB generator kunnen naar wens worden ingesteld.<\/td>\n<\/tr>\n<\/tbody>\n<\/table>\n<p>De volgende afbeeldingen tonen hoe ze te verbinden:<\/p>\n<p><a href=\"https:\/\/www.bjultrasonic.com\/wp-content\/uploads\/2014\/05\/80kHz-60W-Ultrasonic-Transducer-80kHz-60W-Digital-Ultrasonic-PCB-Generator-6.jpg\"><img loading=\"lazy\" decoding=\"async\" class=\"alignnone wp-image-5661\" src=\"\/\/www.bjultrasonic.com\/wp-content\/uploads\/2014\/05\/80kHz-60W-Ultrasonic-Transducer-80kHz-60W-Digital-Ultrasonic-PCB-Generator-6.jpg\" alt=\"80kHz 60W Ultrasonic Transducer &amp; 80kHz 60W Digital Ultrasonic PCB Generator (6)\" width=\"591\" height=\"327\" \/><\/a> <a href=\"https:\/\/www.bjultrasonic.com\/wp-content\/uploads\/2014\/05\/80kHz-60W-Ultrasonic-Transducer-80kHz-60W-Digital-Ultrasonic-PCB-Generator-5.jpg\"><img loading=\"lazy\" decoding=\"async\" class=\"alignnone wp-image-5660\" src=\"\/\/www.bjultrasonic.com\/wp-content\/uploads\/2014\/05\/80kHz-60W-Ultrasonic-Transducer-80kHz-60W-Digital-Ultrasonic-PCB-Generator-5.jpg\" alt=\"80kHz 60W Ultrasonic Transducer &amp; 80kHz 60W Digital Ultrasonic PCB Generator (5)\" width=\"591\" height=\"327\" \/><\/a> <a href=\"https:\/\/www.bjultrasonic.com\/wp-content\/uploads\/2014\/05\/80kHz-60W-Ultrasonic-Transducer-80kHz-60W-Digital-Ultrasonic-PCB-Generator-4.jpg\"><img loading=\"lazy\" decoding=\"async\" class=\"alignnone wp-image-5659\" src=\"\/\/www.bjultrasonic.com\/wp-content\/uploads\/2014\/05\/80kHz-60W-Ultrasonic-Transducer-80kHz-60W-Digital-Ultrasonic-PCB-Generator-4.jpg\" alt=\"80kHz 60W Ultrasonic Transducer &amp; 80kHz 60W Digital Ultrasonic PCB Generator (4)\" width=\"587\" height=\"325\" \/><\/a> <a href=\"https:\/\/www.bjultrasonic.com\/wp-content\/uploads\/2014\/05\/80kHz-60W-Ultrasonic-Transducer-80kHz-60W-Digital-Ultrasonic-PCB-Generator-3.jpg\"><img loading=\"lazy\" decoding=\"async\" class=\"alignnone wp-image-5658\" src=\"\/\/www.bjultrasonic.com\/wp-content\/uploads\/2014\/05\/80kHz-60W-Ultrasonic-Transducer-80kHz-60W-Digital-Ultrasonic-PCB-Generator-3.jpg\" alt=\"80kHz 60W Ultrasonic Transducer &amp; 80kHz 60W Digital Ultrasonic PCB Generator (3)\" width=\"585\" height=\"295\" \/><\/a> <a href=\"https:\/\/www.bjultrasonic.com\/wp-content\/uploads\/2014\/05\/80kHz-60W-Ultrasonic-Transducer-80kHz-60W-Digital-Ultrasonic-PCB-Generator-2.jpg\"><img loading=\"lazy\" decoding=\"async\" class=\"alignnone wp-image-5657\" src=\"\/\/www.bjultrasonic.com\/wp-content\/uploads\/2014\/05\/80kHz-60W-Ultrasonic-Transducer-80kHz-60W-Digital-Ultrasonic-PCB-Generator-2.jpg\" alt=\"80kHz 60W Ultrasonic Transducer &amp; 80kHz 60W Digital Ultrasonic PCB Generator (2)\" width=\"588\" height=\"537\" \/><\/a> <a href=\"https:\/\/www.bjultrasonic.com\/wp-content\/uploads\/2014\/05\/80kHz-60W-Ultrasonic-Transducer-80kHz-60W-Digital-Ultrasonic-PCB-Generator-1.jpg\"><img loading=\"lazy\" decoding=\"async\" class=\"alignnone wp-image-5656\" src=\"\/\/www.bjultrasonic.com\/wp-content\/uploads\/2014\/05\/80kHz-60W-Ultrasonic-Transducer-80kHz-60W-Digital-Ultrasonic-PCB-Generator-1.jpg\" alt=\"80kHz 60W Ultrasonic Transducer &amp; 80kHz 60W Digital Ultrasonic PCB Generator (1)\" width=\"590\" height=\"327\" \/><\/a><\/p>\n","protected":false},"excerpt":{"rendered":"<p>Bundels van <a href=\"https:\/\/www.bjultrasonic.com\/nl\/category\/ultrasonic-generator-nl\/ultrasonic-generator-circuits-nl\/\">ultrasonische reinigingsvermogen driver boards<\/a> met digitaal display &amp; <a href=\"https:\/\/www.bjultrasonic.com\/nl\/category\/ultrasonic-transducer-nl\/\">ultrasonische reinigingstransducers<\/a>.<\/p>\n","protected":false},"featured_media":24654,"comment_status":"open","ping_status":"closed","template":"","meta":[],"product_brand":[],"product_cat":[6076],"product_tag":[],"class_list":{"0":"post-67829","1":"product","2":"type-product","3":"status-publish","4":"has-post-thumbnail","6":"product_cat-digital-ultrasonic-pcb-generator-transducer-nl","8":"first","9":"instock","10":"shipping-taxable","11":"purchasable","12":"product-type-simple","13":"prodpage-classic"},"aioseo_notices":[],"_links":{"self":[{"href":"https:\/\/www.bjultrasonic.com\/nl\/wp-json\/wp\/v2\/product\/67829","targetHints":{"allow":["GET"]}}],"collection":[{"href":"https:\/\/www.bjultrasonic.com\/nl\/wp-json\/wp\/v2\/product"}],"about":[{"href":"https:\/\/www.bjultrasonic.com\/nl\/wp-json\/wp\/v2\/types\/product"}],"replies":[{"embeddable":true,"href":"https:\/\/www.bjultrasonic.com\/nl\/wp-json\/wp\/v2\/comments?post=67829"}],"wp:featuredmedia":[{"embeddable":true,"href":"https:\/\/www.bjultrasonic.com\/nl\/wp-json\/wp\/v2\/media\/24654"}],"wp:attachment":[{"href":"https:\/\/www.bjultrasonic.com\/nl\/wp-json\/wp\/v2\/media?parent=67829"}],"wp:term":[{"taxonomy":"product_brand","embeddable":true,"href":"https:\/\/www.bjultrasonic.com\/nl\/wp-json\/wp\/v2\/product_brand?post=67829"},{"taxonomy":"product_cat","embeddable":true,"href":"https:\/\/www.bjultrasonic.com\/nl\/wp-json\/wp\/v2\/product_cat?post=67829"},{"taxonomy":"product_tag","embeddable":true,"href":"https:\/\/www.bjultrasonic.com\/nl\/wp-json\/wp\/v2\/product_tag?post=67829"}],"curies":[{"name":"wp","href":"https:\/\/api.w.org\/{rel}","templated":true}]}}