{"id":67869,"date":"2013-07-21T03:54:56","date_gmt":"2013-07-21T08:54:56","guid":{"rendered":"https:\/\/www.bjultrasonic.com\/shop\/54khz-30w-ultrasonic-transducer-54khz-30w-digital-ultrasonic-pcb-generator\/"},"modified":"2026-03-28T20:34:30","modified_gmt":"2026-03-29T01:34:30","slug":"54khz-30w-ultrasonic-transducer-54khz-30w-digital-ultrasonic-pcb-generator","status":"publish","type":"product","link":"https:\/\/www.bjultrasonic.com\/nl\/shop\/54khz-30w-ultrasonic-transducer-54khz-30w-digital-ultrasonic-pcb-generator\/","title":{"rendered":"54kHz 30W Ultrasone Transducer &#038; 54kHz 30W Digitale Ultrasone Transducer Driver"},"content":{"rendered":"<p><strong>Opmerking: Wanneer u de bestelling plaatst.<\/strong><\/p>\n<ol>\n<li>Laat een bericht achter over de exacte spanningsnorm<\/li>\n<li>Geef ons het exacte afleveradres en het contacttelefoonnummer<\/li>\n<li>Vertel ons of u wilt dat wij de lage waarde bij de douane aangeven<\/li>\n<li>Laat een geldig e-mailadres achter. Wij sturen u het trackingnummer per e-mail zodra wij de goederen verzenden<\/li>\n<\/ol>\n<p><strong>Specificatie:<\/strong><\/p>\n<table class=\"table table-striped table-bordered\">\n<tbody>\n<tr>\n<td colspan=\"2\" width=\"568\">E\u00e9n 54kHz 30W digitaal ultrasoon PCB-generator drijft \u00e9\u00e9n 54kHz 30W ultrasone transducer aan<\/td>\n<\/tr>\n<tr>\n<td colspan=\"2\" width=\"568\">Ultrasone transducer:<\/td>\n<\/tr>\n<tr>\n<td width=\"163\">Frequentie<\/td>\n<td width=\"405\">54kHz \u00b11 kHz<\/td>\n<\/tr>\n<tr>\n<td width=\"163\">Vermogen<\/td>\n<td width=\"405\">30W<\/td>\n<\/tr>\n<tr>\n<td width=\"163\">Capaciteit<\/td>\n<td width=\"405\">3100 pF (PZT4)<\/td>\n<\/tr>\n<tr>\n<td width=\"163\">Stralend oppervlak<\/td>\n<td width=\"405\">30 mm<\/td>\n<\/tr>\n<tr>\n<td width=\"163\">Resonantieweerstand<\/td>\n<td width=\"405\">10-20 \u03a9<\/td>\n<\/tr>\n<tr>\n<td width=\"163\">Piezokeramiek afmeting<\/td>\n<td width=\"405\">38*15*5 mm<\/td>\n<\/tr>\n<tr>\n<td width=\"163\">Lengte<\/td>\n<td width=\"405\">36 mm<\/td>\n<\/tr>\n<tr>\n<td colspan=\"2\" width=\"568\">Ultrasoon PCB-generator<\/td>\n<\/tr>\n<tr>\n<td width=\"163\">Voeding<\/td>\n<td width=\"405\">Ingang: 200V-240V \/ 100V-120V<\/td>\n<\/tr>\n<tr>\n<td width=\"163\">Frequentie<\/td>\n<td width=\"405\">54kHz \u00b11 kHz<\/td>\n<\/tr>\n<tr>\n<td width=\"163\">Vermogen<\/td>\n<td width=\"405\">30W<\/td>\n<\/tr>\n<tr>\n<td width=\"163\">Capaciteit<\/td>\n<td width=\"405\">3100 pF<\/td>\n<\/tr>\n<tr>\n<td width=\"163\">Afmeting<\/td>\n<td width=\"405\">18 cm * 13 cm * 6 cm (lengte * breedte * hoogte)<\/td>\n<\/tr>\n<tr>\n<td colspan=\"2\" width=\"568\">Totaal brutogewicht: 4 kg<\/td>\n<\/tr>\n<tr>\n<td colspan=\"2\" width=\"568\">Opmerking: de tijd en het vermogen van de digitale ultrasone PCB-generator kunnen naar wens worden aangepast.<\/td>\n<\/tr>\n<\/tbody>\n<\/table>\n<p>De volgende afbeeldingen tonen hoe u ze moet aansluiten:<\/p>\n<p><a href=\"https:\/\/www.bjultrasonic.com\/wp-content\/uploads\/2014\/05\/54kHz-30W-Ultrasonic-Transducer-54kHz-30W-Digital-Ultrasonic-PCB-Generator-1.jpg\"><img loading=\"lazy\" decoding=\"async\" class=\"alignnone wp-image-5645\" src=\"\/\/www.bjultrasonic.com\/wp-content\/uploads\/2014\/05\/54kHz-30W-Ultrasonic-Transducer-54kHz-30W-Digital-Ultrasonic-PCB-Generator-1.jpg\" alt=\"54kHz 30W Ultrasonic Transducer &amp; 54kHz 30W Digital Ultrasonic PCB Generator (1)\" width=\"583\" height=\"294\" \/><\/a> <a href=\"https:\/\/www.bjultrasonic.com\/wp-content\/uploads\/2014\/05\/54kHz-30W-Ultrasonic-Transducer-54kHz-30W-Digital-Ultrasonic-PCB-Generator-2.jpg\"><img loading=\"lazy\" decoding=\"async\" class=\"alignnone wp-image-5646\" src=\"\/\/www.bjultrasonic.com\/wp-content\/uploads\/2014\/05\/54kHz-30W-Ultrasonic-Transducer-54kHz-30W-Digital-Ultrasonic-PCB-Generator-2.jpg\" alt=\"54kHz 30W Ultrasonic Transducer &amp; 54kHz 30W Digital Ultrasonic PCB Generator (2)\" width=\"580\" height=\"321\" \/><\/a> <a href=\"https:\/\/www.bjultrasonic.com\/wp-content\/uploads\/2014\/05\/54kHz-30W-Ultrasonic-Transducer-54kHz-30W-Digital-Ultrasonic-PCB-Generator-3.jpg\"><img loading=\"lazy\" decoding=\"async\" class=\"alignnone wp-image-5647\" src=\"\/\/www.bjultrasonic.com\/wp-content\/uploads\/2014\/05\/54kHz-30W-Ultrasonic-Transducer-54kHz-30W-Digital-Ultrasonic-PCB-Generator-3.jpg\" alt=\"54kHz 30W Ultrasonic Transducer &amp; 54kHz 30W Digital Ultrasonic PCB Generator (3)\" width=\"582\" height=\"322\" \/><\/a> <a href=\"https:\/\/www.bjultrasonic.com\/wp-content\/uploads\/2014\/05\/54kHz-30W-Ultrasonic-Transducer-54kHz-30W-Digital-Ultrasonic-PCB-Generator-4.jpg\"><img loading=\"lazy\" decoding=\"async\" class=\"alignnone wp-image-5648\" src=\"\/\/www.bjultrasonic.com\/wp-content\/uploads\/2014\/05\/54kHz-30W-Ultrasonic-Transducer-54kHz-30W-Digital-Ultrasonic-PCB-Generator-4.jpg\" alt=\"54kHz 30W Ultrasonic Transducer &amp; 54kHz 30W Digital Ultrasonic PCB Generator (4)\" width=\"577\" height=\"340\" \/><\/a> <a href=\"https:\/\/www.bjultrasonic.com\/wp-content\/uploads\/2014\/05\/54kHz-30W-Ultrasonic-Transducer-54kHz-30W-Digital-Ultrasonic-PCB-Generator-5.jpg\"><img loading=\"lazy\" decoding=\"async\" class=\"alignnone wp-image-5649\" src=\"\/\/www.bjultrasonic.com\/wp-content\/uploads\/2014\/05\/54kHz-30W-Ultrasonic-Transducer-54kHz-30W-Digital-Ultrasonic-PCB-Generator-5.jpg\" alt=\"54kHz 30W Ultrasonic Transducer &amp; 54kHz 30W Digital Ultrasonic PCB Generator (5)\" width=\"577\" height=\"427\" \/><\/a><\/p>\n","protected":false},"excerpt":{"rendered":"<p>Bundels van <a href=\"https:\/\/www.bjultrasonic.com\/nl\/category\/ultrasonic-generator-nl\/ultrasonic-generator-circuits-nl\/\">ultrasonische reinigingsvermogenstuurkaarten<\/a> met digitaal display &amp; <a href=\"https:\/\/www.bjultrasonic.com\/nl\/category\/ultrasonic-transducer-nl\/\">ultrasonische reinigingstransducers<\/a>.<\/p>\n","protected":false},"featured_media":24654,"comment_status":"open","ping_status":"closed","template":"","meta":[],"product_brand":[],"product_cat":[6076],"product_tag":[],"class_list":{"0":"post-67869","1":"product","2":"type-product","3":"status-publish","4":"has-post-thumbnail","6":"product_cat-digital-ultrasonic-pcb-generator-transducer-nl","8":"first","9":"instock","10":"shipping-taxable","11":"purchasable","12":"product-type-simple","13":"prodpage-classic"},"aioseo_notices":[],"_links":{"self":[{"href":"https:\/\/www.bjultrasonic.com\/nl\/wp-json\/wp\/v2\/product\/67869","targetHints":{"allow":["GET"]}}],"collection":[{"href":"https:\/\/www.bjultrasonic.com\/nl\/wp-json\/wp\/v2\/product"}],"about":[{"href":"https:\/\/www.bjultrasonic.com\/nl\/wp-json\/wp\/v2\/types\/product"}],"replies":[{"embeddable":true,"href":"https:\/\/www.bjultrasonic.com\/nl\/wp-json\/wp\/v2\/comments?post=67869"}],"wp:featuredmedia":[{"embeddable":true,"href":"https:\/\/www.bjultrasonic.com\/nl\/wp-json\/wp\/v2\/media\/24654"}],"wp:attachment":[{"href":"https:\/\/www.bjultrasonic.com\/nl\/wp-json\/wp\/v2\/media?parent=67869"}],"wp:term":[{"taxonomy":"product_brand","embeddable":true,"href":"https:\/\/www.bjultrasonic.com\/nl\/wp-json\/wp\/v2\/product_brand?post=67869"},{"taxonomy":"product_cat","embeddable":true,"href":"https:\/\/www.bjultrasonic.com\/nl\/wp-json\/wp\/v2\/product_cat?post=67869"},{"taxonomy":"product_tag","embeddable":true,"href":"https:\/\/www.bjultrasonic.com\/nl\/wp-json\/wp\/v2\/product_tag?post=67869"}],"curies":[{"name":"wp","href":"https:\/\/api.w.org\/{rel}","templated":true}]}}