{"id":67909,"date":"2013-07-21T03:54:51","date_gmt":"2013-07-21T08:54:51","guid":{"rendered":"https:\/\/www.bjultrasonic.com\/shop\/20khz-100w-ultrasonic-transducer-20khz-100w-digital-ultrasonic-pcb-generator\/"},"modified":"2026-03-28T20:34:27","modified_gmt":"2026-03-29T01:34:27","slug":"20khz-100w-ultrasonic-transducer-20khz-100w-digital-ultrasonic-pcb-generator","status":"publish","type":"product","link":"https:\/\/www.bjultrasonic.com\/nl\/shop\/20khz-100w-ultrasonic-transducer-20khz-100w-digital-ultrasonic-pcb-generator\/","title":{"rendered":"20kHz 100W Ultrasone Transducer &#038; 20kHz 100W Digitale Ultrasone Transducer Driver"},"content":{"rendered":"<p><strong>Opmerking: Wanneer u de bestelling plaatst.<\/strong><\/p>\n<ol>\n<li>Laat een bericht achter over de exacte spanningsstandaard<\/li>\n<li>Geef ons het exacte afleveradres en een contacttelefoonnummer<\/li>\n<li>Laat ons weten of u wilt dat wij een lage waarde bij de douane aangeven<\/li>\n<li>Laat een geldig e-mailadres achter. Wij sturen u het trackingnummer per e-mail zodra wij de goederen verzenden<\/li>\n<\/ol>\n<p><strong>Specificatie:<\/strong><\/p>\n<table class=\"table table-striped table-bordered\">\n<tbody>\n<tr>\n<td colspan=\"2\" width=\"568\">E\u00e9n 20kHz 100W Digitale Ultrasone PCB Generator drijft \u00e9\u00e9n 20kHz 100W Ultrasone Transducer aan<\/td>\n<\/tr>\n<tr>\n<td colspan=\"2\" width=\"568\">Ultrasone Transducer:<\/td>\n<\/tr>\n<tr>\n<td width=\"163\">Frequentie<\/td>\n<td width=\"405\">20kHz \u00b1 1 kHz<\/td>\n<\/tr>\n<tr>\n<td width=\"163\">Vermogen<\/td>\n<td width=\"405\">100W<\/td>\n<\/tr>\n<tr>\n<td width=\"163\">Capaciteit<\/td>\n<td width=\"405\">5100pF (PZT85)<\/td>\n<\/tr>\n<tr>\n<td width=\"163\">Uitstralend oppervlak<\/td>\n<td width=\"405\">68mm<\/td>\n<\/tr>\n<tr>\n<td width=\"163\">Resonantieweerstand<\/td>\n<td width=\"405\">10-20 \u03a9<\/td>\n<\/tr>\n<tr>\n<td width=\"163\">Afmetingen pi\u00ebzokeramiek<\/td>\n<td width=\"405\">45*15*5 mm<\/td>\n<\/tr>\n<tr>\n<td width=\"163\">Lengte<\/td>\n<td width=\"405\">95mm<\/td>\n<\/tr>\n<tr>\n<td colspan=\"2\" width=\"568\">Ultrasone PCB Generator<\/td>\n<\/tr>\n<tr>\n<td width=\"163\">Voeding<\/td>\n<td width=\"405\">Ingang: 200V-240V \/ 100V-120V<\/td>\n<\/tr>\n<tr>\n<td width=\"163\">Frequentie<\/td>\n<td width=\"405\">20kHz \u00b1 1 kHz<\/td>\n<\/tr>\n<tr>\n<td width=\"163\">Vermogen<\/td>\n<td width=\"405\">100W<\/td>\n<\/tr>\n<tr>\n<td width=\"163\">Capaciteit<\/td>\n<td width=\"405\">5100pF<\/td>\n<\/tr>\n<tr>\n<td width=\"163\">Afmetingen<\/td>\n<td width=\"405\">18cm*13cm*6cm (lengte*breedte*hoogte)<\/td>\n<\/tr>\n<tr>\n<td colspan=\"2\" width=\"568\">Totaal brutogewicht: 4kg<\/td>\n<\/tr>\n<tr>\n<td colspan=\"2\" width=\"568\">Opmerking: de tijd en het vermogen van de digitale ultrasone pcb-generator kunnen naar wens worden ingesteld.<\/td>\n<\/tr>\n<\/tbody>\n<\/table>\n<p>De volgende afbeeldingen tonen hoe u ze aansluit:<\/p>\n<p><a href=\"https:\/\/www.bjultrasonic.com\/wp-content\/uploads\/2014\/05\/20kHz-100W-Ultrasonic-Transducer-20kHz-100W-Digital-Ultrasonic-PCB-Generator-5.jpg\"><img loading=\"lazy\" decoding=\"async\" class=\"alignnone wp-image-5639\" src=\"\/\/www.bjultrasonic.com\/wp-content\/uploads\/2014\/05\/20kHz-100W-Ultrasonic-Transducer-20kHz-100W-Digital-Ultrasonic-PCB-Generator-5.jpg\" alt=\"20kHz 100W Ultrasonic Transducer &amp; 20kHz 100W Digital Ultrasonic PCB Generator (5)\" width=\"585\" height=\"324\" \/><\/a> <a href=\"https:\/\/www.bjultrasonic.com\/wp-content\/uploads\/2014\/05\/20kHz-100W-Ultrasonic-Transducer-20kHz-100W-Digital-Ultrasonic-PCB-Generator-4.jpg\"><img loading=\"lazy\" decoding=\"async\" class=\"alignnone wp-image-5638\" src=\"\/\/www.bjultrasonic.com\/wp-content\/uploads\/2014\/05\/20kHz-100W-Ultrasonic-Transducer-20kHz-100W-Digital-Ultrasonic-PCB-Generator-4.jpg\" alt=\"20kHz 100W Ultrasonic Transducer &amp; 20kHz 100W Digital Ultrasonic PCB Generator (4)\" width=\"585\" height=\"324\" \/><\/a> <a href=\"https:\/\/www.bjultrasonic.com\/wp-content\/uploads\/2014\/05\/20kHz-100W-Ultrasonic-Transducer-20kHz-100W-Digital-Ultrasonic-PCB-Generator-3.jpg\"><img loading=\"lazy\" decoding=\"async\" class=\"alignnone wp-image-5637\" src=\"\/\/www.bjultrasonic.com\/wp-content\/uploads\/2014\/05\/20kHz-100W-Ultrasonic-Transducer-20kHz-100W-Digital-Ultrasonic-PCB-Generator-3.jpg\" alt=\"20kHz 100W Ultrasonic Transducer &amp; 20kHz 100W Digital Ultrasonic PCB Generator (3)\" width=\"582\" height=\"322\" \/><\/a> <a href=\"https:\/\/www.bjultrasonic.com\/wp-content\/uploads\/2014\/05\/20kHz-100W-Ultrasonic-Transducer-20kHz-100W-Digital-Ultrasonic-PCB-Generator-2.jpg\"><img loading=\"lazy\" decoding=\"async\" class=\"alignnone wp-image-5636\" src=\"\/\/www.bjultrasonic.com\/wp-content\/uploads\/2014\/05\/20kHz-100W-Ultrasonic-Transducer-20kHz-100W-Digital-Ultrasonic-PCB-Generator-2.jpg\" alt=\"20kHz 100W Ultrasonic Transducer &amp; 20kHz 100W Digital Ultrasonic PCB Generator (2)\" width=\"587\" height=\"296\" \/><\/a> <a href=\"https:\/\/www.bjultrasonic.com\/wp-content\/uploads\/2014\/05\/20kHz-100W-Ultrasonic-Transducer-20kHz-100W-Digital-Ultrasonic-PCB-Generator-1.jpg\"><img loading=\"lazy\" decoding=\"async\" class=\"alignnone wp-image-5635\" src=\"\/\/www.bjultrasonic.com\/wp-content\/uploads\/2014\/05\/20kHz-100W-Ultrasonic-Transducer-20kHz-100W-Digital-Ultrasonic-PCB-Generator-1.jpg\" alt=\"20kHz 100W Ultrasonic Transducer &amp; 20kHz 100W Digital Ultrasonic PCB Generator (1)\" width=\"584\" height=\"323\" \/><\/a><\/p>\n<p>&nbsp;<\/p>\n","protected":false},"excerpt":{"rendered":"<p>Bundels van <a href=\"https:\/\/www.bjultrasonic.com\/nl\/category\/ultrasonic-generator-nl\/ultrasonic-generator-circuits-nl\/\">ultrasonische reinigingsvermogen-aandrijvingskaarten<\/a> met digitaal display &amp; <a href=\"https:\/\/www.bjultrasonic.com\/nl\/category\/ultrasonic-transducer-nl\/\">ultrasonische reinigingstransducers<\/a>.<\/p>\n","protected":false},"featured_media":24651,"comment_status":"open","ping_status":"closed","template":"","meta":[],"product_brand":[],"product_cat":[6076],"product_tag":[],"class_list":{"0":"post-67909","1":"product","2":"type-product","3":"status-publish","4":"has-post-thumbnail","6":"product_cat-digital-ultrasonic-pcb-generator-transducer-nl","8":"first","9":"instock","10":"shipping-taxable","11":"purchasable","12":"product-type-simple","13":"prodpage-classic"},"aioseo_notices":[],"_links":{"self":[{"href":"https:\/\/www.bjultrasonic.com\/nl\/wp-json\/wp\/v2\/product\/67909","targetHints":{"allow":["GET"]}}],"collection":[{"href":"https:\/\/www.bjultrasonic.com\/nl\/wp-json\/wp\/v2\/product"}],"about":[{"href":"https:\/\/www.bjultrasonic.com\/nl\/wp-json\/wp\/v2\/types\/product"}],"replies":[{"embeddable":true,"href":"https:\/\/www.bjultrasonic.com\/nl\/wp-json\/wp\/v2\/comments?post=67909"}],"wp:featuredmedia":[{"embeddable":true,"href":"https:\/\/www.bjultrasonic.com\/nl\/wp-json\/wp\/v2\/media\/24651"}],"wp:attachment":[{"href":"https:\/\/www.bjultrasonic.com\/nl\/wp-json\/wp\/v2\/media?parent=67909"}],"wp:term":[{"taxonomy":"product_brand","embeddable":true,"href":"https:\/\/www.bjultrasonic.com\/nl\/wp-json\/wp\/v2\/product_brand?post=67909"},{"taxonomy":"product_cat","embeddable":true,"href":"https:\/\/www.bjultrasonic.com\/nl\/wp-json\/wp\/v2\/product_cat?post=67909"},{"taxonomy":"product_tag","embeddable":true,"href":"https:\/\/www.bjultrasonic.com\/nl\/wp-json\/wp\/v2\/product_tag?post=67909"}],"curies":[{"name":"wp","href":"https:\/\/api.w.org\/{rel}","templated":true}]}}