{"id":67949,"date":"2013-06-21T02:03:08","date_gmt":"2013-06-21T07:03:08","guid":{"rendered":"https:\/\/www.bjultrasonic.com\/shop\/120khz-60w-ultrasonic-transducer-120khz-60w-ultrasonic-pcb-generator\/"},"modified":"2026-03-28T20:34:02","modified_gmt":"2026-03-29T01:34:02","slug":"120khz-60w-ultrasonic-transducer-120khz-60w-ultrasonic-pcb-generator","status":"publish","type":"product","link":"https:\/\/www.bjultrasonic.com\/nl\/shop\/120khz-60w-ultrasonic-transducer-120khz-60w-ultrasonic-pcb-generator\/","title":{"rendered":"120kHz 60W Ultrasoon Transducer &#038; 120kHz 60W Ultrasoon Transducer Driver"},"content":{"rendered":"<p><strong>Opmerking: Wanneer u de bestelling plaatst.<\/strong><\/p>\n<ol>\n<li>Laat alstublieft een bericht achter over de exacte spanningsstandaard<\/li>\n<li>Geef ons alstublieft het exacte afleveradres en het contacttelefoonnummer<\/li>\n<li>Vertel ons alstublieft of u wilt dat wij de lage waarde bij de douane aangeven<\/li>\n<li>Laat ons een geldig e-mailadres achter. Wij zullen u het trackingnummer per e-mail sturen zodra wij de goederen verzenden<\/li>\n<\/ol>\n<p><strong>Specificatie:<\/strong><\/p>\n<p>De volgende afbeeldingen tonen hoe u ze moet aansluiten:<\/p>\n<table class=\"table table-striped table-bordered\">\n<tbody>\n<tr>\n<td colspan=\"2\" width=\"568\">E\u00e9n 120kHz 60W ultrasone PCB-generator drijft \u00e9\u00e9n 120kHz 60W ultrasone transducer aan<\/td>\n<\/tr>\n<tr>\n<td colspan=\"2\" width=\"568\"><strong>Ultrasone transducer:<\/strong><\/td>\n<\/tr>\n<tr>\n<td width=\"163\">Frequentie<\/td>\n<td width=\"405\">120kHz \u00b11 kHz<\/td>\n<\/tr>\n<tr>\n<td width=\"163\">Vermogen<\/td>\n<td width=\"405\">60 W<\/td>\n<\/tr>\n<tr>\n<td width=\"163\">Capaciteit<\/td>\n<td width=\"405\">5400 pF (PZT4)<\/td>\n<\/tr>\n<tr>\n<td width=\"163\">Uitstralend oppervlak<\/td>\n<td width=\"405\">40 mm<\/td>\n<\/tr>\n<tr>\n<td width=\"163\">Resonantieweerstand<\/td>\n<td width=\"405\">10-20 \u03a9<\/td>\n<\/tr>\n<tr>\n<td width=\"163\">Grootte pi\u00ebzokeramiek<\/td>\n<td width=\"405\">38*15*5 mm<\/td>\n<\/tr>\n<tr>\n<td width=\"163\">Lengte<\/td>\n<td width=\"405\">56 mm<\/td>\n<\/tr>\n<tr>\n<td colspan=\"2\" width=\"568\"><strong>Ultrasone PCB-generator<\/strong><\/td>\n<\/tr>\n<tr>\n<td width=\"163\">Voeding<\/td>\n<td width=\"405\">Input: 200 V-240 V \/ 100 V-120 V<\/td>\n<\/tr>\n<tr>\n<td width=\"163\">Frequentie<\/td>\n<td width=\"405\">120 kHz \u00b11 kHz<\/td>\n<\/tr>\n<tr>\n<td width=\"163\">Vermogen<\/td>\n<td width=\"405\">60 W<\/td>\n<\/tr>\n<tr>\n<td width=\"163\">Capaciteit<\/td>\n<td width=\"405\">5400 pF<\/td>\n<\/tr>\n<tr>\n<td width=\"163\">Afmetingen<\/td>\n<td width=\"405\">18 cm * 13 cm * 6 cm (lengte * breedte * hoogte)<\/td>\n<\/tr>\n<tr>\n<td colspan=\"2\" width=\"568\">Totaal brutogewicht: 4 kg<\/td>\n<\/tr>\n<\/tbody>\n<\/table>\n<p>De volgende afbeeldingen tonen hoe u ze moet aansluiten:<\/p>\n<p><a href=\"https:\/\/www.bjultrasonic.com\/wp-content\/uploads\/2013\/06\/120kHz-60W-Ultrasonic-Transducer-120kHz-60W-Ultrasonic-PCB-Generator-1.jpg\"><img loading=\"lazy\" decoding=\"async\" class=\"alignnone  wp-image-5618\" src=\"\/\/www.bjultrasonic.com\/wp-content\/uploads\/2013\/06\/120kHz-60W-Ultrasonic-Transducer-120kHz-60W-Ultrasonic-PCB-Generator-1.jpg\" alt=\"120kHz 60W Ultrasone Transducer &amp; 120kHz 60W Ultrasone PCB Generator (1)\" width=\"595\" height=\"300\" \/><\/a> <a href=\"https:\/\/www.bjultrasonic.com\/wp-content\/uploads\/2013\/06\/120kHz-60W-Ultrasonic-Transducer-120kHz-60W-Ultrasonic-PCB-Generator-2.jpg\"><img loading=\"lazy\" decoding=\"async\" class=\"alignnone  wp-image-5619\" src=\"\/\/www.bjultrasonic.com\/wp-content\/uploads\/2013\/06\/120kHz-60W-Ultrasonic-Transducer-120kHz-60W-Ultrasonic-PCB-Generator-2.jpg\" alt=\"120kHz 60W Ultrasone Transducer &amp; 120kHz 60W Ultrasone PCB Generator (2)\" width=\"584\" height=\"323\" \/><\/a> <a href=\"https:\/\/www.bjultrasonic.com\/wp-content\/uploads\/2013\/06\/120kHz-60W-Ultrasonic-Transducer-120kHz-60W-Ultrasonic-PCB-Generator-3.jpg\"><img loading=\"lazy\" decoding=\"async\" class=\"alignnone  wp-image-5620\" src=\"\/\/www.bjultrasonic.com\/wp-content\/uploads\/2013\/06\/120kHz-60W-Ultrasonic-Transducer-120kHz-60W-Ultrasonic-PCB-Generator-3.jpg\" alt=\"120kHz 60W Ultrasone Transducer &amp; 120kHz 60W Ultrasone PCB Generator (3)\" width=\"582\" height=\"322\" \/><\/a> <a href=\"https:\/\/www.bjultrasonic.com\/wp-content\/uploads\/2013\/06\/120kHz-60W-Ultrasonic-Transducer-120kHz-60W-Ultrasonic-PCB-Generator-4.jpg\"><img loading=\"lazy\" decoding=\"async\" class=\"alignnone  wp-image-5621\" src=\"\/\/www.bjultrasonic.com\/wp-content\/uploads\/2013\/06\/120kHz-60W-Ultrasonic-Transducer-120kHz-60W-Ultrasonic-PCB-Generator-4.jpg\" alt=\"120kHz 60W Ultrasone Transducer &amp; 120kHz 60W Ultrasone PCB Generator (4)\" width=\"581\" height=\"429\" \/><\/a> <a href=\"https:\/\/www.bjultrasonic.com\/wp-content\/uploads\/2013\/06\/120kHz-60W-Ultrasonic-Transducer-120kHz-60W-Ultrasonic-PCB-Generator-5.jpg\"><img loading=\"lazy\" decoding=\"async\" class=\"alignnone  wp-image-5622\" src=\"\/\/www.bjultrasonic.com\/wp-content\/uploads\/2013\/06\/120kHz-60W-Ultrasonic-Transducer-120kHz-60W-Ultrasonic-PCB-Generator-5.jpg\" alt=\"120kHz 60W Ultrasone Transducer &amp; 120kHz 60W Ultrasone PCB Generator (5)\" width=\"579\" height=\"524\" \/><\/a><\/p>\n","protected":false},"excerpt":{"rendered":"<p>Bundels van hoogwaardige [100-120V\/200-240V] <a href=\"https:\/\/www.bjultrasonic.com\/nl\/category\/ultrasonic-generator-nl\/ultrasonic-generator-circuits-nl\/\">ultrasonische reinigingsvermogenstuurprint<\/a> &amp; <a href=\"https:\/\/www.bjultrasonic.com\/nl\/category\/ultrasonic-transducer-nl\/\">ultrasonische reinigingstransducers<\/a>.<\/p>\n","protected":false},"featured_media":42292,"comment_status":"open","ping_status":"closed","template":"","meta":[],"product_brand":[],"product_cat":[6125],"product_tag":[],"class_list":{"0":"post-67949","1":"product","2":"type-product","3":"status-publish","4":"has-post-thumbnail","6":"product_cat-100-120v-200-240v-ultrasonic-generator-transducer-nl","8":"first","9":"instock","10":"shipping-taxable","11":"purchasable","12":"product-type-simple","13":"prodpage-classic"},"aioseo_notices":[],"_links":{"self":[{"href":"https:\/\/www.bjultrasonic.com\/nl\/wp-json\/wp\/v2\/product\/67949","targetHints":{"allow":["GET"]}}],"collection":[{"href":"https:\/\/www.bjultrasonic.com\/nl\/wp-json\/wp\/v2\/product"}],"about":[{"href":"https:\/\/www.bjultrasonic.com\/nl\/wp-json\/wp\/v2\/types\/product"}],"replies":[{"embeddable":true,"href":"https:\/\/www.bjultrasonic.com\/nl\/wp-json\/wp\/v2\/comments?post=67949"}],"wp:featuredmedia":[{"embeddable":true,"href":"https:\/\/www.bjultrasonic.com\/nl\/wp-json\/wp\/v2\/media\/42292"}],"wp:attachment":[{"href":"https:\/\/www.bjultrasonic.com\/nl\/wp-json\/wp\/v2\/media?parent=67949"}],"wp:term":[{"taxonomy":"product_brand","embeddable":true,"href":"https:\/\/www.bjultrasonic.com\/nl\/wp-json\/wp\/v2\/product_brand?post=67949"},{"taxonomy":"product_cat","embeddable":true,"href":"https:\/\/www.bjultrasonic.com\/nl\/wp-json\/wp\/v2\/product_cat?post=67949"},{"taxonomy":"product_tag","embeddable":true,"href":"https:\/\/www.bjultrasonic.com\/nl\/wp-json\/wp\/v2\/product_tag?post=67949"}],"curies":[{"name":"wp","href":"https:\/\/api.w.org\/{rel}","templated":true}]}}