{"id":67989,"date":"2013-06-21T02:02:14","date_gmt":"2013-06-21T07:02:14","guid":{"rendered":"https:\/\/www.bjultrasonic.com\/shop\/68khz-60w-ultrasonic-transducer-54khz-60w-ultrasonic-pcb-generator\/"},"modified":"2026-03-28T20:33:36","modified_gmt":"2026-03-29T01:33:36","slug":"68khz-60w-ultrasonic-transducer-54khz-60w-ultrasonic-pcb-generator","status":"publish","type":"product","link":"https:\/\/www.bjultrasonic.com\/nl\/shop\/68khz-60w-ultrasonic-transducer-54khz-60w-ultrasonic-pcb-generator\/","title":{"rendered":"68kHz 60W Ultrasone Transducer &#038; 54kHz 60W Ultrasone Transducer Driver"},"content":{"rendered":"<p><strong>Opmerking: Wanneer u de bestelling plaatst.<\/strong><\/p>\n<ol>\n<li>Laat alstublieft een bericht achter over de exacte spanningsstandaard<\/li>\n<li>Geef ons het exacte afleveradres en het contacttelefoonnummer<\/li>\n<li>Vertel ons of u wilt dat wij bij de douane een lage waarde aangeven<\/li>\n<li>Laat ons een geldig e-mailadres achter. Wij zullen u het trackingnummer per e-mail sturen zodra wij de goederen verzenden.<\/li>\n<\/ol>\n<p><strong>Specificatie:<\/strong><\/p>\n<table class=\"table table-striped table-bordered\">\n<tbody>\n<tr>\n<td colspan=\"2\" width=\"568\">E\u00e9n 68kHz 60W ultrasone printplaatgenerator stuurt \u00e9\u00e9n 68kHz 60W ultrasone transducer aan<\/td>\n<\/tr>\n<tr>\n<td colspan=\"2\" width=\"568\"><strong>Ultrasone transducer:<\/strong><\/td>\n<\/tr>\n<tr>\n<td width=\"163\">Frequentie<\/td>\n<td width=\"405\">68kHz \u00b1 1 kHz<\/td>\n<\/tr>\n<tr>\n<td width=\"163\">Vermogen<\/td>\n<td width=\"405\">60W<\/td>\n<\/tr>\n<tr>\n<td width=\"163\">Capaciteit<\/td>\n<td width=\"405\">3800pF (PZT4)<\/td>\n<\/tr>\n<tr>\n<td width=\"163\">Stralend oppervlak<\/td>\n<td width=\"405\">49mm<\/td>\n<\/tr>\n<tr>\n<td width=\"163\">Resonantieweerstand<\/td>\n<td width=\"405\">10-20 \u03a9<\/td>\n<\/tr>\n<tr>\n<td width=\"163\">Afmetingen pi\u00ebzokeramiek<\/td>\n<td width=\"405\">38*15*5 mm<\/td>\n<\/tr>\n<tr>\n<td width=\"163\">Lengte<\/td>\n<td width=\"405\">80mm<\/td>\n<\/tr>\n<tr>\n<td colspan=\"2\" width=\"568\"><strong>Ultrasone printplaatgenerator<\/strong><\/td>\n<\/tr>\n<tr>\n<td width=\"163\">Voeding<\/td>\n<td width=\"405\">Ingang: 200V-240V \/ 100V-120V<\/td>\n<\/tr>\n<tr>\n<td width=\"163\">Frequentie<\/td>\n<td width=\"405\">68kHz \u00b1 1 kHz<\/td>\n<\/tr>\n<tr>\n<td width=\"163\">Vermogen<\/td>\n<td width=\"405\">60W<\/td>\n<\/tr>\n<tr>\n<td width=\"163\">Capaciteit<\/td>\n<td width=\"405\">3800pF<\/td>\n<\/tr>\n<tr>\n<td width=\"163\">Afmetingen<\/td>\n<td width=\"405\">18cm * 13cm * 6cm (lengte * breedte * hoogte)<\/td>\n<\/tr>\n<tr>\n<td colspan=\"2\" width=\"568\">Totaal brutogewicht: 4kg<\/td>\n<\/tr>\n<\/tbody>\n<\/table>\n<p>De volgende foto&#8217;s tonen hoe u ze aansluit:<\/p>\n<p><a href=\"https:\/\/www.bjultrasonic.com\/wp-content\/uploads\/2013\/06\/68kHz-60W-Ultrasonic-Transducer-54kHz-60W-Ultrasonic-PCB-Generator-1.jpg\"><img loading=\"lazy\" decoding=\"async\" class=\"alignnone  wp-image-5608\" src=\"\/\/www.bjultrasonic.com\/wp-content\/uploads\/2013\/06\/68kHz-60W-Ultrasonic-Transducer-54kHz-60W-Ultrasonic-PCB-Generator-1.jpg\" alt=\"68kHz 60W Ultrasone Transducer &amp; 54kHz 60W Ultrasone PCB Generator (1)\" width=\"587\" height=\"296\" \/><\/a> <a href=\"https:\/\/www.bjultrasonic.com\/wp-content\/uploads\/2013\/06\/68kHz-60W-Ultrasonic-Transducer-54kHz-60W-Ultrasonic-PCB-Generator-2.jpg\"><img loading=\"lazy\" decoding=\"async\" class=\"alignnone  wp-image-5609\" src=\"\/\/www.bjultrasonic.com\/wp-content\/uploads\/2013\/06\/68kHz-60W-Ultrasonic-Transducer-54kHz-60W-Ultrasonic-PCB-Generator-2.jpg\" alt=\"68kHz 60W Ultrasone Transducer &amp; 54kHz 60W Ultrasone PCB Generator (2)\" width=\"584\" height=\"323\" \/><\/a> <a href=\"https:\/\/www.bjultrasonic.com\/wp-content\/uploads\/2013\/06\/68kHz-60W-Ultrasonic-Transducer-54kHz-60W-Ultrasonic-PCB-Generator-3.jpg\"><img loading=\"lazy\" decoding=\"async\" class=\"alignnone  wp-image-5610\" src=\"\/\/www.bjultrasonic.com\/wp-content\/uploads\/2013\/06\/68kHz-60W-Ultrasonic-Transducer-54kHz-60W-Ultrasonic-PCB-Generator-3.jpg\" alt=\"68kHz 60W Ultrasone Transducer &amp; 54kHz 60W Ultrasone PCB Generator (3)\" width=\"583\" height=\"323\" \/><\/a> <a href=\"https:\/\/www.bjultrasonic.com\/wp-content\/uploads\/2013\/06\/68kHz-60W-Ultrasonic-Transducer-54kHz-60W-Ultrasonic-PCB-Generator-4.jpg\"><img loading=\"lazy\" decoding=\"async\" class=\"alignnone  wp-image-5611\" src=\"\/\/www.bjultrasonic.com\/wp-content\/uploads\/2013\/06\/68kHz-60W-Ultrasonic-Transducer-54kHz-60W-Ultrasonic-PCB-Generator-4.jpg\" alt=\"68kHz 60W Ultrasone Transducer &amp; 54kHz 60W Ultrasone PCB Generator (4)\" width=\"580\" height=\"429\" \/><\/a> <a href=\"https:\/\/www.bjultrasonic.com\/wp-content\/uploads\/2013\/06\/68kHz-60W-Ultrasonic-Transducer-54kHz-60W-Ultrasonic-PCB-Generator-5.jpg\"><img loading=\"lazy\" decoding=\"async\" class=\"alignnone  wp-image-5612\" src=\"\/\/www.bjultrasonic.com\/wp-content\/uploads\/2013\/06\/68kHz-60W-Ultrasonic-Transducer-54kHz-60W-Ultrasonic-PCB-Generator-5.jpg\" alt=\"68kHz 60W Ultrasone Transducer &amp; 54kHz 60W Ultrasone PCB Generator (5)\" width=\"577\" height=\"291\" \/><\/a><\/p>\n","protected":false},"excerpt":{"rendered":"<p>Bundels van hoogwaardige [100-120V\/200-240V] <a href=\"https:\/\/www.bjultrasonic.com\/nl\/category\/ultrasonic-generator-nl\/ultrasonic-generator-circuits-nl\/\">ultrasonische reinigingsvermogen driver board<\/a> &amp; <a href=\"https:\/\/www.bjultrasonic.com\/nl\/category\/ultrasonic-transducer-nl\/\">ultrasonische reinigingstransducers<\/a>.<\/p>\n","protected":false},"featured_media":42291,"comment_status":"open","ping_status":"closed","template":"","meta":[],"product_brand":[],"product_cat":[6125],"product_tag":[],"class_list":{"0":"post-67989","1":"product","2":"type-product","3":"status-publish","4":"has-post-thumbnail","6":"product_cat-100-120v-200-240v-ultrasonic-generator-transducer-nl","8":"first","9":"instock","10":"shipping-taxable","11":"purchasable","12":"product-type-simple","13":"prodpage-classic"},"aioseo_notices":[],"_links":{"self":[{"href":"https:\/\/www.bjultrasonic.com\/nl\/wp-json\/wp\/v2\/product\/67989","targetHints":{"allow":["GET"]}}],"collection":[{"href":"https:\/\/www.bjultrasonic.com\/nl\/wp-json\/wp\/v2\/product"}],"about":[{"href":"https:\/\/www.bjultrasonic.com\/nl\/wp-json\/wp\/v2\/types\/product"}],"replies":[{"embeddable":true,"href":"https:\/\/www.bjultrasonic.com\/nl\/wp-json\/wp\/v2\/comments?post=67989"}],"wp:featuredmedia":[{"embeddable":true,"href":"https:\/\/www.bjultrasonic.com\/nl\/wp-json\/wp\/v2\/media\/42291"}],"wp:attachment":[{"href":"https:\/\/www.bjultrasonic.com\/nl\/wp-json\/wp\/v2\/media?parent=67989"}],"wp:term":[{"taxonomy":"product_brand","embeddable":true,"href":"https:\/\/www.bjultrasonic.com\/nl\/wp-json\/wp\/v2\/product_brand?post=67989"},{"taxonomy":"product_cat","embeddable":true,"href":"https:\/\/www.bjultrasonic.com\/nl\/wp-json\/wp\/v2\/product_cat?post=67989"},{"taxonomy":"product_tag","embeddable":true,"href":"https:\/\/www.bjultrasonic.com\/nl\/wp-json\/wp\/v2\/product_tag?post=67989"}],"curies":[{"name":"wp","href":"https:\/\/api.w.org\/{rel}","templated":true}]}}