{"id":68029,"date":"2013-06-21T02:00:57","date_gmt":"2013-06-21T07:00:57","guid":{"rendered":"https:\/\/www.bjultrasonic.com\/shop\/30khz-100w-ultrasonic-transducer-30khz-100w-ultrasonic-pcb-generator\/"},"modified":"2026-03-28T20:33:10","modified_gmt":"2026-03-29T01:33:10","slug":"30khz-100w-ultrasonic-transducer-30khz-100w-ultrasonic-pcb-generator","status":"publish","type":"product","link":"https:\/\/www.bjultrasonic.com\/nl\/shop\/30khz-100w-ultrasonic-transducer-30khz-100w-ultrasonic-pcb-generator\/","title":{"rendered":"30kHz 100W Ultrasone Transducer &#038; 30kHz 100W Ultrasone Transducer Driver"},"content":{"rendered":"<p><strong>Opmerking: Wanneer u de bestelling plaatst.<\/strong><\/p>\n<ol>\n<li>Laat alstublieft een bericht achter over de exacte spanningsstandaard<\/li>\n<li>Geef ons het exacte afleveradres en contacttelefoonnummer<\/li>\n<li>Laat ons weten of u wilt dat wij bij de douane een lage waarde aangeven<\/li>\n<li>Laat ons een geldig e-mailadres achter. Wij sturen u het trackingnummer per e-mail zodra wij de goederen hebben verzonden.<\/li>\n<\/ol>\n<p><strong>Specificaties:<\/strong><\/p>\n<table class=\"table table-striped table-bordered\">\n<tbody>\n<tr>\n<td colspan=\"2\" width=\"568\">E\u00e9n 30kHz 100W ultrasone printplaatgenerator stuurt \u00e9\u00e9n 30kHz 100W ultrasone transducer aan<\/td>\n<\/tr>\n<tr>\n<td colspan=\"2\" width=\"568\"><strong>Ultrasone Transducer:<\/strong><\/td>\n<\/tr>\n<tr>\n<td width=\"163\">Frequentie<\/td>\n<td width=\"405\">30kHz \u00b1 1 kHz<\/td>\n<\/tr>\n<tr>\n<td width=\"163\">Vermogen<\/td>\n<td width=\"405\">100W<\/td>\n<\/tr>\n<tr>\n<td width=\"163\">Capaciteit<\/td>\n<td width=\"405\">5200pF (PZT8)<\/td>\n<\/tr>\n<tr>\n<td width=\"163\">Stralend oppervlak<\/td>\n<td width=\"405\">68mm<\/td>\n<\/tr>\n<tr>\n<td width=\"163\">Resonantieweerstand<\/td>\n<td width=\"405\">10-20 \u03a9<\/td>\n<\/tr>\n<tr>\n<td width=\"163\">Afmetingen pi\u00ebzokeramiek<\/td>\n<td width=\"405\">45*15*5 mm<\/td>\n<\/tr>\n<tr>\n<td width=\"163\">Lengte<\/td>\n<td width=\"405\">61mm<\/td>\n<\/tr>\n<tr>\n<td colspan=\"2\" width=\"568\"><strong>Ultrasone Printplaatgenerator<\/strong><\/td>\n<\/tr>\n<tr>\n<td width=\"163\">Voeding<\/td>\n<td width=\"405\">Ingang: 200V-240V \/ 100V-120V<\/td>\n<\/tr>\n<tr>\n<td width=\"163\">Frequentie<\/td>\n<td width=\"405\">30kHz \u00b1 1 kHz<\/td>\n<\/tr>\n<tr>\n<td width=\"163\">Vermogen<\/td>\n<td width=\"405\">100W<\/td>\n<\/tr>\n<tr>\n<td width=\"163\">Capaciteit<\/td>\n<td width=\"405\">5200pF<\/td>\n<\/tr>\n<tr>\n<td width=\"163\">Afmetingen<\/td>\n<td width=\"405\">18cm*13cm*6cm (lengte*breedte*hoogte)<\/td>\n<\/tr>\n<tr>\n<td colspan=\"2\" width=\"568\">Totaal brutogewicht: 4kg<\/td>\n<\/tr>\n<\/tbody>\n<\/table>\n<p>De volgende afbeeldingen tonen hoe u ze aansluit:<\/p>\n<p><a href=\"https:\/\/www.bjultrasonic.com\/wp-content\/uploads\/2013\/06\/30kHz-100W-Ultrasonic-Transducer-30kHz-100W-Ultrasonic-PCB-Generator-4.jpg\"><img loading=\"lazy\" decoding=\"async\" class=\"alignnone  wp-image-5601\" src=\"\/\/www.bjultrasonic.com\/wp-content\/uploads\/2013\/06\/30kHz-100W-Ultrasonic-Transducer-30kHz-100W-Ultrasonic-PCB-Generator-4.jpg\" alt=\"30kHz 100W Ultrasone Transducer &amp; 30kHz 100W Ultrasone Printplaatgenerator (4)\" width=\"587\" height=\"325\" \/><\/a> <a href=\"https:\/\/www.bjultrasonic.com\/wp-content\/uploads\/2013\/06\/30kHz-100W-Ultrasonic-Transducer-30kHz-100W-Ultrasonic-PCB-Generator-3.jpg\"><img loading=\"lazy\" decoding=\"async\" class=\"alignnone  wp-image-5600\" src=\"\/\/www.bjultrasonic.com\/wp-content\/uploads\/2013\/06\/30kHz-100W-Ultrasonic-Transducer-30kHz-100W-Ultrasonic-PCB-Generator-3.jpg\" alt=\"30kHz 100W Ultrasone Transducer &amp; 30kHz 100W Ultrasone Printplaatgenerator (3)\" width=\"582\" height=\"455\" \/><\/a> <a href=\"https:\/\/www.bjultrasonic.com\/wp-content\/uploads\/2013\/06\/30kHz-100W-Ultrasonic-Transducer-30kHz-100W-Ultrasonic-PCB-Generator-2.jpg\"><img loading=\"lazy\" decoding=\"async\" class=\"alignnone  wp-image-5599\" src=\"\/\/www.bjultrasonic.com\/wp-content\/uploads\/2013\/06\/30kHz-100W-Ultrasonic-Transducer-30kHz-100W-Ultrasonic-PCB-Generator-2.jpg\" alt=\"30kHz 100W Ultrasone Transducer &amp; 30kHz 100W Ultrasone Printplaatgenerator (2)\" width=\"582\" height=\"322\" \/><\/a> <a href=\"https:\/\/www.bjultrasonic.com\/wp-content\/uploads\/2013\/06\/30kHz-100W-Ultrasonic-Transducer-30kHz-100W-Ultrasonic-PCB-Generator-1.jpg\"><img loading=\"lazy\" decoding=\"async\" class=\"alignnone  wp-image-5598\" src=\"\/\/www.bjultrasonic.com\/wp-content\/uploads\/2013\/06\/30kHz-100W-Ultrasonic-Transducer-30kHz-100W-Ultrasonic-PCB-Generator-1.jpg\" alt=\"30kHz 100W Ultrasone Transducer &amp; 30kHz 100W Ultrasone Printplaatgenerator (1)\" width=\"578\" height=\"449\" \/><\/a><\/p>\n","protected":false},"excerpt":{"rendered":"<p>Bundels van hoogwaardige [100-120V\/200-240V] <a href=\"https:\/\/www.bjultrasonic.com\/nl\/category\/ultrasonic-generator-nl\/ultrasonic-generator-circuits-nl\/\">ultrasonische reinigingsstuurkaart<\/a> &amp; <a href=\"https:\/\/www.bjultrasonic.com\/nl\/category\/ultrasonic-transducer-nl\/\">ultrasonische reinigingstransducers<\/a>.<\/p>\n","protected":false},"featured_media":42289,"comment_status":"open","ping_status":"closed","template":"","meta":[],"product_brand":[],"product_cat":[6125],"product_tag":[],"class_list":{"0":"post-68029","1":"product","2":"type-product","3":"status-publish","4":"has-post-thumbnail","6":"product_cat-100-120v-200-240v-ultrasonic-generator-transducer-nl","8":"first","9":"instock","10":"shipping-taxable","11":"purchasable","12":"product-type-simple","13":"prodpage-classic"},"aioseo_notices":[],"_links":{"self":[{"href":"https:\/\/www.bjultrasonic.com\/nl\/wp-json\/wp\/v2\/product\/68029","targetHints":{"allow":["GET"]}}],"collection":[{"href":"https:\/\/www.bjultrasonic.com\/nl\/wp-json\/wp\/v2\/product"}],"about":[{"href":"https:\/\/www.bjultrasonic.com\/nl\/wp-json\/wp\/v2\/types\/product"}],"replies":[{"embeddable":true,"href":"https:\/\/www.bjultrasonic.com\/nl\/wp-json\/wp\/v2\/comments?post=68029"}],"wp:featuredmedia":[{"embeddable":true,"href":"https:\/\/www.bjultrasonic.com\/nl\/wp-json\/wp\/v2\/media\/42289"}],"wp:attachment":[{"href":"https:\/\/www.bjultrasonic.com\/nl\/wp-json\/wp\/v2\/media?parent=68029"}],"wp:term":[{"taxonomy":"product_brand","embeddable":true,"href":"https:\/\/www.bjultrasonic.com\/nl\/wp-json\/wp\/v2\/product_brand?post=68029"},{"taxonomy":"product_cat","embeddable":true,"href":"https:\/\/www.bjultrasonic.com\/nl\/wp-json\/wp\/v2\/product_cat?post=68029"},{"taxonomy":"product_tag","embeddable":true,"href":"https:\/\/www.bjultrasonic.com\/nl\/wp-json\/wp\/v2\/product_tag?post=68029"}],"curies":[{"name":"wp","href":"https:\/\/api.w.org\/{rel}","templated":true}]}}