{"id":68129,"date":"2013-05-20T09:25:22","date_gmt":"2013-05-20T14:25:22","guid":{"rendered":"https:\/\/www.bjultrasonic.com\/shop\/200-240v-40khz-60w-ultrasonic-transducer-40khz-60w-ultrasonic-generator\/"},"modified":"2026-03-28T20:32:15","modified_gmt":"2026-03-29T01:32:15","slug":"200-240v-40khz-60w-ultrasonic-transducer-40khz-60w-ultrasonic-generator","status":"publish","type":"product","link":"https:\/\/www.bjultrasonic.com\/nl\/shop\/200-240v-40khz-60w-ultrasonic-transducer-40khz-60w-ultrasonic-generator\/","title":{"rendered":"[200-240V] 40kHz 60W Ultrasone Transducer &#038; 40kHz 60W Piezo Transducer Driver Circuit"},"content":{"rendered":"<p><strong>Opmerking: Wanneer u de bestelling plaatst.<\/strong><\/p>\n<ol>\n<li>Laat een bericht achter over de exacte spanningsstandaard<\/li>\n<li>Geef ons het exacte afleveradres en contacttelefoonnummer<\/li>\n<li>Laat ons weten of u wilt dat we een lage waarde aangeven bij de douane<\/li>\n<li>Laat een geldig e-mailadres achter. We sturen u de trackingcode per e-mail zodra we de goederen verzenden<\/li>\n<\/ol>\n<p><strong>Specificaties:<\/strong><\/p>\n<table class=\"table table-striped table-bordered\">\n<tbody>\n<tr>\n<td colspan=\"2\" width=\"568\">E\u00e9n 40kHz 60W ultrasone generator drijft \u00e9\u00e9n 40kHz 60W ultrasone transducer aan<\/td>\n<\/tr>\n<tr>\n<td colspan=\"2\" width=\"568\"><strong>Ultrasone transducer:<\/strong><\/td>\n<\/tr>\n<tr>\n<td width=\"163\">Frequentie<\/td>\n<td width=\"405\">40kHz \u00b1 1 kHz<\/td>\n<\/tr>\n<tr>\n<td width=\"163\">Vermogen<\/td>\n<td width=\"405\">60W<\/td>\n<\/tr>\n<tr>\n<td width=\"163\">Capaciteit<\/td>\n<td width=\"405\">5400pf (pzt4)<\/td>\n<\/tr>\n<tr>\n<td width=\"163\">Stralingsoppervlak<\/td>\n<td width=\"405\">48mm<\/td>\n<\/tr>\n<tr>\n<td width=\"163\">Resonantieweerstand<\/td>\n<td width=\"405\">10-20 \u03a9<\/td>\n<\/tr>\n<tr>\n<td width=\"163\">Afmeting pi\u00ebzokeramiek<\/td>\n<td width=\"405\">38*15*5 mm<\/td>\n<\/tr>\n<tr>\n<td width=\"163\">Lengte<\/td>\n<td width=\"405\">56mm<\/td>\n<\/tr>\n<tr>\n<td colspan=\"2\" width=\"568\"><strong>Ultrasone PCB-generator<\/strong><\/td>\n<\/tr>\n<tr>\n<td width=\"163\">Voeding<\/td>\n<td width=\"405\">Ingang: 200V-240V<\/td>\n<\/tr>\n<tr>\n<td width=\"163\">Frequentie<\/td>\n<td width=\"405\">40kHz \u00b1 1 kHz<\/td>\n<\/tr>\n<tr>\n<td width=\"163\">Vermogen<\/td>\n<td width=\"405\">60W<\/td>\n<\/tr>\n<tr>\n<td width=\"163\">Capaciteit<\/td>\n<td width=\"405\">5400pf (pzt4)<\/td>\n<\/tr>\n<tr>\n<td width=\"163\">Afmetingen<\/td>\n<td width=\"405\">52cm*34.5cm*17cm (lengte*breedte*hoogte)<\/td>\n<\/tr>\n<tr>\n<td colspan=\"2\" width=\"568\">Totaal brutogewicht: 1.5kg<\/td>\n<\/tr>\n<\/tbody>\n<\/table>\n<p><strong>De volgende afbeeldingen tonen hoe u ze aansluit.<\/strong><\/p>\n<p><a href=\"https:\/\/www.bjultrasonic.com\/wp-content\/uploads\/2013\/05\/Connection-Method-200V-240V-Ultrasonic-Transducer-Ultrasonic-Generator-1.jpg\"><img loading=\"lazy\" decoding=\"async\" class=\"alignnone wp-image-5581\" src=\"\/\/www.bjultrasonic.com\/wp-content\/uploads\/2013\/05\/Connection-Method-200V-240V-Ultrasonic-Transducer-Ultrasonic-Generator-1.jpg\" alt=\"200V 240V Ultrasonic Transducer &amp; Ultrasonic Generator (1)\" width=\"588\" height=\"373\" \/><\/a><\/p>\n<p><a href=\"https:\/\/www.bjultrasonic.com\/wp-content\/uploads\/2013\/05\/Connection-Method-200V-240V-Ultrasonic-Transducer-Ultrasonic-Generator-2.jpg\"><img loading=\"lazy\" decoding=\"async\" class=\"alignnone wp-image-5582\" src=\"\/\/www.bjultrasonic.com\/wp-content\/uploads\/2013\/05\/Connection-Method-200V-240V-Ultrasonic-Transducer-Ultrasonic-Generator-2.jpg\" alt=\"200V 240V Ultrasonic Transducer &amp; Ultrasonic Generator (2)\" width=\"592\" height=\"344\" \/><\/a><\/p>\n<p><a href=\"https:\/\/www.bjultrasonic.com\/wp-content\/uploads\/2013\/05\/Connection-Method-200V-240V-Ultrasonic-Transducer-Ultrasonic-Generator-3.jpg\"><img loading=\"lazy\" decoding=\"async\" class=\"alignnone wp-image-5583\" src=\"\/\/www.bjultrasonic.com\/wp-content\/uploads\/2013\/05\/Connection-Method-200V-240V-Ultrasonic-Transducer-Ultrasonic-Generator-3.jpg\" alt=\"200V 240V Ultrasonic Transducer &amp; Ultrasonic Generator (3)\" width=\"591\" height=\"388\" \/><\/a><\/p>\n","protected":false},"excerpt":{"rendered":"<p>Bundels van hoogwaardige 200-240V <a href=\"https:\/\/www.bjultrasonic.com\/nl\/category\/ultrasonic-generator-nl\/ultrasonic-generator-circuits-nl\/\">ultrasonische reiniger stuurkaarten<\/a> &amp; <a href=\"https:\/\/www.bjultrasonic.com\/nl\/category\/ultrasonic-transducer-nl\/\">ultrasonische reinigingstransducers<\/a>.<\/p>\n","protected":false},"featured_media":5583,"comment_status":"open","ping_status":"closed","template":"","meta":[],"product_brand":[],"product_cat":[6186],"product_tag":[],"class_list":{"0":"post-68129","1":"product","2":"type-product","3":"status-publish","4":"has-post-thumbnail","6":"product_cat-200-240v-ultrasonic-generator-transducer-nl","8":"first","9":"instock","10":"shipping-taxable","11":"purchasable","12":"product-type-simple","13":"prodpage-classic"},"aioseo_notices":[],"_links":{"self":[{"href":"https:\/\/www.bjultrasonic.com\/nl\/wp-json\/wp\/v2\/product\/68129","targetHints":{"allow":["GET"]}}],"collection":[{"href":"https:\/\/www.bjultrasonic.com\/nl\/wp-json\/wp\/v2\/product"}],"about":[{"href":"https:\/\/www.bjultrasonic.com\/nl\/wp-json\/wp\/v2\/types\/product"}],"replies":[{"embeddable":true,"href":"https:\/\/www.bjultrasonic.com\/nl\/wp-json\/wp\/v2\/comments?post=68129"}],"wp:featuredmedia":[{"embeddable":true,"href":"https:\/\/www.bjultrasonic.com\/nl\/wp-json\/wp\/v2\/media\/5583"}],"wp:attachment":[{"href":"https:\/\/www.bjultrasonic.com\/nl\/wp-json\/wp\/v2\/media?parent=68129"}],"wp:term":[{"taxonomy":"product_brand","embeddable":true,"href":"https:\/\/www.bjultrasonic.com\/nl\/wp-json\/wp\/v2\/product_brand?post=68129"},{"taxonomy":"product_cat","embeddable":true,"href":"https:\/\/www.bjultrasonic.com\/nl\/wp-json\/wp\/v2\/product_cat?post=68129"},{"taxonomy":"product_tag","embeddable":true,"href":"https:\/\/www.bjultrasonic.com\/nl\/wp-json\/wp\/v2\/product_tag?post=68129"}],"curies":[{"name":"wp","href":"https:\/\/api.w.org\/{rel}","templated":true}]}}