{"id":68829,"date":"2013-02-18T00:25:16","date_gmt":"2013-02-18T05:25:16","guid":{"rendered":"https:\/\/www.bjultrasonic.com\/shop\/ultrasonic-atomizing-transducer-bja-5000\/"},"modified":"2026-03-28T20:25:51","modified_gmt":"2026-03-29T01:25:51","slug":"ultrasonic-atomizing-transducer-bja-5000","status":"publish","type":"product","link":"https:\/\/www.bjultrasonic.com\/nl\/shop\/ultrasonic-atomizing-transducer-bja-5000\/","title":{"rendered":"5000ML Mist Waterfontein Ultrasone Koelnevel Bevochtiger"},"content":{"rendered":"<h3>Video<\/h3>\n<p><iframe loading=\"lazy\" title=\"Ultrasonic Humidifier Atomizer Mist Maker Fogger - Beijing Ultrasonic\" width=\"500\" height=\"281\" src=\"https:\/\/www.youtube.com\/embed\/TJi9qvlk9cs?start=12&#038;feature=oembed\" frameborder=\"0\" allow=\"accelerometer; autoplay; clipboard-write; encrypted-media; gyroscope; picture-in-picture; web-share\" referrerpolicy=\"strict-origin-when-cross-origin\" allowfullscreen><\/iframe><\/p>\n<p><iframe loading=\"lazy\" title=\"5000ML Fog Water Fountain Ultrasonic Cool Mist Humidifier\" width=\"500\" height=\"281\" src=\"https:\/\/www.youtube.com\/embed\/qY8wP05nnpc?feature=oembed\" frameborder=\"0\" allow=\"accelerometer; autoplay; clipboard-write; encrypted-media; gyroscope; picture-in-picture; web-share\" referrerpolicy=\"strict-origin-when-cross-origin\" allowfullscreen><\/iframe><\/p>\n<table class=\"table table-striped table-bordered\">\n<tbody>\n<tr>\n<td width=\"284\">Type<\/td>\n<td width=\"284\">BJA5000<\/td>\n<\/tr>\n<tr>\n<td width=\"284\">Vernevelingscapaciteit<\/td>\n<td width=\"284\">&gt;5000ML<\/td>\n<\/tr>\n<tr>\n<td width=\"284\">Afmetingen<\/td>\n<td width=\"284\">252*92*67mm (lengte*breedte*hoogte)<\/td>\n<\/tr>\n<tr>\n<td width=\"284\">Werksfrequentie<\/td>\n<td width=\"284\">1700\u00b150(KHZ)<\/td>\n<\/tr>\n<tr>\n<td width=\"284\">Diameter pi\u00ebzokeramiek<\/td>\n<td width=\"284\">20mm<\/td>\n<\/tr>\n<tr>\n<td width=\"284\">Werktemperatuur<\/td>\n<td width=\"284\">5\uff5e45\u2103<\/td>\n<\/tr>\n<tr>\n<td width=\"284\">Oververhittingsbeveiliging<\/td>\n<td width=\"284\">50\u2103<\/td>\n<\/tr>\n<tr>\n<td width=\"284\">Waterniveau<\/td>\n<td width=\"284\">40mm-80mm<\/p>\n<p>Beste niveau: 65mm<\/td>\n<\/tr>\n<tr>\n<td width=\"284\">Werkspanning<\/td>\n<td width=\"284\">48V DC<\/td>\n<\/tr>\n<tr>\n<td width=\"284\">Vermogen:<\/td>\n<td width=\"284\">350W<\/td>\n<\/tr>\n<tr>\n<td width=\"284\">Stroom<\/td>\n<td width=\"284\">4.6-5A<\/td>\n<\/tr>\n<tr>\n<td width=\"284\">Materiaal<\/td>\n<td width=\"284\">RVS (roestvrij staal)<\/td>\n<\/tr>\n<tr>\n<td width=\"284\">Kabel<\/td>\n<td width=\"284\">Lengte 1.4m<\/td>\n<\/tr>\n<tr>\n<td width=\"284\">Spanning<\/td>\n<td width=\"284\">220v\/50hz\u00a0 230v\/50hz<\/p>\n<p>120v\/60hz\u00a0\u00a0 110v\/60hz<\/td>\n<\/tr>\n<\/tbody>\n<\/table>\n<h3>De belangrijkste functies<\/h3>\n<ul>\n<li>De sproeikop van de vernevelaar is luchtdicht en heeft goede warmteafvoerprestaties<\/li>\n<li>Het circuit heeft stabiele stroom en spanning, oververhittingsbeveiliging, beveiliging tegen watertekort, geluidsreductiebehandeling,<\/li>\n<li>Stil ontwerp van het product, hoge luchtvochtigheid mist, hoge prestaties.<\/li>\n<li>Volledig gesloten ontwerp met hoge water- en stofdichte functie, het is erg handig om te controleren voor de productie van de luchtbevochtiger.<\/li>\n<li>De ingebouwde temperatuurbeveiligingsinductieschakelaar is ingesteld om veilig en betrouwbaar te werken. Sterke constructie en gemakkelijke installatie.<\/li>\n<li>Anti-kalkaanslag ontwerp, gebruikers kunnen eenvoudig de vernevelende pi\u00ebzokeramiek vervangen,<\/li>\n<li>Volledig RVS behuizing, nikkel-cadmium gegalvaniseerd, goede warmteafvoer.<\/li>\n<li>Ingebouwde beveiligingsfunctie tegen watertekort.<\/li>\n<li>Toepasbaar voor industri\u00eble bevochtiging, landbouw, siernevel enzovoort.<\/li>\n<\/ul>\n<h3>Veelgestelde vragen<\/h3>\n<p><strong>1. Kunnen we de vernevelingscapaciteit aanpassen?<\/strong><\/p>\n<p>Nee, kan alleen worden gewijzigd door het waterniveau.<\/p>\n<p><strong>2. Kunnen we de LED uitzetten (indien aanwezig)?<\/strong><\/p>\n<p>Nee. Het is beter om een ultrasone vernevelaar zonder LED te kiezen voor binnen.<\/p>\n<p><strong>3. Maakt het geluid?<\/strong><\/p>\n<p>Nee. De meeste <a href=\"https:\/\/www.bjultrasonic.com\/nl\/category\/ultrasonic-atomizer-nl\/\">ultrasone luchtbevochtigers<\/a> werken meestal stiller dan andere modellen. Dat komt omdat ze geen ventilator hebben, zoals verdampingsluchtbevochtigers meestal wel hebben. Dit houdt het geluidsniveau laag.<\/p>\n<p><strong>4. Kan het stroom lekken?<\/strong><\/p>\n<p>Het principe van een ultrasone vernevelaar is dat ultrasone trillingen mist genereren, raak de vernevelaar niet met de hand aan wanneer deze werkt, mogelijk is er een prikkelend gevoel, maar dat is geen stroom.<\/p>\n<h3>Algemene overwegingen<\/h3>\n<ol>\n<li>Zet de vernevelaar niet ondersteboven nadat de stroom is ingeschakeld, dit kan de vernevelaar beschadigen.<\/li>\n<li>Gebruik hem niet langdurig of langer dan 10 uur.<\/li>\n<li>Raak de vernevelingsplaat niet aan wanneer de vernevelaar in werking is.<\/li>\n<li>Zorg voor de waterkwaliteit. Gebruik schoon leidingwater. (verslechtering van de waterkwaliteit be\u00efnvloedt de levensduur)<\/li>\n<li>Schakel de stroom uit voordat u hem verplaatst of repareert.<\/li>\n<li>Vernevelde <a href=\"https:\/\/www.bjultrasonic.com\/nl\/category\/piezoelectric-ceramic-nl\/\">pi\u00ebzokeramiek<\/a> behoort tot verbruiksartikelen met een levensduur van meer dan 3600 uur. Als de mistcapaciteit van de vernevelaar aanzienlijk afneemt, reinig dan de vernevelde pi\u00ebzo (zonder reinigingsmiddel) met een wattenstaafje om ze schoon te houden. Als de hoeveelheid verneveling na het reinigen nog steeds klein is, vervang dan \u00e9\u00e9n vernevelingspi\u00ebzo. (het wordt aanbevolen om vernevelde pi\u00ebzo samen te kopen)<\/li>\n<\/ol>\n<p><img loading=\"lazy\" decoding=\"async\" src=\"https:\/\/www.bjultrasonic.com\/wp-content\/uploads\/2018\/08\/Ultrasonic-Humidifier-with-LED.jpg\" alt=\"Ultrasonic-Humidifier-with-LED\" width=\"670\" height=\"925\" \/><\/p>\n","protected":false},"excerpt":{"rendered":"<p><a href=\"https:\/\/www.bjultrasonic.com\/nl\/category\/ultrasonic-atomizer-nl\/\">Ultrasone luchtbevochtiger<\/a> gebruikt ultrasone energie om vloeistoffen om te zetten in wolkachtige deeltjes. Ultrasone luchtbevochtiger wordt ook wel <a href=\"https:\/\/www.bjultrasonic.com\/nl\/shop\/ultrasonic-atomizing-transducer\/\">ultrasone verstuiver<\/a>, ultrasone mistmaker, ultrasone mistgenerator genoemd.<\/p>\n","protected":false},"featured_media":19530,"comment_status":"open","ping_status":"closed","template":"","meta":[],"product_brand":[],"product_cat":[6201],"product_tag":[],"class_list":{"0":"post-68829","1":"product","2":"type-product","3":"status-publish","4":"has-post-thumbnail","6":"product_cat-ultrasonic-atomizer-nl","8":"first","9":"instock","10":"shipping-taxable","11":"purchasable","12":"product-type-simple","13":"prodpage-classic"},"aioseo_notices":[],"_links":{"self":[{"href":"https:\/\/www.bjultrasonic.com\/nl\/wp-json\/wp\/v2\/product\/68829","targetHints":{"allow":["GET"]}}],"collection":[{"href":"https:\/\/www.bjultrasonic.com\/nl\/wp-json\/wp\/v2\/product"}],"about":[{"href":"https:\/\/www.bjultrasonic.com\/nl\/wp-json\/wp\/v2\/types\/product"}],"replies":[{"embeddable":true,"href":"https:\/\/www.bjultrasonic.com\/nl\/wp-json\/wp\/v2\/comments?post=68829"}],"wp:featuredmedia":[{"embeddable":true,"href":"https:\/\/www.bjultrasonic.com\/nl\/wp-json\/wp\/v2\/media\/19530"}],"wp:attachment":[{"href":"https:\/\/www.bjultrasonic.com\/nl\/wp-json\/wp\/v2\/media?parent=68829"}],"wp:term":[{"taxonomy":"product_brand","embeddable":true,"href":"https:\/\/www.bjultrasonic.com\/nl\/wp-json\/wp\/v2\/product_brand?post=68829"},{"taxonomy":"product_cat","embeddable":true,"href":"https:\/\/www.bjultrasonic.com\/nl\/wp-json\/wp\/v2\/product_cat?post=68829"},{"taxonomy":"product_tag","embeddable":true,"href":"https:\/\/www.bjultrasonic.com\/nl\/wp-json\/wp\/v2\/product_tag?post=68829"}],"curies":[{"name":"wp","href":"https:\/\/api.w.org\/{rel}","templated":true}]}}