{"id":69769,"date":"2012-08-06T10:13:16","date_gmt":"2012-08-06T15:13:16","guid":{"rendered":"https:\/\/www.bjultrasonic.com\/shop\/ultrasonic-biodiesel-reactor\/"},"modified":"2026-03-28T20:17:05","modified_gmt":"2026-03-29T01:17:05","slug":"ultrasonic-biodiesel-reactor","status":"publish","type":"product","link":"https:\/\/www.bjultrasonic.com\/nl\/shop\/ultrasonic-biodiesel-reactor\/","title":{"rendered":"Ultrasonische Biodiesel Reactor"},"content":{"rendered":"<table class=\"table table-striped table-bordered\" border=\"0\" cellspacing=\"0\" cellpadding=\"0\">\n<tbody>\n<tr>\n<td valign=\"top\" width=\"82\">Type<\/td>\n<td valign=\"top\" width=\"81\">Frequentie<br \/>\n(KHz)<\/td>\n<td valign=\"top\" width=\"60\">Vermogen<\/td>\n<td valign=\"top\" width=\"60\">Diameter<br \/>\n(mm)<\/td>\n<td valign=\"top\" width=\"63\">Lengte<br \/>\n(mm)<\/td>\n<td valign=\"top\" width=\"90\">Statische Capaciteit (pF\u00b110%)<\/td>\n<\/tr>\n<tr>\n<td valign=\"top\" width=\"82\"><a href=\"https:\/\/www.bjultrasonic.com\/nl\/shop\/ultrasonic-biodiesel-reactor-bjr-500\/\">BJR-500<\/a><\/td>\n<td valign=\"top\" width=\"81\">27<\/td>\n<td valign=\"top\" width=\"68\">500<\/td>\n<td valign=\"top\" width=\"90\">\u03a673<\/td>\n<td valign=\"top\" width=\"63\">323<\/td>\n<td valign=\"top\" width=\"80\">68000<\/td>\n<\/tr>\n<tr>\n<td valign=\"top\" width=\"82\"><a href=\"https:\/\/www.bjultrasonic.com\/nl\/shop\/ultrasonic-biodiesel-reactor-bjr-1000\/\">BJR-1000<\/a><\/td>\n<td valign=\"top\" width=\"81\">27<\/td>\n<td valign=\"top\" width=\"68\">1000<\/td>\n<td valign=\"top\" width=\"90\">\u03a673<\/td>\n<td valign=\"top\" width=\"63\">458<\/td>\n<td valign=\"top\" width=\"80\">68000<\/td>\n<\/tr>\n<tr>\n<td valign=\"top\" width=\"82\"><a href=\"https:\/\/www.bjultrasonic.com\/nl\/shop\/ultrasonic-biodiesel-reactor-bjr-1100\/\">BJR-1100<\/a><\/td>\n<td valign=\"top\" width=\"81\">27<\/td>\n<td valign=\"top\" width=\"68\">1100<\/td>\n<td valign=\"top\" width=\"90\">\u03a673<\/td>\n<td valign=\"top\" width=\"63\">624<\/td>\n<td valign=\"top\" width=\"80\">68000<\/td>\n<\/tr>\n<tr>\n<td valign=\"top\" width=\"82\"><a href=\"https:\/\/www.bjultrasonic.com\/nl\/shop\/ultrasonic-biodiesel-reactor-bjr-1200\/\">BJR-1200<\/a><\/td>\n<td valign=\"top\" width=\"81\">27<\/td>\n<td valign=\"top\" width=\"68\">1200<\/td>\n<td valign=\"top\" width=\"90\">\u03a673<\/td>\n<td valign=\"top\" width=\"63\">790<\/td>\n<td valign=\"top\" width=\"80\">68000<\/td>\n<\/tr>\n<tr>\n<td valign=\"top\" width=\"82\"><a href=\"https:\/\/www.bjultrasonic.com\/nl\/shop\/ultrasonic-biodiesel-reactor-bjr-1300\/\">BJR-1300<\/a><\/td>\n<td valign=\"top\" width=\"81\">27<\/td>\n<td valign=\"top\" width=\"68\">1300<\/td>\n<td valign=\"top\" width=\"90\">\u03a673<\/td>\n<td valign=\"top\" width=\"63\">957<\/td>\n<td valign=\"top\" width=\"80\">68000<\/td>\n<\/tr>\n<tr>\n<td valign=\"top\" width=\"82\"><a href=\"https:\/\/www.bjultrasonic.com\/nl\/shop\/ultrasonic-biodiesel-reactor-bjr-1500\/\">BJR-1500<\/a><\/td>\n<td valign=\"top\" width=\"81\">27<\/td>\n<td valign=\"top\" width=\"68\">1500<\/td>\n<td valign=\"top\" width=\"90\">\u03a673<\/td>\n<td valign=\"top\" width=\"63\">1123<\/td>\n<td valign=\"top\" width=\"80\">68000<\/td>\n<\/tr>\n<tr>\n<td valign=\"top\" width=\"82\"><a href=\"https:\/\/www.bjultrasonic.com\/nl\/shop\/ultrasonic-biodiesel-reactor-bjr-2000\/\">BJR-2000<\/a><\/td>\n<td valign=\"top\" width=\"81\">27<\/td>\n<td valign=\"top\" width=\"68\">2000<\/td>\n<td valign=\"top\" width=\"90\">\u03a673<\/td>\n<td valign=\"top\" width=\"63\">910<\/td>\n<td valign=\"top\" width=\"80\">132000<\/td>\n<\/tr>\n<\/tbody>\n<\/table>\n<h3>Waarom de Beste Biodiesel Processor Kits Gebruikmaken van Ultrasonische Biodieselreactoren<\/h3>\n<p>De belangstelling voor biodiesel-processorkits is de afgelopen jaren sterk toegenomen. In staat zijn om je eigen biodiesel te produceren is een groot voordeel, vooral in deze tijd waarin de prijzen van aardoliebrandstof erg hoog zijn. Biodiesel wordt beschouwd als het beste alternatief voor aardoliebrandstof, niet alleen vanwege de relatief lagere prijs. Biodiesel is milieuvriendelijk. Het is niet giftig. Het is ook biologisch afbreekbaar.<\/p>\n<p>Door biodiesel-processorkits te gebruiken, kan brandstof die in bijna alle dieselmotoren kan worden gebruikt, gemakkelijk thuis worden gemaakt. De ingredi\u00ebnten voor het produceren van biodiesel zijn gemakkelijk te verkrijgen en het hoofdingredi\u00ebnt is waarschijnlijk al in huis aanwezig. Het hoofdingredi\u00ebnt van biodiesel is plantaardige olie. Of de plantaardige olie in je keuken nu nieuw of gebruikt is, het kan worden omgezet in biodiesel.<\/p>\n<p>De ingredi\u00ebnten ondergaan verschillende processen. Ze worden gemengd, gescheiden, verhit, gewassen, gedroogd en gefilterd. Al deze processen worden uitgevoerd door de biodiesel-processor. Je hoeft alleen maar de ingredi\u00ebnten in de processor te gieten en de machine te laten draaien. Wanneer de biodiesel klaar is, haal je het eruit als je het nodig hebt of laat je het in de processor totdat je het gaat gebruiken. Biodiesel bewaren in een biodiesel-processor is een goede manier om de brandstof op te slaan. De processor kan de kwaliteit van de geproduceerde biodiesel behouden.<\/p>\n<p><img loading=\"lazy\" decoding=\"async\" title=\"Biodiesel Processor Kits\" src=\"\/\/www.bjultrasonic.com\/wp-content\/uploads\/2012\/08\/Biodiesel-Processor-Kits.jpg\" alt=\"Biodiesel Processor Kits\" width=\"628\" height=\"295\" \/><\/p>\n<p>Het produceren van biodiesel is niets om bang voor te zijn. Het is gemakkelijk en veilig. Alle ingredi\u00ebnten zijn niet giftig en alle processen worden door de biodiesel-processor op een veilige en effici\u00ebnte manier uitgevoerd. Zolang je het deksel van de processor er niet afhaalt terwijl de biodieselproductie bezig is, zal er geen ongewenst incident plaatsvinden. Tijdens het verhittingsproces is de temperatuur in de processor extreem hoog. Als de olie morst of je huid raakt, zal je huid verbranden.<\/p>\n<p>Biodiesel-processorkits zijn niet duur. Ze kosten minder dan duizend dollar. Velen zijn zelfs geprijsd op slechts een paar honderd dollar. De prijs van een biodiesel-processor is niets vergeleken met het geld dat je zult besparen. De prijzen van aardoliebrandstof zijn hoog en zullen alleen maar hoger worden. Aan de andere kant zijn de ingredi\u00ebnten om biodiesel te produceren goedkoop. Als de plantaardige olie die je gaat gebruiken niet nieuw is, zal je besparing nog groter zijn. De prijs van biodiesel die je produceert is slechts een paar cent per liter. Dat is veel lager dan de prijzen van aardoliebrandstof.<\/p>\n<p>Elke biodiesel-processor bevat een biodiesel-reactor. Het is de biodiesel-reactor die de productie van biodiesel versnelt. Het veroorzaakt verestering en transesterificatie, de chemische reacties die de ingredi\u00ebnten omzetten in biodiesel. Er zijn twee soorten biodiesel-reactoren. Dit zijn de ultrasone biodiesel-reactor en de schuif-biodiesel-reactor. Van de twee soorten biodiesel-reactoren is de ultrasone biodiesel-reactor beter.<\/p>\n<p>Ultrasone biodiesel-reactor produceert biodiesel in de kortst mogelijke tijd en op de meest effici\u00ebnte manier. Ultrasone golven werken in op de gemengde ingredi\u00ebnten, waardoor de productie en implosie van veel kleine bubbels ontstaat. Dit wordt cavitatie genoemd. Cavitatie mengt en verhit het mengsel tegelijkertijd. Deze twee processen veroorzaken transesterificatie. Omdat een ultrasone biodiesel-reactor het mengsel tegelijkertijd mengt en verhit, wordt de benodigde tijd om biodiesel te produceren aanzienlijk verkort. Daarom worden mengsels verwerkt via inline transesterificatie in plaats van per batch, wat veel tijd kost.<\/p>\n<p>Ultrasone golven spelen een zeer belangrijke rol bij de productie van biodiesel. Ze zijn zeer effectief in het mengen van ingredi\u00ebnten die moeilijk te combineren zijn. Om biodiesel te produceren, moeten ingredi\u00ebnten grondig worden gemengd. Als de ingredi\u00ebnten niet goed worden gemengd, wordt er ofwel geen biodiesel geproduceerd of zal de geproduceerde biodiesel van lage kwaliteit zijn.<\/p>\n<p>Ultrasone golven mengen en verhitten ingredi\u00ebnten. Wanneer de golven in contact komen met de ingredi\u00ebnten, laten ze de ingredi\u00ebnten hevig trillen. Deze trillingen zorgen ervoor dat cavitatiebellen ontstaan. Wanneer de bellen imploderen, trekken de ingredi\u00ebnten samen en worden ze gemengd. Deze activiteit verhoogt de temperatuur van het mengsel. Hoewel de temperatuurstijging niet groot is, is het voldoende om het mengsel te laten reageren en de reactietijd korter te maken dan normaal. Met behulp van ultrasone golven wordt energie bespaard omdat de temperatuur niet hoeft te worden verhoogd.<\/p>\n<p>Een biodiesel-processor met ultrasone biodiesel-reactor is perfect voor iedereen die geen miljoenen gallons biodiesel hoeft te maken. Het is de perfecte processor voor jou als je slechts enkele gallons biodiesel per keer hoeft te maken.<\/p>\n<h3>Voordelen<\/h3>\n<p><b>1. Reactietijd wordt verminderd<\/b><\/p>\n<p>Een ultrasone biodieselreactor vermindert de reactietijd van de ingredi\u00ebnten aanzienlijk. Dit doet hij door de ingredi\u00ebnten te mengen. Wanneer de ingredi\u00ebnten worden gemengd, wordt methanol verminderd. Hierdoor blijven de ingredi\u00ebnten aan elkaar plakken en worden ze goed gemengd. Normaal gesproken is er \u00e9\u00e9n uur nodig om de ingredi\u00ebnten grondig te mengen. Met behulp van ultrasone golven wordt de benodigde tijd teruggebracht tot minder dan \u00e9\u00e9n minuut. Zodra de juiste menging heeft plaatsgevonden, vindt de reactie plaats. Menging door ultrasone golven verhoogt ook de kwaliteit en hoeveelheid geproduceerde biodiesel.<\/p>\n<p>Elke ultrasone biodieselreactor die wij bij Beijing Ultrasonic hebben, is in staat om esterificatie en transesterificatie uit te voeren. Onze ultrasone reactoren veroorzaken moleculaire cavitatie. Dit mengt de ingredi\u00ebnten grondig en leidt tot een volledige reactie. Goede menging en reactie resulteren in een grotere hoeveelheid geproduceerde biodiesel.<\/p>\n<p><b>2. In-line reactoren zijn aanpasbaar<\/b><\/p>\n<p>Een in-line ultrasone biodieselreactor verhoogt de hoeveelheid geproduceerde biodiesel door gebruik te maken van continue stroomverwerking in plaats van tijdrovende batchverwerking. Continue stroomverwerking is effici\u00ebnter. Het vereist lagere operationele kosten.<\/p>\n<p>Om aan uw behoeften te voldoen, kunnen de grootte en capaciteit van onze in-line ultrasone biodieselreactoren worden aangepast. Het aantal te bevestigen reactoren hangt af van de hoeveelheid biodiesel die zal worden geproduceerd. Als meer dan \u00e9\u00e9n ultrasone reactor nodig is, worden de reactoren in serie aangesloten.<\/p>\n<h3>Toepassingen<\/h3>\n<p>Een ultrasone biodieselreactor heeft verschillende toepassingen. Drie van de belangrijkste toepassingen zijn de volgende:<\/p>\n<ul>\n<li>Het verwerken van plantaardige olie, alcohol en een katalysator om biodiesel te produceren<\/li>\n<li>Het reinigen van tanks en pijpleidingen<\/li>\n<li>Het produceren van chemische reacties zoals synthese en scheiding<\/li>\n<\/ul>\n<h3>Video<\/h3>\n<p><iframe loading=\"lazy\" title=\"Ultrasonic Reactors for Biodiesel Production\" width=\"500\" height=\"281\" src=\"https:\/\/www.youtube.com\/embed\/oe1tAvpuUjw?feature=oembed\" frameborder=\"0\" allow=\"accelerometer; autoplay; clipboard-write; encrypted-media; gyroscope; picture-in-picture; web-share\" referrerpolicy=\"strict-origin-when-cross-origin\" allowfullscreen><\/iframe><\/p>\n<p><iframe loading=\"lazy\" title=\"Biodiesel Processor Kits - Beijing Ultrasonic\" width=\"500\" height=\"281\" src=\"https:\/\/www.youtube.com\/embed\/OpgcM3CcI90?feature=oembed\" frameborder=\"0\" allow=\"accelerometer; autoplay; clipboard-write; encrypted-media; gyroscope; picture-in-picture; web-share\" referrerpolicy=\"strict-origin-when-cross-origin\" allowfullscreen><\/iframe><\/p>\n<h3>Gerelateerde artikelen<\/h3>\n<ul>\n<li><a href=\"https:\/\/www.bjultrasonic.com\/nl\/learn-to-design-a-packed-bed-tubular-reactor\/\" target=\"_blank\" rel=\"noopener\">Leer een gepakte bed buisreactor ontwerpen<\/a><\/li>\n<li><a href=\"https:\/\/www.bjultrasonic.com\/nl\/how-to-grow-algae-cheap-biodiesel-fuel\/\" target=\"_blank\" rel=\"noopener\">Hoe algen te kweken \u2013 Goedkope biodieselbrandstof<\/a><\/li>\n<li><a href=\"https:\/\/www.bjultrasonic.com\/nl\/what-is-the-difference-between-diesel-and-biodiesel\/\" target=\"_blank\" rel=\"noopener\">Verschil tussen diesel en biodiesel<\/a><\/li>\n<li><a href=\"https:\/\/www.bjultrasonic.com\/nl\/what-is-a-biodiesel-reactor\/\" target=\"_blank\" rel=\"noopener\">Wat is een biodieselreactor<\/a><\/li>\n<li><a href=\"https:\/\/www.bjultrasonic.com\/nl\/15-easy-steps-to-make-your-own-biodiesel-processor\/\" target=\"_blank\" rel=\"noopener\">15 eenvoudige stappen om uw eigen biodieselprocessor te maken<\/a><\/li>\n<\/ul>\n<h3>Betaling<\/h3>\n<p>We accepteren nu PayPal, T\/T &#038; Western Union.<\/p>\n<h3 class=\"shipping-methods\">Verzending<\/h3>\n<p>Goederen worden binnen 48 uur na ontvangst van de volledige betaling verzonden.<\/p>\n<ul>\n<li>We verzenden de goederen naar het adres dat is opgegeven in de PayPal-betaling. Zorg ervoor dat het adres in PayPal correct is.<\/li>\n<li>We geven u het trackingnummer nadat we de goederen hebben verzonden; over het algemeen ontvangt u de goederen binnen vijf dagen.<\/li>\n<li>Als u vragen heeft, neem dan contact met ons op via e-mail (ons e-mailadres is <a href=\"mailto:support@bjultrasonic.com\">support@bjultrasonic.com<\/a>)<\/li>\n<\/ul>\n<h3>Productgarantie<\/h3>\n<p>De productgarantieperiode is \u00e9\u00e9n jaar. Binnen de garantieperiode kunnen gekochte producten gratis worden gerepareerd of worden omgeruild.<\/p>\n","protected":false},"excerpt":{"rendered":"<p>Ultrasone processoren voor de productie van biodiesel. Ultrasone biodieselreactor produceert biodiesel in de kortst mogelijke tijd en op de meest effici\u00ebnte manier.<\/p>\n","protected":false},"featured_media":42435,"comment_status":"open","ping_status":"closed","template":"","meta":[],"product_brand":[],"product_cat":[6278,6248],"product_tag":[],"class_list":{"0":"post-69769","1":"product","2":"type-product","3":"status-publish","4":"has-post-thumbnail","6":"product_cat-biodiesel-nl","7":"product_cat-ultrasonic-processors-nl","9":"first","10":"instock","11":"shipping-taxable","12":"product-type-external","13":"prodpage-classic"},"aioseo_notices":[],"_links":{"self":[{"href":"https:\/\/www.bjultrasonic.com\/nl\/wp-json\/wp\/v2\/product\/69769","targetHints":{"allow":["GET"]}}],"collection":[{"href":"https:\/\/www.bjultrasonic.com\/nl\/wp-json\/wp\/v2\/product"}],"about":[{"href":"https:\/\/www.bjultrasonic.com\/nl\/wp-json\/wp\/v2\/types\/product"}],"replies":[{"embeddable":true,"href":"https:\/\/www.bjultrasonic.com\/nl\/wp-json\/wp\/v2\/comments?post=69769"}],"wp:featuredmedia":[{"embeddable":true,"href":"https:\/\/www.bjultrasonic.com\/nl\/wp-json\/wp\/v2\/media\/42435"}],"wp:attachment":[{"href":"https:\/\/www.bjultrasonic.com\/nl\/wp-json\/wp\/v2\/media?parent=69769"}],"wp:term":[{"taxonomy":"product_brand","embeddable":true,"href":"https:\/\/www.bjultrasonic.com\/nl\/wp-json\/wp\/v2\/product_brand?post=69769"},{"taxonomy":"product_cat","embeddable":true,"href":"https:\/\/www.bjultrasonic.com\/nl\/wp-json\/wp\/v2\/product_cat?post=69769"},{"taxonomy":"product_tag","embeddable":true,"href":"https:\/\/www.bjultrasonic.com\/nl\/wp-json\/wp\/v2\/product_tag?post=69769"}],"curies":[{"name":"wp","href":"https:\/\/api.w.org\/{rel}","templated":true}]}}